{"id":22283,"date":"2025-03-26T14:21:27","date_gmt":"2025-03-26T13:21:27","guid":{"rendered":"http:\/\/aem.hr\/?page_id=22283"},"modified":"2025-03-26T14:21:27","modified_gmt":"2025-03-26T13:21:27","slug":"vanja-hozmec-domaci-radnik-ili-strani-placenik-asimilacija-stranih-radnika-u-drustvo","status":"publish","type":"page","link":"https:\/\/aem.hr\/en\/vanja-hozmec-domaci-radnik-ili-strani-placenik-asimilacija-stranih-radnika-u-drustvo\/","title":{"rendered":"Vanja Hozmec &#8211; Doma\u0107i radnik ili strani pla\u0107enik? Asimilacija stranih radnika u dru\u0161tvo"},"content":{"rendered":"\n<div class=\"wp-block-file\"><a id=\"wp-block-file--media-eaa259d4-e728-4df0-bfc9-79789c189b13\" href=\"https:\/\/aem.hr\/wp-content\/uploads\/2025\/03\/1.-SAS\u030cA-MUMINOVIC\u0301-Drz\u030cava-je-pretroma.pdf\">1. SAS\u030cA MUMINOVIC\u0301 Drz\u030cava je pretroma.<\/a><a href=\"https:\/\/aem.hr\/wp-content\/uploads\/2025\/03\/1.-SAS\u030cA-MUMINOVIC\u0301-Drz\u030cava-je-pretroma.pdf\" class=\"wp-block-file__button wp-element-button\" download aria-describedby=\"wp-block-file--media-eaa259d4-e728-4df0-bfc9-79789c189b13\">Preuzimanje<\/a><\/div>\n\n\n\n<div class=\"wp-block-file\"><a id=\"wp-block-file--media-db3c0794-3d68-409f-a7cb-da42aaa57c9d\" href=\"https:\/\/aem.hr\/wp-content\/uploads\/2025\/03\/2.-Tu-smo-s\u030cest-mjeseci-i-odlic\u030cno-nam-je.pdf\">2. Tu smo s\u030cest mjeseci i odlic\u030cno nam je!<\/a><a href=\"https:\/\/aem.hr\/wp-content\/uploads\/2025\/03\/2.-Tu-smo-s\u030cest-mjeseci-i-odlic\u030cno-nam-je.pdf\" class=\"wp-block-file__button wp-element-button\" download aria-describedby=\"wp-block-file--media-db3c0794-3d68-409f-a7cb-da42aaa57c9d\">Preuzimanje<\/a><\/div>\n\n\n\n<div class=\"wp-block-file\"><a id=\"wp-block-file--media-d0c8e036-fd6e-419d-a331-96f037cf0cb5\" href=\"https:\/\/aem.hr\/wp-content\/uploads\/2025\/03\/3.-Ne-dolazimo-ovdje-da-uzimamo-poslove.pdf\">3. Ne dolazimo ovdje da uzimamo poslove<\/a><a href=\"https:\/\/aem.hr\/wp-content\/uploads\/2025\/03\/3.-Ne-dolazimo-ovdje-da-uzimamo-poslove.pdf\" class=\"wp-block-file__button wp-element-button\" download aria-describedby=\"wp-block-file--media-d0c8e036-fd6e-419d-a331-96f037cf0cb5\">Preuzimanje<\/a><\/div>\n\n\n\n<div class=\"wp-block-file\"><a id=\"wp-block-file--media-ab153962-59d3-41df-b8fa-41a84eda05c7\" href=\"https:\/\/aem.hr\/wp-content\/uploads\/2025\/03\/4.-Prvo-provjerimo-poslodavca-i-kakve-uvjete-nudi.pdf\">4. \u201cPrvo provjerimo poslodavca i kakve uvjete nudi<\/a><a href=\"https:\/\/aem.hr\/wp-content\/uploads\/2025\/03\/4.-Prvo-provjerimo-poslodavca-i-kakve-uvjete-nudi.pdf\" class=\"wp-block-file__button wp-element-button\" download aria-describedby=\"wp-block-file--media-ab153962-59d3-41df-b8fa-41a84eda05c7\">Preuzimanje<\/a><\/div>\n\n\n\n<div class=\"wp-block-file\"><a id=\"wp-block-file--media-31515b60-fea3-4dbe-8a7c-2fc7adb72920\" href=\"https:\/\/aem.hr\/wp-content\/uploads\/2025\/03\/5.-Neki-ne-z\u030cele-da-im-stranci-preuzmu.pdf\">5. Neki ne z\u030cele da im stranci preuzmu<\/a><a href=\"https:\/\/aem.hr\/wp-content\/uploads\/2025\/03\/5.-Neki-ne-z\u030cele-da-im-stranci-preuzmu.pdf\" class=\"wp-block-file__button wp-element-button\" download aria-describedby=\"wp-block-file--media-31515b60-fea3-4dbe-8a7c-2fc7adb72920\">Preuzimanje<\/a><\/div>\n\n\n\n<div class=\"wp-block-file\"><a id=\"wp-block-file--media-74589f20-681f-40c1-92d3-2afc2851fd79\" href=\"https:\/\/aem.hr\/wp-content\/uploads\/2025\/03\/6.-Jezik-im-je-izazov-trude-se-upoznati.pdf\">6. \u201cJezik im je izazov, trude se upoznati<\/a><a href=\"https:\/\/aem.hr\/wp-content\/uploads\/2025\/03\/6.-Jezik-im-je-izazov-trude-se-upoznati.pdf\" class=\"wp-block-file__button wp-element-button\" download aria-describedby=\"wp-block-file--media-74589f20-681f-40c1-92d3-2afc2851fd79\">Preuzimanje<\/a><\/div>\n\n\n\n<div class=\"wp-block-file\"><a id=\"wp-block-file--media-d4398833-24d6-4d27-b224-2e0d4532a99a\" href=\"https:\/\/aem.hr\/wp-content\/uploads\/2025\/03\/7.-Nisu-donijeli-samo-produktivnost.pdf\">7. Nisu donijeli samo produktivnost<\/a><a href=\"https:\/\/aem.hr\/wp-content\/uploads\/2025\/03\/7.-Nisu-donijeli-samo-produktivnost.pdf\" class=\"wp-block-file__button wp-element-button\" download aria-describedby=\"wp-block-file--media-d4398833-24d6-4d27-b224-2e0d4532a99a\">Preuzimanje<\/a><\/div>\n\n\n\n<div class=\"wp-block-file\"><a id=\"wp-block-file--media-2f103284-fd78-46a7-93a4-5d6ae500ed0e\" href=\"https:\/\/aem.hr\/wp-content\/uploads\/2025\/03\/8.-Z\u030celim-napraviti-svoje-ime.pdf\">8. Z\u030celim napraviti svoje ime<\/a><a href=\"https:\/\/aem.hr\/wp-content\/uploads\/2025\/03\/8.-Z\u030celim-napraviti-svoje-ime.pdf\" class=\"wp-block-file__button wp-element-button\" download aria-describedby=\"wp-block-file--media-2f103284-fd78-46a7-93a4-5d6ae500ed0e\">Preuzimanje<\/a><\/div>\n\n\n\n<div class=\"wp-block-file\"><a id=\"wp-block-file--media-f99d2231-4a86-4690-85dc-c011353af56f\" href=\"https:\/\/aem.hr\/wp-content\/uploads\/2025\/03\/9.-Dos\u030cla-sam-trbuhom-za-kruhom.pdf\">9. Dos\u030cla sam &#8216;trbuhom za kruhom&#8217;<\/a><a href=\"https:\/\/aem.hr\/wp-content\/uploads\/2025\/03\/9.-Dos\u030cla-sam-trbuhom-za-kruhom.pdf\" class=\"wp-block-file__button wp-element-button\" download aria-describedby=\"wp-block-file--media-f99d2231-4a86-4690-85dc-c011353af56f\">Preuzimanje<\/a><\/div>\n\n\n\n<div class=\"wp-block-file\"><a id=\"wp-block-file--media-84612885-2d47-4fb1-83cd-f0e7ad87e234\" href=\"https:\/\/aem.hr\/wp-content\/uploads\/2025\/03\/10.-ASIMILACIJA-ZADATAK-ZA-SVE.pdf\">10. ASIMILACIJA &#8211; ZADATAK ZA SVE<\/a><a href=\"https:\/\/aem.hr\/wp-content\/uploads\/2025\/03\/10.-ASIMILACIJA-ZADATAK-ZA-SVE.pdf\" class=\"wp-block-file__button wp-element-button\" download aria-describedby=\"wp-block-file--media-84612885-2d47-4fb1-83cd-f0e7ad87e234\">Preuzimanje<\/a><\/div>\n","protected":false},"excerpt":{"rendered":"","protected":false},"author":18,"featured_media":0,"parent":0,"menu_order":0,"comment_status":"closed","ping_status":"closed","template":"","meta":{"_acf_changed":false,"inline_featured_image":false,"advgb_blocks_editor_width":"","advgb_blocks_columns_visual_guide":"","_links_to":"","_links_to_type":0,"footnotes":""},"class_list":["post-22283","page","type-page","status-publish","hentry"],"acf":[],"yoast_head":"<!-- This site is optimized with the Yoast SEO plugin v25.7 - https:\/\/yoast.com\/wordpress\/plugins\/seo\/ -->\n<title>Vanja Hozmec - Doma\u0107i radnik ili strani pla\u0107enik? Asimilacija stranih radnika u dru\u0161tvo - Agencija za elektroni\u010dke medije<\/title>\n<meta name=\"robots\" content=\"index, follow, max-snippet:-1, max-image-preview:large, max-video-preview:-1\" \/>\n<link rel=\"canonical\" href=\"https:\/\/aem.hr\/vanja-hozmec-domaci-radnik-ili-strani-placenik-asimilacija-stranih-radnika-u-drustvo\/\" \/>\n<meta property=\"og:locale\" content=\"en_US\" \/>\n<meta property=\"og:type\" content=\"article\" \/>\n<meta property=\"og:title\" content=\"Vanja Hozmec - Doma\u0107i radnik ili strani pla\u0107enik? Asimilacija stranih radnika u dru\u0161tvo - Agencija za elektroni\u010dke medije\" \/>\n<meta property=\"og:url\" content=\"https:\/\/aem.hr\/vanja-hozmec-domaci-radnik-ili-strani-placenik-asimilacija-stranih-radnika-u-drustvo\/\" \/>\n<meta property=\"og:site_name\" content=\"Agencija za elektroni\u010dke medije\" \/>\n<meta name=\"twitter:card\" content=\"summary_large_image\" \/>\n<meta name=\"twitter:label1\" content=\"Est. reading time\" \/>\n\t<meta name=\"twitter:data1\" content=\"1 minute\" \/>\n<script type=\"application\/ld+json\" class=\"yoast-schema-graph\">{\"@context\":\"https:\/\/schema.org\",\"@graph\":[{\"@type\":\"WebPage\",\"@id\":\"https:\/\/aem.hr\/vanja-hozmec-domaci-radnik-ili-strani-placenik-asimilacija-stranih-radnika-u-drustvo\/\",\"url\":\"https:\/\/aem.hr\/vanja-hozmec-domaci-radnik-ili-strani-placenik-asimilacija-stranih-radnika-u-drustvo\/\",\"name\":\"Vanja Hozmec - Doma\u0107i radnik ili strani pla\u0107enik? Asimilacija stranih radnika u dru\u0161tvo - Agencija za elektroni\u010dke medije\",\"isPartOf\":{\"@id\":\"https:\/\/aem.hr\/#website\"},\"datePublished\":\"2025-03-26T13:21:27+00:00\",\"breadcrumb\":{\"@id\":\"https:\/\/aem.hr\/vanja-hozmec-domaci-radnik-ili-strani-placenik-asimilacija-stranih-radnika-u-drustvo\/#breadcrumb\"},\"inLanguage\":\"en-US\",\"potentialAction\":[{\"@type\":\"ReadAction\",\"target\":[\"https:\/\/aem.hr\/vanja-hozmec-domaci-radnik-ili-strani-placenik-asimilacija-stranih-radnika-u-drustvo\/\"]}]},{\"@type\":\"BreadcrumbList\",\"@id\":\"https:\/\/aem.hr\/vanja-hozmec-domaci-radnik-ili-strani-placenik-asimilacija-stranih-radnika-u-drustvo\/#breadcrumb\",\"itemListElement\":[{\"@type\":\"ListItem\",\"position\":1,\"name\":\"Po\u010detna stranica\",\"item\":\"https:\/\/aem.hr\/\"},{\"@type\":\"ListItem\",\"position\":2,\"name\":\"Vanja Hozmec &#8211; Doma\u0107i radnik ili strani pla\u0107enik? Asimilacija stranih radnika u dru\u0161tvo\"}]},{\"@type\":\"WebSite\",\"@id\":\"https:\/\/aem.hr\/#website\",\"url\":\"https:\/\/aem.hr\/\",\"name\":\"Agencija za elektroni\u010dke medije\",\"description\":\"\",\"potentialAction\":[{\"@type\":\"SearchAction\",\"target\":{\"@type\":\"EntryPoint\",\"urlTemplate\":\"https:\/\/aem.hr\/?s={search_term_string}\"},\"query-input\":{\"@type\":\"PropertyValueSpecification\",\"valueRequired\":true,\"valueName\":\"search_term_string\"}}],\"inLanguage\":\"en-US\"}]}<\/script>\n<!-- \/ Yoast SEO plugin. -->","yoast_head_json":{"title":"Vanja Hozmec - Doma\u0107i radnik ili strani pla\u0107enik? Asimilacija stranih radnika u dru\u0161tvo - Agencija za elektroni\u010dke medije","robots":{"index":"index","follow":"follow","max-snippet":"max-snippet:-1","max-image-preview":"max-image-preview:large","max-video-preview":"max-video-preview:-1"},"canonical":"https:\/\/aem.hr\/vanja-hozmec-domaci-radnik-ili-strani-placenik-asimilacija-stranih-radnika-u-drustvo\/","og_locale":"en_US","og_type":"article","og_title":"Vanja Hozmec - Doma\u0107i radnik ili strani pla\u0107enik? Asimilacija stranih radnika u dru\u0161tvo - Agencija za elektroni\u010dke medije","og_url":"https:\/\/aem.hr\/vanja-hozmec-domaci-radnik-ili-strani-placenik-asimilacija-stranih-radnika-u-drustvo\/","og_site_name":"Agencija za elektroni\u010dke medije","twitter_card":"summary_large_image","twitter_misc":{"Est. reading time":"1 minute"},"schema":{"@context":"https:\/\/schema.org","@graph":[{"@type":"WebPage","@id":"https:\/\/aem.hr\/vanja-hozmec-domaci-radnik-ili-strani-placenik-asimilacija-stranih-radnika-u-drustvo\/","url":"https:\/\/aem.hr\/vanja-hozmec-domaci-radnik-ili-strani-placenik-asimilacija-stranih-radnika-u-drustvo\/","name":"Vanja Hozmec - Doma\u0107i radnik ili strani pla\u0107enik? Asimilacija stranih radnika u dru\u0161tvo - Agencija za elektroni\u010dke medije","isPartOf":{"@id":"https:\/\/aem.hr\/#website"},"datePublished":"2025-03-26T13:21:27+00:00","breadcrumb":{"@id":"https:\/\/aem.hr\/vanja-hozmec-domaci-radnik-ili-strani-placenik-asimilacija-stranih-radnika-u-drustvo\/#breadcrumb"},"inLanguage":"en-US","potentialAction":[{"@type":"ReadAction","target":["https:\/\/aem.hr\/vanja-hozmec-domaci-radnik-ili-strani-placenik-asimilacija-stranih-radnika-u-drustvo\/"]}]},{"@type":"BreadcrumbList","@id":"https:\/\/aem.hr\/vanja-hozmec-domaci-radnik-ili-strani-placenik-asimilacija-stranih-radnika-u-drustvo\/#breadcrumb","itemListElement":[{"@type":"ListItem","position":1,"name":"Po\u010detna stranica","item":"https:\/\/aem.hr\/"},{"@type":"ListItem","position":2,"name":"Vanja Hozmec &#8211; Doma\u0107i radnik ili strani pla\u0107enik? Asimilacija stranih radnika u dru\u0161tvo"}]},{"@type":"WebSite","@id":"https:\/\/aem.hr\/#website","url":"https:\/\/aem.hr\/","name":"Agencija za elektroni\u010dke medije","description":"","potentialAction":[{"@type":"SearchAction","target":{"@type":"EntryPoint","urlTemplate":"https:\/\/aem.hr\/?s={search_term_string}"},"query-input":{"@type":"PropertyValueSpecification","valueRequired":true,"valueName":"search_term_string"}}],"inLanguage":"en-US"}]}},"coauthors":[],"author_meta":{"author_link":"https:\/\/aem.hr\/en\/blog\/author\/mkirac\/","display_name":"Matko Kirac"},"relative_dates":{"created":"Posted 1 year ago","modified":"Updated 1 year ago"},"absolute_dates":{"created":"Posted on 26. March 2025.","modified":"Updated on 26. March 2025."},"absolute_dates_time":{"created":"Posted on 26. March 2025. 14:21","modified":"Updated on 26. March 2025. 14:21"},"featured_img_caption":"","featured_img":false,"series_order":"","_links":{"self":[{"href":"https:\/\/aem.hr\/en\/wp-json\/wp\/v2\/pages\/22283","targetHints":{"allow":["GET"]}}],"collection":[{"href":"https:\/\/aem.hr\/en\/wp-json\/wp\/v2\/pages"}],"about":[{"href":"https:\/\/aem.hr\/en\/wp-json\/wp\/v2\/types\/page"}],"author":[{"embeddable":true,"href":"https:\/\/aem.hr\/en\/wp-json\/wp\/v2\/users\/18"}],"replies":[{"embeddable":true,"href":"https:\/\/aem.hr\/en\/wp-json\/wp\/v2\/comments?post=22283"}],"version-history":[{"count":1,"href":"https:\/\/aem.hr\/en\/wp-json\/wp\/v2\/pages\/22283\/revisions"}],"predecessor-version":[{"id":22304,"href":"https:\/\/aem.hr\/en\/wp-json\/wp\/v2\/pages\/22283\/revisions\/22304"}],"wp:attachment":[{"href":"https:\/\/aem.hr\/en\/wp-json\/wp\/v2\/media?parent=22283"}],"curies":[{"name":"wp","href":"https:\/\/api.w.org\/{rel}","templated":true}]}}