{"id":22306,"date":"2025-03-26T14:22:33","date_gmt":"2025-03-26T13:22:33","guid":{"rendered":"http:\/\/aem.hr\/?page_id=22306"},"modified":"2025-03-26T14:22:33","modified_gmt":"2025-03-26T13:22:33","slug":"vedrana-simicevic-kako-se-moze-poboljsati-hrvatski-zdravstveni-sustav","status":"publish","type":"page","link":"https:\/\/aem.hr\/en\/vedrana-simicevic-kako-se-moze-poboljsati-hrvatski-zdravstveni-sustav\/","title":{"rendered":"Vedrana Simi\u010devi\u0107 &#8211; Kako se mo\u017ee pobolj\u0161ati hrvatski zdravstveni sustav"},"content":{"rendered":"\n<div class=\"wp-block-file\"><a id=\"wp-block-file--media-a6989c1b-9e27-49b8-9f9f-a5d0408707c2\" href=\"https:\/\/aem.hr\/wp-content\/uploads\/2025\/03\/1.-Natasa-Ban-Toskic.pdf\">1. Nata\u0161a Ban Toski\u0107<\/a><a href=\"https:\/\/aem.hr\/wp-content\/uploads\/2025\/03\/1.-Natasa-Ban-Toskic.pdf\" class=\"wp-block-file__button wp-element-button\" download aria-describedby=\"wp-block-file--media-a6989c1b-9e27-49b8-9f9f-a5d0408707c2\">Preuzimanje<\/a><\/div>\n\n\n\n<div class=\"wp-block-file\"><a id=\"wp-block-file--media-c55dcb21-7a0d-48f1-8360-642d2722d413\" href=\"https:\/\/aem.hr\/wp-content\/uploads\/2025\/03\/2.-Rak-debelog-i-zavrsnog-crijeva.pdf\">2. Rak debelog i zavr\u0161nog crijeva<\/a><a href=\"https:\/\/aem.hr\/wp-content\/uploads\/2025\/03\/2.-Rak-debelog-i-zavrsnog-crijeva.pdf\" class=\"wp-block-file__button wp-element-button\" download aria-describedby=\"wp-block-file--media-c55dcb21-7a0d-48f1-8360-642d2722d413\">Preuzimanje<\/a><\/div>\n\n\n\n<div class=\"wp-block-file\"><a id=\"wp-block-file--media-5b546132-5a94-43ab-978c-d224ac360c2d\" href=\"https:\/\/aem.hr\/wp-content\/uploads\/2025\/03\/3.-Uz-visoke-cijene.pdf\">3. Uz visoke cijene<\/a><a href=\"https:\/\/aem.hr\/wp-content\/uploads\/2025\/03\/3.-Uz-visoke-cijene.pdf\" class=\"wp-block-file__button wp-element-button\" download aria-describedby=\"wp-block-file--media-5b546132-5a94-43ab-978c-d224ac360c2d\">Preuzimanje<\/a><\/div>\n\n\n\n<div class=\"wp-block-file\"><a id=\"wp-block-file--media-4c97d658-a877-4896-b58a-bfb05cb16d50\" href=\"https:\/\/aem.hr\/wp-content\/uploads\/2025\/03\/4.-Ivana-Kalogjera.pdf\">4. Ivana Kalogjera<\/a><a href=\"https:\/\/aem.hr\/wp-content\/uploads\/2025\/03\/4.-Ivana-Kalogjera.pdf\" class=\"wp-block-file__button wp-element-button\" download aria-describedby=\"wp-block-file--media-4c97d658-a877-4896-b58a-bfb05cb16d50\">Preuzimanje<\/a><\/div>\n\n\n\n<div class=\"wp-block-file\"><a id=\"wp-block-file--media-c1566a1f-fc05-4bc5-aa93-38888b50d598\" href=\"https:\/\/aem.hr\/wp-content\/uploads\/2025\/03\/5.-Misterij-digitalizacije.pdf\">5. Misterij digitalizacije<\/a><a href=\"https:\/\/aem.hr\/wp-content\/uploads\/2025\/03\/5.-Misterij-digitalizacije.pdf\" class=\"wp-block-file__button wp-element-button\" download aria-describedby=\"wp-block-file--media-c1566a1f-fc05-4bc5-aa93-38888b50d598\">Preuzimanje<\/a><\/div>\n","protected":false},"excerpt":{"rendered":"","protected":false},"author":18,"featured_media":0,"parent":0,"menu_order":0,"comment_status":"closed","ping_status":"closed","template":"","meta":{"_acf_changed":false,"inline_featured_image":false,"advgb_blocks_editor_width":"","advgb_blocks_columns_visual_guide":"","_links_to":"","_links_to_type":0,"footnotes":""},"class_list":["post-22306","page","type-page","status-publish","hentry"],"acf":[],"yoast_head":"<!-- This site is optimized with the Yoast SEO plugin v25.7 - https:\/\/yoast.com\/wordpress\/plugins\/seo\/ -->\n<title>Vedrana Simi\u010devi\u0107 - Kako se mo\u017ee pobolj\u0161ati hrvatski zdravstveni sustav - Agencija za elektroni\u010dke medije<\/title>\n<meta name=\"robots\" content=\"index, follow, max-snippet:-1, max-image-preview:large, max-video-preview:-1\" \/>\n<link rel=\"canonical\" href=\"https:\/\/aem.hr\/vedrana-simicevic-kako-se-moze-poboljsati-hrvatski-zdravstveni-sustav\/\" \/>\n<meta property=\"og:locale\" content=\"en_US\" \/>\n<meta property=\"og:type\" content=\"article\" \/>\n<meta property=\"og:title\" content=\"Vedrana Simi\u010devi\u0107 - Kako se mo\u017ee pobolj\u0161ati hrvatski zdravstveni sustav - Agencija za elektroni\u010dke medije\" \/>\n<meta property=\"og:url\" content=\"https:\/\/aem.hr\/vedrana-simicevic-kako-se-moze-poboljsati-hrvatski-zdravstveni-sustav\/\" \/>\n<meta property=\"og:site_name\" content=\"Agencija za elektroni\u010dke medije\" \/>\n<meta name=\"twitter:card\" content=\"summary_large_image\" \/>\n<meta name=\"twitter:label1\" content=\"Est. reading time\" \/>\n\t<meta name=\"twitter:data1\" content=\"1 minute\" \/>\n<script type=\"application\/ld+json\" class=\"yoast-schema-graph\">{\"@context\":\"https:\/\/schema.org\",\"@graph\":[{\"@type\":\"WebPage\",\"@id\":\"https:\/\/aem.hr\/vedrana-simicevic-kako-se-moze-poboljsati-hrvatski-zdravstveni-sustav\/\",\"url\":\"https:\/\/aem.hr\/vedrana-simicevic-kako-se-moze-poboljsati-hrvatski-zdravstveni-sustav\/\",\"name\":\"Vedrana Simi\u010devi\u0107 - Kako se mo\u017ee pobolj\u0161ati hrvatski zdravstveni sustav - Agencija za elektroni\u010dke medije\",\"isPartOf\":{\"@id\":\"https:\/\/aem.hr\/#website\"},\"datePublished\":\"2025-03-26T13:22:33+00:00\",\"breadcrumb\":{\"@id\":\"https:\/\/aem.hr\/vedrana-simicevic-kako-se-moze-poboljsati-hrvatski-zdravstveni-sustav\/#breadcrumb\"},\"inLanguage\":\"en-US\",\"potentialAction\":[{\"@type\":\"ReadAction\",\"target\":[\"https:\/\/aem.hr\/vedrana-simicevic-kako-se-moze-poboljsati-hrvatski-zdravstveni-sustav\/\"]}]},{\"@type\":\"BreadcrumbList\",\"@id\":\"https:\/\/aem.hr\/vedrana-simicevic-kako-se-moze-poboljsati-hrvatski-zdravstveni-sustav\/#breadcrumb\",\"itemListElement\":[{\"@type\":\"ListItem\",\"position\":1,\"name\":\"Po\u010detna stranica\",\"item\":\"https:\/\/aem.hr\/\"},{\"@type\":\"ListItem\",\"position\":2,\"name\":\"Vedrana Simi\u010devi\u0107 &#8211; Kako se mo\u017ee pobolj\u0161ati hrvatski zdravstveni sustav\"}]},{\"@type\":\"WebSite\",\"@id\":\"https:\/\/aem.hr\/#website\",\"url\":\"https:\/\/aem.hr\/\",\"name\":\"Agencija za elektroni\u010dke medije\",\"description\":\"\",\"potentialAction\":[{\"@type\":\"SearchAction\",\"target\":{\"@type\":\"EntryPoint\",\"urlTemplate\":\"https:\/\/aem.hr\/?s={search_term_string}\"},\"query-input\":{\"@type\":\"PropertyValueSpecification\",\"valueRequired\":true,\"valueName\":\"search_term_string\"}}],\"inLanguage\":\"en-US\"}]}<\/script>\n<!-- \/ Yoast SEO plugin. -->","yoast_head_json":{"title":"Vedrana Simi\u010devi\u0107 - Kako se mo\u017ee pobolj\u0161ati hrvatski zdravstveni sustav - Agencija za elektroni\u010dke medije","robots":{"index":"index","follow":"follow","max-snippet":"max-snippet:-1","max-image-preview":"max-image-preview:large","max-video-preview":"max-video-preview:-1"},"canonical":"https:\/\/aem.hr\/vedrana-simicevic-kako-se-moze-poboljsati-hrvatski-zdravstveni-sustav\/","og_locale":"en_US","og_type":"article","og_title":"Vedrana Simi\u010devi\u0107 - Kako se mo\u017ee pobolj\u0161ati hrvatski zdravstveni sustav - Agencija za elektroni\u010dke medije","og_url":"https:\/\/aem.hr\/vedrana-simicevic-kako-se-moze-poboljsati-hrvatski-zdravstveni-sustav\/","og_site_name":"Agencija za elektroni\u010dke medije","twitter_card":"summary_large_image","twitter_misc":{"Est. reading time":"1 minute"},"schema":{"@context":"https:\/\/schema.org","@graph":[{"@type":"WebPage","@id":"https:\/\/aem.hr\/vedrana-simicevic-kako-se-moze-poboljsati-hrvatski-zdravstveni-sustav\/","url":"https:\/\/aem.hr\/vedrana-simicevic-kako-se-moze-poboljsati-hrvatski-zdravstveni-sustav\/","name":"Vedrana Simi\u010devi\u0107 - Kako se mo\u017ee pobolj\u0161ati hrvatski zdravstveni sustav - Agencija za elektroni\u010dke medije","isPartOf":{"@id":"https:\/\/aem.hr\/#website"},"datePublished":"2025-03-26T13:22:33+00:00","breadcrumb":{"@id":"https:\/\/aem.hr\/vedrana-simicevic-kako-se-moze-poboljsati-hrvatski-zdravstveni-sustav\/#breadcrumb"},"inLanguage":"en-US","potentialAction":[{"@type":"ReadAction","target":["https:\/\/aem.hr\/vedrana-simicevic-kako-se-moze-poboljsati-hrvatski-zdravstveni-sustav\/"]}]},{"@type":"BreadcrumbList","@id":"https:\/\/aem.hr\/vedrana-simicevic-kako-se-moze-poboljsati-hrvatski-zdravstveni-sustav\/#breadcrumb","itemListElement":[{"@type":"ListItem","position":1,"name":"Po\u010detna stranica","item":"https:\/\/aem.hr\/"},{"@type":"ListItem","position":2,"name":"Vedrana Simi\u010devi\u0107 &#8211; Kako se mo\u017ee pobolj\u0161ati hrvatski zdravstveni sustav"}]},{"@type":"WebSite","@id":"https:\/\/aem.hr\/#website","url":"https:\/\/aem.hr\/","name":"Agencija za elektroni\u010dke medije","description":"","potentialAction":[{"@type":"SearchAction","target":{"@type":"EntryPoint","urlTemplate":"https:\/\/aem.hr\/?s={search_term_string}"},"query-input":{"@type":"PropertyValueSpecification","valueRequired":true,"valueName":"search_term_string"}}],"inLanguage":"en-US"}]}},"coauthors":[],"author_meta":{"author_link":"https:\/\/aem.hr\/en\/blog\/author\/mkirac\/","display_name":"Matko Kirac"},"relative_dates":{"created":"Posted 1 year ago","modified":"Updated 1 year ago"},"absolute_dates":{"created":"Posted on 26. March 2025.","modified":"Updated on 26. March 2025."},"absolute_dates_time":{"created":"Posted on 26. March 2025. 14:22","modified":"Updated on 26. March 2025. 14:22"},"featured_img_caption":"","featured_img":false,"series_order":"","_links":{"self":[{"href":"https:\/\/aem.hr\/en\/wp-json\/wp\/v2\/pages\/22306","targetHints":{"allow":["GET"]}}],"collection":[{"href":"https:\/\/aem.hr\/en\/wp-json\/wp\/v2\/pages"}],"about":[{"href":"https:\/\/aem.hr\/en\/wp-json\/wp\/v2\/types\/page"}],"author":[{"embeddable":true,"href":"https:\/\/aem.hr\/en\/wp-json\/wp\/v2\/users\/18"}],"replies":[{"embeddable":true,"href":"https:\/\/aem.hr\/en\/wp-json\/wp\/v2\/comments?post=22306"}],"version-history":[{"count":1,"href":"https:\/\/aem.hr\/en\/wp-json\/wp\/v2\/pages\/22306\/revisions"}],"predecessor-version":[{"id":22318,"href":"https:\/\/aem.hr\/en\/wp-json\/wp\/v2\/pages\/22306\/revisions\/22318"}],"wp:attachment":[{"href":"https:\/\/aem.hr\/en\/wp-json\/wp\/v2\/media?parent=22306"}],"curies":[{"name":"wp","href":"https:\/\/api.w.org\/{rel}","templated":true}]}}