{"id":22352,"date":"2025-03-26T14:25:43","date_gmt":"2025-03-26T13:25:43","guid":{"rendered":"http:\/\/aem.hr\/?page_id=22352"},"modified":"2025-03-26T14:25:44","modified_gmt":"2025-03-26T13:25:44","slug":"sandra-barcot-kako-rijesiti-problem-devastacije-pomorskog-dobra","status":"publish","type":"page","link":"https:\/\/aem.hr\/en\/sandra-barcot-kako-rijesiti-problem-devastacije-pomorskog-dobra\/","title":{"rendered":"Sandra Bar\u010dot &#8211; &#8220;Kako rije\u0161iti problem devastacije pomorskog dobra?&#8221;"},"content":{"rendered":"\n<div class=\"wp-block-file\"><a id=\"wp-block-file--media-c0a54c29-0f03-4a56-9c7a-488f33203360\" href=\"https:\/\/aem.hr\/wp-content\/uploads\/2025\/03\/1.-Bahati-uzurpator-betonirao-hvarsku-uvalu.pdf\">1. Bahati uzurpator betonirao hvarsku uvalu<\/a><a href=\"https:\/\/aem.hr\/wp-content\/uploads\/2025\/03\/1.-Bahati-uzurpator-betonirao-hvarsku-uvalu.pdf\" class=\"wp-block-file__button wp-element-button\" download aria-describedby=\"wp-block-file--media-c0a54c29-0f03-4a56-9c7a-488f33203360\">Preuzimanje<\/a><\/div>\n\n\n\n<div class=\"wp-block-file\"><a id=\"wp-block-file--media-3becf581-b996-42e4-8f7b-ff763a31d1a6\" href=\"https:\/\/aem.hr\/wp-content\/uploads\/2025\/03\/2.-Mjestani-se-usplahirili.pdf\">2. Mje\u0161tani se usplahirili<\/a><a href=\"https:\/\/aem.hr\/wp-content\/uploads\/2025\/03\/2.-Mjestani-se-usplahirili.pdf\" class=\"wp-block-file__button wp-element-button\" download aria-describedby=\"wp-block-file--media-3becf581-b996-42e4-8f7b-ff763a31d1a6\">Preuzimanje<\/a><\/div>\n\n\n\n<div class=\"wp-block-file\"><a id=\"wp-block-file--media-05f6caa6-55ea-42db-bd85-8683bc3e8fbf\" href=\"https:\/\/aem.hr\/wp-content\/uploads\/2025\/03\/3.-Nasipaju-pomorsko-dobro.pdf\">3. Nasipaju pomorsko dobro<\/a><a href=\"https:\/\/aem.hr\/wp-content\/uploads\/2025\/03\/3.-Nasipaju-pomorsko-dobro.pdf\" class=\"wp-block-file__button wp-element-button\" download aria-describedby=\"wp-block-file--media-05f6caa6-55ea-42db-bd85-8683bc3e8fbf\">Preuzimanje<\/a><\/div>\n\n\n\n<div class=\"wp-block-file\"><a id=\"wp-block-file--media-92a9c73e-f3ae-4bcb-a7f7-aeb69056f84d\" href=\"https:\/\/aem.hr\/wp-content\/uploads\/2025\/03\/4.-Pobuna-na-Ciovu.pdf\">4. Pobuna na \u010ciovu<\/a><a href=\"https:\/\/aem.hr\/wp-content\/uploads\/2025\/03\/4.-Pobuna-na-Ciovu.pdf\" class=\"wp-block-file__button wp-element-button\" download aria-describedby=\"wp-block-file--media-92a9c73e-f3ae-4bcb-a7f7-aeb69056f84d\">Preuzimanje<\/a><\/div>\n\n\n\n<div class=\"wp-block-file\"><a id=\"wp-block-file--media-028d0ace-6208-4247-9993-bff5ed34bf3c\" href=\"https:\/\/aem.hr\/wp-content\/uploads\/2025\/03\/5.-Strucnjakinja-za-sigurnost-luka.pdf\">5. Stru\u010dnjakinja za sigurnost luka<\/a><a href=\"https:\/\/aem.hr\/wp-content\/uploads\/2025\/03\/5.-Strucnjakinja-za-sigurnost-luka.pdf\" class=\"wp-block-file__button wp-element-button\" download aria-describedby=\"wp-block-file--media-028d0ace-6208-4247-9993-bff5ed34bf3c\">Preuzimanje<\/a><\/div>\n\n\n\n<div class=\"wp-block-file\"><a id=\"wp-block-file--media-0252c792-b1d8-4bc0-8041-2714c835fd6a\" href=\"https:\/\/aem.hr\/wp-content\/uploads\/2025\/03\/6.-Trogir-daje-odobrenje-i-tvrdi.pdf\">6. Trogir daje odobrenje i tvrdi<\/a><a href=\"https:\/\/aem.hr\/wp-content\/uploads\/2025\/03\/6.-Trogir-daje-odobrenje-i-tvrdi.pdf\" class=\"wp-block-file__button wp-element-button\" download aria-describedby=\"wp-block-file--media-0252c792-b1d8-4bc0-8041-2714c835fd6a\">Preuzimanje<\/a><\/div>\n\n\n\n<div class=\"wp-block-file\"><a id=\"wp-block-file--media-9fe15821-4f99-474f-b89b-6c23851f0481\" href=\"https:\/\/aem.hr\/wp-content\/uploads\/2025\/03\/7.-Cogelja-o-novom-zakonu.pdf\">7. \u010cogelja o novom zakonu<\/a><a href=\"https:\/\/aem.hr\/wp-content\/uploads\/2025\/03\/7.-Cogelja-o-novom-zakonu.pdf\" class=\"wp-block-file__button wp-element-button\" download aria-describedby=\"wp-block-file--media-9fe15821-4f99-474f-b89b-6c23851f0481\">Preuzimanje<\/a><\/div>\n\n\n\n<div class=\"wp-block-file\"><a id=\"wp-block-file--media-96e8beb4-e326-4586-bdac-2dcdd299fa0c\" href=\"https:\/\/aem.hr\/wp-content\/uploads\/2025\/03\/8.-Soltanka-sprijecila.pdf\">8. \u0160oltanka sprije\u010dila<\/a><a href=\"https:\/\/aem.hr\/wp-content\/uploads\/2025\/03\/8.-Soltanka-sprijecila.pdf\" class=\"wp-block-file__button wp-element-button\" download aria-describedby=\"wp-block-file--media-96e8beb4-e326-4586-bdac-2dcdd299fa0c\">Preuzimanje<\/a><\/div>\n","protected":false},"excerpt":{"rendered":"","protected":false},"author":18,"featured_media":0,"parent":0,"menu_order":0,"comment_status":"closed","ping_status":"closed","template":"","meta":{"_acf_changed":false,"inline_featured_image":false,"advgb_blocks_editor_width":"","advgb_blocks_columns_visual_guide":"","_links_to":"","_links_to_type":0,"footnotes":""},"class_list":["post-22352","page","type-page","status-publish","hentry"],"acf":[],"yoast_head":"<!-- This site is optimized with the Yoast SEO plugin v25.7 - https:\/\/yoast.com\/wordpress\/plugins\/seo\/ -->\n<title>Sandra Bar\u010dot - &quot;Kako rije\u0161iti problem devastacije pomorskog dobra?&quot; - Agencija za elektroni\u010dke medije<\/title>\n<meta name=\"robots\" content=\"index, follow, max-snippet:-1, max-image-preview:large, max-video-preview:-1\" \/>\n<link rel=\"canonical\" href=\"https:\/\/aem.hr\/sandra-barcot-kako-rijesiti-problem-devastacije-pomorskog-dobra\/\" \/>\n<meta property=\"og:locale\" content=\"en_US\" \/>\n<meta property=\"og:type\" content=\"article\" \/>\n<meta property=\"og:title\" content=\"Sandra Bar\u010dot - &quot;Kako rije\u0161iti problem devastacije pomorskog dobra?&quot; - Agencija za elektroni\u010dke medije\" \/>\n<meta property=\"og:url\" content=\"https:\/\/aem.hr\/sandra-barcot-kako-rijesiti-problem-devastacije-pomorskog-dobra\/\" \/>\n<meta property=\"og:site_name\" content=\"Agencija za elektroni\u010dke medije\" \/>\n<meta property=\"article:modified_time\" content=\"2025-03-26T13:25:44+00:00\" \/>\n<meta name=\"twitter:card\" content=\"summary_large_image\" \/>\n<meta name=\"twitter:label1\" content=\"Est. reading time\" \/>\n\t<meta name=\"twitter:data1\" content=\"1 minute\" \/>\n<script type=\"application\/ld+json\" class=\"yoast-schema-graph\">{\"@context\":\"https:\/\/schema.org\",\"@graph\":[{\"@type\":\"WebPage\",\"@id\":\"https:\/\/aem.hr\/sandra-barcot-kako-rijesiti-problem-devastacije-pomorskog-dobra\/\",\"url\":\"https:\/\/aem.hr\/sandra-barcot-kako-rijesiti-problem-devastacije-pomorskog-dobra\/\",\"name\":\"Sandra Bar\u010dot - \\\"Kako rije\u0161iti problem devastacije pomorskog dobra?\\\" - Agencija za elektroni\u010dke medije\",\"isPartOf\":{\"@id\":\"https:\/\/aem.hr\/#website\"},\"datePublished\":\"2025-03-26T13:25:43+00:00\",\"dateModified\":\"2025-03-26T13:25:44+00:00\",\"breadcrumb\":{\"@id\":\"https:\/\/aem.hr\/sandra-barcot-kako-rijesiti-problem-devastacije-pomorskog-dobra\/#breadcrumb\"},\"inLanguage\":\"en-US\",\"potentialAction\":[{\"@type\":\"ReadAction\",\"target\":[\"https:\/\/aem.hr\/sandra-barcot-kako-rijesiti-problem-devastacije-pomorskog-dobra\/\"]}]},{\"@type\":\"BreadcrumbList\",\"@id\":\"https:\/\/aem.hr\/sandra-barcot-kako-rijesiti-problem-devastacije-pomorskog-dobra\/#breadcrumb\",\"itemListElement\":[{\"@type\":\"ListItem\",\"position\":1,\"name\":\"Po\u010detna stranica\",\"item\":\"https:\/\/aem.hr\/\"},{\"@type\":\"ListItem\",\"position\":2,\"name\":\"Sandra Bar\u010dot &#8211; &#8220;Kako rije\u0161iti problem devastacije pomorskog dobra?&#8221;\"}]},{\"@type\":\"WebSite\",\"@id\":\"https:\/\/aem.hr\/#website\",\"url\":\"https:\/\/aem.hr\/\",\"name\":\"Agencija za elektroni\u010dke medije\",\"description\":\"\",\"potentialAction\":[{\"@type\":\"SearchAction\",\"target\":{\"@type\":\"EntryPoint\",\"urlTemplate\":\"https:\/\/aem.hr\/?s={search_term_string}\"},\"query-input\":{\"@type\":\"PropertyValueSpecification\",\"valueRequired\":true,\"valueName\":\"search_term_string\"}}],\"inLanguage\":\"en-US\"}]}<\/script>\n<!-- \/ Yoast SEO plugin. -->","yoast_head_json":{"title":"Sandra Bar\u010dot - \"Kako rije\u0161iti problem devastacije pomorskog dobra?\" - Agencija za elektroni\u010dke medije","robots":{"index":"index","follow":"follow","max-snippet":"max-snippet:-1","max-image-preview":"max-image-preview:large","max-video-preview":"max-video-preview:-1"},"canonical":"https:\/\/aem.hr\/sandra-barcot-kako-rijesiti-problem-devastacije-pomorskog-dobra\/","og_locale":"en_US","og_type":"article","og_title":"Sandra Bar\u010dot - \"Kako rije\u0161iti problem devastacije pomorskog dobra?\" - Agencija za elektroni\u010dke medije","og_url":"https:\/\/aem.hr\/sandra-barcot-kako-rijesiti-problem-devastacije-pomorskog-dobra\/","og_site_name":"Agencija za elektroni\u010dke medije","article_modified_time":"2025-03-26T13:25:44+00:00","twitter_card":"summary_large_image","twitter_misc":{"Est. reading time":"1 minute"},"schema":{"@context":"https:\/\/schema.org","@graph":[{"@type":"WebPage","@id":"https:\/\/aem.hr\/sandra-barcot-kako-rijesiti-problem-devastacije-pomorskog-dobra\/","url":"https:\/\/aem.hr\/sandra-barcot-kako-rijesiti-problem-devastacije-pomorskog-dobra\/","name":"Sandra Bar\u010dot - \"Kako rije\u0161iti problem devastacije pomorskog dobra?\" - Agencija za elektroni\u010dke medije","isPartOf":{"@id":"https:\/\/aem.hr\/#website"},"datePublished":"2025-03-26T13:25:43+00:00","dateModified":"2025-03-26T13:25:44+00:00","breadcrumb":{"@id":"https:\/\/aem.hr\/sandra-barcot-kako-rijesiti-problem-devastacije-pomorskog-dobra\/#breadcrumb"},"inLanguage":"en-US","potentialAction":[{"@type":"ReadAction","target":["https:\/\/aem.hr\/sandra-barcot-kako-rijesiti-problem-devastacije-pomorskog-dobra\/"]}]},{"@type":"BreadcrumbList","@id":"https:\/\/aem.hr\/sandra-barcot-kako-rijesiti-problem-devastacije-pomorskog-dobra\/#breadcrumb","itemListElement":[{"@type":"ListItem","position":1,"name":"Po\u010detna stranica","item":"https:\/\/aem.hr\/"},{"@type":"ListItem","position":2,"name":"Sandra Bar\u010dot &#8211; &#8220;Kako rije\u0161iti problem devastacije pomorskog dobra?&#8221;"}]},{"@type":"WebSite","@id":"https:\/\/aem.hr\/#website","url":"https:\/\/aem.hr\/","name":"Agencija za elektroni\u010dke medije","description":"","potentialAction":[{"@type":"SearchAction","target":{"@type":"EntryPoint","urlTemplate":"https:\/\/aem.hr\/?s={search_term_string}"},"query-input":{"@type":"PropertyValueSpecification","valueRequired":true,"valueName":"search_term_string"}}],"inLanguage":"en-US"}]}},"coauthors":[],"author_meta":{"author_link":"https:\/\/aem.hr\/en\/blog\/author\/mkirac\/","display_name":"Matko Kirac"},"relative_dates":{"created":"Posted 1 year ago","modified":"Updated 1 year ago"},"absolute_dates":{"created":"Posted on 26. March 2025.","modified":"Updated on 26. March 2025."},"absolute_dates_time":{"created":"Posted on 26. March 2025. 14:25","modified":"Updated on 26. March 2025. 14:25"},"featured_img_caption":"","featured_img":false,"series_order":"","_links":{"self":[{"href":"https:\/\/aem.hr\/en\/wp-json\/wp\/v2\/pages\/22352","targetHints":{"allow":["GET"]}}],"collection":[{"href":"https:\/\/aem.hr\/en\/wp-json\/wp\/v2\/pages"}],"about":[{"href":"https:\/\/aem.hr\/en\/wp-json\/wp\/v2\/types\/page"}],"author":[{"embeddable":true,"href":"https:\/\/aem.hr\/en\/wp-json\/wp\/v2\/users\/18"}],"replies":[{"embeddable":true,"href":"https:\/\/aem.hr\/en\/wp-json\/wp\/v2\/comments?post=22352"}],"version-history":[{"count":1,"href":"https:\/\/aem.hr\/en\/wp-json\/wp\/v2\/pages\/22352\/revisions"}],"predecessor-version":[{"id":22368,"href":"https:\/\/aem.hr\/en\/wp-json\/wp\/v2\/pages\/22352\/revisions\/22368"}],"wp:attachment":[{"href":"https:\/\/aem.hr\/en\/wp-json\/wp\/v2\/media?parent=22352"}],"curies":[{"name":"wp","href":"https:\/\/api.w.org\/{rel}","templated":true}]}}