{"id":22370,"date":"2025-03-26T14:26:51","date_gmt":"2025-03-26T13:26:51","guid":{"rendered":"http:\/\/aem.hr\/?page_id=22370"},"modified":"2025-03-26T14:26:52","modified_gmt":"2025-03-26T13:26:52","slug":"ante-pericic-zivi-cirkus-kako-zivi-cirkuska-umjetnost-u-hrvatskoj","status":"publish","type":"page","link":"https:\/\/aem.hr\/en\/ante-pericic-zivi-cirkus-kako-zivi-cirkuska-umjetnost-u-hrvatskoj\/","title":{"rendered":"Ante Peri\u010di\u0107 &#8211; \u017dIVI CIRKUS &#8211; KAKO \u017dIVI CIRKUSKA UMJETNOST U HRVATSKOJ"},"content":{"rendered":"\n<div class=\"wp-block-file\"><a id=\"wp-block-file--media-2ea0eb18-2998-48ba-9c52-b82e78ac77a2\" href=\"https:\/\/aem.hr\/wp-content\/uploads\/2025\/03\/1.-Klaun-je-vise-od-sminke-crvenog-nosa-i-cirkuskog-lakrdijasa.pdf\">1. Klaun je vi\u0161e od \u0161minke, crvenog nosa i cirkuskog lakrdija\u0161a<\/a><a href=\"https:\/\/aem.hr\/wp-content\/uploads\/2025\/03\/1.-Klaun-je-vise-od-sminke-crvenog-nosa-i-cirkuskog-lakrdijasa.pdf\" class=\"wp-block-file__button wp-element-button\" download aria-describedby=\"wp-block-file--media-2ea0eb18-2998-48ba-9c52-b82e78ac77a2\">Preuzimanje<\/a><\/div>\n\n\n\n<div class=\"wp-block-file\"><a id=\"wp-block-file--media-ff127615-4d6d-4e4f-a05b-b2ed7c85234c\" href=\"https:\/\/aem.hr\/wp-content\/uploads\/2025\/03\/2.-Klaunica-otvoreno-o-umjetnosti-koja-spaja-smijeh-i-suze.pdf\">2. Klaunica otvoreno o umjetnosti koja spaja smijeh i suze<\/a><a href=\"https:\/\/aem.hr\/wp-content\/uploads\/2025\/03\/2.-Klaunica-otvoreno-o-umjetnosti-koja-spaja-smijeh-i-suze.pdf\" class=\"wp-block-file__button wp-element-button\" download aria-describedby=\"wp-block-file--media-ff127615-4d6d-4e4f-a05b-b2ed7c85234c\">Preuzimanje<\/a><\/div>\n\n\n\n<div class=\"wp-block-file\"><a id=\"wp-block-file--media-05a59506-e7be-47d2-91c4-2036483dad41\" href=\"https:\/\/aem.hr\/wp-content\/uploads\/2025\/03\/3.-Razgovarali-smo-sa-slavnom-francusko-americkom-klaunicom-Lee-Delong.pdf\">3. Razgovarali smo sa slavnom francusko-ameri\u010dkom klaunicom Lee Delong<\/a><a href=\"https:\/\/aem.hr\/wp-content\/uploads\/2025\/03\/3.-Razgovarali-smo-sa-slavnom-francusko-americkom-klaunicom-Lee-Delong.pdf\" class=\"wp-block-file__button wp-element-button\" download aria-describedby=\"wp-block-file--media-05a59506-e7be-47d2-91c4-2036483dad41\">Preuzimanje<\/a><\/div>\n\n\n\n<div class=\"wp-block-file\"><a id=\"wp-block-file--media-62de604c-8b66-4d43-8961-f75efc7d9c1a\" href=\"https:\/\/aem.hr\/wp-content\/uploads\/2025\/03\/4.-Mali-vodic-hrvatske-cirkuske-scene-u-2024.pdf\">4. Mali vodi\u010d hrvatske cirkuske scene u 2024.<\/a><a href=\"https:\/\/aem.hr\/wp-content\/uploads\/2025\/03\/4.-Mali-vodic-hrvatske-cirkuske-scene-u-2024.pdf\" class=\"wp-block-file__button wp-element-button\" download aria-describedby=\"wp-block-file--media-62de604c-8b66-4d43-8961-f75efc7d9c1a\">Preuzimanje<\/a><\/div>\n\n\n\n<div class=\"wp-block-file\"><a id=\"wp-block-file--media-00be2b05-1887-4cdf-8c96-3d0b3fcf9581\" href=\"https:\/\/aem.hr\/wp-content\/uploads\/2025\/03\/5.-Situacija-u-hrvatskom-cirkusu-i-nikada-bolja-i-nikada-gora.pdf\">5. Situacija u hrvatskom cirkusu i nikada bolja i nikada gora<\/a><a href=\"https:\/\/aem.hr\/wp-content\/uploads\/2025\/03\/5.-Situacija-u-hrvatskom-cirkusu-i-nikada-bolja-i-nikada-gora.pdf\" class=\"wp-block-file__button wp-element-button\" download aria-describedby=\"wp-block-file--media-00be2b05-1887-4cdf-8c96-3d0b3fcf9581\">Preuzimanje<\/a><\/div>\n\n\n\n<div class=\"wp-block-file\"><a id=\"wp-block-file--media-6ed67d90-ac67-4690-9422-e82522e49d06\" href=\"https:\/\/aem.hr\/wp-content\/uploads\/2025\/03\/6.-Hrvatski-cirkuski-umjetnici-koji-stvaraju-u-Irskoj-i-Italiji.pdf\">6. Hrvatski cirkuski umjetnici koji stvaraju u Irskoj i Italiji<\/a><a href=\"https:\/\/aem.hr\/wp-content\/uploads\/2025\/03\/6.-Hrvatski-cirkuski-umjetnici-koji-stvaraju-u-Irskoj-i-Italiji.pdf\" class=\"wp-block-file__button wp-element-button\" download aria-describedby=\"wp-block-file--media-6ed67d90-ac67-4690-9422-e82522e49d06\">Preuzimanje<\/a><\/div>\n\n\n\n<div class=\"wp-block-file\"><a id=\"wp-block-file--media-2f633c95-8e69-42ed-be5a-efa716cfd22f\" href=\"https:\/\/aem.hr\/wp-content\/uploads\/2025\/03\/7.-Cirkuska-umjetnica-Ivana-Pedljo-otkriva-detalje-iz-svoje-karijere.pdf\">7. Cirkuska umjetnica Ivana Pedljo otkriva detalje iz svoje karijere<\/a><a href=\"https:\/\/aem.hr\/wp-content\/uploads\/2025\/03\/7.-Cirkuska-umjetnica-Ivana-Pedljo-otkriva-detalje-iz-svoje-karijere.pdf\" class=\"wp-block-file__button wp-element-button\" download aria-describedby=\"wp-block-file--media-2f633c95-8e69-42ed-be5a-efa716cfd22f\">Preuzimanje<\/a><\/div>\n\n\n\n<div class=\"wp-block-file\"><a id=\"wp-block-file--media-e5e8698a-88c0-4697-a747-8ca47ed34832\" href=\"https:\/\/aem.hr\/wp-content\/uploads\/2025\/03\/8.-Dvoje-umjetnika-koji-su-Venezuelu-i-Ukrajinu-zamijenili-Hrvatskom.pdf\">8. Dvoje umjetnika koji su Venezuelu i Ukrajinu zamijenili Hrvatskom<\/a><a href=\"https:\/\/aem.hr\/wp-content\/uploads\/2025\/03\/8.-Dvoje-umjetnika-koji-su-Venezuelu-i-Ukrajinu-zamijenili-Hrvatskom.pdf\" class=\"wp-block-file__button wp-element-button\" download aria-describedby=\"wp-block-file--media-e5e8698a-88c0-4697-a747-8ca47ed34832\">Preuzimanje<\/a><\/div>\n","protected":false},"excerpt":{"rendered":"","protected":false},"author":18,"featured_media":0,"parent":0,"menu_order":0,"comment_status":"closed","ping_status":"closed","template":"","meta":{"_acf_changed":false,"inline_featured_image":false,"advgb_blocks_editor_width":"","advgb_blocks_columns_visual_guide":"","_links_to":"","_links_to_type":0,"footnotes":""},"class_list":["post-22370","page","type-page","status-publish","hentry"],"acf":[],"yoast_head":"<!-- This site is optimized with the Yoast SEO plugin v25.7 - https:\/\/yoast.com\/wordpress\/plugins\/seo\/ -->\n<title>Ante Peri\u010di\u0107 - \u017dIVI CIRKUS - KAKO \u017dIVI CIRKUSKA UMJETNOST U HRVATSKOJ - Agencija za elektroni\u010dke medije<\/title>\n<meta name=\"robots\" content=\"index, follow, max-snippet:-1, max-image-preview:large, max-video-preview:-1\" \/>\n<link rel=\"canonical\" href=\"https:\/\/aem.hr\/ante-pericic-zivi-cirkus-kako-zivi-cirkuska-umjetnost-u-hrvatskoj\/\" \/>\n<meta property=\"og:locale\" content=\"en_US\" \/>\n<meta property=\"og:type\" content=\"article\" \/>\n<meta property=\"og:title\" content=\"Ante Peri\u010di\u0107 - \u017dIVI CIRKUS - KAKO \u017dIVI CIRKUSKA UMJETNOST U HRVATSKOJ - Agencija za elektroni\u010dke medije\" \/>\n<meta property=\"og:url\" content=\"https:\/\/aem.hr\/ante-pericic-zivi-cirkus-kako-zivi-cirkuska-umjetnost-u-hrvatskoj\/\" \/>\n<meta property=\"og:site_name\" content=\"Agencija za elektroni\u010dke medije\" \/>\n<meta property=\"article:modified_time\" content=\"2025-03-26T13:26:52+00:00\" \/>\n<meta name=\"twitter:card\" content=\"summary_large_image\" \/>\n<meta name=\"twitter:label1\" content=\"Est. reading time\" \/>\n\t<meta name=\"twitter:data1\" content=\"1 minute\" \/>\n<script type=\"application\/ld+json\" class=\"yoast-schema-graph\">{\"@context\":\"https:\/\/schema.org\",\"@graph\":[{\"@type\":\"WebPage\",\"@id\":\"https:\/\/aem.hr\/ante-pericic-zivi-cirkus-kako-zivi-cirkuska-umjetnost-u-hrvatskoj\/\",\"url\":\"https:\/\/aem.hr\/ante-pericic-zivi-cirkus-kako-zivi-cirkuska-umjetnost-u-hrvatskoj\/\",\"name\":\"Ante Peri\u010di\u0107 - \u017dIVI CIRKUS - KAKO \u017dIVI CIRKUSKA UMJETNOST U HRVATSKOJ - Agencija za elektroni\u010dke medije\",\"isPartOf\":{\"@id\":\"https:\/\/aem.hr\/#website\"},\"datePublished\":\"2025-03-26T13:26:51+00:00\",\"dateModified\":\"2025-03-26T13:26:52+00:00\",\"breadcrumb\":{\"@id\":\"https:\/\/aem.hr\/ante-pericic-zivi-cirkus-kako-zivi-cirkuska-umjetnost-u-hrvatskoj\/#breadcrumb\"},\"inLanguage\":\"en-US\",\"potentialAction\":[{\"@type\":\"ReadAction\",\"target\":[\"https:\/\/aem.hr\/ante-pericic-zivi-cirkus-kako-zivi-cirkuska-umjetnost-u-hrvatskoj\/\"]}]},{\"@type\":\"BreadcrumbList\",\"@id\":\"https:\/\/aem.hr\/ante-pericic-zivi-cirkus-kako-zivi-cirkuska-umjetnost-u-hrvatskoj\/#breadcrumb\",\"itemListElement\":[{\"@type\":\"ListItem\",\"position\":1,\"name\":\"Po\u010detna stranica\",\"item\":\"https:\/\/aem.hr\/\"},{\"@type\":\"ListItem\",\"position\":2,\"name\":\"Ante Peri\u010di\u0107 &#8211; \u017dIVI CIRKUS &#8211; KAKO \u017dIVI CIRKUSKA UMJETNOST U HRVATSKOJ\"}]},{\"@type\":\"WebSite\",\"@id\":\"https:\/\/aem.hr\/#website\",\"url\":\"https:\/\/aem.hr\/\",\"name\":\"Agencija za elektroni\u010dke medije\",\"description\":\"\",\"potentialAction\":[{\"@type\":\"SearchAction\",\"target\":{\"@type\":\"EntryPoint\",\"urlTemplate\":\"https:\/\/aem.hr\/?s={search_term_string}\"},\"query-input\":{\"@type\":\"PropertyValueSpecification\",\"valueRequired\":true,\"valueName\":\"search_term_string\"}}],\"inLanguage\":\"en-US\"}]}<\/script>\n<!-- \/ Yoast SEO plugin. -->","yoast_head_json":{"title":"Ante Peri\u010di\u0107 - \u017dIVI CIRKUS - KAKO \u017dIVI CIRKUSKA UMJETNOST U HRVATSKOJ - Agencija za elektroni\u010dke medije","robots":{"index":"index","follow":"follow","max-snippet":"max-snippet:-1","max-image-preview":"max-image-preview:large","max-video-preview":"max-video-preview:-1"},"canonical":"https:\/\/aem.hr\/ante-pericic-zivi-cirkus-kako-zivi-cirkuska-umjetnost-u-hrvatskoj\/","og_locale":"en_US","og_type":"article","og_title":"Ante Peri\u010di\u0107 - \u017dIVI CIRKUS - KAKO \u017dIVI CIRKUSKA UMJETNOST U HRVATSKOJ - Agencija za elektroni\u010dke medije","og_url":"https:\/\/aem.hr\/ante-pericic-zivi-cirkus-kako-zivi-cirkuska-umjetnost-u-hrvatskoj\/","og_site_name":"Agencija za elektroni\u010dke medije","article_modified_time":"2025-03-26T13:26:52+00:00","twitter_card":"summary_large_image","twitter_misc":{"Est. reading time":"1 minute"},"schema":{"@context":"https:\/\/schema.org","@graph":[{"@type":"WebPage","@id":"https:\/\/aem.hr\/ante-pericic-zivi-cirkus-kako-zivi-cirkuska-umjetnost-u-hrvatskoj\/","url":"https:\/\/aem.hr\/ante-pericic-zivi-cirkus-kako-zivi-cirkuska-umjetnost-u-hrvatskoj\/","name":"Ante Peri\u010di\u0107 - \u017dIVI CIRKUS - KAKO \u017dIVI CIRKUSKA UMJETNOST U HRVATSKOJ - Agencija za elektroni\u010dke medije","isPartOf":{"@id":"https:\/\/aem.hr\/#website"},"datePublished":"2025-03-26T13:26:51+00:00","dateModified":"2025-03-26T13:26:52+00:00","breadcrumb":{"@id":"https:\/\/aem.hr\/ante-pericic-zivi-cirkus-kako-zivi-cirkuska-umjetnost-u-hrvatskoj\/#breadcrumb"},"inLanguage":"en-US","potentialAction":[{"@type":"ReadAction","target":["https:\/\/aem.hr\/ante-pericic-zivi-cirkus-kako-zivi-cirkuska-umjetnost-u-hrvatskoj\/"]}]},{"@type":"BreadcrumbList","@id":"https:\/\/aem.hr\/ante-pericic-zivi-cirkus-kako-zivi-cirkuska-umjetnost-u-hrvatskoj\/#breadcrumb","itemListElement":[{"@type":"ListItem","position":1,"name":"Po\u010detna stranica","item":"https:\/\/aem.hr\/"},{"@type":"ListItem","position":2,"name":"Ante Peri\u010di\u0107 &#8211; \u017dIVI CIRKUS &#8211; KAKO \u017dIVI CIRKUSKA UMJETNOST U HRVATSKOJ"}]},{"@type":"WebSite","@id":"https:\/\/aem.hr\/#website","url":"https:\/\/aem.hr\/","name":"Agencija za elektroni\u010dke medije","description":"","potentialAction":[{"@type":"SearchAction","target":{"@type":"EntryPoint","urlTemplate":"https:\/\/aem.hr\/?s={search_term_string}"},"query-input":{"@type":"PropertyValueSpecification","valueRequired":true,"valueName":"search_term_string"}}],"inLanguage":"en-US"}]}},"coauthors":[],"author_meta":{"author_link":"https:\/\/aem.hr\/en\/blog\/author\/mkirac\/","display_name":"Matko Kirac"},"relative_dates":{"created":"Posted 1 year ago","modified":"Updated 1 year ago"},"absolute_dates":{"created":"Posted on 26. March 2025.","modified":"Updated on 26. March 2025."},"absolute_dates_time":{"created":"Posted on 26. March 2025. 14:26","modified":"Updated on 26. March 2025. 14:26"},"featured_img_caption":"","featured_img":false,"series_order":"","_links":{"self":[{"href":"https:\/\/aem.hr\/en\/wp-json\/wp\/v2\/pages\/22370","targetHints":{"allow":["GET"]}}],"collection":[{"href":"https:\/\/aem.hr\/en\/wp-json\/wp\/v2\/pages"}],"about":[{"href":"https:\/\/aem.hr\/en\/wp-json\/wp\/v2\/types\/page"}],"author":[{"embeddable":true,"href":"https:\/\/aem.hr\/en\/wp-json\/wp\/v2\/users\/18"}],"replies":[{"embeddable":true,"href":"https:\/\/aem.hr\/en\/wp-json\/wp\/v2\/comments?post=22370"}],"version-history":[{"count":1,"href":"https:\/\/aem.hr\/en\/wp-json\/wp\/v2\/pages\/22370\/revisions"}],"predecessor-version":[{"id":22386,"href":"https:\/\/aem.hr\/en\/wp-json\/wp\/v2\/pages\/22370\/revisions\/22386"}],"wp:attachment":[{"href":"https:\/\/aem.hr\/en\/wp-json\/wp\/v2\/media?parent=22370"}],"curies":[{"name":"wp","href":"https:\/\/api.w.org\/{rel}","templated":true}]}}