{"id":22388,"date":"2025-03-26T14:30:24","date_gmt":"2025-03-26T13:30:24","guid":{"rendered":"http:\/\/aem.hr\/?page_id=22388"},"modified":"2025-03-26T14:30:25","modified_gmt":"2025-03-26T13:30:25","slug":"gordana-arh-rad-u-mirovini-izmedu-zelje-i-potrebe","status":"publish","type":"page","link":"https:\/\/aem.hr\/en\/gordana-arh-rad-u-mirovini-izmedu-zelje-i-potrebe\/","title":{"rendered":"Gordana Arh &#8211; Rad u mirovini &#8211; izme\u0111u \u017eelje i potrebe"},"content":{"rendered":"\n<div class=\"wp-block-file\"><a id=\"wp-block-file--media-95fdf3e9-89c4-4ab7-8c71-9dc802ebe42c\" href=\"https:\/\/aem.hr\/wp-content\/uploads\/2025\/03\/1.-Smiljana-Brguljan-65.pdf\">1. Smiljana Brguljan (65)<\/a><a href=\"https:\/\/aem.hr\/wp-content\/uploads\/2025\/03\/1.-Smiljana-Brguljan-65.pdf\" class=\"wp-block-file__button wp-element-button\" download aria-describedby=\"wp-block-file--media-95fdf3e9-89c4-4ab7-8c71-9dc802ebe42c\">Preuzimanje<\/a><\/div>\n\n\n\n<div class=\"wp-block-file\"><a id=\"wp-block-file--media-4e2202bc-1901-4561-be9f-6c323c917a66\" href=\"https:\/\/aem.hr\/wp-content\/uploads\/2025\/03\/2.-Marica-Bac\u030cko-63.pdf\">2. Marica Bac\u030cko (63)<\/a><a href=\"https:\/\/aem.hr\/wp-content\/uploads\/2025\/03\/2.-Marica-Bac\u030cko-63.pdf\" class=\"wp-block-file__button wp-element-button\" download aria-describedby=\"wp-block-file--media-4e2202bc-1901-4561-be9f-6c323c917a66\">Preuzimanje<\/a><\/div>\n\n\n\n<div class=\"wp-block-file\"><a id=\"wp-block-file--media-f8bd9f3d-a928-4780-b4db-8d5b5f706959\" href=\"https:\/\/aem.hr\/wp-content\/uploads\/2025\/03\/3.-Danica-Sus\u030cic\u0301-66.pdf\">3. Danica Sus\u030cic\u0301 (66)<\/a><a href=\"https:\/\/aem.hr\/wp-content\/uploads\/2025\/03\/3.-Danica-Sus\u030cic\u0301-66.pdf\" class=\"wp-block-file__button wp-element-button\" download aria-describedby=\"wp-block-file--media-f8bd9f3d-a928-4780-b4db-8d5b5f706959\">Preuzimanje<\/a><\/div>\n\n\n\n<div class=\"wp-block-file\"><a id=\"wp-block-file--media-427fb3a2-4620-4eeb-abfe-4ef360f43092\" href=\"https:\/\/aem.hr\/wp-content\/uploads\/2025\/03\/4.-Zlatko-Pochobradsky-78.pdf\">4. Zlatko Pochobradsky (78)<\/a><a href=\"https:\/\/aem.hr\/wp-content\/uploads\/2025\/03\/4.-Zlatko-Pochobradsky-78.pdf\" class=\"wp-block-file__button wp-element-button\" download aria-describedby=\"wp-block-file--media-427fb3a2-4620-4eeb-abfe-4ef360f43092\">Preuzimanje<\/a><\/div>\n\n\n\n<div class=\"wp-block-file\"><a id=\"wp-block-file--media-68da3060-1e67-4957-bbd3-7f162a616cbe\" href=\"https:\/\/aem.hr\/wp-content\/uploads\/2025\/03\/5.-Z\u030celjko-Schwabe-77.pdf\">5. Z\u030celjko Schwabe (77)<\/a><a href=\"https:\/\/aem.hr\/wp-content\/uploads\/2025\/03\/5.-Z\u030celjko-Schwabe-77.pdf\" class=\"wp-block-file__button wp-element-button\" download aria-describedby=\"wp-block-file--media-68da3060-1e67-4957-bbd3-7f162a616cbe\">Preuzimanje<\/a><\/div>\n\n\n\n<div class=\"wp-block-file\"><a id=\"wp-block-file--media-f23d8ed5-cad2-4884-a015-12cfae84d585\" href=\"https:\/\/aem.hr\/wp-content\/uploads\/2025\/03\/6.-Jasmina-Markota-67.pdf\">6. Jasmina Markota (67)<\/a><a href=\"https:\/\/aem.hr\/wp-content\/uploads\/2025\/03\/6.-Jasmina-Markota-67.pdf\" class=\"wp-block-file__button wp-element-button\" download aria-describedby=\"wp-block-file--media-f23d8ed5-cad2-4884-a015-12cfae84d585\">Preuzimanje<\/a><\/div>\n\n\n\n<div class=\"wp-block-file\"><a id=\"wp-block-file--media-410a9569-a6e2-41cb-af59-66f53ac885b7\" href=\"https:\/\/aem.hr\/wp-content\/uploads\/2025\/03\/7.-Tadija-As\u030cc\u030cic\u0301-58.pdf\">7. Tadija As\u030cc\u030cic\u0301 (58)<\/a><a href=\"https:\/\/aem.hr\/wp-content\/uploads\/2025\/03\/7.-Tadija-As\u030cc\u030cic\u0301-58.pdf\" class=\"wp-block-file__button wp-element-button\" download aria-describedby=\"wp-block-file--media-410a9569-a6e2-41cb-af59-66f53ac885b7\">Preuzimanje<\/a><\/div>\n\n\n\n<div class=\"wp-block-file\"><a id=\"wp-block-file--media-8ce5fe4d-ee85-4aee-a5b7-4736944e95cc\" href=\"https:\/\/aem.hr\/wp-content\/uploads\/2025\/03\/8.-bajkerica-Sonja-Kezeric\u0301.pdf\">8. bajkerica Sonja Kezeric\u0301<\/a><a href=\"https:\/\/aem.hr\/wp-content\/uploads\/2025\/03\/8.-bajkerica-Sonja-Kezeric\u0301.pdf\" class=\"wp-block-file__button wp-element-button\" download aria-describedby=\"wp-block-file--media-8ce5fe4d-ee85-4aee-a5b7-4736944e95cc\">Preuzimanje<\/a><\/div>\n\n\n\n<div class=\"wp-block-file\"><a id=\"wp-block-file--media-fc2c5571-d19b-4f12-95cf-24114cde643e\" href=\"https:\/\/aem.hr\/wp-content\/uploads\/2025\/03\/9.-raditi-ili-mirovati-u-mirovini.pdf\">9. raditi ili mirovati u mirovini<\/a><a href=\"https:\/\/aem.hr\/wp-content\/uploads\/2025\/03\/9.-raditi-ili-mirovati-u-mirovini.pdf\" class=\"wp-block-file__button wp-element-button\" download aria-describedby=\"wp-block-file--media-fc2c5571-d19b-4f12-95cf-24114cde643e\">Preuzimanje<\/a><\/div>\n\n\n\n<div class=\"wp-block-file\"><a id=\"wp-block-file--media-233a3958-4aa0-4072-babc-ef542583e63f\" href=\"https:\/\/aem.hr\/wp-content\/uploads\/2025\/03\/10.-Jasna-Petrovic\u0301.pdf\">10. Jasna Petrovic\u0301<\/a><a href=\"https:\/\/aem.hr\/wp-content\/uploads\/2025\/03\/10.-Jasna-Petrovic\u0301.pdf\" class=\"wp-block-file__button wp-element-button\" download aria-describedby=\"wp-block-file--media-233a3958-4aa0-4072-babc-ef542583e63f\">Preuzimanje<\/a><\/div>\n","protected":false},"excerpt":{"rendered":"","protected":false},"author":18,"featured_media":0,"parent":0,"menu_order":0,"comment_status":"closed","ping_status":"closed","template":"","meta":{"_acf_changed":false,"inline_featured_image":false,"advgb_blocks_editor_width":"","advgb_blocks_columns_visual_guide":"","_links_to":"","_links_to_type":0,"footnotes":""},"class_list":["post-22388","page","type-page","status-publish","hentry"],"acf":[],"yoast_head":"<!-- This site is optimized with the Yoast SEO plugin v25.7 - https:\/\/yoast.com\/wordpress\/plugins\/seo\/ -->\n<title>Gordana Arh - Rad u mirovini - izme\u0111u \u017eelje i potrebe - Agencija za elektroni\u010dke medije<\/title>\n<meta name=\"robots\" content=\"index, follow, max-snippet:-1, max-image-preview:large, max-video-preview:-1\" \/>\n<link rel=\"canonical\" href=\"https:\/\/aem.hr\/gordana-arh-rad-u-mirovini-izmedu-zelje-i-potrebe\/\" \/>\n<meta property=\"og:locale\" content=\"en_US\" \/>\n<meta property=\"og:type\" content=\"article\" \/>\n<meta property=\"og:title\" content=\"Gordana Arh - Rad u mirovini - izme\u0111u \u017eelje i potrebe - Agencija za elektroni\u010dke medije\" \/>\n<meta property=\"og:url\" content=\"https:\/\/aem.hr\/gordana-arh-rad-u-mirovini-izmedu-zelje-i-potrebe\/\" \/>\n<meta property=\"og:site_name\" content=\"Agencija za elektroni\u010dke medije\" \/>\n<meta property=\"article:modified_time\" content=\"2025-03-26T13:30:25+00:00\" \/>\n<meta name=\"twitter:card\" content=\"summary_large_image\" \/>\n<meta name=\"twitter:label1\" content=\"Est. reading time\" \/>\n\t<meta name=\"twitter:data1\" content=\"1 minute\" \/>\n<script type=\"application\/ld+json\" class=\"yoast-schema-graph\">{\"@context\":\"https:\/\/schema.org\",\"@graph\":[{\"@type\":\"WebPage\",\"@id\":\"https:\/\/aem.hr\/gordana-arh-rad-u-mirovini-izmedu-zelje-i-potrebe\/\",\"url\":\"https:\/\/aem.hr\/gordana-arh-rad-u-mirovini-izmedu-zelje-i-potrebe\/\",\"name\":\"Gordana Arh - Rad u mirovini - izme\u0111u \u017eelje i potrebe - Agencija za elektroni\u010dke medije\",\"isPartOf\":{\"@id\":\"https:\/\/aem.hr\/#website\"},\"datePublished\":\"2025-03-26T13:30:24+00:00\",\"dateModified\":\"2025-03-26T13:30:25+00:00\",\"breadcrumb\":{\"@id\":\"https:\/\/aem.hr\/gordana-arh-rad-u-mirovini-izmedu-zelje-i-potrebe\/#breadcrumb\"},\"inLanguage\":\"en-US\",\"potentialAction\":[{\"@type\":\"ReadAction\",\"target\":[\"https:\/\/aem.hr\/gordana-arh-rad-u-mirovini-izmedu-zelje-i-potrebe\/\"]}]},{\"@type\":\"BreadcrumbList\",\"@id\":\"https:\/\/aem.hr\/gordana-arh-rad-u-mirovini-izmedu-zelje-i-potrebe\/#breadcrumb\",\"itemListElement\":[{\"@type\":\"ListItem\",\"position\":1,\"name\":\"Po\u010detna stranica\",\"item\":\"https:\/\/aem.hr\/\"},{\"@type\":\"ListItem\",\"position\":2,\"name\":\"Gordana Arh &#8211; Rad u mirovini &#8211; izme\u0111u \u017eelje i potrebe\"}]},{\"@type\":\"WebSite\",\"@id\":\"https:\/\/aem.hr\/#website\",\"url\":\"https:\/\/aem.hr\/\",\"name\":\"Agencija za elektroni\u010dke medije\",\"description\":\"\",\"potentialAction\":[{\"@type\":\"SearchAction\",\"target\":{\"@type\":\"EntryPoint\",\"urlTemplate\":\"https:\/\/aem.hr\/?s={search_term_string}\"},\"query-input\":{\"@type\":\"PropertyValueSpecification\",\"valueRequired\":true,\"valueName\":\"search_term_string\"}}],\"inLanguage\":\"en-US\"}]}<\/script>\n<!-- \/ Yoast SEO plugin. -->","yoast_head_json":{"title":"Gordana Arh - Rad u mirovini - izme\u0111u \u017eelje i potrebe - Agencija za elektroni\u010dke medije","robots":{"index":"index","follow":"follow","max-snippet":"max-snippet:-1","max-image-preview":"max-image-preview:large","max-video-preview":"max-video-preview:-1"},"canonical":"https:\/\/aem.hr\/gordana-arh-rad-u-mirovini-izmedu-zelje-i-potrebe\/","og_locale":"en_US","og_type":"article","og_title":"Gordana Arh - Rad u mirovini - izme\u0111u \u017eelje i potrebe - Agencija za elektroni\u010dke medije","og_url":"https:\/\/aem.hr\/gordana-arh-rad-u-mirovini-izmedu-zelje-i-potrebe\/","og_site_name":"Agencija za elektroni\u010dke medije","article_modified_time":"2025-03-26T13:30:25+00:00","twitter_card":"summary_large_image","twitter_misc":{"Est. reading time":"1 minute"},"schema":{"@context":"https:\/\/schema.org","@graph":[{"@type":"WebPage","@id":"https:\/\/aem.hr\/gordana-arh-rad-u-mirovini-izmedu-zelje-i-potrebe\/","url":"https:\/\/aem.hr\/gordana-arh-rad-u-mirovini-izmedu-zelje-i-potrebe\/","name":"Gordana Arh - Rad u mirovini - izme\u0111u \u017eelje i potrebe - Agencija za elektroni\u010dke medije","isPartOf":{"@id":"https:\/\/aem.hr\/#website"},"datePublished":"2025-03-26T13:30:24+00:00","dateModified":"2025-03-26T13:30:25+00:00","breadcrumb":{"@id":"https:\/\/aem.hr\/gordana-arh-rad-u-mirovini-izmedu-zelje-i-potrebe\/#breadcrumb"},"inLanguage":"en-US","potentialAction":[{"@type":"ReadAction","target":["https:\/\/aem.hr\/gordana-arh-rad-u-mirovini-izmedu-zelje-i-potrebe\/"]}]},{"@type":"BreadcrumbList","@id":"https:\/\/aem.hr\/gordana-arh-rad-u-mirovini-izmedu-zelje-i-potrebe\/#breadcrumb","itemListElement":[{"@type":"ListItem","position":1,"name":"Po\u010detna stranica","item":"https:\/\/aem.hr\/"},{"@type":"ListItem","position":2,"name":"Gordana Arh &#8211; Rad u mirovini &#8211; izme\u0111u \u017eelje i potrebe"}]},{"@type":"WebSite","@id":"https:\/\/aem.hr\/#website","url":"https:\/\/aem.hr\/","name":"Agencija za elektroni\u010dke medije","description":"","potentialAction":[{"@type":"SearchAction","target":{"@type":"EntryPoint","urlTemplate":"https:\/\/aem.hr\/?s={search_term_string}"},"query-input":{"@type":"PropertyValueSpecification","valueRequired":true,"valueName":"search_term_string"}}],"inLanguage":"en-US"}]}},"coauthors":[],"author_meta":{"author_link":"https:\/\/aem.hr\/en\/blog\/author\/mkirac\/","display_name":"Matko Kirac"},"relative_dates":{"created":"Posted 1 year ago","modified":"Updated 1 year ago"},"absolute_dates":{"created":"Posted on 26. March 2025.","modified":"Updated on 26. March 2025."},"absolute_dates_time":{"created":"Posted on 26. March 2025. 14:30","modified":"Updated on 26. March 2025. 14:30"},"featured_img_caption":"","featured_img":false,"series_order":"","_links":{"self":[{"href":"https:\/\/aem.hr\/en\/wp-json\/wp\/v2\/pages\/22388","targetHints":{"allow":["GET"]}}],"collection":[{"href":"https:\/\/aem.hr\/en\/wp-json\/wp\/v2\/pages"}],"about":[{"href":"https:\/\/aem.hr\/en\/wp-json\/wp\/v2\/types\/page"}],"author":[{"embeddable":true,"href":"https:\/\/aem.hr\/en\/wp-json\/wp\/v2\/users\/18"}],"replies":[{"embeddable":true,"href":"https:\/\/aem.hr\/en\/wp-json\/wp\/v2\/comments?post=22388"}],"version-history":[{"count":1,"href":"https:\/\/aem.hr\/en\/wp-json\/wp\/v2\/pages\/22388\/revisions"}],"predecessor-version":[{"id":22409,"href":"https:\/\/aem.hr\/en\/wp-json\/wp\/v2\/pages\/22388\/revisions\/22409"}],"wp:attachment":[{"href":"https:\/\/aem.hr\/en\/wp-json\/wp\/v2\/media?parent=22388"}],"curies":[{"name":"wp","href":"https:\/\/api.w.org\/{rel}","templated":true}]}}