{"id":22411,"date":"2025-03-26T14:34:46","date_gmt":"2025-03-26T13:34:46","guid":{"rendered":"http:\/\/aem.hr\/?page_id=22411"},"modified":"2025-03-26T14:34:47","modified_gmt":"2025-03-26T13:34:47","slug":"drazenka-franjic-osobe-s-invaliditetom-iste-zelje-i-potrebe-nas-vezu","status":"publish","type":"page","link":"https:\/\/aem.hr\/en\/drazenka-franjic-osobe-s-invaliditetom-iste-zelje-i-potrebe-nas-vezu\/","title":{"rendered":"Dra\u017eenka Franji\u0107 &#8211; &#8220;Osobe s invaliditetom &#8211; iste \u017eelje i potrebe nas ve\u017eu&#8221;"},"content":{"rendered":"\n<div class=\"wp-block-file\"><a id=\"wp-block-file--media-bb5b9867-b74b-4b8f-9105-7735f54e686b\" href=\"https:\/\/aem.hr\/wp-content\/uploads\/2025\/03\/1.-Z\u030civot-moz\u030ce-biti-lijep-i-u-tami.pdf\">1. Z\u030civot moz\u030ce biti lijep i u tami<\/a><a href=\"https:\/\/aem.hr\/wp-content\/uploads\/2025\/03\/1.-Z\u030civot-moz\u030ce-biti-lijep-i-u-tami.pdf\" class=\"wp-block-file__button wp-element-button\" download aria-describedby=\"wp-block-file--media-bb5b9867-b74b-4b8f-9105-7735f54e686b\">Preuzimanje<\/a><\/div>\n\n\n\n<div class=\"wp-block-file\"><a id=\"wp-block-file--media-ec859ab4-3f17-46de-8629-5926c33e9963\" href=\"https:\/\/aem.hr\/wp-content\/uploads\/2025\/03\/2.-Pravo-na-rad.pdf\">2. Pravo na rad<\/a><a href=\"https:\/\/aem.hr\/wp-content\/uploads\/2025\/03\/2.-Pravo-na-rad.pdf\" class=\"wp-block-file__button wp-element-button\" download aria-describedby=\"wp-block-file--media-ec859ab4-3f17-46de-8629-5926c33e9963\">Preuzimanje<\/a><\/div>\n\n\n\n<div class=\"wp-block-file\"><a id=\"wp-block-file--media-f38eb12e-7623-4a1f-956f-1c781873cda7\" href=\"https:\/\/aem.hr\/wp-content\/uploads\/2025\/03\/3.-Svijet-tis\u030cine.pdf\">3. Svijet tis\u030cine<\/a><a href=\"https:\/\/aem.hr\/wp-content\/uploads\/2025\/03\/3.-Svijet-tis\u030cine.pdf\" class=\"wp-block-file__button wp-element-button\" download aria-describedby=\"wp-block-file--media-f38eb12e-7623-4a1f-956f-1c781873cda7\">Preuzimanje<\/a><\/div>\n\n\n\n<div class=\"wp-block-file\"><a id=\"wp-block-file--media-cebc5fb0-e2d5-4a3e-89bf-42cc02dc4cda\" href=\"https:\/\/aem.hr\/wp-content\/uploads\/2025\/03\/4.-Biti-roditelj-osobe.pdf\">4. Biti roditelj osobe<\/a><a href=\"https:\/\/aem.hr\/wp-content\/uploads\/2025\/03\/4.-Biti-roditelj-osobe.pdf\" class=\"wp-block-file__button wp-element-button\" download aria-describedby=\"wp-block-file--media-cebc5fb0-e2d5-4a3e-89bf-42cc02dc4cda\">Preuzimanje<\/a><\/div>\n\n\n\n<div class=\"wp-block-file\"><a id=\"wp-block-file--media-dbee9dbe-4cf8-4796-a783-2a2c39a7b32a\" href=\"https:\/\/aem.hr\/wp-content\/uploads\/2025\/03\/5.-Unatoc\u030c-invalidnosti-z\u030cive-punim.pdf\">5. Unatoc\u030c invalidnosti z\u030cive punim<\/a><a href=\"https:\/\/aem.hr\/wp-content\/uploads\/2025\/03\/5.-Unatoc\u030c-invalidnosti-z\u030cive-punim.pdf\" class=\"wp-block-file__button wp-element-button\" download aria-describedby=\"wp-block-file--media-dbee9dbe-4cf8-4796-a783-2a2c39a7b32a\">Preuzimanje<\/a><\/div>\n\n\n\n<div class=\"wp-block-file\"><a id=\"wp-block-file--media-6889dc86-e52e-48e7-b733-311caf8a91ca\" href=\"https:\/\/aem.hr\/wp-content\/uploads\/2025\/03\/6.-Z\u030civot-prije-i-poslije-invalidskih.pdf\">6. Z\u030civot prije i poslije invalidskih<\/a><a href=\"https:\/\/aem.hr\/wp-content\/uploads\/2025\/03\/6.-Z\u030civot-prije-i-poslije-invalidskih.pdf\" class=\"wp-block-file__button wp-element-button\" download aria-describedby=\"wp-block-file--media-6889dc86-e52e-48e7-b733-311caf8a91ca\">Preuzimanje<\/a><\/div>\n\n\n\n<div class=\"wp-block-file\"><a id=\"wp-block-file--media-f8bdf0ac-9cb3-497a-8979-4bc3cce3d9d6\" href=\"https:\/\/aem.hr\/wp-content\/uploads\/2025\/03\/7.-Barijere-za-osobe-s-invaliditetom.pdf\">7. Barijere za osobe s invaliditetom<\/a><a href=\"https:\/\/aem.hr\/wp-content\/uploads\/2025\/03\/7.-Barijere-za-osobe-s-invaliditetom.pdf\" class=\"wp-block-file__button wp-element-button\" download aria-describedby=\"wp-block-file--media-f8bdf0ac-9cb3-497a-8979-4bc3cce3d9d6\">Preuzimanje<\/a><\/div>\n\n\n\n<div class=\"wp-block-file\"><a id=\"wp-block-file--media-cc901723-0290-4948-8db6-874023fb2c79\" href=\"https:\/\/aem.hr\/wp-content\/uploads\/2025\/03\/8.-Spolnost-osoba-s-invaliditetom.pdf\">8. Spolnost osoba s invaliditetom<\/a><a href=\"https:\/\/aem.hr\/wp-content\/uploads\/2025\/03\/8.-Spolnost-osoba-s-invaliditetom.pdf\" class=\"wp-block-file__button wp-element-button\" download aria-describedby=\"wp-block-file--media-cc901723-0290-4948-8db6-874023fb2c79\">Preuzimanje<\/a><\/div>\n\n\n\n<div class=\"wp-block-file\"><a id=\"wp-block-file--media-49a122a1-fc43-450d-a1cd-8302cf79abda\" href=\"https:\/\/aem.hr\/wp-content\/uploads\/2025\/03\/9.-Branitelji-u-invalidskim-kolicima.pdf\">9. Branitelji u invalidskim kolicima<\/a><a href=\"https:\/\/aem.hr\/wp-content\/uploads\/2025\/03\/9.-Branitelji-u-invalidskim-kolicima.pdf\" class=\"wp-block-file__button wp-element-button\" download aria-describedby=\"wp-block-file--media-49a122a1-fc43-450d-a1cd-8302cf79abda\">Preuzimanje<\/a><\/div>\n\n\n\n<div class=\"wp-block-file\"><a id=\"wp-block-file--media-2a5699e6-94df-4924-b093-2be8c763e540\" href=\"https:\/\/aem.hr\/wp-content\/uploads\/2025\/03\/10.-Izazovi-i-uspjesi.pdf\">10. Izazovi i uspjesi<\/a><a href=\"https:\/\/aem.hr\/wp-content\/uploads\/2025\/03\/10.-Izazovi-i-uspjesi.pdf\" class=\"wp-block-file__button wp-element-button\" download aria-describedby=\"wp-block-file--media-2a5699e6-94df-4924-b093-2be8c763e540\">Preuzimanje<\/a><\/div>\n\n\n\n<p><\/p>\n","protected":false},"excerpt":{"rendered":"","protected":false},"author":18,"featured_media":0,"parent":0,"menu_order":0,"comment_status":"closed","ping_status":"closed","template":"","meta":{"_acf_changed":false,"inline_featured_image":false,"advgb_blocks_editor_width":"","advgb_blocks_columns_visual_guide":"","_links_to":"","_links_to_type":0,"footnotes":""},"class_list":["post-22411","page","type-page","status-publish","hentry"],"acf":[],"yoast_head":"<!-- This site is optimized with the Yoast SEO plugin v25.7 - https:\/\/yoast.com\/wordpress\/plugins\/seo\/ -->\n<title>Dra\u017eenka Franji\u0107 - &quot;Osobe s invaliditetom - iste \u017eelje i potrebe nas ve\u017eu&quot; - Agencija za elektroni\u010dke medije<\/title>\n<meta name=\"robots\" content=\"index, follow, max-snippet:-1, max-image-preview:large, max-video-preview:-1\" \/>\n<link rel=\"canonical\" href=\"https:\/\/aem.hr\/drazenka-franjic-osobe-s-invaliditetom-iste-zelje-i-potrebe-nas-vezu\/\" \/>\n<meta property=\"og:locale\" content=\"en_US\" \/>\n<meta property=\"og:type\" content=\"article\" \/>\n<meta property=\"og:title\" content=\"Dra\u017eenka Franji\u0107 - &quot;Osobe s invaliditetom - iste \u017eelje i potrebe nas ve\u017eu&quot; - Agencija za elektroni\u010dke medije\" \/>\n<meta property=\"og:url\" content=\"https:\/\/aem.hr\/drazenka-franjic-osobe-s-invaliditetom-iste-zelje-i-potrebe-nas-vezu\/\" \/>\n<meta property=\"og:site_name\" content=\"Agencija za elektroni\u010dke medije\" \/>\n<meta property=\"article:modified_time\" content=\"2025-03-26T13:34:47+00:00\" \/>\n<meta name=\"twitter:card\" content=\"summary_large_image\" \/>\n<meta name=\"twitter:label1\" content=\"Est. reading time\" \/>\n\t<meta name=\"twitter:data1\" content=\"1 minute\" \/>\n<script type=\"application\/ld+json\" class=\"yoast-schema-graph\">{\"@context\":\"https:\/\/schema.org\",\"@graph\":[{\"@type\":\"WebPage\",\"@id\":\"https:\/\/aem.hr\/drazenka-franjic-osobe-s-invaliditetom-iste-zelje-i-potrebe-nas-vezu\/\",\"url\":\"https:\/\/aem.hr\/drazenka-franjic-osobe-s-invaliditetom-iste-zelje-i-potrebe-nas-vezu\/\",\"name\":\"Dra\u017eenka Franji\u0107 - \\\"Osobe s invaliditetom - iste \u017eelje i potrebe nas ve\u017eu\\\" - Agencija za elektroni\u010dke medije\",\"isPartOf\":{\"@id\":\"https:\/\/aem.hr\/#website\"},\"datePublished\":\"2025-03-26T13:34:46+00:00\",\"dateModified\":\"2025-03-26T13:34:47+00:00\",\"breadcrumb\":{\"@id\":\"https:\/\/aem.hr\/drazenka-franjic-osobe-s-invaliditetom-iste-zelje-i-potrebe-nas-vezu\/#breadcrumb\"},\"inLanguage\":\"en-US\",\"potentialAction\":[{\"@type\":\"ReadAction\",\"target\":[\"https:\/\/aem.hr\/drazenka-franjic-osobe-s-invaliditetom-iste-zelje-i-potrebe-nas-vezu\/\"]}]},{\"@type\":\"BreadcrumbList\",\"@id\":\"https:\/\/aem.hr\/drazenka-franjic-osobe-s-invaliditetom-iste-zelje-i-potrebe-nas-vezu\/#breadcrumb\",\"itemListElement\":[{\"@type\":\"ListItem\",\"position\":1,\"name\":\"Po\u010detna stranica\",\"item\":\"https:\/\/aem.hr\/\"},{\"@type\":\"ListItem\",\"position\":2,\"name\":\"Dra\u017eenka Franji\u0107 &#8211; &#8220;Osobe s invaliditetom &#8211; iste \u017eelje i potrebe nas ve\u017eu&#8221;\"}]},{\"@type\":\"WebSite\",\"@id\":\"https:\/\/aem.hr\/#website\",\"url\":\"https:\/\/aem.hr\/\",\"name\":\"Agencija za elektroni\u010dke medije\",\"description\":\"\",\"potentialAction\":[{\"@type\":\"SearchAction\",\"target\":{\"@type\":\"EntryPoint\",\"urlTemplate\":\"https:\/\/aem.hr\/?s={search_term_string}\"},\"query-input\":{\"@type\":\"PropertyValueSpecification\",\"valueRequired\":true,\"valueName\":\"search_term_string\"}}],\"inLanguage\":\"en-US\"}]}<\/script>\n<!-- \/ Yoast SEO plugin. -->","yoast_head_json":{"title":"Dra\u017eenka Franji\u0107 - \"Osobe s invaliditetom - iste \u017eelje i potrebe nas ve\u017eu\" - Agencija za elektroni\u010dke medije","robots":{"index":"index","follow":"follow","max-snippet":"max-snippet:-1","max-image-preview":"max-image-preview:large","max-video-preview":"max-video-preview:-1"},"canonical":"https:\/\/aem.hr\/drazenka-franjic-osobe-s-invaliditetom-iste-zelje-i-potrebe-nas-vezu\/","og_locale":"en_US","og_type":"article","og_title":"Dra\u017eenka Franji\u0107 - \"Osobe s invaliditetom - iste \u017eelje i potrebe nas ve\u017eu\" - Agencija za elektroni\u010dke medije","og_url":"https:\/\/aem.hr\/drazenka-franjic-osobe-s-invaliditetom-iste-zelje-i-potrebe-nas-vezu\/","og_site_name":"Agencija za elektroni\u010dke medije","article_modified_time":"2025-03-26T13:34:47+00:00","twitter_card":"summary_large_image","twitter_misc":{"Est. reading time":"1 minute"},"schema":{"@context":"https:\/\/schema.org","@graph":[{"@type":"WebPage","@id":"https:\/\/aem.hr\/drazenka-franjic-osobe-s-invaliditetom-iste-zelje-i-potrebe-nas-vezu\/","url":"https:\/\/aem.hr\/drazenka-franjic-osobe-s-invaliditetom-iste-zelje-i-potrebe-nas-vezu\/","name":"Dra\u017eenka Franji\u0107 - \"Osobe s invaliditetom - iste \u017eelje i potrebe nas ve\u017eu\" - Agencija za elektroni\u010dke medije","isPartOf":{"@id":"https:\/\/aem.hr\/#website"},"datePublished":"2025-03-26T13:34:46+00:00","dateModified":"2025-03-26T13:34:47+00:00","breadcrumb":{"@id":"https:\/\/aem.hr\/drazenka-franjic-osobe-s-invaliditetom-iste-zelje-i-potrebe-nas-vezu\/#breadcrumb"},"inLanguage":"en-US","potentialAction":[{"@type":"ReadAction","target":["https:\/\/aem.hr\/drazenka-franjic-osobe-s-invaliditetom-iste-zelje-i-potrebe-nas-vezu\/"]}]},{"@type":"BreadcrumbList","@id":"https:\/\/aem.hr\/drazenka-franjic-osobe-s-invaliditetom-iste-zelje-i-potrebe-nas-vezu\/#breadcrumb","itemListElement":[{"@type":"ListItem","position":1,"name":"Po\u010detna stranica","item":"https:\/\/aem.hr\/"},{"@type":"ListItem","position":2,"name":"Dra\u017eenka Franji\u0107 &#8211; &#8220;Osobe s invaliditetom &#8211; iste \u017eelje i potrebe nas ve\u017eu&#8221;"}]},{"@type":"WebSite","@id":"https:\/\/aem.hr\/#website","url":"https:\/\/aem.hr\/","name":"Agencija za elektroni\u010dke medije","description":"","potentialAction":[{"@type":"SearchAction","target":{"@type":"EntryPoint","urlTemplate":"https:\/\/aem.hr\/?s={search_term_string}"},"query-input":{"@type":"PropertyValueSpecification","valueRequired":true,"valueName":"search_term_string"}}],"inLanguage":"en-US"}]}},"coauthors":[],"author_meta":{"author_link":"https:\/\/aem.hr\/en\/blog\/author\/mkirac\/","display_name":"Matko Kirac"},"relative_dates":{"created":"Posted 1 year ago","modified":"Updated 1 year ago"},"absolute_dates":{"created":"Posted on 26. March 2025.","modified":"Updated on 26. March 2025."},"absolute_dates_time":{"created":"Posted on 26. March 2025. 14:34","modified":"Updated on 26. March 2025. 14:34"},"featured_img_caption":"","featured_img":false,"series_order":"","_links":{"self":[{"href":"https:\/\/aem.hr\/en\/wp-json\/wp\/v2\/pages\/22411","targetHints":{"allow":["GET"]}}],"collection":[{"href":"https:\/\/aem.hr\/en\/wp-json\/wp\/v2\/pages"}],"about":[{"href":"https:\/\/aem.hr\/en\/wp-json\/wp\/v2\/types\/page"}],"author":[{"embeddable":true,"href":"https:\/\/aem.hr\/en\/wp-json\/wp\/v2\/users\/18"}],"replies":[{"embeddable":true,"href":"https:\/\/aem.hr\/en\/wp-json\/wp\/v2\/comments?post=22411"}],"version-history":[{"count":1,"href":"https:\/\/aem.hr\/en\/wp-json\/wp\/v2\/pages\/22411\/revisions"}],"predecessor-version":[{"id":22431,"href":"https:\/\/aem.hr\/en\/wp-json\/wp\/v2\/pages\/22411\/revisions\/22431"}],"wp:attachment":[{"href":"https:\/\/aem.hr\/en\/wp-json\/wp\/v2\/media?parent=22411"}],"curies":[{"name":"wp","href":"https:\/\/api.w.org\/{rel}","templated":true}]}}