{"id":22433,"date":"2025-03-26T14:35:33","date_gmt":"2025-03-26T13:35:33","guid":{"rendered":"http:\/\/aem.hr\/?page_id=22433"},"modified":"2025-03-26T14:36:09","modified_gmt":"2025-03-26T13:36:09","slug":"ana-vragolovic-iz-proizvodnih-pogona-inkluzija-osoba-s-invaliditetom-kroz-zaposljavanje","status":"publish","type":"page","link":"https:\/\/aem.hr\/en\/ana-vragolovic-iz-proizvodnih-pogona-inkluzija-osoba-s-invaliditetom-kroz-zaposljavanje\/","title":{"rendered":"Ana Vragolovi\u0107 -Iz proizvodnih pogona &#8211; inkluzija osoba s invaliditetom kroz zapo\u0161ljavanje"},"content":{"rendered":"\n<div class=\"wp-block-file\"><a id=\"wp-block-file--media-cb389c85-2c83-480d-9126-eed8a72a9ac6\" href=\"https:\/\/aem.hr\/wp-content\/uploads\/2025\/03\/1.-Zaposljavanje-radne-snage.pdf\">1. Zapo\u0161ljavanje radne snage<\/a><a href=\"https:\/\/aem.hr\/wp-content\/uploads\/2025\/03\/1.-Zaposljavanje-radne-snage.pdf\" class=\"wp-block-file__button wp-element-button\" download aria-describedby=\"wp-block-file--media-cb389c85-2c83-480d-9126-eed8a72a9ac6\">Preuzimanje<\/a><\/div>\n\n\n\n<div class=\"wp-block-file\"><a id=\"wp-block-file--media-873b5b9e-5bb7-4f83-b9fe-e9fc5fbfbce2\" href=\"https:\/\/aem.hr\/wp-content\/uploads\/2025\/03\/2.-Inkluzija-kroz-zastitne-radionice.pdf\">2. Inkluzija kroz za\u0161titne radionice<\/a><a href=\"https:\/\/aem.hr\/wp-content\/uploads\/2025\/03\/2.-Inkluzija-kroz-zastitne-radionice.pdf\" class=\"wp-block-file__button wp-element-button\" download aria-describedby=\"wp-block-file--media-873b5b9e-5bb7-4f83-b9fe-e9fc5fbfbce2\">Preuzimanje<\/a><\/div>\n\n\n\n<div class=\"wp-block-file\"><a id=\"wp-block-file--media-a47e2c02-9e6d-4543-8ed7-c33bad2120d8\" href=\"https:\/\/aem.hr\/wp-content\/uploads\/2025\/03\/3.-Kisobrani-i-cokolade.pdf\">3. Ki\u0161obrani i \u010dokolade<\/a><a href=\"https:\/\/aem.hr\/wp-content\/uploads\/2025\/03\/3.-Kisobrani-i-cokolade.pdf\" class=\"wp-block-file__button wp-element-button\" download aria-describedby=\"wp-block-file--media-a47e2c02-9e6d-4543-8ed7-c33bad2120d8\">Preuzimanje<\/a><\/div>\n\n\n\n<div class=\"wp-block-file\"><a id=\"wp-block-file--media-2caf0583-f3e2-4038-9922-94c485446745\" href=\"https:\/\/aem.hr\/wp-content\/uploads\/2025\/03\/4.-atelier-tiskara-Macan.pdf\">4. Atelier tiskara Macan<\/a><a href=\"https:\/\/aem.hr\/wp-content\/uploads\/2025\/03\/4.-atelier-tiskara-Macan.pdf\" class=\"wp-block-file__button wp-element-button\" download aria-describedby=\"wp-block-file--media-2caf0583-f3e2-4038-9922-94c485446745\">Preuzimanje<\/a><\/div>\n\n\n\n<div class=\"wp-block-file\"><a id=\"wp-block-file--media-5aa76aa8-052b-4c63-b1eb-3928e9d89708\" href=\"https:\/\/aem.hr\/wp-content\/uploads\/2025\/03\/5.-Strikeraj-cafe.pdf\">5. \u0160trikeraj cafe<\/a><a href=\"https:\/\/aem.hr\/wp-content\/uploads\/2025\/03\/5.-Strikeraj-cafe.pdf\" class=\"wp-block-file__button wp-element-button\" download aria-describedby=\"wp-block-file--media-5aa76aa8-052b-4c63-b1eb-3928e9d89708\">Preuzimanje<\/a><\/div>\n","protected":false},"excerpt":{"rendered":"","protected":false},"author":18,"featured_media":0,"parent":0,"menu_order":0,"comment_status":"closed","ping_status":"closed","template":"","meta":{"_acf_changed":false,"inline_featured_image":false,"advgb_blocks_editor_width":"","advgb_blocks_columns_visual_guide":"","_links_to":"","_links_to_type":0,"footnotes":""},"class_list":["post-22433","page","type-page","status-publish","hentry"],"acf":[],"yoast_head":"<!-- This site is optimized with the Yoast SEO plugin v25.7 - https:\/\/yoast.com\/wordpress\/plugins\/seo\/ -->\n<title>Ana Vragolovi\u0107 -Iz proizvodnih pogona - inkluzija osoba s invaliditetom kroz zapo\u0161ljavanje - Agencija za elektroni\u010dke medije<\/title>\n<meta name=\"robots\" content=\"index, follow, max-snippet:-1, max-image-preview:large, max-video-preview:-1\" \/>\n<link rel=\"canonical\" href=\"https:\/\/aem.hr\/ana-vragolovic-iz-proizvodnih-pogona-inkluzija-osoba-s-invaliditetom-kroz-zaposljavanje\/\" \/>\n<meta property=\"og:locale\" content=\"en_US\" \/>\n<meta property=\"og:type\" content=\"article\" \/>\n<meta property=\"og:title\" content=\"Ana Vragolovi\u0107 -Iz proizvodnih pogona - inkluzija osoba s invaliditetom kroz zapo\u0161ljavanje - Agencija za elektroni\u010dke medije\" \/>\n<meta property=\"og:url\" content=\"https:\/\/aem.hr\/ana-vragolovic-iz-proizvodnih-pogona-inkluzija-osoba-s-invaliditetom-kroz-zaposljavanje\/\" \/>\n<meta property=\"og:site_name\" content=\"Agencija za elektroni\u010dke medije\" \/>\n<meta property=\"article:modified_time\" content=\"2025-03-26T13:36:09+00:00\" \/>\n<meta name=\"twitter:card\" content=\"summary_large_image\" \/>\n<meta name=\"twitter:label1\" content=\"Est. reading time\" \/>\n\t<meta name=\"twitter:data1\" content=\"1 minute\" \/>\n<script type=\"application\/ld+json\" class=\"yoast-schema-graph\">{\"@context\":\"https:\/\/schema.org\",\"@graph\":[{\"@type\":\"WebPage\",\"@id\":\"https:\/\/aem.hr\/ana-vragolovic-iz-proizvodnih-pogona-inkluzija-osoba-s-invaliditetom-kroz-zaposljavanje\/\",\"url\":\"https:\/\/aem.hr\/ana-vragolovic-iz-proizvodnih-pogona-inkluzija-osoba-s-invaliditetom-kroz-zaposljavanje\/\",\"name\":\"Ana Vragolovi\u0107 -Iz proizvodnih pogona - inkluzija osoba s invaliditetom kroz zapo\u0161ljavanje - Agencija za elektroni\u010dke medije\",\"isPartOf\":{\"@id\":\"https:\/\/aem.hr\/#website\"},\"datePublished\":\"2025-03-26T13:35:33+00:00\",\"dateModified\":\"2025-03-26T13:36:09+00:00\",\"breadcrumb\":{\"@id\":\"https:\/\/aem.hr\/ana-vragolovic-iz-proizvodnih-pogona-inkluzija-osoba-s-invaliditetom-kroz-zaposljavanje\/#breadcrumb\"},\"inLanguage\":\"en-US\",\"potentialAction\":[{\"@type\":\"ReadAction\",\"target\":[\"https:\/\/aem.hr\/ana-vragolovic-iz-proizvodnih-pogona-inkluzija-osoba-s-invaliditetom-kroz-zaposljavanje\/\"]}]},{\"@type\":\"BreadcrumbList\",\"@id\":\"https:\/\/aem.hr\/ana-vragolovic-iz-proizvodnih-pogona-inkluzija-osoba-s-invaliditetom-kroz-zaposljavanje\/#breadcrumb\",\"itemListElement\":[{\"@type\":\"ListItem\",\"position\":1,\"name\":\"Po\u010detna stranica\",\"item\":\"https:\/\/aem.hr\/\"},{\"@type\":\"ListItem\",\"position\":2,\"name\":\"Ana Vragolovi\u0107 -Iz proizvodnih pogona &#8211; inkluzija osoba s invaliditetom kroz zapo\u0161ljavanje\"}]},{\"@type\":\"WebSite\",\"@id\":\"https:\/\/aem.hr\/#website\",\"url\":\"https:\/\/aem.hr\/\",\"name\":\"Agencija za elektroni\u010dke medije\",\"description\":\"\",\"potentialAction\":[{\"@type\":\"SearchAction\",\"target\":{\"@type\":\"EntryPoint\",\"urlTemplate\":\"https:\/\/aem.hr\/?s={search_term_string}\"},\"query-input\":{\"@type\":\"PropertyValueSpecification\",\"valueRequired\":true,\"valueName\":\"search_term_string\"}}],\"inLanguage\":\"en-US\"}]}<\/script>\n<!-- \/ Yoast SEO plugin. -->","yoast_head_json":{"title":"Ana Vragolovi\u0107 -Iz proizvodnih pogona - inkluzija osoba s invaliditetom kroz zapo\u0161ljavanje - Agencija za elektroni\u010dke medije","robots":{"index":"index","follow":"follow","max-snippet":"max-snippet:-1","max-image-preview":"max-image-preview:large","max-video-preview":"max-video-preview:-1"},"canonical":"https:\/\/aem.hr\/ana-vragolovic-iz-proizvodnih-pogona-inkluzija-osoba-s-invaliditetom-kroz-zaposljavanje\/","og_locale":"en_US","og_type":"article","og_title":"Ana Vragolovi\u0107 -Iz proizvodnih pogona - inkluzija osoba s invaliditetom kroz zapo\u0161ljavanje - Agencija za elektroni\u010dke medije","og_url":"https:\/\/aem.hr\/ana-vragolovic-iz-proizvodnih-pogona-inkluzija-osoba-s-invaliditetom-kroz-zaposljavanje\/","og_site_name":"Agencija za elektroni\u010dke medije","article_modified_time":"2025-03-26T13:36:09+00:00","twitter_card":"summary_large_image","twitter_misc":{"Est. reading time":"1 minute"},"schema":{"@context":"https:\/\/schema.org","@graph":[{"@type":"WebPage","@id":"https:\/\/aem.hr\/ana-vragolovic-iz-proizvodnih-pogona-inkluzija-osoba-s-invaliditetom-kroz-zaposljavanje\/","url":"https:\/\/aem.hr\/ana-vragolovic-iz-proizvodnih-pogona-inkluzija-osoba-s-invaliditetom-kroz-zaposljavanje\/","name":"Ana Vragolovi\u0107 -Iz proizvodnih pogona - inkluzija osoba s invaliditetom kroz zapo\u0161ljavanje - Agencija za elektroni\u010dke medije","isPartOf":{"@id":"https:\/\/aem.hr\/#website"},"datePublished":"2025-03-26T13:35:33+00:00","dateModified":"2025-03-26T13:36:09+00:00","breadcrumb":{"@id":"https:\/\/aem.hr\/ana-vragolovic-iz-proizvodnih-pogona-inkluzija-osoba-s-invaliditetom-kroz-zaposljavanje\/#breadcrumb"},"inLanguage":"en-US","potentialAction":[{"@type":"ReadAction","target":["https:\/\/aem.hr\/ana-vragolovic-iz-proizvodnih-pogona-inkluzija-osoba-s-invaliditetom-kroz-zaposljavanje\/"]}]},{"@type":"BreadcrumbList","@id":"https:\/\/aem.hr\/ana-vragolovic-iz-proizvodnih-pogona-inkluzija-osoba-s-invaliditetom-kroz-zaposljavanje\/#breadcrumb","itemListElement":[{"@type":"ListItem","position":1,"name":"Po\u010detna stranica","item":"https:\/\/aem.hr\/"},{"@type":"ListItem","position":2,"name":"Ana Vragolovi\u0107 -Iz proizvodnih pogona &#8211; inkluzija osoba s invaliditetom kroz zapo\u0161ljavanje"}]},{"@type":"WebSite","@id":"https:\/\/aem.hr\/#website","url":"https:\/\/aem.hr\/","name":"Agencija za elektroni\u010dke medije","description":"","potentialAction":[{"@type":"SearchAction","target":{"@type":"EntryPoint","urlTemplate":"https:\/\/aem.hr\/?s={search_term_string}"},"query-input":{"@type":"PropertyValueSpecification","valueRequired":true,"valueName":"search_term_string"}}],"inLanguage":"en-US"}]}},"coauthors":[],"author_meta":{"author_link":"https:\/\/aem.hr\/en\/blog\/author\/mkirac\/","display_name":"Matko Kirac"},"relative_dates":{"created":"Posted 1 year ago","modified":"Updated 1 year ago"},"absolute_dates":{"created":"Posted on 26. March 2025.","modified":"Updated on 26. March 2025."},"absolute_dates_time":{"created":"Posted on 26. March 2025. 14:35","modified":"Updated on 26. March 2025. 14:36"},"featured_img_caption":"","featured_img":false,"series_order":"","_links":{"self":[{"href":"https:\/\/aem.hr\/en\/wp-json\/wp\/v2\/pages\/22433","targetHints":{"allow":["GET"]}}],"collection":[{"href":"https:\/\/aem.hr\/en\/wp-json\/wp\/v2\/pages"}],"about":[{"href":"https:\/\/aem.hr\/en\/wp-json\/wp\/v2\/types\/page"}],"author":[{"embeddable":true,"href":"https:\/\/aem.hr\/en\/wp-json\/wp\/v2\/users\/18"}],"replies":[{"embeddable":true,"href":"https:\/\/aem.hr\/en\/wp-json\/wp\/v2\/comments?post=22433"}],"version-history":[{"count":2,"href":"https:\/\/aem.hr\/en\/wp-json\/wp\/v2\/pages\/22433\/revisions"}],"predecessor-version":[{"id":22445,"href":"https:\/\/aem.hr\/en\/wp-json\/wp\/v2\/pages\/22433\/revisions\/22445"}],"wp:attachment":[{"href":"https:\/\/aem.hr\/en\/wp-json\/wp\/v2\/media?parent=22433"}],"curies":[{"name":"wp","href":"https:\/\/api.w.org\/{rel}","templated":true}]}}