{"id":22446,"date":"2025-03-26T14:36:56","date_gmt":"2025-03-26T13:36:56","guid":{"rendered":"http:\/\/aem.hr\/?page_id=22446"},"modified":"2025-03-26T14:37:19","modified_gmt":"2025-03-26T13:37:19","slug":"slavko-nedic-hrvatski-mjuzikli-neispricana-prica","status":"publish","type":"page","link":"https:\/\/aem.hr\/en\/slavko-nedic-hrvatski-mjuzikli-neispricana-prica\/","title":{"rendered":"Slavko Nedi\u0107 &#8211; Hrvatski mjuzikli, neispri\u010dana pri\u010da"},"content":{"rendered":"\n<div class=\"wp-block-file\"><a id=\"wp-block-file--media-0879ee91-5f3a-478b-b11c-beeec854b934\" href=\"https:\/\/aem.hr\/wp-content\/uploads\/2025\/03\/1.-Opereta-kao-uvertira-u-eru-mjuzikla.pdf\">1. Opereta kao uvertira u eru mjuzikla<\/a><a href=\"https:\/\/aem.hr\/wp-content\/uploads\/2025\/03\/1.-Opereta-kao-uvertira-u-eru-mjuzikla.pdf\" class=\"wp-block-file__button wp-element-button\" download aria-describedby=\"wp-block-file--media-0879ee91-5f3a-478b-b11c-beeec854b934\">Preuzimanje<\/a><\/div>\n\n\n\n<div class=\"wp-block-file\"><a id=\"wp-block-file--media-eb01062d-77d5-4a65-99c9-9a9d62ecb834\" href=\"https:\/\/aem.hr\/wp-content\/uploads\/2025\/03\/2.-Alfi-Kabiljo-neokrunjeni-kralj-hrvatskog-mjuzikla.pdf\">2. Alfi Kabiljo, neokrunjeni kralj hrvatskog mjuzikla<\/a><a href=\"https:\/\/aem.hr\/wp-content\/uploads\/2025\/03\/2.-Alfi-Kabiljo-neokrunjeni-kralj-hrvatskog-mjuzikla.pdf\" class=\"wp-block-file__button wp-element-button\" download aria-describedby=\"wp-block-file--media-eb01062d-77d5-4a65-99c9-9a9d62ecb834\">Preuzimanje<\/a><\/div>\n\n\n\n<div class=\"wp-block-file\"><a id=\"wp-block-file--media-2eb23a1a-b140-4039-95de-b9fa638c113f\" href=\"https:\/\/aem.hr\/wp-content\/uploads\/2025\/03\/3.-Vlado-Stefancic-brizni-otac-hrvatskog-mjuzikla.pdf\">3. Vlado \u0160tefan\u010di\u0107, bri\u017eni otac hrvatskog mjuzikla<\/a><a href=\"https:\/\/aem.hr\/wp-content\/uploads\/2025\/03\/3.-Vlado-Stefancic-brizni-otac-hrvatskog-mjuzikla.pdf\" class=\"wp-block-file__button wp-element-button\" download aria-describedby=\"wp-block-file--media-2eb23a1a-b140-4039-95de-b9fa638c113f\">Preuzimanje<\/a><\/div>\n\n\n\n<div class=\"wp-block-file\"><a id=\"wp-block-file--media-a2889bfb-1e30-4b7d-9264-578dfea9f6f0\" href=\"https:\/\/aem.hr\/wp-content\/uploads\/2025\/03\/4.-Delo-Jusic-Glazbena-razigranost-pretocena-u-sjajne-partiture.pdf\">4. \u0110elo Jusi\u0107, Glazbena razigranost preto\u010dena u sjajne partiture<\/a><a href=\"https:\/\/aem.hr\/wp-content\/uploads\/2025\/03\/4.-Delo-Jusic-Glazbena-razigranost-pretocena-u-sjajne-partiture.pdf\" class=\"wp-block-file__button wp-element-button\" download aria-describedby=\"wp-block-file--media-a2889bfb-1e30-4b7d-9264-578dfea9f6f0\">Preuzimanje<\/a><\/div>\n\n\n\n<div class=\"wp-block-file\"><a id=\"wp-block-file--media-b24880ea-9da4-44c2-adb4-6190e38cf834\" href=\"https:\/\/aem.hr\/wp-content\/uploads\/2025\/03\/5.-Veliki-hrvatski-librtetisti.pdf\">5. Veliki hrvatski librtetisti<\/a><a href=\"https:\/\/aem.hr\/wp-content\/uploads\/2025\/03\/5.-Veliki-hrvatski-librtetisti.pdf\" class=\"wp-block-file__button wp-element-button\" download aria-describedby=\"wp-block-file--media-b24880ea-9da4-44c2-adb4-6190e38cf834\">Preuzimanje<\/a><\/div>\n\n\n\n<div class=\"wp-block-file\"><a id=\"wp-block-file--media-69d74551-ebbb-4158-bbc3-00840d85861e\" href=\"https:\/\/aem.hr\/wp-content\/uploads\/2025\/03\/6.-Samozatajni-velikani-zlatnog-doba-mjuzikla.pdf\">6. Samozatajni velikani zlatnog doba mjuzikla<\/a><a href=\"https:\/\/aem.hr\/wp-content\/uploads\/2025\/03\/6.-Samozatajni-velikani-zlatnog-doba-mjuzikla.pdf\" class=\"wp-block-file__button wp-element-button\" download aria-describedby=\"wp-block-file--media-69d74551-ebbb-4158-bbc3-00840d85861e\">Preuzimanje<\/a><\/div>\n\n\n\n<div class=\"wp-block-file\"><a id=\"wp-block-file--media-4fa5b1a4-3220-4bb1-889b-92530ff686b8\" href=\"https:\/\/aem.hr\/wp-content\/uploads\/2025\/03\/7.-Broadway-na-hrvatski-nacin-1-dio.pdf\">7. Broadway na hrvatski na\u010din 1 dio<\/a><a href=\"https:\/\/aem.hr\/wp-content\/uploads\/2025\/03\/7.-Broadway-na-hrvatski-nacin-1-dio.pdf\" class=\"wp-block-file__button wp-element-button\" download aria-describedby=\"wp-block-file--media-4fa5b1a4-3220-4bb1-889b-92530ff686b8\">Preuzimanje<\/a><\/div>\n\n\n\n<div class=\"wp-block-file\"><a id=\"wp-block-file--media-7dfc3899-6b48-4d04-b578-a8b21c5fa095\" href=\"https:\/\/aem.hr\/wp-content\/uploads\/2025\/03\/8.-Broadway-na-hrvatski-nacin-2-dio.pdf\">8.  Broadway na hrvatski na\u010din 2 dio<\/a><a href=\"https:\/\/aem.hr\/wp-content\/uploads\/2025\/03\/8.-Broadway-na-hrvatski-nacin-2-dio.pdf\" class=\"wp-block-file__button wp-element-button\" download aria-describedby=\"wp-block-file--media-7dfc3899-6b48-4d04-b578-a8b21c5fa095\">Preuzimanje<\/a><\/div>\n\n\n\n<div class=\"wp-block-file\"><a id=\"wp-block-file--media-86b666cd-6d82-4ed1-b65b-1a41b5577fe4\" href=\"https:\/\/aem.hr\/wp-content\/uploads\/2025\/03\/9.-Mjuzikli-autora-popularne-glazbe-VAN-ROKA.pdf\">9. Mjuzikli autora popularne glazbe &#8211; VAN ROKA<\/a><a href=\"https:\/\/aem.hr\/wp-content\/uploads\/2025\/03\/9.-Mjuzikli-autora-popularne-glazbe-VAN-ROKA.pdf\" class=\"wp-block-file__button wp-element-button\" download aria-describedby=\"wp-block-file--media-86b666cd-6d82-4ed1-b65b-1a41b5577fe4\">Preuzimanje<\/a><\/div>\n\n\n\n<div class=\"wp-block-file\"><a id=\"wp-block-file--media-8a6a6415-6830-4763-a6bc-c9e6d36c06df\" href=\"https:\/\/aem.hr\/wp-content\/uploads\/2025\/03\/10.-Mali-mjuzikli-s-velikim-srcem-VAN-ROKA.pdf\">10. Mali mjuzikli s velikim srcem &#8211; VAN ROKA<\/a><a href=\"https:\/\/aem.hr\/wp-content\/uploads\/2025\/03\/10.-Mali-mjuzikli-s-velikim-srcem-VAN-ROKA.pdf\" class=\"wp-block-file__button wp-element-button\" download aria-describedby=\"wp-block-file--media-8a6a6415-6830-4763-a6bc-c9e6d36c06df\">Preuzimanje<\/a><\/div>\n\n\n\n<p><\/p>\n","protected":false},"excerpt":{"rendered":"","protected":false},"author":18,"featured_media":0,"parent":0,"menu_order":0,"comment_status":"closed","ping_status":"closed","template":"","meta":{"_acf_changed":false,"inline_featured_image":false,"advgb_blocks_editor_width":"","advgb_blocks_columns_visual_guide":"","_links_to":"","_links_to_type":0,"footnotes":""},"class_list":["post-22446","page","type-page","status-publish","hentry"],"acf":[],"yoast_head":"<!-- This site is optimized with the Yoast SEO plugin v25.7 - https:\/\/yoast.com\/wordpress\/plugins\/seo\/ -->\n<title>Slavko Nedi\u0107 - Hrvatski mjuzikli, neispri\u010dana pri\u010da - Agencija za elektroni\u010dke medije<\/title>\n<meta name=\"robots\" content=\"index, follow, max-snippet:-1, max-image-preview:large, max-video-preview:-1\" \/>\n<link rel=\"canonical\" href=\"https:\/\/aem.hr\/slavko-nedic-hrvatski-mjuzikli-neispricana-prica\/\" \/>\n<meta property=\"og:locale\" content=\"en_US\" \/>\n<meta property=\"og:type\" content=\"article\" \/>\n<meta property=\"og:title\" content=\"Slavko Nedi\u0107 - Hrvatski mjuzikli, neispri\u010dana pri\u010da - Agencija za elektroni\u010dke medije\" \/>\n<meta property=\"og:url\" content=\"https:\/\/aem.hr\/slavko-nedic-hrvatski-mjuzikli-neispricana-prica\/\" \/>\n<meta property=\"og:site_name\" content=\"Agencija za elektroni\u010dke medije\" \/>\n<meta property=\"article:modified_time\" content=\"2025-03-26T13:37:19+00:00\" \/>\n<meta name=\"twitter:card\" content=\"summary_large_image\" \/>\n<meta name=\"twitter:label1\" content=\"Est. reading time\" \/>\n\t<meta name=\"twitter:data1\" content=\"1 minute\" \/>\n<script type=\"application\/ld+json\" class=\"yoast-schema-graph\">{\"@context\":\"https:\/\/schema.org\",\"@graph\":[{\"@type\":\"WebPage\",\"@id\":\"https:\/\/aem.hr\/slavko-nedic-hrvatski-mjuzikli-neispricana-prica\/\",\"url\":\"https:\/\/aem.hr\/slavko-nedic-hrvatski-mjuzikli-neispricana-prica\/\",\"name\":\"Slavko Nedi\u0107 - Hrvatski mjuzikli, neispri\u010dana pri\u010da - Agencija za elektroni\u010dke medije\",\"isPartOf\":{\"@id\":\"https:\/\/aem.hr\/#website\"},\"datePublished\":\"2025-03-26T13:36:56+00:00\",\"dateModified\":\"2025-03-26T13:37:19+00:00\",\"breadcrumb\":{\"@id\":\"https:\/\/aem.hr\/slavko-nedic-hrvatski-mjuzikli-neispricana-prica\/#breadcrumb\"},\"inLanguage\":\"en-US\",\"potentialAction\":[{\"@type\":\"ReadAction\",\"target\":[\"https:\/\/aem.hr\/slavko-nedic-hrvatski-mjuzikli-neispricana-prica\/\"]}]},{\"@type\":\"BreadcrumbList\",\"@id\":\"https:\/\/aem.hr\/slavko-nedic-hrvatski-mjuzikli-neispricana-prica\/#breadcrumb\",\"itemListElement\":[{\"@type\":\"ListItem\",\"position\":1,\"name\":\"Po\u010detna stranica\",\"item\":\"https:\/\/aem.hr\/\"},{\"@type\":\"ListItem\",\"position\":2,\"name\":\"Slavko Nedi\u0107 &#8211; Hrvatski mjuzikli, neispri\u010dana pri\u010da\"}]},{\"@type\":\"WebSite\",\"@id\":\"https:\/\/aem.hr\/#website\",\"url\":\"https:\/\/aem.hr\/\",\"name\":\"Agencija za elektroni\u010dke medije\",\"description\":\"\",\"potentialAction\":[{\"@type\":\"SearchAction\",\"target\":{\"@type\":\"EntryPoint\",\"urlTemplate\":\"https:\/\/aem.hr\/?s={search_term_string}\"},\"query-input\":{\"@type\":\"PropertyValueSpecification\",\"valueRequired\":true,\"valueName\":\"search_term_string\"}}],\"inLanguage\":\"en-US\"}]}<\/script>\n<!-- \/ Yoast SEO plugin. -->","yoast_head_json":{"title":"Slavko Nedi\u0107 - Hrvatski mjuzikli, neispri\u010dana pri\u010da - Agencija za elektroni\u010dke medije","robots":{"index":"index","follow":"follow","max-snippet":"max-snippet:-1","max-image-preview":"max-image-preview:large","max-video-preview":"max-video-preview:-1"},"canonical":"https:\/\/aem.hr\/slavko-nedic-hrvatski-mjuzikli-neispricana-prica\/","og_locale":"en_US","og_type":"article","og_title":"Slavko Nedi\u0107 - Hrvatski mjuzikli, neispri\u010dana pri\u010da - Agencija za elektroni\u010dke medije","og_url":"https:\/\/aem.hr\/slavko-nedic-hrvatski-mjuzikli-neispricana-prica\/","og_site_name":"Agencija za elektroni\u010dke medije","article_modified_time":"2025-03-26T13:37:19+00:00","twitter_card":"summary_large_image","twitter_misc":{"Est. reading time":"1 minute"},"schema":{"@context":"https:\/\/schema.org","@graph":[{"@type":"WebPage","@id":"https:\/\/aem.hr\/slavko-nedic-hrvatski-mjuzikli-neispricana-prica\/","url":"https:\/\/aem.hr\/slavko-nedic-hrvatski-mjuzikli-neispricana-prica\/","name":"Slavko Nedi\u0107 - Hrvatski mjuzikli, neispri\u010dana pri\u010da - Agencija za elektroni\u010dke medije","isPartOf":{"@id":"https:\/\/aem.hr\/#website"},"datePublished":"2025-03-26T13:36:56+00:00","dateModified":"2025-03-26T13:37:19+00:00","breadcrumb":{"@id":"https:\/\/aem.hr\/slavko-nedic-hrvatski-mjuzikli-neispricana-prica\/#breadcrumb"},"inLanguage":"en-US","potentialAction":[{"@type":"ReadAction","target":["https:\/\/aem.hr\/slavko-nedic-hrvatski-mjuzikli-neispricana-prica\/"]}]},{"@type":"BreadcrumbList","@id":"https:\/\/aem.hr\/slavko-nedic-hrvatski-mjuzikli-neispricana-prica\/#breadcrumb","itemListElement":[{"@type":"ListItem","position":1,"name":"Po\u010detna stranica","item":"https:\/\/aem.hr\/"},{"@type":"ListItem","position":2,"name":"Slavko Nedi\u0107 &#8211; Hrvatski mjuzikli, neispri\u010dana pri\u010da"}]},{"@type":"WebSite","@id":"https:\/\/aem.hr\/#website","url":"https:\/\/aem.hr\/","name":"Agencija za elektroni\u010dke medije","description":"","potentialAction":[{"@type":"SearchAction","target":{"@type":"EntryPoint","urlTemplate":"https:\/\/aem.hr\/?s={search_term_string}"},"query-input":{"@type":"PropertyValueSpecification","valueRequired":true,"valueName":"search_term_string"}}],"inLanguage":"en-US"}]}},"coauthors":[],"author_meta":{"author_link":"https:\/\/aem.hr\/en\/blog\/author\/mkirac\/","display_name":"Matko Kirac"},"relative_dates":{"created":"Posted 1 year ago","modified":"Updated 1 year ago"},"absolute_dates":{"created":"Posted on 26. March 2025.","modified":"Updated on 26. March 2025."},"absolute_dates_time":{"created":"Posted on 26. March 2025. 14:36","modified":"Updated on 26. March 2025. 14:37"},"featured_img_caption":"","featured_img":false,"series_order":"","_links":{"self":[{"href":"https:\/\/aem.hr\/en\/wp-json\/wp\/v2\/pages\/22446","targetHints":{"allow":["GET"]}}],"collection":[{"href":"https:\/\/aem.hr\/en\/wp-json\/wp\/v2\/pages"}],"about":[{"href":"https:\/\/aem.hr\/en\/wp-json\/wp\/v2\/types\/page"}],"author":[{"embeddable":true,"href":"https:\/\/aem.hr\/en\/wp-json\/wp\/v2\/users\/18"}],"replies":[{"embeddable":true,"href":"https:\/\/aem.hr\/en\/wp-json\/wp\/v2\/comments?post=22446"}],"version-history":[{"count":2,"href":"https:\/\/aem.hr\/en\/wp-json\/wp\/v2\/pages\/22446\/revisions"}],"predecessor-version":[{"id":22468,"href":"https:\/\/aem.hr\/en\/wp-json\/wp\/v2\/pages\/22446\/revisions\/22468"}],"wp:attachment":[{"href":"https:\/\/aem.hr\/en\/wp-json\/wp\/v2\/media?parent=22446"}],"curies":[{"name":"wp","href":"https:\/\/api.w.org\/{rel}","templated":true}]}}