{"id":22469,"date":"2025-03-26T14:38:01","date_gmt":"2025-03-26T13:38:01","guid":{"rendered":"http:\/\/aem.hr\/?page_id=22469"},"modified":"2025-03-26T14:38:03","modified_gmt":"2025-03-26T13:38:03","slug":"marko-presecki-obrana-od-tuce-rakete-zasijavanje-ili-osiguranje","status":"publish","type":"page","link":"https:\/\/aem.hr\/en\/marko-presecki-obrana-od-tuce-rakete-zasijavanje-ili-osiguranje\/","title":{"rendered":"Marko Prese\u010dki &#8211; Obrana od tu\u010de &#8211; rakete, zasijavanje ili osiguranje?"},"content":{"rendered":"\n<div class=\"wp-block-file\"><a id=\"wp-block-file--media-db1cac17-23f3-4535-8682-fe33ece8fec0\" href=\"https:\/\/aem.hr\/wp-content\/uploads\/2025\/03\/1.-Nemamo-ljudi-radio-veze-su-nikakve.pdf\">1. \u201cNemamo ljudi, radio-veze su nikakve<\/a><a href=\"https:\/\/aem.hr\/wp-content\/uploads\/2025\/03\/1.-Nemamo-ljudi-radio-veze-su-nikakve.pdf\" class=\"wp-block-file__button wp-element-button\" download aria-describedby=\"wp-block-file--media-db1cac17-23f3-4535-8682-fe33ece8fec0\">Preuzimanje<\/a><\/div>\n\n\n\n<div class=\"wp-block-file\"><a id=\"wp-block-file--media-96268d11-49f9-406c-8b95-f3b96d045817\" href=\"https:\/\/aem.hr\/wp-content\/uploads\/2025\/03\/2.-U-50-godina-nismo-imali-nijednu-katastrofalnu.pdf\">2. \u201cU 50 godina nismo imali nijednu katastrofalnu<\/a><a href=\"https:\/\/aem.hr\/wp-content\/uploads\/2025\/03\/2.-U-50-godina-nismo-imali-nijednu-katastrofalnu.pdf\" class=\"wp-block-file__button wp-element-button\" download aria-describedby=\"wp-block-file--media-96268d11-49f9-406c-8b95-f3b96d045817\">Preuzimanje<\/a><\/div>\n\n\n\n<div class=\"wp-block-file\"><a id=\"wp-block-file--media-c07f12db-8d0c-4c4c-ad98-7f1aaa1467bf\" href=\"https:\/\/aem.hr\/wp-content\/uploads\/2025\/03\/3.-Procjene-govore-da-stete-uzrokovane-susom.pdf\">3. Procjene govore da \u0161tete uzrokovane su\u0161om<\/a><a href=\"https:\/\/aem.hr\/wp-content\/uploads\/2025\/03\/3.-Procjene-govore-da-stete-uzrokovane-susom.pdf\" class=\"wp-block-file__button wp-element-button\" download aria-describedby=\"wp-block-file--media-c07f12db-8d0c-4c4c-ad98-7f1aaa1467bf\">Preuzimanje<\/a><\/div>\n\n\n\n<div class=\"wp-block-file\"><a id=\"wp-block-file--media-d1e9b46a-5c23-4706-a339-e251fc9481ee\" href=\"https:\/\/aem.hr\/wp-content\/uploads\/2025\/03\/4.-OBRANA-OD-TUCE-U-ZAGORJU-Evo-koji-su-izazovi.pdf\">4. OBRANA OD TU\u010cE U ZAGORJU Evo koji su izazovi<\/a><a href=\"https:\/\/aem.hr\/wp-content\/uploads\/2025\/03\/4.-OBRANA-OD-TUCE-U-ZAGORJU-Evo-koji-su-izazovi.pdf\" class=\"wp-block-file__button wp-element-button\" download aria-describedby=\"wp-block-file--media-d1e9b46a-5c23-4706-a339-e251fc9481ee\">Preuzimanje<\/a><\/div>\n\n\n\n<div class=\"wp-block-file\"><a id=\"wp-block-file--media-b8770c62-346c-4caf-82a5-47a3188ba614\" href=\"https:\/\/aem.hr\/wp-content\/uploads\/2025\/03\/5.-Je-li-obrana-od-tuce-potrebna-prvenstveno-poljoprivredi.pdf\">5. Je li obrana od tu\u010de potrebna prvenstveno poljoprivredi<\/a><a href=\"https:\/\/aem.hr\/wp-content\/uploads\/2025\/03\/5.-Je-li-obrana-od-tuce-potrebna-prvenstveno-poljoprivredi.pdf\" class=\"wp-block-file__button wp-element-button\" download aria-describedby=\"wp-block-file--media-b8770c62-346c-4caf-82a5-47a3188ba614\">Preuzimanje<\/a><\/div>\n\n\n\n<div class=\"wp-block-file\"><a id=\"wp-block-file--media-c528d971-17a2-4593-99b0-d90186a95f7e\" href=\"https:\/\/aem.hr\/wp-content\/uploads\/2025\/03\/6.-Obrana-od-tuce-u-konkretnijem-obliku-ne-postoji.pdf\">6. \u201cObrana od tu\u010de u konkretnijem obliku ne postoji<\/a><a href=\"https:\/\/aem.hr\/wp-content\/uploads\/2025\/03\/6.-Obrana-od-tuce-u-konkretnijem-obliku-ne-postoji.pdf\" class=\"wp-block-file__button wp-element-button\" download aria-describedby=\"wp-block-file--media-c528d971-17a2-4593-99b0-d90186a95f7e\">Preuzimanje<\/a><\/div>\n\n\n\n<div class=\"wp-block-file\"><a id=\"wp-block-file--media-83de3be2-cf41-403c-9a05-baa347e9f111\" href=\"https:\/\/aem.hr\/wp-content\/uploads\/2025\/03\/7.-Postojao-je-strah-od-nastavka-proizvodnje.pdf\">7. \u201cPostojao je strah od nastavka proizvodnje<\/a><a href=\"https:\/\/aem.hr\/wp-content\/uploads\/2025\/03\/7.-Postojao-je-strah-od-nastavka-proizvodnje.pdf\" class=\"wp-block-file__button wp-element-button\" download aria-describedby=\"wp-block-file--media-83de3be2-cf41-403c-9a05-baa347e9f111\">Preuzimanje<\/a><\/div>\n\n\n\n<div class=\"wp-block-file\"><a id=\"wp-block-file--media-fbe961a6-5d3e-44b7-a26f-360f38531342\" href=\"https:\/\/aem.hr\/wp-content\/uploads\/2025\/03\/8.-OBLAK-NEPOGODE-Zasto-se-poljoprivrednici-bore.pdf\">8. OBLAK NEPOGODE Za\u0161to se poljoprivrednici bore<\/a><a href=\"https:\/\/aem.hr\/wp-content\/uploads\/2025\/03\/8.-OBLAK-NEPOGODE-Zasto-se-poljoprivrednici-bore.pdf\" class=\"wp-block-file__button wp-element-button\" download aria-describedby=\"wp-block-file--media-fbe961a6-5d3e-44b7-a26f-360f38531342\">Preuzimanje<\/a><\/div>\n","protected":false},"excerpt":{"rendered":"","protected":false},"author":18,"featured_media":0,"parent":0,"menu_order":0,"comment_status":"closed","ping_status":"closed","template":"","meta":{"_acf_changed":false,"inline_featured_image":false,"advgb_blocks_editor_width":"","advgb_blocks_columns_visual_guide":"","_links_to":"","_links_to_type":0,"footnotes":""},"class_list":["post-22469","page","type-page","status-publish","hentry"],"acf":[],"yoast_head":"<!-- This site is optimized with the Yoast SEO plugin v25.7 - https:\/\/yoast.com\/wordpress\/plugins\/seo\/ -->\n<title>Marko Prese\u010dki - Obrana od tu\u010de - rakete, zasijavanje ili osiguranje? - Agencija za elektroni\u010dke medije<\/title>\n<meta name=\"robots\" content=\"index, follow, max-snippet:-1, max-image-preview:large, max-video-preview:-1\" \/>\n<link rel=\"canonical\" href=\"https:\/\/aem.hr\/marko-presecki-obrana-od-tuce-rakete-zasijavanje-ili-osiguranje\/\" \/>\n<meta property=\"og:locale\" content=\"en_US\" \/>\n<meta property=\"og:type\" content=\"article\" \/>\n<meta property=\"og:title\" content=\"Marko Prese\u010dki - Obrana od tu\u010de - rakete, zasijavanje ili osiguranje? - Agencija za elektroni\u010dke medije\" \/>\n<meta property=\"og:url\" content=\"https:\/\/aem.hr\/marko-presecki-obrana-od-tuce-rakete-zasijavanje-ili-osiguranje\/\" \/>\n<meta property=\"og:site_name\" content=\"Agencija za elektroni\u010dke medije\" \/>\n<meta property=\"article:modified_time\" content=\"2025-03-26T13:38:03+00:00\" \/>\n<meta name=\"twitter:card\" content=\"summary_large_image\" \/>\n<meta name=\"twitter:label1\" content=\"Est. reading time\" \/>\n\t<meta name=\"twitter:data1\" content=\"1 minute\" \/>\n<script type=\"application\/ld+json\" class=\"yoast-schema-graph\">{\"@context\":\"https:\/\/schema.org\",\"@graph\":[{\"@type\":\"WebPage\",\"@id\":\"https:\/\/aem.hr\/marko-presecki-obrana-od-tuce-rakete-zasijavanje-ili-osiguranje\/\",\"url\":\"https:\/\/aem.hr\/marko-presecki-obrana-od-tuce-rakete-zasijavanje-ili-osiguranje\/\",\"name\":\"Marko Prese\u010dki - Obrana od tu\u010de - rakete, zasijavanje ili osiguranje? - Agencija za elektroni\u010dke medije\",\"isPartOf\":{\"@id\":\"https:\/\/aem.hr\/#website\"},\"datePublished\":\"2025-03-26T13:38:01+00:00\",\"dateModified\":\"2025-03-26T13:38:03+00:00\",\"breadcrumb\":{\"@id\":\"https:\/\/aem.hr\/marko-presecki-obrana-od-tuce-rakete-zasijavanje-ili-osiguranje\/#breadcrumb\"},\"inLanguage\":\"en-US\",\"potentialAction\":[{\"@type\":\"ReadAction\",\"target\":[\"https:\/\/aem.hr\/marko-presecki-obrana-od-tuce-rakete-zasijavanje-ili-osiguranje\/\"]}]},{\"@type\":\"BreadcrumbList\",\"@id\":\"https:\/\/aem.hr\/marko-presecki-obrana-od-tuce-rakete-zasijavanje-ili-osiguranje\/#breadcrumb\",\"itemListElement\":[{\"@type\":\"ListItem\",\"position\":1,\"name\":\"Po\u010detna stranica\",\"item\":\"https:\/\/aem.hr\/\"},{\"@type\":\"ListItem\",\"position\":2,\"name\":\"Marko Prese\u010dki &#8211; Obrana od tu\u010de &#8211; rakete, zasijavanje ili osiguranje?\"}]},{\"@type\":\"WebSite\",\"@id\":\"https:\/\/aem.hr\/#website\",\"url\":\"https:\/\/aem.hr\/\",\"name\":\"Agencija za elektroni\u010dke medije\",\"description\":\"\",\"potentialAction\":[{\"@type\":\"SearchAction\",\"target\":{\"@type\":\"EntryPoint\",\"urlTemplate\":\"https:\/\/aem.hr\/?s={search_term_string}\"},\"query-input\":{\"@type\":\"PropertyValueSpecification\",\"valueRequired\":true,\"valueName\":\"search_term_string\"}}],\"inLanguage\":\"en-US\"}]}<\/script>\n<!-- \/ Yoast SEO plugin. -->","yoast_head_json":{"title":"Marko Prese\u010dki - Obrana od tu\u010de - rakete, zasijavanje ili osiguranje? - Agencija za elektroni\u010dke medije","robots":{"index":"index","follow":"follow","max-snippet":"max-snippet:-1","max-image-preview":"max-image-preview:large","max-video-preview":"max-video-preview:-1"},"canonical":"https:\/\/aem.hr\/marko-presecki-obrana-od-tuce-rakete-zasijavanje-ili-osiguranje\/","og_locale":"en_US","og_type":"article","og_title":"Marko Prese\u010dki - Obrana od tu\u010de - rakete, zasijavanje ili osiguranje? - Agencija za elektroni\u010dke medije","og_url":"https:\/\/aem.hr\/marko-presecki-obrana-od-tuce-rakete-zasijavanje-ili-osiguranje\/","og_site_name":"Agencija za elektroni\u010dke medije","article_modified_time":"2025-03-26T13:38:03+00:00","twitter_card":"summary_large_image","twitter_misc":{"Est. reading time":"1 minute"},"schema":{"@context":"https:\/\/schema.org","@graph":[{"@type":"WebPage","@id":"https:\/\/aem.hr\/marko-presecki-obrana-od-tuce-rakete-zasijavanje-ili-osiguranje\/","url":"https:\/\/aem.hr\/marko-presecki-obrana-od-tuce-rakete-zasijavanje-ili-osiguranje\/","name":"Marko Prese\u010dki - Obrana od tu\u010de - rakete, zasijavanje ili osiguranje? - Agencija za elektroni\u010dke medije","isPartOf":{"@id":"https:\/\/aem.hr\/#website"},"datePublished":"2025-03-26T13:38:01+00:00","dateModified":"2025-03-26T13:38:03+00:00","breadcrumb":{"@id":"https:\/\/aem.hr\/marko-presecki-obrana-od-tuce-rakete-zasijavanje-ili-osiguranje\/#breadcrumb"},"inLanguage":"en-US","potentialAction":[{"@type":"ReadAction","target":["https:\/\/aem.hr\/marko-presecki-obrana-od-tuce-rakete-zasijavanje-ili-osiguranje\/"]}]},{"@type":"BreadcrumbList","@id":"https:\/\/aem.hr\/marko-presecki-obrana-od-tuce-rakete-zasijavanje-ili-osiguranje\/#breadcrumb","itemListElement":[{"@type":"ListItem","position":1,"name":"Po\u010detna stranica","item":"https:\/\/aem.hr\/"},{"@type":"ListItem","position":2,"name":"Marko Prese\u010dki &#8211; Obrana od tu\u010de &#8211; rakete, zasijavanje ili osiguranje?"}]},{"@type":"WebSite","@id":"https:\/\/aem.hr\/#website","url":"https:\/\/aem.hr\/","name":"Agencija za elektroni\u010dke medije","description":"","potentialAction":[{"@type":"SearchAction","target":{"@type":"EntryPoint","urlTemplate":"https:\/\/aem.hr\/?s={search_term_string}"},"query-input":{"@type":"PropertyValueSpecification","valueRequired":true,"valueName":"search_term_string"}}],"inLanguage":"en-US"}]}},"coauthors":[],"author_meta":{"author_link":"https:\/\/aem.hr\/en\/blog\/author\/mkirac\/","display_name":"Matko Kirac"},"relative_dates":{"created":"Posted 1 year ago","modified":"Updated 1 year ago"},"absolute_dates":{"created":"Posted on 26. March 2025.","modified":"Updated on 26. March 2025."},"absolute_dates_time":{"created":"Posted on 26. March 2025. 14:38","modified":"Updated on 26. March 2025. 14:38"},"featured_img_caption":"","featured_img":false,"series_order":"","_links":{"self":[{"href":"https:\/\/aem.hr\/en\/wp-json\/wp\/v2\/pages\/22469","targetHints":{"allow":["GET"]}}],"collection":[{"href":"https:\/\/aem.hr\/en\/wp-json\/wp\/v2\/pages"}],"about":[{"href":"https:\/\/aem.hr\/en\/wp-json\/wp\/v2\/types\/page"}],"author":[{"embeddable":true,"href":"https:\/\/aem.hr\/en\/wp-json\/wp\/v2\/users\/18"}],"replies":[{"embeddable":true,"href":"https:\/\/aem.hr\/en\/wp-json\/wp\/v2\/comments?post=22469"}],"version-history":[{"count":1,"href":"https:\/\/aem.hr\/en\/wp-json\/wp\/v2\/pages\/22469\/revisions"}],"predecessor-version":[{"id":22485,"href":"https:\/\/aem.hr\/en\/wp-json\/wp\/v2\/pages\/22469\/revisions\/22485"}],"wp:attachment":[{"href":"https:\/\/aem.hr\/en\/wp-json\/wp\/v2\/media?parent=22469"}],"curies":[{"name":"wp","href":"https:\/\/api.w.org\/{rel}","templated":true}]}}