{"id":22487,"date":"2025-03-26T14:39:17","date_gmt":"2025-03-26T13:39:17","guid":{"rendered":"http:\/\/aem.hr\/?page_id=22487"},"modified":"2025-03-26T14:39:18","modified_gmt":"2025-03-26T13:39:18","slug":"mirta-maslac-sirenje-podrucja-lgbtiq-borbe","status":"publish","type":"page","link":"https:\/\/aem.hr\/en\/mirta-maslac-sirenje-podrucja-lgbtiq-borbe\/","title":{"rendered":"Mirta Masla\u0107 &#8211; \u0160irenje podru\u010dja LGBTIQ+ borbe"},"content":{"rendered":"\n<div class=\"wp-block-file\"><a id=\"wp-block-file--media-6f0f3623-7b9e-4d69-81b2-9e041fb1f5f3\" href=\"https:\/\/aem.hr\/wp-content\/uploads\/2025\/03\/1.-Sto-slavimo-na-Prajdu-okruzeni-policijom.pdf\">1. \u0160to slavimo na Prajdu okru\u017eeni policijom<\/a><a href=\"https:\/\/aem.hr\/wp-content\/uploads\/2025\/03\/1.-Sto-slavimo-na-Prajdu-okruzeni-policijom.pdf\" class=\"wp-block-file__button wp-element-button\" download aria-describedby=\"wp-block-file--media-6f0f3623-7b9e-4d69-81b2-9e041fb1f5f3\">Preuzimanje<\/a><\/div>\n\n\n\n<div class=\"wp-block-file\"><a id=\"wp-block-file--media-9e19e52b-d057-4df2-9fa3-c1773e0ff833\" href=\"https:\/\/aem.hr\/wp-content\/uploads\/2025\/03\/2.-Opasni-kriminalci-i-dovoljno-dobre-zrtve.pdf\">2. Opasni kriminalci i dovoljno dobre \u017ertve<\/a><a href=\"https:\/\/aem.hr\/wp-content\/uploads\/2025\/03\/2.-Opasni-kriminalci-i-dovoljno-dobre-zrtve.pdf\" class=\"wp-block-file__button wp-element-button\" download aria-describedby=\"wp-block-file--media-9e19e52b-d057-4df2-9fa3-c1773e0ff833\">Preuzimanje<\/a><\/div>\n\n\n\n<div class=\"wp-block-file\"><a id=\"wp-block-file--media-5744f341-1f70-4cb8-9856-496bfdd6c072\" href=\"https:\/\/aem.hr\/wp-content\/uploads\/2025\/03\/3.-Zakon-kao-zlocin-iz-mrznje.pdf\">3. Zakon kao zlo\u010din iz mr\u017enje<\/a><a href=\"https:\/\/aem.hr\/wp-content\/uploads\/2025\/03\/3.-Zakon-kao-zlocin-iz-mrznje.pdf\" class=\"wp-block-file__button wp-element-button\" download aria-describedby=\"wp-block-file--media-5744f341-1f70-4cb8-9856-496bfdd6c072\">Preuzimanje<\/a><\/div>\n\n\n\n<div class=\"wp-block-file\"><a id=\"wp-block-file--media-e7fadcad-9e9d-4aa2-9645-ced456e5f7b7\" href=\"https:\/\/aem.hr\/wp-content\/uploads\/2025\/03\/4.-Ne-zovi-mala-92.pdf\">4. Ne zovi, mala, 92<\/a><a href=\"https:\/\/aem.hr\/wp-content\/uploads\/2025\/03\/4.-Ne-zovi-mala-92.pdf\" class=\"wp-block-file__button wp-element-button\" download aria-describedby=\"wp-block-file--media-e7fadcad-9e9d-4aa2-9645-ced456e5f7b7\">Preuzimanje<\/a><\/div>\n\n\n\n<div class=\"wp-block-file\"><a id=\"wp-block-file--media-71f094ad-62d5-4ce8-b75b-d6b8e2a765c5\" href=\"https:\/\/aem.hr\/wp-content\/uploads\/2025\/03\/5.-Kako-zajednica-odgovara-na-nasilje.pdf\">5. Kako zajednica odgovara na nasilje<\/a><a href=\"https:\/\/aem.hr\/wp-content\/uploads\/2025\/03\/5.-Kako-zajednica-odgovara-na-nasilje.pdf\" class=\"wp-block-file__button wp-element-button\" download aria-describedby=\"wp-block-file--media-71f094ad-62d5-4ce8-b75b-d6b8e2a765c5\">Preuzimanje<\/a><\/div>\n","protected":false},"excerpt":{"rendered":"","protected":false},"author":18,"featured_media":0,"parent":0,"menu_order":0,"comment_status":"closed","ping_status":"closed","template":"","meta":{"_acf_changed":false,"inline_featured_image":false,"advgb_blocks_editor_width":"","advgb_blocks_columns_visual_guide":"","_links_to":"","_links_to_type":0,"footnotes":""},"class_list":["post-22487","page","type-page","status-publish","hentry"],"acf":[],"yoast_head":"<!-- This site is optimized with the Yoast SEO plugin v25.7 - https:\/\/yoast.com\/wordpress\/plugins\/seo\/ -->\n<title>Mirta Masla\u0107 - \u0160irenje podru\u010dja LGBTIQ+ borbe - Agencija za elektroni\u010dke medije<\/title>\n<meta name=\"robots\" content=\"index, follow, max-snippet:-1, max-image-preview:large, max-video-preview:-1\" \/>\n<link rel=\"canonical\" href=\"https:\/\/aem.hr\/mirta-maslac-sirenje-podrucja-lgbtiq-borbe\/\" \/>\n<meta property=\"og:locale\" content=\"en_US\" \/>\n<meta property=\"og:type\" content=\"article\" \/>\n<meta property=\"og:title\" content=\"Mirta Masla\u0107 - \u0160irenje podru\u010dja LGBTIQ+ borbe - Agencija za elektroni\u010dke medije\" \/>\n<meta property=\"og:url\" content=\"https:\/\/aem.hr\/mirta-maslac-sirenje-podrucja-lgbtiq-borbe\/\" \/>\n<meta property=\"og:site_name\" content=\"Agencija za elektroni\u010dke medije\" \/>\n<meta property=\"article:modified_time\" content=\"2025-03-26T13:39:18+00:00\" \/>\n<meta name=\"twitter:card\" content=\"summary_large_image\" \/>\n<meta name=\"twitter:label1\" content=\"Est. reading time\" \/>\n\t<meta name=\"twitter:data1\" content=\"1 minute\" \/>\n<script type=\"application\/ld+json\" class=\"yoast-schema-graph\">{\"@context\":\"https:\/\/schema.org\",\"@graph\":[{\"@type\":\"WebPage\",\"@id\":\"https:\/\/aem.hr\/mirta-maslac-sirenje-podrucja-lgbtiq-borbe\/\",\"url\":\"https:\/\/aem.hr\/mirta-maslac-sirenje-podrucja-lgbtiq-borbe\/\",\"name\":\"Mirta Masla\u0107 - \u0160irenje podru\u010dja LGBTIQ+ borbe - Agencija za elektroni\u010dke medije\",\"isPartOf\":{\"@id\":\"https:\/\/aem.hr\/#website\"},\"datePublished\":\"2025-03-26T13:39:17+00:00\",\"dateModified\":\"2025-03-26T13:39:18+00:00\",\"breadcrumb\":{\"@id\":\"https:\/\/aem.hr\/mirta-maslac-sirenje-podrucja-lgbtiq-borbe\/#breadcrumb\"},\"inLanguage\":\"en-US\",\"potentialAction\":[{\"@type\":\"ReadAction\",\"target\":[\"https:\/\/aem.hr\/mirta-maslac-sirenje-podrucja-lgbtiq-borbe\/\"]}]},{\"@type\":\"BreadcrumbList\",\"@id\":\"https:\/\/aem.hr\/mirta-maslac-sirenje-podrucja-lgbtiq-borbe\/#breadcrumb\",\"itemListElement\":[{\"@type\":\"ListItem\",\"position\":1,\"name\":\"Po\u010detna stranica\",\"item\":\"https:\/\/aem.hr\/\"},{\"@type\":\"ListItem\",\"position\":2,\"name\":\"Mirta Masla\u0107 &#8211; \u0160irenje podru\u010dja LGBTIQ+ borbe\"}]},{\"@type\":\"WebSite\",\"@id\":\"https:\/\/aem.hr\/#website\",\"url\":\"https:\/\/aem.hr\/\",\"name\":\"Agencija za elektroni\u010dke medije\",\"description\":\"\",\"potentialAction\":[{\"@type\":\"SearchAction\",\"target\":{\"@type\":\"EntryPoint\",\"urlTemplate\":\"https:\/\/aem.hr\/?s={search_term_string}\"},\"query-input\":{\"@type\":\"PropertyValueSpecification\",\"valueRequired\":true,\"valueName\":\"search_term_string\"}}],\"inLanguage\":\"en-US\"}]}<\/script>\n<!-- \/ Yoast SEO plugin. -->","yoast_head_json":{"title":"Mirta Masla\u0107 - \u0160irenje podru\u010dja LGBTIQ+ borbe - Agencija za elektroni\u010dke medije","robots":{"index":"index","follow":"follow","max-snippet":"max-snippet:-1","max-image-preview":"max-image-preview:large","max-video-preview":"max-video-preview:-1"},"canonical":"https:\/\/aem.hr\/mirta-maslac-sirenje-podrucja-lgbtiq-borbe\/","og_locale":"en_US","og_type":"article","og_title":"Mirta Masla\u0107 - \u0160irenje podru\u010dja LGBTIQ+ borbe - Agencija za elektroni\u010dke medije","og_url":"https:\/\/aem.hr\/mirta-maslac-sirenje-podrucja-lgbtiq-borbe\/","og_site_name":"Agencija za elektroni\u010dke medije","article_modified_time":"2025-03-26T13:39:18+00:00","twitter_card":"summary_large_image","twitter_misc":{"Est. reading time":"1 minute"},"schema":{"@context":"https:\/\/schema.org","@graph":[{"@type":"WebPage","@id":"https:\/\/aem.hr\/mirta-maslac-sirenje-podrucja-lgbtiq-borbe\/","url":"https:\/\/aem.hr\/mirta-maslac-sirenje-podrucja-lgbtiq-borbe\/","name":"Mirta Masla\u0107 - \u0160irenje podru\u010dja LGBTIQ+ borbe - Agencija za elektroni\u010dke medije","isPartOf":{"@id":"https:\/\/aem.hr\/#website"},"datePublished":"2025-03-26T13:39:17+00:00","dateModified":"2025-03-26T13:39:18+00:00","breadcrumb":{"@id":"https:\/\/aem.hr\/mirta-maslac-sirenje-podrucja-lgbtiq-borbe\/#breadcrumb"},"inLanguage":"en-US","potentialAction":[{"@type":"ReadAction","target":["https:\/\/aem.hr\/mirta-maslac-sirenje-podrucja-lgbtiq-borbe\/"]}]},{"@type":"BreadcrumbList","@id":"https:\/\/aem.hr\/mirta-maslac-sirenje-podrucja-lgbtiq-borbe\/#breadcrumb","itemListElement":[{"@type":"ListItem","position":1,"name":"Po\u010detna stranica","item":"https:\/\/aem.hr\/"},{"@type":"ListItem","position":2,"name":"Mirta Masla\u0107 &#8211; \u0160irenje podru\u010dja LGBTIQ+ borbe"}]},{"@type":"WebSite","@id":"https:\/\/aem.hr\/#website","url":"https:\/\/aem.hr\/","name":"Agencija za elektroni\u010dke medije","description":"","potentialAction":[{"@type":"SearchAction","target":{"@type":"EntryPoint","urlTemplate":"https:\/\/aem.hr\/?s={search_term_string}"},"query-input":{"@type":"PropertyValueSpecification","valueRequired":true,"valueName":"search_term_string"}}],"inLanguage":"en-US"}]}},"coauthors":[],"author_meta":{"author_link":"https:\/\/aem.hr\/en\/blog\/author\/mkirac\/","display_name":"Matko Kirac"},"relative_dates":{"created":"Posted 1 year ago","modified":"Updated 1 year ago"},"absolute_dates":{"created":"Posted on 26. March 2025.","modified":"Updated on 26. March 2025."},"absolute_dates_time":{"created":"Posted on 26. March 2025. 14:39","modified":"Updated on 26. March 2025. 14:39"},"featured_img_caption":"","featured_img":false,"series_order":"","_links":{"self":[{"href":"https:\/\/aem.hr\/en\/wp-json\/wp\/v2\/pages\/22487","targetHints":{"allow":["GET"]}}],"collection":[{"href":"https:\/\/aem.hr\/en\/wp-json\/wp\/v2\/pages"}],"about":[{"href":"https:\/\/aem.hr\/en\/wp-json\/wp\/v2\/types\/page"}],"author":[{"embeddable":true,"href":"https:\/\/aem.hr\/en\/wp-json\/wp\/v2\/users\/18"}],"replies":[{"embeddable":true,"href":"https:\/\/aem.hr\/en\/wp-json\/wp\/v2\/comments?post=22487"}],"version-history":[{"count":1,"href":"https:\/\/aem.hr\/en\/wp-json\/wp\/v2\/pages\/22487\/revisions"}],"predecessor-version":[{"id":22496,"href":"https:\/\/aem.hr\/en\/wp-json\/wp\/v2\/pages\/22487\/revisions\/22496"}],"wp:attachment":[{"href":"https:\/\/aem.hr\/en\/wp-json\/wp\/v2\/media?parent=22487"}],"curies":[{"name":"wp","href":"https:\/\/api.w.org\/{rel}","templated":true}]}}