{"id":22498,"date":"2025-03-26T14:40:12","date_gmt":"2025-03-26T13:40:12","guid":{"rendered":"http:\/\/aem.hr\/?page_id=22498"},"modified":"2025-03-26T14:40:13","modified_gmt":"2025-03-26T13:40:13","slug":"zeljka-dakovic-les-ogledalo-zajednice-zivotne-price-zena-na-selu","status":"publish","type":"page","link":"https:\/\/aem.hr\/en\/zeljka-dakovic-les-ogledalo-zajednice-zivotne-price-zena-na-selu\/","title":{"rendered":"\u017deljka \u0110akovi\u0107 Le\u0161 &#8211; &#8220;OGLEDALO ZAJEDNICE: \u017dIVOTNE PRI\u010cE \u017dENA NA SELU&#8221;"},"content":{"rendered":"\n<div class=\"wp-block-file\"><a id=\"wp-block-file--media-3287c9e6-298a-409a-9562-df3dfcfdf5b7\" href=\"https:\/\/aem.hr\/wp-content\/uploads\/2025\/03\/1.-Neispricane-price-o-cuvaricama-plodova-zemlje.pdf\">1. Neispri\u010dane pri\u010de o \u010duvaricama plodova zemlje<\/a><a href=\"https:\/\/aem.hr\/wp-content\/uploads\/2025\/03\/1.-Neispricane-price-o-cuvaricama-plodova-zemlje.pdf\" class=\"wp-block-file__button wp-element-button\" download aria-describedby=\"wp-block-file--media-3287c9e6-298a-409a-9562-df3dfcfdf5b7\">Preuzimanje<\/a><\/div>\n\n\n\n<div class=\"wp-block-file\"><a id=\"wp-block-file--media-a26d409c-9fec-4f8e-97fd-4476c1425b36\" href=\"https:\/\/aem.hr\/wp-content\/uploads\/2025\/03\/2.-Mlijecni-put_-Zivot-stocarke-Dijane-Matuzalem.pdf\">2. Mlije\u010dni put_ \u017divot sto\u010darke Dijane Matuzalem<\/a><a href=\"https:\/\/aem.hr\/wp-content\/uploads\/2025\/03\/2.-Mlijecni-put_-Zivot-stocarke-Dijane-Matuzalem.pdf\" class=\"wp-block-file__button wp-element-button\" download aria-describedby=\"wp-block-file--media-a26d409c-9fec-4f8e-97fd-4476c1425b36\">Preuzimanje<\/a><\/div>\n\n\n\n<div class=\"wp-block-file\"><a id=\"wp-block-file--media-81728cdb-5e1a-46c8-861f-527c7d162a30\" href=\"https:\/\/aem.hr\/wp-content\/uploads\/2025\/03\/3.-Srce-zajednice_-Portret-volonterke-Ivane-Balogovic.pdf\">3. Srce zajednice_ Portret volonterke Ivane Balogovi\u0107<\/a><a href=\"https:\/\/aem.hr\/wp-content\/uploads\/2025\/03\/3.-Srce-zajednice_-Portret-volonterke-Ivane-Balogovic.pdf\" class=\"wp-block-file__button wp-element-button\" download aria-describedby=\"wp-block-file--media-81728cdb-5e1a-46c8-861f-527c7d162a30\">Preuzimanje<\/a><\/div>\n\n\n\n<div class=\"wp-block-file\"><a id=\"wp-block-file--media-e9f09558-9b9d-4aeb-a94f-2a6da2d7961b\" href=\"https:\/\/aem.hr\/wp-content\/uploads\/2025\/03\/4.-Put-do-uspjeha_-Profil-poduzetnice-Vlatke-Andrijasevic.pdf\">4. Put do uspjeha_ Profil poduzetnice Vlatke Andrija\u0161evi\u0107<\/a><a href=\"https:\/\/aem.hr\/wp-content\/uploads\/2025\/03\/4.-Put-do-uspjeha_-Profil-poduzetnice-Vlatke-Andrijasevic.pdf\" class=\"wp-block-file__button wp-element-button\" download aria-describedby=\"wp-block-file--media-e9f09558-9b9d-4aeb-a94f-2a6da2d7961b\">Preuzimanje<\/a><\/div>\n\n\n\n<div class=\"wp-block-file\"><a id=\"wp-block-file--media-ec96ccca-476c-40f7-9bf2-9334795ef6ec\" href=\"https:\/\/aem.hr\/wp-content\/uploads\/2025\/03\/5.-Neprocjenjiva-briga_-Inspirativna-prica-o-Snjezani-Pavic.pdf\">5. Neprocjenjiva briga_ Inspirativna pri\u010da o Snje\u017eani Pavi\u0107<\/a><a href=\"https:\/\/aem.hr\/wp-content\/uploads\/2025\/03\/5.-Neprocjenjiva-briga_-Inspirativna-prica-o-Snjezani-Pavic.pdf\" class=\"wp-block-file__button wp-element-button\" download aria-describedby=\"wp-block-file--media-ec96ccca-476c-40f7-9bf2-9334795ef6ec\">Preuzimanje<\/a><\/div>\n\n\n\n<div class=\"wp-block-file\"><a id=\"wp-block-file--media-0ae66bb2-945f-4d40-91d9-9963cd84135a\" href=\"https:\/\/aem.hr\/wp-content\/uploads\/2025\/03\/6.-KRALJICA-KOSNICE-Portret-pcelarke-Marice-Knezevic.pdf\">6. KRALJICA KO\u0160NICE Portret p\u010delarke Marice Kne\u017eevi\u0107<\/a><a href=\"https:\/\/aem.hr\/wp-content\/uploads\/2025\/03\/6.-KRALJICA-KOSNICE-Portret-pcelarke-Marice-Knezevic.pdf\" class=\"wp-block-file__button wp-element-button\" download aria-describedby=\"wp-block-file--media-0ae66bb2-945f-4d40-91d9-9963cd84135a\">Preuzimanje<\/a><\/div>\n\n\n\n<div class=\"wp-block-file\"><a id=\"wp-block-file--media-6e40630c-6936-409b-ac3d-d8dd88d79957\" href=\"https:\/\/aem.hr\/wp-content\/uploads\/2025\/03\/7.-Lice-zemlje_-Portret-poljoprivrednice-Melite-Brlas.pdf\">7. Lice zemlje_ Portret poljoprivrednice Melite Brlas<\/a><a href=\"https:\/\/aem.hr\/wp-content\/uploads\/2025\/03\/7.-Lice-zemlje_-Portret-poljoprivrednice-Melite-Brlas.pdf\" class=\"wp-block-file__button wp-element-button\" download aria-describedby=\"wp-block-file--media-6e40630c-6936-409b-ac3d-d8dd88d79957\">Preuzimanje<\/a><\/div>\n\n\n\n<div class=\"wp-block-file\"><a id=\"wp-block-file--media-f7a3ea11-dca9-4362-a96c-7d7fcfe67399\" href=\"https:\/\/aem.hr\/wp-content\/uploads\/2025\/03\/8.-Zeleni-doprinos_-Profil-Sanje-Cerepinko.pdf\">8. Zeleni doprinos_ Profil Sanje \u010cerepinko<\/a><a href=\"https:\/\/aem.hr\/wp-content\/uploads\/2025\/03\/8.-Zeleni-doprinos_-Profil-Sanje-Cerepinko.pdf\" class=\"wp-block-file__button wp-element-button\" download aria-describedby=\"wp-block-file--media-f7a3ea11-dca9-4362-a96c-7d7fcfe67399\">Preuzimanje<\/a><\/div>\n\n\n\n<div class=\"wp-block-file\"><a id=\"wp-block-file--media-a834a4f8-8394-4bc9-b223-0a9f63af6577\" href=\"https:\/\/aem.hr\/wp-content\/uploads\/2025\/03\/9.-U-srcu-kreativnosti_-Portret-obrtnice-Sladane-Petrosevic.pdf\">9. U srcu kreativnosti_ Portret obrtnice Sla\u0111ane Petro\u0161evi\u0107<\/a><a href=\"https:\/\/aem.hr\/wp-content\/uploads\/2025\/03\/9.-U-srcu-kreativnosti_-Portret-obrtnice-Sladane-Petrosevic.pdf\" class=\"wp-block-file__button wp-element-button\" download aria-describedby=\"wp-block-file--media-a834a4f8-8394-4bc9-b223-0a9f63af6577\">Preuzimanje<\/a><\/div>\n\n\n\n<div class=\"wp-block-file\"><a id=\"wp-block-file--media-2d69f340-4cd9-47e3-b11b-c15bd53d4cce\" href=\"https:\/\/aem.hr\/wp-content\/uploads\/2025\/03\/10.-Zenska-snaga-na-djelu_-Refleksija-o-serijalu-_Ogledalo-zajednice.pdf\">10. \u017denska snaga na djelu_ Refleksija o serijalu _Ogledalo zajednice<\/a><a href=\"https:\/\/aem.hr\/wp-content\/uploads\/2025\/03\/10.-Zenska-snaga-na-djelu_-Refleksija-o-serijalu-_Ogledalo-zajednice.pdf\" class=\"wp-block-file__button wp-element-button\" download aria-describedby=\"wp-block-file--media-2d69f340-4cd9-47e3-b11b-c15bd53d4cce\">Preuzimanje<\/a><\/div>\n","protected":false},"excerpt":{"rendered":"","protected":false},"author":18,"featured_media":0,"parent":0,"menu_order":0,"comment_status":"closed","ping_status":"closed","template":"","meta":{"_acf_changed":false,"inline_featured_image":false,"advgb_blocks_editor_width":"","advgb_blocks_columns_visual_guide":"","_links_to":"","_links_to_type":0,"footnotes":""},"class_list":["post-22498","page","type-page","status-publish","hentry"],"acf":[],"yoast_head":"<!-- This site is optimized with the Yoast SEO plugin v25.7 - https:\/\/yoast.com\/wordpress\/plugins\/seo\/ -->\n<title>\u017deljka \u0110akovi\u0107 Le\u0161 - &quot;OGLEDALO ZAJEDNICE: \u017dIVOTNE PRI\u010cE \u017dENA NA SELU&quot; - Agencija za elektroni\u010dke medije<\/title>\n<meta name=\"robots\" content=\"index, follow, max-snippet:-1, max-image-preview:large, max-video-preview:-1\" \/>\n<link rel=\"canonical\" href=\"https:\/\/aem.hr\/zeljka-dakovic-les-ogledalo-zajednice-zivotne-price-zena-na-selu\/\" \/>\n<meta property=\"og:locale\" content=\"en_US\" \/>\n<meta property=\"og:type\" content=\"article\" \/>\n<meta property=\"og:title\" content=\"\u017deljka \u0110akovi\u0107 Le\u0161 - &quot;OGLEDALO ZAJEDNICE: \u017dIVOTNE PRI\u010cE \u017dENA NA SELU&quot; - Agencija za elektroni\u010dke medije\" \/>\n<meta property=\"og:url\" content=\"https:\/\/aem.hr\/zeljka-dakovic-les-ogledalo-zajednice-zivotne-price-zena-na-selu\/\" \/>\n<meta property=\"og:site_name\" content=\"Agencija za elektroni\u010dke medije\" \/>\n<meta property=\"article:modified_time\" content=\"2025-03-26T13:40:13+00:00\" \/>\n<meta name=\"twitter:card\" content=\"summary_large_image\" \/>\n<meta name=\"twitter:label1\" content=\"Est. reading time\" \/>\n\t<meta name=\"twitter:data1\" content=\"1 minute\" \/>\n<script type=\"application\/ld+json\" class=\"yoast-schema-graph\">{\"@context\":\"https:\/\/schema.org\",\"@graph\":[{\"@type\":\"WebPage\",\"@id\":\"https:\/\/aem.hr\/zeljka-dakovic-les-ogledalo-zajednice-zivotne-price-zena-na-selu\/\",\"url\":\"https:\/\/aem.hr\/zeljka-dakovic-les-ogledalo-zajednice-zivotne-price-zena-na-selu\/\",\"name\":\"\u017deljka \u0110akovi\u0107 Le\u0161 - \\\"OGLEDALO ZAJEDNICE: \u017dIVOTNE PRI\u010cE \u017dENA NA SELU\\\" - Agencija za elektroni\u010dke medije\",\"isPartOf\":{\"@id\":\"https:\/\/aem.hr\/#website\"},\"datePublished\":\"2025-03-26T13:40:12+00:00\",\"dateModified\":\"2025-03-26T13:40:13+00:00\",\"breadcrumb\":{\"@id\":\"https:\/\/aem.hr\/zeljka-dakovic-les-ogledalo-zajednice-zivotne-price-zena-na-selu\/#breadcrumb\"},\"inLanguage\":\"en-US\",\"potentialAction\":[{\"@type\":\"ReadAction\",\"target\":[\"https:\/\/aem.hr\/zeljka-dakovic-les-ogledalo-zajednice-zivotne-price-zena-na-selu\/\"]}]},{\"@type\":\"BreadcrumbList\",\"@id\":\"https:\/\/aem.hr\/zeljka-dakovic-les-ogledalo-zajednice-zivotne-price-zena-na-selu\/#breadcrumb\",\"itemListElement\":[{\"@type\":\"ListItem\",\"position\":1,\"name\":\"Po\u010detna stranica\",\"item\":\"https:\/\/aem.hr\/\"},{\"@type\":\"ListItem\",\"position\":2,\"name\":\"\u017deljka \u0110akovi\u0107 Le\u0161 &#8211; &#8220;OGLEDALO ZAJEDNICE: \u017dIVOTNE PRI\u010cE \u017dENA NA SELU&#8221;\"}]},{\"@type\":\"WebSite\",\"@id\":\"https:\/\/aem.hr\/#website\",\"url\":\"https:\/\/aem.hr\/\",\"name\":\"Agencija za elektroni\u010dke medije\",\"description\":\"\",\"potentialAction\":[{\"@type\":\"SearchAction\",\"target\":{\"@type\":\"EntryPoint\",\"urlTemplate\":\"https:\/\/aem.hr\/?s={search_term_string}\"},\"query-input\":{\"@type\":\"PropertyValueSpecification\",\"valueRequired\":true,\"valueName\":\"search_term_string\"}}],\"inLanguage\":\"en-US\"}]}<\/script>\n<!-- \/ Yoast SEO plugin. -->","yoast_head_json":{"title":"\u017deljka \u0110akovi\u0107 Le\u0161 - \"OGLEDALO ZAJEDNICE: \u017dIVOTNE PRI\u010cE \u017dENA NA SELU\" - Agencija za elektroni\u010dke medije","robots":{"index":"index","follow":"follow","max-snippet":"max-snippet:-1","max-image-preview":"max-image-preview:large","max-video-preview":"max-video-preview:-1"},"canonical":"https:\/\/aem.hr\/zeljka-dakovic-les-ogledalo-zajednice-zivotne-price-zena-na-selu\/","og_locale":"en_US","og_type":"article","og_title":"\u017deljka \u0110akovi\u0107 Le\u0161 - \"OGLEDALO ZAJEDNICE: \u017dIVOTNE PRI\u010cE \u017dENA NA SELU\" - Agencija za elektroni\u010dke medije","og_url":"https:\/\/aem.hr\/zeljka-dakovic-les-ogledalo-zajednice-zivotne-price-zena-na-selu\/","og_site_name":"Agencija za elektroni\u010dke medije","article_modified_time":"2025-03-26T13:40:13+00:00","twitter_card":"summary_large_image","twitter_misc":{"Est. reading time":"1 minute"},"schema":{"@context":"https:\/\/schema.org","@graph":[{"@type":"WebPage","@id":"https:\/\/aem.hr\/zeljka-dakovic-les-ogledalo-zajednice-zivotne-price-zena-na-selu\/","url":"https:\/\/aem.hr\/zeljka-dakovic-les-ogledalo-zajednice-zivotne-price-zena-na-selu\/","name":"\u017deljka \u0110akovi\u0107 Le\u0161 - \"OGLEDALO ZAJEDNICE: \u017dIVOTNE PRI\u010cE \u017dENA NA SELU\" - Agencija za elektroni\u010dke medije","isPartOf":{"@id":"https:\/\/aem.hr\/#website"},"datePublished":"2025-03-26T13:40:12+00:00","dateModified":"2025-03-26T13:40:13+00:00","breadcrumb":{"@id":"https:\/\/aem.hr\/zeljka-dakovic-les-ogledalo-zajednice-zivotne-price-zena-na-selu\/#breadcrumb"},"inLanguage":"en-US","potentialAction":[{"@type":"ReadAction","target":["https:\/\/aem.hr\/zeljka-dakovic-les-ogledalo-zajednice-zivotne-price-zena-na-selu\/"]}]},{"@type":"BreadcrumbList","@id":"https:\/\/aem.hr\/zeljka-dakovic-les-ogledalo-zajednice-zivotne-price-zena-na-selu\/#breadcrumb","itemListElement":[{"@type":"ListItem","position":1,"name":"Po\u010detna stranica","item":"https:\/\/aem.hr\/"},{"@type":"ListItem","position":2,"name":"\u017deljka \u0110akovi\u0107 Le\u0161 &#8211; &#8220;OGLEDALO ZAJEDNICE: \u017dIVOTNE PRI\u010cE \u017dENA NA SELU&#8221;"}]},{"@type":"WebSite","@id":"https:\/\/aem.hr\/#website","url":"https:\/\/aem.hr\/","name":"Agencija za elektroni\u010dke medije","description":"","potentialAction":[{"@type":"SearchAction","target":{"@type":"EntryPoint","urlTemplate":"https:\/\/aem.hr\/?s={search_term_string}"},"query-input":{"@type":"PropertyValueSpecification","valueRequired":true,"valueName":"search_term_string"}}],"inLanguage":"en-US"}]}},"coauthors":[],"author_meta":{"author_link":"https:\/\/aem.hr\/en\/blog\/author\/mkirac\/","display_name":"Matko Kirac"},"relative_dates":{"created":"Posted 1 year ago","modified":"Updated 1 year ago"},"absolute_dates":{"created":"Posted on 26. March 2025.","modified":"Updated on 26. March 2025."},"absolute_dates_time":{"created":"Posted on 26. March 2025. 14:40","modified":"Updated on 26. March 2025. 14:40"},"featured_img_caption":"","featured_img":false,"series_order":"","_links":{"self":[{"href":"https:\/\/aem.hr\/en\/wp-json\/wp\/v2\/pages\/22498","targetHints":{"allow":["GET"]}}],"collection":[{"href":"https:\/\/aem.hr\/en\/wp-json\/wp\/v2\/pages"}],"about":[{"href":"https:\/\/aem.hr\/en\/wp-json\/wp\/v2\/types\/page"}],"author":[{"embeddable":true,"href":"https:\/\/aem.hr\/en\/wp-json\/wp\/v2\/users\/18"}],"replies":[{"embeddable":true,"href":"https:\/\/aem.hr\/en\/wp-json\/wp\/v2\/comments?post=22498"}],"version-history":[{"count":1,"href":"https:\/\/aem.hr\/en\/wp-json\/wp\/v2\/pages\/22498\/revisions"}],"predecessor-version":[{"id":22516,"href":"https:\/\/aem.hr\/en\/wp-json\/wp\/v2\/pages\/22498\/revisions\/22516"}],"wp:attachment":[{"href":"https:\/\/aem.hr\/en\/wp-json\/wp\/v2\/media?parent=22498"}],"curies":[{"name":"wp","href":"https:\/\/api.w.org\/{rel}","templated":true}]}}