{"id":22518,"date":"2025-03-26T14:41:02","date_gmt":"2025-03-26T13:41:02","guid":{"rendered":"http:\/\/aem.hr\/?page_id=22518"},"modified":"2025-03-26T14:41:03","modified_gmt":"2025-03-26T13:41:03","slug":"nives-matijevic-plitvicka-jezera-neispricana-povijest","status":"publish","type":"page","link":"https:\/\/aem.hr\/en\/nives-matijevic-plitvicka-jezera-neispricana-povijest\/","title":{"rendered":"Nives Matijevi\u0107 &#8211; Plitvi\u010dka jezera &#8211; neispri\u010dana povijest"},"content":{"rendered":"\n<div class=\"wp-block-file\"><a id=\"wp-block-file--media-5867ba5e-bca2-4648-a4b8-27c3bbd55a17\" href=\"https:\/\/aem.hr\/wp-content\/uploads\/2025\/03\/1.-Plitvice-prije-najezde-turista.pdf\">1. Plitvice prije najezde turista<\/a><a href=\"https:\/\/aem.hr\/wp-content\/uploads\/2025\/03\/1.-Plitvice-prije-najezde-turista.pdf\" class=\"wp-block-file__button wp-element-button\" download aria-describedby=\"wp-block-file--media-5867ba5e-bca2-4648-a4b8-27c3bbd55a17\">Preuzimanje<\/a><\/div>\n\n\n\n<div class=\"wp-block-file\"><a id=\"wp-block-file--media-a7ece46d-476c-440d-b4f9-d9aae66ab460\" href=\"https:\/\/aem.hr\/wp-content\/uploads\/2025\/03\/2.-Turisticka-kuca-Khuen-Hedervary.pdf\">2. Turisti\u010dka ku\u0107a, Khuen-H\u00e9derv\u00e1ry<\/a><a href=\"https:\/\/aem.hr\/wp-content\/uploads\/2025\/03\/2.-Turisticka-kuca-Khuen-Hedervary.pdf\" class=\"wp-block-file__button wp-element-button\" download aria-describedby=\"wp-block-file--media-a7ece46d-476c-440d-b4f9-d9aae66ab460\">Preuzimanje<\/a><\/div>\n\n\n\n<div class=\"wp-block-file\"><a id=\"wp-block-file--media-bb3f5ef8-790f-45bc-9efe-0cc8ff36e348\" href=\"https:\/\/aem.hr\/wp-content\/uploads\/2025\/03\/3.-Drustvo-za-uredenje-Plitvickih-jezera.pdf\">3. Dru\u0161tvo za ure\u0111enje Plitvi\u010dkih jezera<\/a><a href=\"https:\/\/aem.hr\/wp-content\/uploads\/2025\/03\/3.-Drustvo-za-uredenje-Plitvickih-jezera.pdf\" class=\"wp-block-file__button wp-element-button\" download aria-describedby=\"wp-block-file--media-bb3f5ef8-790f-45bc-9efe-0cc8ff36e348\">Preuzimanje<\/a><\/div>\n\n\n\n<div class=\"wp-block-file\"><a id=\"wp-block-file--media-ffc321bd-d8c3-4757-b532-96ec0ed867e6\" href=\"https:\/\/aem.hr\/wp-content\/uploads\/2025\/03\/4.-Pocetkom-20.-st.-objavljene-bogato.pdf\">4. Po\u010detkom 20. st. objavljene bogato<\/a><a href=\"https:\/\/aem.hr\/wp-content\/uploads\/2025\/03\/4.-Pocetkom-20.-st.-objavljene-bogato.pdf\" class=\"wp-block-file__button wp-element-button\" download aria-describedby=\"wp-block-file--media-ffc321bd-d8c3-4757-b532-96ec0ed867e6\">Preuzimanje<\/a><\/div>\n\n\n\n<div class=\"wp-block-file\"><a id=\"wp-block-file--media-63423096-64da-4e9a-ac20-87d45f53451d\" href=\"https:\/\/aem.hr\/wp-content\/uploads\/2025\/03\/5.-U-osvit-Velikog-rata-francuski-turisti.pdf\">5. U osvit Velikog rata francuski turisti<\/a><a href=\"https:\/\/aem.hr\/wp-content\/uploads\/2025\/03\/5.-U-osvit-Velikog-rata-francuski-turisti.pdf\" class=\"wp-block-file__button wp-element-button\" download aria-describedby=\"wp-block-file--media-63423096-64da-4e9a-ac20-87d45f53451d\">Preuzimanje<\/a><\/div>\n\n\n\n<div class=\"wp-block-file\"><a id=\"wp-block-file--media-f6a5a3c1-d0b7-4066-aea4-346a7280d5d2\" href=\"https:\/\/aem.hr\/wp-content\/uploads\/2025\/03\/6.-Partizanska-zenska-ceta-krvavi-Uskrs.pdf\">6. Partizanska \u017eenska \u010deta, krvavi Uskrs<\/a><a href=\"https:\/\/aem.hr\/wp-content\/uploads\/2025\/03\/6.-Partizanska-zenska-ceta-krvavi-Uskrs.pdf\" class=\"wp-block-file__button wp-element-button\" download aria-describedby=\"wp-block-file--media-f6a5a3c1-d0b7-4066-aea4-346a7280d5d2\">Preuzimanje<\/a><\/div>\n","protected":false},"excerpt":{"rendered":"","protected":false},"author":18,"featured_media":0,"parent":0,"menu_order":0,"comment_status":"closed","ping_status":"closed","template":"","meta":{"_acf_changed":false,"inline_featured_image":false,"advgb_blocks_editor_width":"","advgb_blocks_columns_visual_guide":"","_links_to":"","_links_to_type":0,"footnotes":""},"class_list":["post-22518","page","type-page","status-publish","hentry"],"acf":[],"yoast_head":"<!-- This site is optimized with the Yoast SEO plugin v25.7 - https:\/\/yoast.com\/wordpress\/plugins\/seo\/ -->\n<title>Nives Matijevi\u0107 - Plitvi\u010dka jezera - neispri\u010dana povijest - Agencija za elektroni\u010dke medije<\/title>\n<meta name=\"robots\" content=\"index, follow, max-snippet:-1, max-image-preview:large, max-video-preview:-1\" \/>\n<link rel=\"canonical\" href=\"https:\/\/aem.hr\/nives-matijevic-plitvicka-jezera-neispricana-povijest\/\" \/>\n<meta property=\"og:locale\" content=\"en_US\" \/>\n<meta property=\"og:type\" content=\"article\" \/>\n<meta property=\"og:title\" content=\"Nives Matijevi\u0107 - Plitvi\u010dka jezera - neispri\u010dana povijest - Agencija za elektroni\u010dke medije\" \/>\n<meta property=\"og:url\" content=\"https:\/\/aem.hr\/nives-matijevic-plitvicka-jezera-neispricana-povijest\/\" \/>\n<meta property=\"og:site_name\" content=\"Agencija za elektroni\u010dke medije\" \/>\n<meta property=\"article:modified_time\" content=\"2025-03-26T13:41:03+00:00\" \/>\n<meta name=\"twitter:card\" content=\"summary_large_image\" \/>\n<meta name=\"twitter:label1\" content=\"Est. reading time\" \/>\n\t<meta name=\"twitter:data1\" content=\"1 minute\" \/>\n<script type=\"application\/ld+json\" class=\"yoast-schema-graph\">{\"@context\":\"https:\/\/schema.org\",\"@graph\":[{\"@type\":\"WebPage\",\"@id\":\"https:\/\/aem.hr\/nives-matijevic-plitvicka-jezera-neispricana-povijest\/\",\"url\":\"https:\/\/aem.hr\/nives-matijevic-plitvicka-jezera-neispricana-povijest\/\",\"name\":\"Nives Matijevi\u0107 - Plitvi\u010dka jezera - neispri\u010dana povijest - Agencija za elektroni\u010dke medije\",\"isPartOf\":{\"@id\":\"https:\/\/aem.hr\/#website\"},\"datePublished\":\"2025-03-26T13:41:02+00:00\",\"dateModified\":\"2025-03-26T13:41:03+00:00\",\"breadcrumb\":{\"@id\":\"https:\/\/aem.hr\/nives-matijevic-plitvicka-jezera-neispricana-povijest\/#breadcrumb\"},\"inLanguage\":\"en-US\",\"potentialAction\":[{\"@type\":\"ReadAction\",\"target\":[\"https:\/\/aem.hr\/nives-matijevic-plitvicka-jezera-neispricana-povijest\/\"]}]},{\"@type\":\"BreadcrumbList\",\"@id\":\"https:\/\/aem.hr\/nives-matijevic-plitvicka-jezera-neispricana-povijest\/#breadcrumb\",\"itemListElement\":[{\"@type\":\"ListItem\",\"position\":1,\"name\":\"Po\u010detna stranica\",\"item\":\"https:\/\/aem.hr\/\"},{\"@type\":\"ListItem\",\"position\":2,\"name\":\"Nives Matijevi\u0107 &#8211; Plitvi\u010dka jezera &#8211; neispri\u010dana povijest\"}]},{\"@type\":\"WebSite\",\"@id\":\"https:\/\/aem.hr\/#website\",\"url\":\"https:\/\/aem.hr\/\",\"name\":\"Agencija za elektroni\u010dke medije\",\"description\":\"\",\"potentialAction\":[{\"@type\":\"SearchAction\",\"target\":{\"@type\":\"EntryPoint\",\"urlTemplate\":\"https:\/\/aem.hr\/?s={search_term_string}\"},\"query-input\":{\"@type\":\"PropertyValueSpecification\",\"valueRequired\":true,\"valueName\":\"search_term_string\"}}],\"inLanguage\":\"en-US\"}]}<\/script>\n<!-- \/ Yoast SEO plugin. -->","yoast_head_json":{"title":"Nives Matijevi\u0107 - Plitvi\u010dka jezera - neispri\u010dana povijest - Agencija za elektroni\u010dke medije","robots":{"index":"index","follow":"follow","max-snippet":"max-snippet:-1","max-image-preview":"max-image-preview:large","max-video-preview":"max-video-preview:-1"},"canonical":"https:\/\/aem.hr\/nives-matijevic-plitvicka-jezera-neispricana-povijest\/","og_locale":"en_US","og_type":"article","og_title":"Nives Matijevi\u0107 - Plitvi\u010dka jezera - neispri\u010dana povijest - Agencija za elektroni\u010dke medije","og_url":"https:\/\/aem.hr\/nives-matijevic-plitvicka-jezera-neispricana-povijest\/","og_site_name":"Agencija za elektroni\u010dke medije","article_modified_time":"2025-03-26T13:41:03+00:00","twitter_card":"summary_large_image","twitter_misc":{"Est. reading time":"1 minute"},"schema":{"@context":"https:\/\/schema.org","@graph":[{"@type":"WebPage","@id":"https:\/\/aem.hr\/nives-matijevic-plitvicka-jezera-neispricana-povijest\/","url":"https:\/\/aem.hr\/nives-matijevic-plitvicka-jezera-neispricana-povijest\/","name":"Nives Matijevi\u0107 - Plitvi\u010dka jezera - neispri\u010dana povijest - Agencija za elektroni\u010dke medije","isPartOf":{"@id":"https:\/\/aem.hr\/#website"},"datePublished":"2025-03-26T13:41:02+00:00","dateModified":"2025-03-26T13:41:03+00:00","breadcrumb":{"@id":"https:\/\/aem.hr\/nives-matijevic-plitvicka-jezera-neispricana-povijest\/#breadcrumb"},"inLanguage":"en-US","potentialAction":[{"@type":"ReadAction","target":["https:\/\/aem.hr\/nives-matijevic-plitvicka-jezera-neispricana-povijest\/"]}]},{"@type":"BreadcrumbList","@id":"https:\/\/aem.hr\/nives-matijevic-plitvicka-jezera-neispricana-povijest\/#breadcrumb","itemListElement":[{"@type":"ListItem","position":1,"name":"Po\u010detna stranica","item":"https:\/\/aem.hr\/"},{"@type":"ListItem","position":2,"name":"Nives Matijevi\u0107 &#8211; Plitvi\u010dka jezera &#8211; neispri\u010dana povijest"}]},{"@type":"WebSite","@id":"https:\/\/aem.hr\/#website","url":"https:\/\/aem.hr\/","name":"Agencija za elektroni\u010dke medije","description":"","potentialAction":[{"@type":"SearchAction","target":{"@type":"EntryPoint","urlTemplate":"https:\/\/aem.hr\/?s={search_term_string}"},"query-input":{"@type":"PropertyValueSpecification","valueRequired":true,"valueName":"search_term_string"}}],"inLanguage":"en-US"}]}},"coauthors":[],"author_meta":{"author_link":"https:\/\/aem.hr\/en\/blog\/author\/mkirac\/","display_name":"Matko Kirac"},"relative_dates":{"created":"Posted 1 year ago","modified":"Updated 1 year ago"},"absolute_dates":{"created":"Posted on 26. March 2025.","modified":"Updated on 26. March 2025."},"absolute_dates_time":{"created":"Posted on 26. March 2025. 14:41","modified":"Updated on 26. March 2025. 14:41"},"featured_img_caption":"","featured_img":false,"series_order":"","_links":{"self":[{"href":"https:\/\/aem.hr\/en\/wp-json\/wp\/v2\/pages\/22518","targetHints":{"allow":["GET"]}}],"collection":[{"href":"https:\/\/aem.hr\/en\/wp-json\/wp\/v2\/pages"}],"about":[{"href":"https:\/\/aem.hr\/en\/wp-json\/wp\/v2\/types\/page"}],"author":[{"embeddable":true,"href":"https:\/\/aem.hr\/en\/wp-json\/wp\/v2\/users\/18"}],"replies":[{"embeddable":true,"href":"https:\/\/aem.hr\/en\/wp-json\/wp\/v2\/comments?post=22518"}],"version-history":[{"count":1,"href":"https:\/\/aem.hr\/en\/wp-json\/wp\/v2\/pages\/22518\/revisions"}],"predecessor-version":[{"id":22530,"href":"https:\/\/aem.hr\/en\/wp-json\/wp\/v2\/pages\/22518\/revisions\/22530"}],"wp:attachment":[{"href":"https:\/\/aem.hr\/en\/wp-json\/wp\/v2\/media?parent=22518"}],"curies":[{"name":"wp","href":"https:\/\/api.w.org\/{rel}","templated":true}]}}