{"id":22553,"date":"2025-03-26T14:43:21","date_gmt":"2025-03-26T13:43:21","guid":{"rendered":"http:\/\/aem.hr\/?page_id=22553"},"modified":"2025-03-26T14:43:22","modified_gmt":"2025-03-26T13:43:22","slug":"sasa-radusin-disleksija-u-skoli-i-drustvu","status":"publish","type":"page","link":"https:\/\/aem.hr\/en\/sasa-radusin-disleksija-u-skoli-i-drustvu\/","title":{"rendered":"Sa\u0161a Radusin &#8211; &#8220;Disleksija u \u0161koli i dru\u0161tvu&#8221;"},"content":{"rendered":"\n<div class=\"wp-block-file\"><a id=\"wp-block-file--media-ed19b835-f242-43d3-8238-cfac55ce71ed\" href=\"https:\/\/aem.hr\/wp-content\/uploads\/2025\/03\/1.-Disleksija-i-bauk-i-dar.pdf\">1. Disleksija i bauk i dar<\/a><a href=\"https:\/\/aem.hr\/wp-content\/uploads\/2025\/03\/1.-Disleksija-i-bauk-i-dar.pdf\" class=\"wp-block-file__button wp-element-button\" download aria-describedby=\"wp-block-file--media-ed19b835-f242-43d3-8238-cfac55ce71ed\">Preuzimanje<\/a><\/div>\n\n\n\n<div class=\"wp-block-file\"><a id=\"wp-block-file--media-b794a334-7f3d-4940-80d6-5a6eebdd87dc\" href=\"https:\/\/aem.hr\/wp-content\/uploads\/2025\/03\/2.-Djeca-s-disleksijom-bez-podrske.pdf\">2. Djeca s disleksijom bez podr\u0161ke<\/a><a href=\"https:\/\/aem.hr\/wp-content\/uploads\/2025\/03\/2.-Djeca-s-disleksijom-bez-podrske.pdf\" class=\"wp-block-file__button wp-element-button\" download aria-describedby=\"wp-block-file--media-b794a334-7f3d-4940-80d6-5a6eebdd87dc\">Preuzimanje<\/a><\/div>\n\n\n\n<div class=\"wp-block-file\"><a id=\"wp-block-file--media-1763c1d3-bdf3-4bb7-a44e-074c2c0c363d\" href=\"https:\/\/aem.hr\/wp-content\/uploads\/2025\/03\/3.-Hrvatske-skoel-jos-uvijek.pdf\">3. Hrvatske \u0161koel jo\u0161 uvijek<\/a><a href=\"https:\/\/aem.hr\/wp-content\/uploads\/2025\/03\/3.-Hrvatske-skoel-jos-uvijek.pdf\" class=\"wp-block-file__button wp-element-button\" download aria-describedby=\"wp-block-file--media-1763c1d3-bdf3-4bb7-a44e-074c2c0c363d\">Preuzimanje<\/a><\/div>\n\n\n\n<div class=\"wp-block-file\"><a id=\"wp-block-file--media-5f933488-6474-46ce-aa1a-7c0253380d14\" href=\"https:\/\/aem.hr\/wp-content\/uploads\/2025\/03\/4.-Plave-subote-crveni-psi-iliti-sinestezija-I.pdf\">4. Plave subote, crveni psi iliti sinestezija I<\/a><a href=\"https:\/\/aem.hr\/wp-content\/uploads\/2025\/03\/4.-Plave-subote-crveni-psi-iliti-sinestezija-I.pdf\" class=\"wp-block-file__button wp-element-button\" download aria-describedby=\"wp-block-file--media-5f933488-6474-46ce-aa1a-7c0253380d14\">Preuzimanje<\/a><\/div>\n\n\n\n<div class=\"wp-block-file\"><a id=\"wp-block-file--media-8abe0c1f-64b3-463e-b89c-297fd2b5fcdf\" href=\"https:\/\/aem.hr\/wp-content\/uploads\/2025\/03\/5.-Plave-subote-crveni-psi-iliti-sinestezija-II.pdf\">5. Plave subote, crveni psi iliti sinestezija II<\/a><a href=\"https:\/\/aem.hr\/wp-content\/uploads\/2025\/03\/5.-Plave-subote-crveni-psi-iliti-sinestezija-II.pdf\" class=\"wp-block-file__button wp-element-button\" download aria-describedby=\"wp-block-file--media-8abe0c1f-64b3-463e-b89c-297fd2b5fcdf\">Preuzimanje<\/a><\/div>\n\n\n\n<div class=\"wp-block-file\"><a id=\"wp-block-file--media-fecb1267-d9b7-4ed7-bbd0-379d6730cd66\" href=\"https:\/\/aem.hr\/wp-content\/uploads\/2025\/03\/6.-Intervju-Disleksicni-su-izazov.pdf\">6. Intervju Disleksi\u010dni su izazov<\/a><a href=\"https:\/\/aem.hr\/wp-content\/uploads\/2025\/03\/6.-Intervju-Disleksicni-su-izazov.pdf\" class=\"wp-block-file__button wp-element-button\" download aria-describedby=\"wp-block-file--media-fecb1267-d9b7-4ed7-bbd0-379d6730cd66\">Preuzimanje<\/a><\/div>\n\n\n\n<div class=\"wp-block-file\"><a id=\"wp-block-file--media-e5da4355-a840-40d2-83eb-a4b48fb812d2\" href=\"https:\/\/aem.hr\/wp-content\/uploads\/2025\/03\/7.-Treba-sto-vise-ukljucivati-u-rad-grupe.pdf\">7. Treba \u0161to vi\u0161e uklju\u010divati u rad grupe<\/a><a href=\"https:\/\/aem.hr\/wp-content\/uploads\/2025\/03\/7.-Treba-sto-vise-ukljucivati-u-rad-grupe.pdf\" class=\"wp-block-file__button wp-element-button\" download aria-describedby=\"wp-block-file--media-e5da4355-a840-40d2-83eb-a4b48fb812d2\">Preuzimanje<\/a><\/div>\n\n\n\n<div class=\"wp-block-file\"><a id=\"wp-block-file--media-64d1bc24-3389-4f00-b46b-c552d5f847d7\" href=\"https:\/\/aem.hr\/wp-content\/uploads\/2025\/03\/8.-Zagrebacka-nastavnica-disleksicna.pdf\">8. Zagreba\u010dka nastavnica disleksi\u010dna<\/a><a href=\"https:\/\/aem.hr\/wp-content\/uploads\/2025\/03\/8.-Zagrebacka-nastavnica-disleksicna.pdf\" class=\"wp-block-file__button wp-element-button\" download aria-describedby=\"wp-block-file--media-64d1bc24-3389-4f00-b46b-c552d5f847d7\">Preuzimanje<\/a><\/div>\n","protected":false},"excerpt":{"rendered":"","protected":false},"author":18,"featured_media":0,"parent":0,"menu_order":0,"comment_status":"closed","ping_status":"closed","template":"","meta":{"_acf_changed":false,"inline_featured_image":false,"advgb_blocks_editor_width":"","advgb_blocks_columns_visual_guide":"","_links_to":"","_links_to_type":0,"footnotes":""},"class_list":["post-22553","page","type-page","status-publish","hentry"],"acf":[],"yoast_head":"<!-- This site is optimized with the Yoast SEO plugin v25.7 - https:\/\/yoast.com\/wordpress\/plugins\/seo\/ -->\n<title>Sa\u0161a Radusin - &quot;Disleksija u \u0161koli i dru\u0161tvu&quot; - Agencija za elektroni\u010dke medije<\/title>\n<meta name=\"robots\" content=\"index, follow, max-snippet:-1, max-image-preview:large, max-video-preview:-1\" \/>\n<link rel=\"canonical\" href=\"https:\/\/aem.hr\/sasa-radusin-disleksija-u-skoli-i-drustvu\/\" \/>\n<meta property=\"og:locale\" content=\"en_US\" \/>\n<meta property=\"og:type\" content=\"article\" \/>\n<meta property=\"og:title\" content=\"Sa\u0161a Radusin - &quot;Disleksija u \u0161koli i dru\u0161tvu&quot; - Agencija za elektroni\u010dke medije\" \/>\n<meta property=\"og:url\" content=\"https:\/\/aem.hr\/sasa-radusin-disleksija-u-skoli-i-drustvu\/\" \/>\n<meta property=\"og:site_name\" content=\"Agencija za elektroni\u010dke medije\" \/>\n<meta property=\"article:modified_time\" content=\"2025-03-26T13:43:22+00:00\" \/>\n<meta name=\"twitter:card\" content=\"summary_large_image\" \/>\n<meta name=\"twitter:label1\" content=\"Est. reading time\" \/>\n\t<meta name=\"twitter:data1\" content=\"1 minute\" \/>\n<script type=\"application\/ld+json\" class=\"yoast-schema-graph\">{\"@context\":\"https:\/\/schema.org\",\"@graph\":[{\"@type\":\"WebPage\",\"@id\":\"https:\/\/aem.hr\/sasa-radusin-disleksija-u-skoli-i-drustvu\/\",\"url\":\"https:\/\/aem.hr\/sasa-radusin-disleksija-u-skoli-i-drustvu\/\",\"name\":\"Sa\u0161a Radusin - \\\"Disleksija u \u0161koli i dru\u0161tvu\\\" - Agencija za elektroni\u010dke medije\",\"isPartOf\":{\"@id\":\"https:\/\/aem.hr\/#website\"},\"datePublished\":\"2025-03-26T13:43:21+00:00\",\"dateModified\":\"2025-03-26T13:43:22+00:00\",\"breadcrumb\":{\"@id\":\"https:\/\/aem.hr\/sasa-radusin-disleksija-u-skoli-i-drustvu\/#breadcrumb\"},\"inLanguage\":\"en-US\",\"potentialAction\":[{\"@type\":\"ReadAction\",\"target\":[\"https:\/\/aem.hr\/sasa-radusin-disleksija-u-skoli-i-drustvu\/\"]}]},{\"@type\":\"BreadcrumbList\",\"@id\":\"https:\/\/aem.hr\/sasa-radusin-disleksija-u-skoli-i-drustvu\/#breadcrumb\",\"itemListElement\":[{\"@type\":\"ListItem\",\"position\":1,\"name\":\"Po\u010detna stranica\",\"item\":\"https:\/\/aem.hr\/\"},{\"@type\":\"ListItem\",\"position\":2,\"name\":\"Sa\u0161a Radusin &#8211; &#8220;Disleksija u \u0161koli i dru\u0161tvu&#8221;\"}]},{\"@type\":\"WebSite\",\"@id\":\"https:\/\/aem.hr\/#website\",\"url\":\"https:\/\/aem.hr\/\",\"name\":\"Agencija za elektroni\u010dke medije\",\"description\":\"\",\"potentialAction\":[{\"@type\":\"SearchAction\",\"target\":{\"@type\":\"EntryPoint\",\"urlTemplate\":\"https:\/\/aem.hr\/?s={search_term_string}\"},\"query-input\":{\"@type\":\"PropertyValueSpecification\",\"valueRequired\":true,\"valueName\":\"search_term_string\"}}],\"inLanguage\":\"en-US\"}]}<\/script>\n<!-- \/ Yoast SEO plugin. -->","yoast_head_json":{"title":"Sa\u0161a Radusin - \"Disleksija u \u0161koli i dru\u0161tvu\" - Agencija za elektroni\u010dke medije","robots":{"index":"index","follow":"follow","max-snippet":"max-snippet:-1","max-image-preview":"max-image-preview:large","max-video-preview":"max-video-preview:-1"},"canonical":"https:\/\/aem.hr\/sasa-radusin-disleksija-u-skoli-i-drustvu\/","og_locale":"en_US","og_type":"article","og_title":"Sa\u0161a Radusin - \"Disleksija u \u0161koli i dru\u0161tvu\" - Agencija za elektroni\u010dke medije","og_url":"https:\/\/aem.hr\/sasa-radusin-disleksija-u-skoli-i-drustvu\/","og_site_name":"Agencija za elektroni\u010dke medije","article_modified_time":"2025-03-26T13:43:22+00:00","twitter_card":"summary_large_image","twitter_misc":{"Est. reading time":"1 minute"},"schema":{"@context":"https:\/\/schema.org","@graph":[{"@type":"WebPage","@id":"https:\/\/aem.hr\/sasa-radusin-disleksija-u-skoli-i-drustvu\/","url":"https:\/\/aem.hr\/sasa-radusin-disleksija-u-skoli-i-drustvu\/","name":"Sa\u0161a Radusin - \"Disleksija u \u0161koli i dru\u0161tvu\" - Agencija za elektroni\u010dke medije","isPartOf":{"@id":"https:\/\/aem.hr\/#website"},"datePublished":"2025-03-26T13:43:21+00:00","dateModified":"2025-03-26T13:43:22+00:00","breadcrumb":{"@id":"https:\/\/aem.hr\/sasa-radusin-disleksija-u-skoli-i-drustvu\/#breadcrumb"},"inLanguage":"en-US","potentialAction":[{"@type":"ReadAction","target":["https:\/\/aem.hr\/sasa-radusin-disleksija-u-skoli-i-drustvu\/"]}]},{"@type":"BreadcrumbList","@id":"https:\/\/aem.hr\/sasa-radusin-disleksija-u-skoli-i-drustvu\/#breadcrumb","itemListElement":[{"@type":"ListItem","position":1,"name":"Po\u010detna stranica","item":"https:\/\/aem.hr\/"},{"@type":"ListItem","position":2,"name":"Sa\u0161a Radusin &#8211; &#8220;Disleksija u \u0161koli i dru\u0161tvu&#8221;"}]},{"@type":"WebSite","@id":"https:\/\/aem.hr\/#website","url":"https:\/\/aem.hr\/","name":"Agencija za elektroni\u010dke medije","description":"","potentialAction":[{"@type":"SearchAction","target":{"@type":"EntryPoint","urlTemplate":"https:\/\/aem.hr\/?s={search_term_string}"},"query-input":{"@type":"PropertyValueSpecification","valueRequired":true,"valueName":"search_term_string"}}],"inLanguage":"en-US"}]}},"coauthors":[],"author_meta":{"author_link":"https:\/\/aem.hr\/en\/blog\/author\/mkirac\/","display_name":"Matko Kirac"},"relative_dates":{"created":"Posted 1 year ago","modified":"Updated 1 year ago"},"absolute_dates":{"created":"Posted on 26. March 2025.","modified":"Updated on 26. March 2025."},"absolute_dates_time":{"created":"Posted on 26. March 2025. 14:43","modified":"Updated on 26. March 2025. 14:43"},"featured_img_caption":"","featured_img":false,"series_order":"","_links":{"self":[{"href":"https:\/\/aem.hr\/en\/wp-json\/wp\/v2\/pages\/22553","targetHints":{"allow":["GET"]}}],"collection":[{"href":"https:\/\/aem.hr\/en\/wp-json\/wp\/v2\/pages"}],"about":[{"href":"https:\/\/aem.hr\/en\/wp-json\/wp\/v2\/types\/page"}],"author":[{"embeddable":true,"href":"https:\/\/aem.hr\/en\/wp-json\/wp\/v2\/users\/18"}],"replies":[{"embeddable":true,"href":"https:\/\/aem.hr\/en\/wp-json\/wp\/v2\/comments?post=22553"}],"version-history":[{"count":1,"href":"https:\/\/aem.hr\/en\/wp-json\/wp\/v2\/pages\/22553\/revisions"}],"predecessor-version":[{"id":22568,"href":"https:\/\/aem.hr\/en\/wp-json\/wp\/v2\/pages\/22553\/revisions\/22568"}],"wp:attachment":[{"href":"https:\/\/aem.hr\/en\/wp-json\/wp\/v2\/media?parent=22553"}],"curies":[{"name":"wp","href":"https:\/\/api.w.org\/{rel}","templated":true}]}}