{"id":22570,"date":"2025-03-26T14:44:07","date_gmt":"2025-03-26T13:44:07","guid":{"rendered":"http:\/\/aem.hr\/?page_id=22570"},"modified":"2025-03-26T14:44:08","modified_gmt":"2025-03-26T13:44:08","slug":"diana-feric-she-force-zensko-lice-nase-svakodnevice","status":"publish","type":"page","link":"https:\/\/aem.hr\/en\/diana-feric-she-force-zensko-lice-nase-svakodnevice\/","title":{"rendered":"Diana Feri\u0107 &#8211; SHE FORCE: \u017densko lice na\u0161e svakodnevice"},"content":{"rendered":"\n<div class=\"wp-block-file\"><a id=\"wp-block-file--media-4d2fb799-2638-412c-b682-387d340746ed\" href=\"https:\/\/aem.hr\/wp-content\/uploads\/2025\/03\/1.-Zene-jos-uvijek.pdf\">1. \u017dene jo\u0161 uvijek<\/a><a href=\"https:\/\/aem.hr\/wp-content\/uploads\/2025\/03\/1.-Zene-jos-uvijek.pdf\" class=\"wp-block-file__button wp-element-button\" download aria-describedby=\"wp-block-file--media-4d2fb799-2638-412c-b682-387d340746ed\">Preuzimanje<\/a><\/div>\n\n\n\n<div class=\"wp-block-file\"><a id=\"wp-block-file--media-7ff49663-99b3-43f2-89c3-22c34c5c5605\" href=\"https:\/\/aem.hr\/wp-content\/uploads\/2025\/03\/2.-Maja-Sintic.pdf\">2. Maja \u0160inti\u0107<\/a><a href=\"https:\/\/aem.hr\/wp-content\/uploads\/2025\/03\/2.-Maja-Sintic.pdf\" class=\"wp-block-file__button wp-element-button\" download aria-describedby=\"wp-block-file--media-7ff49663-99b3-43f2-89c3-22c34c5c5605\">Preuzimanje<\/a><\/div>\n\n\n\n<div class=\"wp-block-file\"><a id=\"wp-block-file--media-cacf0775-d992-4c65-a917-9de2b36d6537\" href=\"https:\/\/aem.hr\/wp-content\/uploads\/2025\/03\/3.-Magda-Mioc.pdf\">3. Magda Mio\u010d<\/a><a href=\"https:\/\/aem.hr\/wp-content\/uploads\/2025\/03\/3.-Magda-Mioc.pdf\" class=\"wp-block-file__button wp-element-button\" download aria-describedby=\"wp-block-file--media-cacf0775-d992-4c65-a917-9de2b36d6537\">Preuzimanje<\/a><\/div>\n\n\n\n<div class=\"wp-block-file\"><a id=\"wp-block-file--media-784f405d-0415-400d-814b-1cb095619822\" href=\"https:\/\/aem.hr\/wp-content\/uploads\/2025\/03\/4.-Poticajne-zenske.pdf\">4. Poticajne \u017eenske<\/a><a href=\"https:\/\/aem.hr\/wp-content\/uploads\/2025\/03\/4.-Poticajne-zenske.pdf\" class=\"wp-block-file__button wp-element-button\" download aria-describedby=\"wp-block-file--media-784f405d-0415-400d-814b-1cb095619822\">Preuzimanje<\/a><\/div>\n\n\n\n<div class=\"wp-block-file\"><a id=\"wp-block-file--media-1876f4d7-6dfc-4044-a18c-f4bb6922dec9\" href=\"https:\/\/aem.hr\/wp-content\/uploads\/2025\/03\/5.-Stare-i-moderne.pdf\">5. Stare i moderne<\/a><a href=\"https:\/\/aem.hr\/wp-content\/uploads\/2025\/03\/5.-Stare-i-moderne.pdf\" class=\"wp-block-file__button wp-element-button\" download aria-describedby=\"wp-block-file--media-1876f4d7-6dfc-4044-a18c-f4bb6922dec9\">Preuzimanje<\/a><\/div>\n\n\n\n<div class=\"wp-block-file\"><a id=\"wp-block-file--media-e817fb10-2157-431c-b2f6-cd1f7d8931f9\" href=\"https:\/\/aem.hr\/wp-content\/uploads\/2025\/03\/6.-Znate-li-gdje-su.pdf\">6. Znate li gdje su<\/a><a href=\"https:\/\/aem.hr\/wp-content\/uploads\/2025\/03\/6.-Znate-li-gdje-su.pdf\" class=\"wp-block-file__button wp-element-button\" download aria-describedby=\"wp-block-file--media-e817fb10-2157-431c-b2f6-cd1f7d8931f9\">Preuzimanje<\/a><\/div>\n\n\n\n<div class=\"wp-block-file\"><a id=\"wp-block-file--media-bbc10e94-b515-48cc-a13a-84d210b9d733\" href=\"https:\/\/aem.hr\/wp-content\/uploads\/2025\/03\/7.-Istrazili-smo-kolika.pdf\">7. Istra\u017eili smo kolika<\/a><a href=\"https:\/\/aem.hr\/wp-content\/uploads\/2025\/03\/7.-Istrazili-smo-kolika.pdf\" class=\"wp-block-file__button wp-element-button\" download aria-describedby=\"wp-block-file--media-bbc10e94-b515-48cc-a13a-84d210b9d733\">Preuzimanje<\/a><\/div>\n\n\n\n<div class=\"wp-block-file\"><a id=\"wp-block-file--media-1711959a-5062-4e52-a2f2-d5ffdaac8d7e\" href=\"https:\/\/aem.hr\/wp-content\/uploads\/2025\/03\/8.-Udruga-poslovnih-zena.pdf\">8. Udruga poslovnih \u017eena<\/a><a href=\"https:\/\/aem.hr\/wp-content\/uploads\/2025\/03\/8.-Udruga-poslovnih-zena.pdf\" class=\"wp-block-file__button wp-element-button\" download aria-describedby=\"wp-block-file--media-1711959a-5062-4e52-a2f2-d5ffdaac8d7e\">Preuzimanje<\/a><\/div>\n\n\n\n<div class=\"wp-block-file\"><a id=\"wp-block-file--media-50ff671f-e183-4160-b74e-55b05c08f527\" href=\"https:\/\/aem.hr\/wp-content\/uploads\/2025\/03\/9.-Djeca-nezaposlenih.pdf\">9. Djeca nezaposlenih<\/a><a href=\"https:\/\/aem.hr\/wp-content\/uploads\/2025\/03\/9.-Djeca-nezaposlenih.pdf\" class=\"wp-block-file__button wp-element-button\" download aria-describedby=\"wp-block-file--media-50ff671f-e183-4160-b74e-55b05c08f527\">Preuzimanje<\/a><\/div>\n","protected":false},"excerpt":{"rendered":"","protected":false},"author":18,"featured_media":0,"parent":0,"menu_order":0,"comment_status":"closed","ping_status":"closed","template":"","meta":{"_acf_changed":false,"inline_featured_image":false,"advgb_blocks_editor_width":"","advgb_blocks_columns_visual_guide":"","_links_to":"","_links_to_type":0,"footnotes":""},"class_list":["post-22570","page","type-page","status-publish","hentry"],"acf":[],"yoast_head":"<!-- This site is optimized with the Yoast SEO plugin v25.7 - https:\/\/yoast.com\/wordpress\/plugins\/seo\/ -->\n<title>Diana Feri\u0107 - SHE FORCE: \u017densko lice na\u0161e svakodnevice - Agencija za elektroni\u010dke medije<\/title>\n<meta name=\"robots\" content=\"index, follow, max-snippet:-1, max-image-preview:large, max-video-preview:-1\" \/>\n<link rel=\"canonical\" href=\"https:\/\/aem.hr\/diana-feric-she-force-zensko-lice-nase-svakodnevice\/\" \/>\n<meta property=\"og:locale\" content=\"en_US\" \/>\n<meta property=\"og:type\" content=\"article\" \/>\n<meta property=\"og:title\" content=\"Diana Feri\u0107 - SHE FORCE: \u017densko lice na\u0161e svakodnevice - Agencija za elektroni\u010dke medije\" \/>\n<meta property=\"og:url\" content=\"https:\/\/aem.hr\/diana-feric-she-force-zensko-lice-nase-svakodnevice\/\" \/>\n<meta property=\"og:site_name\" content=\"Agencija za elektroni\u010dke medije\" \/>\n<meta property=\"article:modified_time\" content=\"2025-03-26T13:44:08+00:00\" \/>\n<meta name=\"twitter:card\" content=\"summary_large_image\" \/>\n<meta name=\"twitter:label1\" content=\"Est. reading time\" \/>\n\t<meta name=\"twitter:data1\" content=\"1 minute\" \/>\n<script type=\"application\/ld+json\" class=\"yoast-schema-graph\">{\"@context\":\"https:\/\/schema.org\",\"@graph\":[{\"@type\":\"WebPage\",\"@id\":\"https:\/\/aem.hr\/diana-feric-she-force-zensko-lice-nase-svakodnevice\/\",\"url\":\"https:\/\/aem.hr\/diana-feric-she-force-zensko-lice-nase-svakodnevice\/\",\"name\":\"Diana Feri\u0107 - SHE FORCE: \u017densko lice na\u0161e svakodnevice - Agencija za elektroni\u010dke medije\",\"isPartOf\":{\"@id\":\"https:\/\/aem.hr\/#website\"},\"datePublished\":\"2025-03-26T13:44:07+00:00\",\"dateModified\":\"2025-03-26T13:44:08+00:00\",\"breadcrumb\":{\"@id\":\"https:\/\/aem.hr\/diana-feric-she-force-zensko-lice-nase-svakodnevice\/#breadcrumb\"},\"inLanguage\":\"en-US\",\"potentialAction\":[{\"@type\":\"ReadAction\",\"target\":[\"https:\/\/aem.hr\/diana-feric-she-force-zensko-lice-nase-svakodnevice\/\"]}]},{\"@type\":\"BreadcrumbList\",\"@id\":\"https:\/\/aem.hr\/diana-feric-she-force-zensko-lice-nase-svakodnevice\/#breadcrumb\",\"itemListElement\":[{\"@type\":\"ListItem\",\"position\":1,\"name\":\"Po\u010detna stranica\",\"item\":\"https:\/\/aem.hr\/\"},{\"@type\":\"ListItem\",\"position\":2,\"name\":\"Diana Feri\u0107 &#8211; SHE FORCE: \u017densko lice na\u0161e svakodnevice\"}]},{\"@type\":\"WebSite\",\"@id\":\"https:\/\/aem.hr\/#website\",\"url\":\"https:\/\/aem.hr\/\",\"name\":\"Agencija za elektroni\u010dke medije\",\"description\":\"\",\"potentialAction\":[{\"@type\":\"SearchAction\",\"target\":{\"@type\":\"EntryPoint\",\"urlTemplate\":\"https:\/\/aem.hr\/?s={search_term_string}\"},\"query-input\":{\"@type\":\"PropertyValueSpecification\",\"valueRequired\":true,\"valueName\":\"search_term_string\"}}],\"inLanguage\":\"en-US\"}]}<\/script>\n<!-- \/ Yoast SEO plugin. -->","yoast_head_json":{"title":"Diana Feri\u0107 - SHE FORCE: \u017densko lice na\u0161e svakodnevice - Agencija za elektroni\u010dke medije","robots":{"index":"index","follow":"follow","max-snippet":"max-snippet:-1","max-image-preview":"max-image-preview:large","max-video-preview":"max-video-preview:-1"},"canonical":"https:\/\/aem.hr\/diana-feric-she-force-zensko-lice-nase-svakodnevice\/","og_locale":"en_US","og_type":"article","og_title":"Diana Feri\u0107 - SHE FORCE: \u017densko lice na\u0161e svakodnevice - Agencija za elektroni\u010dke medije","og_url":"https:\/\/aem.hr\/diana-feric-she-force-zensko-lice-nase-svakodnevice\/","og_site_name":"Agencija za elektroni\u010dke medije","article_modified_time":"2025-03-26T13:44:08+00:00","twitter_card":"summary_large_image","twitter_misc":{"Est. reading time":"1 minute"},"schema":{"@context":"https:\/\/schema.org","@graph":[{"@type":"WebPage","@id":"https:\/\/aem.hr\/diana-feric-she-force-zensko-lice-nase-svakodnevice\/","url":"https:\/\/aem.hr\/diana-feric-she-force-zensko-lice-nase-svakodnevice\/","name":"Diana Feri\u0107 - SHE FORCE: \u017densko lice na\u0161e svakodnevice - Agencija za elektroni\u010dke medije","isPartOf":{"@id":"https:\/\/aem.hr\/#website"},"datePublished":"2025-03-26T13:44:07+00:00","dateModified":"2025-03-26T13:44:08+00:00","breadcrumb":{"@id":"https:\/\/aem.hr\/diana-feric-she-force-zensko-lice-nase-svakodnevice\/#breadcrumb"},"inLanguage":"en-US","potentialAction":[{"@type":"ReadAction","target":["https:\/\/aem.hr\/diana-feric-she-force-zensko-lice-nase-svakodnevice\/"]}]},{"@type":"BreadcrumbList","@id":"https:\/\/aem.hr\/diana-feric-she-force-zensko-lice-nase-svakodnevice\/#breadcrumb","itemListElement":[{"@type":"ListItem","position":1,"name":"Po\u010detna stranica","item":"https:\/\/aem.hr\/"},{"@type":"ListItem","position":2,"name":"Diana Feri\u0107 &#8211; SHE FORCE: \u017densko lice na\u0161e svakodnevice"}]},{"@type":"WebSite","@id":"https:\/\/aem.hr\/#website","url":"https:\/\/aem.hr\/","name":"Agencija za elektroni\u010dke medije","description":"","potentialAction":[{"@type":"SearchAction","target":{"@type":"EntryPoint","urlTemplate":"https:\/\/aem.hr\/?s={search_term_string}"},"query-input":{"@type":"PropertyValueSpecification","valueRequired":true,"valueName":"search_term_string"}}],"inLanguage":"en-US"}]}},"coauthors":[],"author_meta":{"author_link":"https:\/\/aem.hr\/en\/blog\/author\/mkirac\/","display_name":"Matko Kirac"},"relative_dates":{"created":"Posted 1 year ago","modified":"Updated 1 year ago"},"absolute_dates":{"created":"Posted on 26. March 2025.","modified":"Updated on 26. March 2025."},"absolute_dates_time":{"created":"Posted on 26. March 2025. 14:44","modified":"Updated on 26. March 2025. 14:44"},"featured_img_caption":"","featured_img":false,"series_order":"","_links":{"self":[{"href":"https:\/\/aem.hr\/en\/wp-json\/wp\/v2\/pages\/22570","targetHints":{"allow":["GET"]}}],"collection":[{"href":"https:\/\/aem.hr\/en\/wp-json\/wp\/v2\/pages"}],"about":[{"href":"https:\/\/aem.hr\/en\/wp-json\/wp\/v2\/types\/page"}],"author":[{"embeddable":true,"href":"https:\/\/aem.hr\/en\/wp-json\/wp\/v2\/users\/18"}],"replies":[{"embeddable":true,"href":"https:\/\/aem.hr\/en\/wp-json\/wp\/v2\/comments?post=22570"}],"version-history":[{"count":1,"href":"https:\/\/aem.hr\/en\/wp-json\/wp\/v2\/pages\/22570\/revisions"}],"predecessor-version":[{"id":22588,"href":"https:\/\/aem.hr\/en\/wp-json\/wp\/v2\/pages\/22570\/revisions\/22588"}],"wp:attachment":[{"href":"https:\/\/aem.hr\/en\/wp-json\/wp\/v2\/media?parent=22570"}],"curies":[{"name":"wp","href":"https:\/\/api.w.org\/{rel}","templated":true}]}}