{"id":228,"date":"2018-11-12T16:58:08","date_gmt":"2018-11-12T15:58:08","guid":{"rendered":"http:\/\/emediji.inspirium.hr\/?page_id=228"},"modified":"2022-10-05T14:56:30","modified_gmt":"2022-10-05T12:56:30","slug":"vijece","status":"publish","type":"page","link":"https:\/\/aem.hr\/en\/vijece\/","title":{"rendered":"Vije\u0107e"},"content":{"rendered":"\n<p>Vije\u0107e za elektroni\u010dke medije\n(VEM) neovisno je regulatorno tijelo u podru\u010dju elektroni\u010dkih medija u\nRepublici Hrvatskoj. <\/p>\n\n\n\n<p>Osnovne zada\u0107e Vije\u0107a za\nelektroni\u010dke medije kao samostalnog regulatornog tijela propisane su Zakonom o\nelektroni\u010dkim medijima i Zakonom o Hrvatskoj radioteleviziji, a izme\u0111u ostaloga\nobuhva\u0107aju: provo\u0111enje postupka davanja koncesije, dono\u0161enje odluka o\noduzimanju koncesija i dopu\u0161tenja, provo\u0111enje postupka davanja dopu\u0161tenja za\nobavljanje djelatnosti pru\u017eanja audio i\/ili audiovizualnih medijskih usluga na\nzahtjev te za satelitski, internetski, kabelski i drugi oblik prijenosa\naudiovizualnog i\/ili radijskog programa, izricanje opomena u slu\u010daju\nnepo\u0161tivanja odredaba Zakona i podzakonskih akata i\/ili podno\u0161enje optu\u017enih\nprijedloga, dono\u0161enje propisa, osiguravanje nadzora nad provedbom odredbi o\nprogramskim na\u010delima i obvezama utvr\u0111enim zakonom, osiguravanje nadzora\nprograma pru\u017eatelja medijskih usluga i zakonom utvr\u0111enih kvota informativnog\nprograma, vlastitog programa, europskih djela i djela neovisnih proizvo\u0111a\u010da;\nnamjenskog kori\u0161tenja sredstava Fonda za pluralizam i raznovrsnost medija,\nrazmatranje pritu\u017eba gra\u0111ana. <\/p>\n\n\n\n<p>U svom radu VEM \u0107e, sukladno\nzakonskim i podzakonskim aktima, davati doprinos razvitku dru\u0161tva za\u0161titom\npluralizma elektroni\u010dkih medija i raznovrsnosti sadr\u017eaja osiguravanjem jednakih\nuvjeta za tr\u017ei\u0161nu utakmicu svim pru\u017eateljima medijskih usluga, te poticanjem\nproizvodnje i objavljivanja sadr\u017eaja od javne vrijednosti na na\u010din da bude\ndostupan \u0161to ve\u0107em broju korisnika u Republici Hrvatskoj. <\/p>\n\n\n\n<p>Vije\u0107e ima sedam \u010dlanova. Predsjednika i \u010dlanove Vije\u0107a za elektroni\u010dke medije imenuje i razrje\u0161ava Hrvatski sabor na prijedlog Vlade Republike Hrvatske. Predsjednik Vije\u0107a ujedno je i ravnatelj Agencije. Mandat \u010dlanova Vije\u0107a je 5 godina te mogu biti ponovno imenovani. <br> <br> Vije\u0107e donosi svoje odluke na sjednicama.<br><\/p>\n\n\n\n<div class=\"wp-block-file\"><a id=\"wp-block-file--media-f626e9cf-1d94-4096-8d1d-c4e0f52b67f6\" href=\"https:\/\/aem.hr\/wp-content\/uploads\/2021\/01\/Poslovnik-o-radu-Vijeca-za-elektronicke-medije.pdf\">Poslovnik o radu Vije\u0107a za elektroni\u010dke medije<\/a><a href=\"https:\/\/aem.hr\/wp-content\/uploads\/2021\/01\/Poslovnik-o-radu-Vijeca-za-elektronicke-medije.pdf\" class=\"wp-block-file__button\" download aria-describedby=\"wp-block-file--media-f626e9cf-1d94-4096-8d1d-c4e0f52b67f6\">Preuzimanje<\/a><\/div>\n\n\n\n<div class=\"wp-block-file\"><a id=\"wp-block-file--media-0508ed92-965e-4d44-ab4d-99e4fac83036\" href=\"https:\/\/aem.hr\/wp-content\/uploads\/2022\/07\/Povjerenik-za-etiku.pdf\">Povjerenik za etiku<\/a><a href=\"https:\/\/aem.hr\/wp-content\/uploads\/2022\/07\/Povjerenik-za-etiku.pdf\" class=\"wp-block-file__button\" download aria-describedby=\"wp-block-file--media-0508ed92-965e-4d44-ab4d-99e4fac83036\">Preuzimanje<\/a><\/div>\n","protected":false},"excerpt":{"rendered":"<p>Vije\u0107e za elektroni\u010dke medije (VEM) neovisno je regulatorno tijelo u podru\u010dju elektroni\u010dkih medija u Republici Hrvatskoj. Osnovne zada\u0107e Vije\u0107a za elektroni\u010dke medije kao samostalnog regulatornog tijela propisane su Zakonom o elektroni\u010dkim medijima i Zakonom o Hrvatskoj radioteleviziji, a izme\u0111u ostaloga obuhva\u0107aju: provo\u0111enje postupka davanja koncesije, dono\u0161enje odluka o oduzimanju koncesija i dopu\u0161tenja, provo\u0111enje postupka davanja [&hellip;]<\/p>\n","protected":false},"author":2,"featured_media":0,"parent":0,"menu_order":0,"comment_status":"closed","ping_status":"closed","template":"","meta":{"_acf_changed":false,"inline_featured_image":false,"advgb_blocks_editor_width":"","advgb_blocks_columns_visual_guide":"","_links_to":"","_links_to_type":0,"footnotes":""},"class_list":["post-228","page","type-page","status-publish","hentry"],"acf":[],"yoast_head":"<!-- This site is optimized with the Yoast SEO plugin v25.7 - https:\/\/yoast.com\/wordpress\/plugins\/seo\/ -->\n<title>Vije\u0107e - Agencija za elektroni\u010dke medije<\/title>\n<meta name=\"robots\" content=\"index, follow, max-snippet:-1, max-image-preview:large, max-video-preview:-1\" \/>\n<link rel=\"canonical\" href=\"https:\/\/aem.hr\/vijece\/\" \/>\n<meta property=\"og:locale\" content=\"en_US\" \/>\n<meta property=\"og:type\" content=\"article\" \/>\n<meta property=\"og:title\" content=\"Vije\u0107e - Agencija za elektroni\u010dke medije\" \/>\n<meta property=\"og:description\" content=\"Vije\u0107e za elektroni\u010dke medije (VEM) neovisno je regulatorno tijelo u podru\u010dju elektroni\u010dkih medija u Republici Hrvatskoj. Osnovne zada\u0107e Vije\u0107a za elektroni\u010dke medije kao samostalnog regulatornog tijela propisane su Zakonom o elektroni\u010dkim medijima i Zakonom o Hrvatskoj radioteleviziji, a izme\u0111u ostaloga obuhva\u0107aju: provo\u0111enje postupka davanja koncesije, dono\u0161enje odluka o oduzimanju koncesija i dopu\u0161tenja, provo\u0111enje postupka davanja [&hellip;]\" \/>\n<meta property=\"og:url\" content=\"https:\/\/aem.hr\/vijece\/\" \/>\n<meta property=\"og:site_name\" content=\"Agencija za elektroni\u010dke medije\" \/>\n<meta property=\"article:modified_time\" content=\"2022-10-05T12:56:30+00:00\" \/>\n<meta name=\"twitter:card\" content=\"summary_large_image\" \/>\n<meta name=\"twitter:label1\" content=\"Est. reading time\" \/>\n\t<meta name=\"twitter:data1\" content=\"2 minutes\" \/>\n<script type=\"application\/ld+json\" class=\"yoast-schema-graph\">{\"@context\":\"https:\/\/schema.org\",\"@graph\":[{\"@type\":\"WebPage\",\"@id\":\"https:\/\/aem.hr\/vijece\/\",\"url\":\"https:\/\/aem.hr\/vijece\/\",\"name\":\"Vije\u0107e - Agencija za elektroni\u010dke medije\",\"isPartOf\":{\"@id\":\"https:\/\/aem.hr\/#website\"},\"datePublished\":\"2018-11-12T15:58:08+00:00\",\"dateModified\":\"2022-10-05T12:56:30+00:00\",\"breadcrumb\":{\"@id\":\"https:\/\/aem.hr\/vijece\/#breadcrumb\"},\"inLanguage\":\"en-US\",\"potentialAction\":[{\"@type\":\"ReadAction\",\"target\":[\"https:\/\/aem.hr\/vijece\/\"]}]},{\"@type\":\"BreadcrumbList\",\"@id\":\"https:\/\/aem.hr\/vijece\/#breadcrumb\",\"itemListElement\":[{\"@type\":\"ListItem\",\"position\":1,\"name\":\"Po\u010detna stranica\",\"item\":\"https:\/\/aem.hr\/\"},{\"@type\":\"ListItem\",\"position\":2,\"name\":\"Vije\u0107e\"}]},{\"@type\":\"WebSite\",\"@id\":\"https:\/\/aem.hr\/#website\",\"url\":\"https:\/\/aem.hr\/\",\"name\":\"Agencija za elektroni\u010dke medije\",\"description\":\"\",\"potentialAction\":[{\"@type\":\"SearchAction\",\"target\":{\"@type\":\"EntryPoint\",\"urlTemplate\":\"https:\/\/aem.hr\/?s={search_term_string}\"},\"query-input\":{\"@type\":\"PropertyValueSpecification\",\"valueRequired\":true,\"valueName\":\"search_term_string\"}}],\"inLanguage\":\"en-US\"}]}<\/script>\n<!-- \/ Yoast SEO plugin. -->","yoast_head_json":{"title":"Vije\u0107e - Agencija za elektroni\u010dke medije","robots":{"index":"index","follow":"follow","max-snippet":"max-snippet:-1","max-image-preview":"max-image-preview:large","max-video-preview":"max-video-preview:-1"},"canonical":"https:\/\/aem.hr\/vijece\/","og_locale":"en_US","og_type":"article","og_title":"Vije\u0107e - Agencija za elektroni\u010dke medije","og_description":"Vije\u0107e za elektroni\u010dke medije (VEM) neovisno je regulatorno tijelo u podru\u010dju elektroni\u010dkih medija u Republici Hrvatskoj. Osnovne zada\u0107e Vije\u0107a za elektroni\u010dke medije kao samostalnog regulatornog tijela propisane su Zakonom o elektroni\u010dkim medijima i Zakonom o Hrvatskoj radioteleviziji, a izme\u0111u ostaloga obuhva\u0107aju: provo\u0111enje postupka davanja koncesije, dono\u0161enje odluka o oduzimanju koncesija i dopu\u0161tenja, provo\u0111enje postupka davanja [&hellip;]","og_url":"https:\/\/aem.hr\/vijece\/","og_site_name":"Agencija za elektroni\u010dke medije","article_modified_time":"2022-10-05T12:56:30+00:00","twitter_card":"summary_large_image","twitter_misc":{"Est. reading time":"2 minutes"},"schema":{"@context":"https:\/\/schema.org","@graph":[{"@type":"WebPage","@id":"https:\/\/aem.hr\/vijece\/","url":"https:\/\/aem.hr\/vijece\/","name":"Vije\u0107e - Agencija za elektroni\u010dke medije","isPartOf":{"@id":"https:\/\/aem.hr\/#website"},"datePublished":"2018-11-12T15:58:08+00:00","dateModified":"2022-10-05T12:56:30+00:00","breadcrumb":{"@id":"https:\/\/aem.hr\/vijece\/#breadcrumb"},"inLanguage":"en-US","potentialAction":[{"@type":"ReadAction","target":["https:\/\/aem.hr\/vijece\/"]}]},{"@type":"BreadcrumbList","@id":"https:\/\/aem.hr\/vijece\/#breadcrumb","itemListElement":[{"@type":"ListItem","position":1,"name":"Po\u010detna stranica","item":"https:\/\/aem.hr\/"},{"@type":"ListItem","position":2,"name":"Vije\u0107e"}]},{"@type":"WebSite","@id":"https:\/\/aem.hr\/#website","url":"https:\/\/aem.hr\/","name":"Agencija za elektroni\u010dke medije","description":"","potentialAction":[{"@type":"SearchAction","target":{"@type":"EntryPoint","urlTemplate":"https:\/\/aem.hr\/?s={search_term_string}"},"query-input":{"@type":"PropertyValueSpecification","valueRequired":true,"valueName":"search_term_string"}}],"inLanguage":"en-US"}]}},"coauthors":[],"author_meta":{"author_link":"https:\/\/aem.hr\/en\/blog\/author\/stjepan\/","display_name":"stjepan"},"relative_dates":{"created":"Posted 7 years ago","modified":"Updated 4 years ago"},"absolute_dates":{"created":"Posted on 12. November 2018.","modified":"Updated on 5. October 2022."},"absolute_dates_time":{"created":"Posted on 12. November 2018. 16:58","modified":"Updated on 5. October 2022. 14:56"},"featured_img_caption":"","featured_img":false,"series_order":"","_links":{"self":[{"href":"https:\/\/aem.hr\/en\/wp-json\/wp\/v2\/pages\/228","targetHints":{"allow":["GET"]}}],"collection":[{"href":"https:\/\/aem.hr\/en\/wp-json\/wp\/v2\/pages"}],"about":[{"href":"https:\/\/aem.hr\/en\/wp-json\/wp\/v2\/types\/page"}],"author":[{"embeddable":true,"href":"https:\/\/aem.hr\/en\/wp-json\/wp\/v2\/users\/2"}],"replies":[{"embeddable":true,"href":"https:\/\/aem.hr\/en\/wp-json\/wp\/v2\/comments?post=228"}],"version-history":[{"count":44,"href":"https:\/\/aem.hr\/en\/wp-json\/wp\/v2\/pages\/228\/revisions"}],"predecessor-version":[{"id":13116,"href":"https:\/\/aem.hr\/en\/wp-json\/wp\/v2\/pages\/228\/revisions\/13116"}],"wp:attachment":[{"href":"https:\/\/aem.hr\/en\/wp-json\/wp\/v2\/media?parent=228"}],"curies":[{"name":"wp","href":"https:\/\/api.w.org\/{rel}","templated":true}]}}