{"id":23620,"date":"2025-12-05T13:02:10","date_gmt":"2025-12-05T12:02:10","guid":{"rendered":"https:\/\/aem.hr\/?page_id=23620"},"modified":"2025-12-05T13:02:11","modified_gmt":"2025-12-05T12:02:11","slug":"andelka-mustapic-penkala-od-genijalnog-izumitelja-i-kulturne-bastine-do-zaborava","status":"publish","type":"page","link":"https:\/\/aem.hr\/en\/andelka-mustapic-penkala-od-genijalnog-izumitelja-i-kulturne-bastine-do-zaborava\/","title":{"rendered":"An\u0111elka Mustapi\u0107 &#8211; PENKALA: od genijalnog izumitelja i kulturne ba\u0161tine do zaborava"},"content":{"rendered":"\n<div class=\"wp-block-file\"><a id=\"wp-block-file--media-8d2cf2b3-b63e-4926-851c-fe4e72114c41\" href=\"https:\/\/aem.hr\/wp-content\/uploads\/2025\/12\/1.-Cijeli-svijet-pise-kako-je-Zagrepcanec-zamislio.pdf\">1. Cijeli svijet pi\u0161e kako je Zagrep\u010danec zamislio!<\/a><a href=\"https:\/\/aem.hr\/wp-content\/uploads\/2025\/12\/1.-Cijeli-svijet-pise-kako-je-Zagrepcanec-zamislio.pdf\" class=\"wp-block-file__button wp-element-button\" download aria-describedby=\"wp-block-file--media-8d2cf2b3-b63e-4926-851c-fe4e72114c41\">Preuzimanje<\/a><\/div>\n\n\n\n<div class=\"wp-block-file\"><a id=\"wp-block-file--media-fda951c0-8926-4165-b4a2-2511872a51c2\" href=\"https:\/\/aem.hr\/wp-content\/uploads\/2025\/12\/2.-Zupne-knjige-sve-pobrkale.pdf\">2. \u017dupne knjige sve pobrkale<\/a><a href=\"https:\/\/aem.hr\/wp-content\/uploads\/2025\/12\/2.-Zupne-knjige-sve-pobrkale.pdf\" class=\"wp-block-file__button wp-element-button\" download aria-describedby=\"wp-block-file--media-fda951c0-8926-4165-b4a2-2511872a51c2\">Preuzimanje<\/a><\/div>\n\n\n\n<div class=\"wp-block-file\"><a id=\"wp-block-file--media-a2ed021a-4add-4762-8fef-3bf984042e78\" href=\"https:\/\/aem.hr\/wp-content\/uploads\/2025\/12\/3.-Taj-genijalac-izvrsno-je-svirao.pdf\">3. Taj genijalac izvrsno je svirao<\/a><a href=\"https:\/\/aem.hr\/wp-content\/uploads\/2025\/12\/3.-Taj-genijalac-izvrsno-je-svirao.pdf\" class=\"wp-block-file__button wp-element-button\" download aria-describedby=\"wp-block-file--media-a2ed021a-4add-4762-8fef-3bf984042e78\">Preuzimanje<\/a><\/div>\n\n\n\n<div class=\"wp-block-file\"><a id=\"wp-block-file--media-1fb35520-78f1-4c9e-8239-7b7483b11218\" href=\"https:\/\/aem.hr\/wp-content\/uploads\/2025\/12\/4.-5-ludih-Penkalinih-godina.pdf\">4. 5 ludih Penkalinih godina<\/a><a href=\"https:\/\/aem.hr\/wp-content\/uploads\/2025\/12\/4.-5-ludih-Penkalinih-godina.pdf\" class=\"wp-block-file__button wp-element-button\" download aria-describedby=\"wp-block-file--media-1fb35520-78f1-4c9e-8239-7b7483b11218\">Preuzimanje<\/a><\/div>\n\n\n\n<div class=\"wp-block-file\"><a id=\"wp-block-file--media-105eed0a-c715-4edc-b110-28bc4daf52bf\" href=\"https:\/\/aem.hr\/wp-content\/uploads\/2025\/12\/5.-Poljak-Eduard-uzeo-je-hrvatsko-ime.pdf\">5. Poljak Eduard uzeo je hrvatsko ime<\/a><a href=\"https:\/\/aem.hr\/wp-content\/uploads\/2025\/12\/5.-Poljak-Eduard-uzeo-je-hrvatsko-ime.pdf\" class=\"wp-block-file__button wp-element-button\" download aria-describedby=\"wp-block-file--media-105eed0a-c715-4edc-b110-28bc4daf52bf\">Preuzimanje<\/a><\/div>\n\n\n\n<div class=\"wp-block-file\"><a id=\"wp-block-file--media-38bb6eec-a96c-48c7-9d7f-9720ee88d97f\" href=\"https:\/\/aem.hr\/wp-content\/uploads\/2025\/12\/6.-Zagreb-je-bio-slijepo-crijevo.pdf\">6. Zagreb je bio slijepo crijevo<\/a><a href=\"https:\/\/aem.hr\/wp-content\/uploads\/2025\/12\/6.-Zagreb-je-bio-slijepo-crijevo.pdf\" class=\"wp-block-file__button wp-element-button\" download aria-describedby=\"wp-block-file--media-38bb6eec-a96c-48c7-9d7f-9720ee88d97f\">Preuzimanje<\/a><\/div>\n\n\n\n<div class=\"wp-block-file\"><a id=\"wp-block-file--media-30c9e38f-2dd9-426d-a037-85400f757958\" href=\"https:\/\/aem.hr\/wp-content\/uploads\/2025\/12\/7.-On-je-zasluzan-i-za-besprijekornu.pdf\">7. On je zaslu\u017ean i za besprijekornu<\/a><a href=\"https:\/\/aem.hr\/wp-content\/uploads\/2025\/12\/7.-On-je-zasluzan-i-za-besprijekornu.pdf\" class=\"wp-block-file__button wp-element-button\" download aria-describedby=\"wp-block-file--media-30c9e38f-2dd9-426d-a037-85400f757958\">Preuzimanje<\/a><\/div>\n\n\n\n<div class=\"wp-block-file\"><a id=\"wp-block-file--media-7e77a629-3fda-471c-b4da-2b3bdc23cc4d\" href=\"https:\/\/aem.hr\/wp-content\/uploads\/2025\/12\/8.-Slavoljub-Penkala-prvi-je-objavio.pdf\">8. Slavoljub Penkala prvi je objavio<\/a><a href=\"https:\/\/aem.hr\/wp-content\/uploads\/2025\/12\/8.-Slavoljub-Penkala-prvi-je-objavio.pdf\" class=\"wp-block-file__button wp-element-button\" download aria-describedby=\"wp-block-file--media-7e77a629-3fda-471c-b4da-2b3bdc23cc4d\">Preuzimanje<\/a><\/div>\n\n\n\n<div class=\"wp-block-file\"><a id=\"wp-block-file--media-70e41c41-7c6a-4235-a340-16d29ca266ea\" href=\"https:\/\/aem.hr\/wp-content\/uploads\/2025\/12\/9.-Tajna-svih-njegovih-tajni.pdf\">9. Tajna svih njegovih tajni<\/a><a href=\"https:\/\/aem.hr\/wp-content\/uploads\/2025\/12\/9.-Tajna-svih-njegovih-tajni.pdf\" class=\"wp-block-file__button wp-element-button\" download aria-describedby=\"wp-block-file--media-70e41c41-7c6a-4235-a340-16d29ca266ea\">Preuzimanje<\/a><\/div>\n\n\n\n<div class=\"wp-block-file\"><a id=\"wp-block-file--media-dfa439c1-333f-4014-881d-6d6f249e4a0e\" href=\"https:\/\/aem.hr\/wp-content\/uploads\/2025\/12\/10.-7-godina-nakon-brace-Wright.pdf\">10. 7 godina nakon bra\u0107e Wright<\/a><a href=\"https:\/\/aem.hr\/wp-content\/uploads\/2025\/12\/10.-7-godina-nakon-brace-Wright.pdf\" class=\"wp-block-file__button wp-element-button\" download aria-describedby=\"wp-block-file--media-dfa439c1-333f-4014-881d-6d6f249e4a0e\">Preuzimanje<\/a><\/div>\n\n\n\n<div class=\"wp-block-file\"><a id=\"wp-block-file--media-3443e683-cdca-4e30-bebc-35fa4d14c579\" href=\"https:\/\/aem.hr\/wp-content\/uploads\/2025\/12\/11.-Samo-su-Tita-i-Radica-Zagrebcani-otpratili.pdf\">11. Samo su Tita i Radi\u0107a Zagreb\u010dani otpratili<\/a><a href=\"https:\/\/aem.hr\/wp-content\/uploads\/2025\/12\/11.-Samo-su-Tita-i-Radica-Zagrebcani-otpratili.pdf\" class=\"wp-block-file__button wp-element-button\" download aria-describedby=\"wp-block-file--media-3443e683-cdca-4e30-bebc-35fa4d14c579\">Preuzimanje<\/a><\/div>\n","protected":false},"excerpt":{"rendered":"","protected":false},"author":18,"featured_media":0,"parent":0,"menu_order":0,"comment_status":"closed","ping_status":"closed","template":"","meta":{"_acf_changed":false,"inline_featured_image":false,"advgb_blocks_editor_width":"","advgb_blocks_columns_visual_guide":"","_links_to":"","_links_to_type":0,"footnotes":""},"class_list":["post-23620","page","type-page","status-publish","hentry"],"acf":[],"yoast_head":"<!-- This site is optimized with the Yoast SEO plugin v25.7 - https:\/\/yoast.com\/wordpress\/plugins\/seo\/ -->\n<title>An\u0111elka Mustapi\u0107 - PENKALA: od genijalnog izumitelja i kulturne ba\u0161tine do zaborava - Agencija za elektroni\u010dke medije<\/title>\n<meta name=\"robots\" content=\"index, follow, max-snippet:-1, max-image-preview:large, max-video-preview:-1\" \/>\n<link rel=\"canonical\" href=\"https:\/\/aem.hr\/andelka-mustapic-penkala-od-genijalnog-izumitelja-i-kulturne-bastine-do-zaborava\/\" \/>\n<meta property=\"og:locale\" content=\"en_US\" \/>\n<meta property=\"og:type\" content=\"article\" \/>\n<meta property=\"og:title\" content=\"An\u0111elka Mustapi\u0107 - PENKALA: od genijalnog izumitelja i kulturne ba\u0161tine do zaborava - Agencija za elektroni\u010dke medije\" \/>\n<meta property=\"og:url\" content=\"https:\/\/aem.hr\/andelka-mustapic-penkala-od-genijalnog-izumitelja-i-kulturne-bastine-do-zaborava\/\" \/>\n<meta property=\"og:site_name\" content=\"Agencija za elektroni\u010dke medije\" \/>\n<meta property=\"article:modified_time\" content=\"2025-12-05T12:02:11+00:00\" \/>\n<meta name=\"twitter:card\" content=\"summary_large_image\" \/>\n<meta name=\"twitter:label1\" content=\"Est. reading time\" \/>\n\t<meta name=\"twitter:data1\" content=\"1 minute\" \/>\n<script type=\"application\/ld+json\" class=\"yoast-schema-graph\">{\"@context\":\"https:\/\/schema.org\",\"@graph\":[{\"@type\":\"WebPage\",\"@id\":\"https:\/\/aem.hr\/andelka-mustapic-penkala-od-genijalnog-izumitelja-i-kulturne-bastine-do-zaborava\/\",\"url\":\"https:\/\/aem.hr\/andelka-mustapic-penkala-od-genijalnog-izumitelja-i-kulturne-bastine-do-zaborava\/\",\"name\":\"An\u0111elka Mustapi\u0107 - PENKALA: od genijalnog izumitelja i kulturne ba\u0161tine do zaborava - Agencija za elektroni\u010dke medije\",\"isPartOf\":{\"@id\":\"https:\/\/aem.hr\/#website\"},\"datePublished\":\"2025-12-05T12:02:10+00:00\",\"dateModified\":\"2025-12-05T12:02:11+00:00\",\"breadcrumb\":{\"@id\":\"https:\/\/aem.hr\/andelka-mustapic-penkala-od-genijalnog-izumitelja-i-kulturne-bastine-do-zaborava\/#breadcrumb\"},\"inLanguage\":\"en-US\",\"potentialAction\":[{\"@type\":\"ReadAction\",\"target\":[\"https:\/\/aem.hr\/andelka-mustapic-penkala-od-genijalnog-izumitelja-i-kulturne-bastine-do-zaborava\/\"]}]},{\"@type\":\"BreadcrumbList\",\"@id\":\"https:\/\/aem.hr\/andelka-mustapic-penkala-od-genijalnog-izumitelja-i-kulturne-bastine-do-zaborava\/#breadcrumb\",\"itemListElement\":[{\"@type\":\"ListItem\",\"position\":1,\"name\":\"Po\u010detna stranica\",\"item\":\"https:\/\/aem.hr\/\"},{\"@type\":\"ListItem\",\"position\":2,\"name\":\"An\u0111elka Mustapi\u0107 &#8211; PENKALA: od genijalnog izumitelja i kulturne ba\u0161tine do zaborava\"}]},{\"@type\":\"WebSite\",\"@id\":\"https:\/\/aem.hr\/#website\",\"url\":\"https:\/\/aem.hr\/\",\"name\":\"Agencija za elektroni\u010dke medije\",\"description\":\"\",\"potentialAction\":[{\"@type\":\"SearchAction\",\"target\":{\"@type\":\"EntryPoint\",\"urlTemplate\":\"https:\/\/aem.hr\/?s={search_term_string}\"},\"query-input\":{\"@type\":\"PropertyValueSpecification\",\"valueRequired\":true,\"valueName\":\"search_term_string\"}}],\"inLanguage\":\"en-US\"}]}<\/script>\n<!-- \/ Yoast SEO plugin. -->","yoast_head_json":{"title":"An\u0111elka Mustapi\u0107 - PENKALA: od genijalnog izumitelja i kulturne ba\u0161tine do zaborava - Agencija za elektroni\u010dke medije","robots":{"index":"index","follow":"follow","max-snippet":"max-snippet:-1","max-image-preview":"max-image-preview:large","max-video-preview":"max-video-preview:-1"},"canonical":"https:\/\/aem.hr\/andelka-mustapic-penkala-od-genijalnog-izumitelja-i-kulturne-bastine-do-zaborava\/","og_locale":"en_US","og_type":"article","og_title":"An\u0111elka Mustapi\u0107 - PENKALA: od genijalnog izumitelja i kulturne ba\u0161tine do zaborava - Agencija za elektroni\u010dke medije","og_url":"https:\/\/aem.hr\/andelka-mustapic-penkala-od-genijalnog-izumitelja-i-kulturne-bastine-do-zaborava\/","og_site_name":"Agencija za elektroni\u010dke medije","article_modified_time":"2025-12-05T12:02:11+00:00","twitter_card":"summary_large_image","twitter_misc":{"Est. reading time":"1 minute"},"schema":{"@context":"https:\/\/schema.org","@graph":[{"@type":"WebPage","@id":"https:\/\/aem.hr\/andelka-mustapic-penkala-od-genijalnog-izumitelja-i-kulturne-bastine-do-zaborava\/","url":"https:\/\/aem.hr\/andelka-mustapic-penkala-od-genijalnog-izumitelja-i-kulturne-bastine-do-zaborava\/","name":"An\u0111elka Mustapi\u0107 - PENKALA: od genijalnog izumitelja i kulturne ba\u0161tine do zaborava - Agencija za elektroni\u010dke medije","isPartOf":{"@id":"https:\/\/aem.hr\/#website"},"datePublished":"2025-12-05T12:02:10+00:00","dateModified":"2025-12-05T12:02:11+00:00","breadcrumb":{"@id":"https:\/\/aem.hr\/andelka-mustapic-penkala-od-genijalnog-izumitelja-i-kulturne-bastine-do-zaborava\/#breadcrumb"},"inLanguage":"en-US","potentialAction":[{"@type":"ReadAction","target":["https:\/\/aem.hr\/andelka-mustapic-penkala-od-genijalnog-izumitelja-i-kulturne-bastine-do-zaborava\/"]}]},{"@type":"BreadcrumbList","@id":"https:\/\/aem.hr\/andelka-mustapic-penkala-od-genijalnog-izumitelja-i-kulturne-bastine-do-zaborava\/#breadcrumb","itemListElement":[{"@type":"ListItem","position":1,"name":"Po\u010detna stranica","item":"https:\/\/aem.hr\/"},{"@type":"ListItem","position":2,"name":"An\u0111elka Mustapi\u0107 &#8211; PENKALA: od genijalnog izumitelja i kulturne ba\u0161tine do zaborava"}]},{"@type":"WebSite","@id":"https:\/\/aem.hr\/#website","url":"https:\/\/aem.hr\/","name":"Agencija za elektroni\u010dke medije","description":"","potentialAction":[{"@type":"SearchAction","target":{"@type":"EntryPoint","urlTemplate":"https:\/\/aem.hr\/?s={search_term_string}"},"query-input":{"@type":"PropertyValueSpecification","valueRequired":true,"valueName":"search_term_string"}}],"inLanguage":"en-US"}]}},"coauthors":[],"author_meta":{"author_link":"https:\/\/aem.hr\/en\/blog\/author\/mkirac\/","display_name":"Matko Kirac"},"relative_dates":{"created":"Posted 4 months ago","modified":"Updated 4 months ago"},"absolute_dates":{"created":"Posted on 5. December 2025.","modified":"Updated on 5. December 2025."},"absolute_dates_time":{"created":"Posted on 5. December 2025. 13:02","modified":"Updated on 5. December 2025. 13:02"},"featured_img_caption":"","featured_img":false,"series_order":"","_links":{"self":[{"href":"https:\/\/aem.hr\/en\/wp-json\/wp\/v2\/pages\/23620","targetHints":{"allow":["GET"]}}],"collection":[{"href":"https:\/\/aem.hr\/en\/wp-json\/wp\/v2\/pages"}],"about":[{"href":"https:\/\/aem.hr\/en\/wp-json\/wp\/v2\/types\/page"}],"author":[{"embeddable":true,"href":"https:\/\/aem.hr\/en\/wp-json\/wp\/v2\/users\/18"}],"replies":[{"embeddable":true,"href":"https:\/\/aem.hr\/en\/wp-json\/wp\/v2\/comments?post=23620"}],"version-history":[{"count":1,"href":"https:\/\/aem.hr\/en\/wp-json\/wp\/v2\/pages\/23620\/revisions"}],"predecessor-version":[{"id":23643,"href":"https:\/\/aem.hr\/en\/wp-json\/wp\/v2\/pages\/23620\/revisions\/23643"}],"wp:attachment":[{"href":"https:\/\/aem.hr\/en\/wp-json\/wp\/v2\/media?parent=23620"}],"curies":[{"name":"wp","href":"https:\/\/api.w.org\/{rel}","templated":true}]}}