{"id":23667,"date":"2025-12-05T13:18:56","date_gmt":"2025-12-05T12:18:56","guid":{"rendered":"https:\/\/aem.hr\/?page_id=23667"},"modified":"2025-12-05T13:18:58","modified_gmt":"2025-12-05T12:18:58","slug":"igor-kokorus-javna-nabava-u-zdravstvu-anatomija-korupcije-od-mikroskopa-do-ministra","status":"publish","type":"page","link":"https:\/\/aem.hr\/en\/igor-kokorus-javna-nabava-u-zdravstvu-anatomija-korupcije-od-mikroskopa-do-ministra\/","title":{"rendered":"Igor Kokoru\u0161 &#8211; Javna nabava u zdravstvu &#8211; anatomija korupcije: Od mikroskopa do ministra"},"content":{"rendered":"\n<div class=\"wp-block-file\"><a id=\"wp-block-file--media-8218ea31-8fe0-4bc9-86fb-21a9a15c0e29\" href=\"https:\/\/aem.hr\/wp-content\/uploads\/2025\/12\/1.-Od-COVID-heroja-do-USKOK-ov-optuzenika.pdf\">1. Od COVID heroja do USKOK-ov optu\u017eenika<\/a><a href=\"https:\/\/aem.hr\/wp-content\/uploads\/2025\/12\/1.-Od-COVID-heroja-do-USKOK-ov-optuzenika.pdf\" class=\"wp-block-file__button wp-element-button\" download aria-describedby=\"wp-block-file--media-8218ea31-8fe0-4bc9-86fb-21a9a15c0e29\">Preuzimanje<\/a><\/div>\n\n\n\n<div class=\"wp-block-file\"><a id=\"wp-block-file--media-b889db5b-d343-47c3-bc57-5c01689afc5e\" href=\"https:\/\/aem.hr\/wp-content\/uploads\/2025\/12\/2.-Afera-Hipokrat-Sto-smo-naucili-iz-najveceg.pdf\">2. Afera Hipokrat \u0160to smo nau\u010dili iz najve\u0107eg<\/a><a href=\"https:\/\/aem.hr\/wp-content\/uploads\/2025\/12\/2.-Afera-Hipokrat-Sto-smo-naucili-iz-najveceg.pdf\" class=\"wp-block-file__button wp-element-button\" download aria-describedby=\"wp-block-file--media-b889db5b-d343-47c3-bc57-5c01689afc5e\">Preuzimanje<\/a><\/div>\n\n\n\n<div class=\"wp-block-file\"><a id=\"wp-block-file--media-31e5db48-3df4-4d29-bdf1-483e4e4fb86b\" href=\"https:\/\/aem.hr\/wp-content\/uploads\/2025\/12\/3.-Gdje-curi-javna-nabava-i-mogu-li-se.pdf\">3. Gdje curi javna nabava i mogu li se<\/a><a href=\"https:\/\/aem.hr\/wp-content\/uploads\/2025\/12\/3.-Gdje-curi-javna-nabava-i-mogu-li-se.pdf\" class=\"wp-block-file__button wp-element-button\" download aria-describedby=\"wp-block-file--media-31e5db48-3df4-4d29-bdf1-483e4e4fb86b\">Preuzimanje<\/a><\/div>\n\n\n\n<div class=\"wp-block-file\"><a id=\"wp-block-file--media-8bb0c852-50fc-4f98-99ef-5f7966b69599\" href=\"https:\/\/aem.hr\/wp-content\/uploads\/2025\/12\/4.-KBC-Osijek-platio-je-mikroskop-tri-puta-skuplje.pdf\">4. KBC Osijek platio je mikroskop tri puta skuplje<\/a><a href=\"https:\/\/aem.hr\/wp-content\/uploads\/2025\/12\/4.-KBC-Osijek-platio-je-mikroskop-tri-puta-skuplje.pdf\" class=\"wp-block-file__button wp-element-button\" download aria-describedby=\"wp-block-file--media-8bb0c852-50fc-4f98-99ef-5f7966b69599\">Preuzimanje<\/a><\/div>\n\n\n\n<div class=\"wp-block-file\"><a id=\"wp-block-file--media-20cffca9-30e8-4904-b2c3-a47ddbe9f8c1\" href=\"https:\/\/aem.hr\/wp-content\/uploads\/2025\/12\/5.-Vrtoglavi-iznosi-preko-noci-sjedali-na-racun.pdf\">5. Vrtoglavi iznosi preko no\u0107i sjedali na ra\u010dun<\/a><a href=\"https:\/\/aem.hr\/wp-content\/uploads\/2025\/12\/5.-Vrtoglavi-iznosi-preko-noci-sjedali-na-racun.pdf\" class=\"wp-block-file__button wp-element-button\" download aria-describedby=\"wp-block-file--media-20cffca9-30e8-4904-b2c3-a47ddbe9f8c1\">Preuzimanje<\/a><\/div>\n\n\n\n<div class=\"wp-block-file\"><a id=\"wp-block-file--media-4396b599-c276-4997-97c2-55c5d9d01a11\" href=\"https:\/\/aem.hr\/wp-content\/uploads\/2025\/12\/6.-Mito-u-kuvertama-ali-i-aparatima.pdf\">6. Mito u kuvertama, ali i aparatima<\/a><a href=\"https:\/\/aem.hr\/wp-content\/uploads\/2025\/12\/6.-Mito-u-kuvertama-ali-i-aparatima.pdf\" class=\"wp-block-file__button wp-element-button\" download aria-describedby=\"wp-block-file--media-4396b599-c276-4997-97c2-55c5d9d01a11\">Preuzimanje<\/a><\/div>\n\n\n\n<div class=\"wp-block-file\"><a id=\"wp-block-file--media-e204f618-a0c0-421e-9651-f373ec798f08\" href=\"https:\/\/aem.hr\/wp-content\/uploads\/2025\/12\/7.-Ne-nose-svi-heroji-plast_-Ovi-su-ravnatelji.pdf\">7. Ne nose svi heroji pla\u0161t_ Ovi su ravnatelji<\/a><a href=\"https:\/\/aem.hr\/wp-content\/uploads\/2025\/12\/7.-Ne-nose-svi-heroji-plast_-Ovi-su-ravnatelji.pdf\" class=\"wp-block-file__button wp-element-button\" download aria-describedby=\"wp-block-file--media-e204f618-a0c0-421e-9651-f373ec798f08\">Preuzimanje<\/a><\/div>\n\n\n\n<div class=\"wp-block-file\"><a id=\"wp-block-file--media-51f0fba5-7813-4480-a0e6-d0156645147d\" href=\"https:\/\/aem.hr\/wp-content\/uploads\/2025\/12\/8.-Cijena-korupcije.pdf\">8. Cijena korupcije<\/a><a href=\"https:\/\/aem.hr\/wp-content\/uploads\/2025\/12\/8.-Cijena-korupcije.pdf\" class=\"wp-block-file__button wp-element-button\" download aria-describedby=\"wp-block-file--media-51f0fba5-7813-4480-a0e6-d0156645147d\">Preuzimanje<\/a><\/div>\n","protected":false},"excerpt":{"rendered":"","protected":false},"author":18,"featured_media":0,"parent":0,"menu_order":0,"comment_status":"closed","ping_status":"closed","template":"","meta":{"_acf_changed":false,"inline_featured_image":false,"advgb_blocks_editor_width":"","advgb_blocks_columns_visual_guide":"","_links_to":"","_links_to_type":0,"footnotes":""},"class_list":["post-23667","page","type-page","status-publish","hentry"],"acf":[],"yoast_head":"<!-- This site is optimized with the Yoast SEO plugin v25.7 - https:\/\/yoast.com\/wordpress\/plugins\/seo\/ -->\n<title>Igor Kokoru\u0161 - Javna nabava u zdravstvu - anatomija korupcije: Od mikroskopa do ministra - Agencija za elektroni\u010dke medije<\/title>\n<meta name=\"robots\" content=\"index, follow, max-snippet:-1, max-image-preview:large, max-video-preview:-1\" \/>\n<link rel=\"canonical\" href=\"https:\/\/aem.hr\/igor-kokorus-javna-nabava-u-zdravstvu-anatomija-korupcije-od-mikroskopa-do-ministra\/\" \/>\n<meta property=\"og:locale\" content=\"en_US\" \/>\n<meta property=\"og:type\" content=\"article\" \/>\n<meta property=\"og:title\" content=\"Igor Kokoru\u0161 - Javna nabava u zdravstvu - anatomija korupcije: Od mikroskopa do ministra - Agencija za elektroni\u010dke medije\" \/>\n<meta property=\"og:url\" content=\"https:\/\/aem.hr\/igor-kokorus-javna-nabava-u-zdravstvu-anatomija-korupcije-od-mikroskopa-do-ministra\/\" \/>\n<meta property=\"og:site_name\" content=\"Agencija za elektroni\u010dke medije\" \/>\n<meta property=\"article:modified_time\" content=\"2025-12-05T12:18:58+00:00\" \/>\n<meta name=\"twitter:card\" content=\"summary_large_image\" \/>\n<meta name=\"twitter:label1\" content=\"Est. reading time\" \/>\n\t<meta name=\"twitter:data1\" content=\"1 minute\" \/>\n<script type=\"application\/ld+json\" class=\"yoast-schema-graph\">{\"@context\":\"https:\/\/schema.org\",\"@graph\":[{\"@type\":\"WebPage\",\"@id\":\"https:\/\/aem.hr\/igor-kokorus-javna-nabava-u-zdravstvu-anatomija-korupcije-od-mikroskopa-do-ministra\/\",\"url\":\"https:\/\/aem.hr\/igor-kokorus-javna-nabava-u-zdravstvu-anatomija-korupcije-od-mikroskopa-do-ministra\/\",\"name\":\"Igor Kokoru\u0161 - Javna nabava u zdravstvu - anatomija korupcije: Od mikroskopa do ministra - Agencija za elektroni\u010dke medije\",\"isPartOf\":{\"@id\":\"https:\/\/aem.hr\/#website\"},\"datePublished\":\"2025-12-05T12:18:56+00:00\",\"dateModified\":\"2025-12-05T12:18:58+00:00\",\"breadcrumb\":{\"@id\":\"https:\/\/aem.hr\/igor-kokorus-javna-nabava-u-zdravstvu-anatomija-korupcije-od-mikroskopa-do-ministra\/#breadcrumb\"},\"inLanguage\":\"en-US\",\"potentialAction\":[{\"@type\":\"ReadAction\",\"target\":[\"https:\/\/aem.hr\/igor-kokorus-javna-nabava-u-zdravstvu-anatomija-korupcije-od-mikroskopa-do-ministra\/\"]}]},{\"@type\":\"BreadcrumbList\",\"@id\":\"https:\/\/aem.hr\/igor-kokorus-javna-nabava-u-zdravstvu-anatomija-korupcije-od-mikroskopa-do-ministra\/#breadcrumb\",\"itemListElement\":[{\"@type\":\"ListItem\",\"position\":1,\"name\":\"Po\u010detna stranica\",\"item\":\"https:\/\/aem.hr\/\"},{\"@type\":\"ListItem\",\"position\":2,\"name\":\"Igor Kokoru\u0161 &#8211; Javna nabava u zdravstvu &#8211; anatomija korupcije: Od mikroskopa do ministra\"}]},{\"@type\":\"WebSite\",\"@id\":\"https:\/\/aem.hr\/#website\",\"url\":\"https:\/\/aem.hr\/\",\"name\":\"Agencija za elektroni\u010dke medije\",\"description\":\"\",\"potentialAction\":[{\"@type\":\"SearchAction\",\"target\":{\"@type\":\"EntryPoint\",\"urlTemplate\":\"https:\/\/aem.hr\/?s={search_term_string}\"},\"query-input\":{\"@type\":\"PropertyValueSpecification\",\"valueRequired\":true,\"valueName\":\"search_term_string\"}}],\"inLanguage\":\"en-US\"}]}<\/script>\n<!-- \/ Yoast SEO plugin. -->","yoast_head_json":{"title":"Igor Kokoru\u0161 - Javna nabava u zdravstvu - anatomija korupcije: Od mikroskopa do ministra - Agencija za elektroni\u010dke medije","robots":{"index":"index","follow":"follow","max-snippet":"max-snippet:-1","max-image-preview":"max-image-preview:large","max-video-preview":"max-video-preview:-1"},"canonical":"https:\/\/aem.hr\/igor-kokorus-javna-nabava-u-zdravstvu-anatomija-korupcije-od-mikroskopa-do-ministra\/","og_locale":"en_US","og_type":"article","og_title":"Igor Kokoru\u0161 - Javna nabava u zdravstvu - anatomija korupcije: Od mikroskopa do ministra - Agencija za elektroni\u010dke medije","og_url":"https:\/\/aem.hr\/igor-kokorus-javna-nabava-u-zdravstvu-anatomija-korupcije-od-mikroskopa-do-ministra\/","og_site_name":"Agencija za elektroni\u010dke medije","article_modified_time":"2025-12-05T12:18:58+00:00","twitter_card":"summary_large_image","twitter_misc":{"Est. reading time":"1 minute"},"schema":{"@context":"https:\/\/schema.org","@graph":[{"@type":"WebPage","@id":"https:\/\/aem.hr\/igor-kokorus-javna-nabava-u-zdravstvu-anatomija-korupcije-od-mikroskopa-do-ministra\/","url":"https:\/\/aem.hr\/igor-kokorus-javna-nabava-u-zdravstvu-anatomija-korupcije-od-mikroskopa-do-ministra\/","name":"Igor Kokoru\u0161 - Javna nabava u zdravstvu - anatomija korupcije: Od mikroskopa do ministra - Agencija za elektroni\u010dke medije","isPartOf":{"@id":"https:\/\/aem.hr\/#website"},"datePublished":"2025-12-05T12:18:56+00:00","dateModified":"2025-12-05T12:18:58+00:00","breadcrumb":{"@id":"https:\/\/aem.hr\/igor-kokorus-javna-nabava-u-zdravstvu-anatomija-korupcije-od-mikroskopa-do-ministra\/#breadcrumb"},"inLanguage":"en-US","potentialAction":[{"@type":"ReadAction","target":["https:\/\/aem.hr\/igor-kokorus-javna-nabava-u-zdravstvu-anatomija-korupcije-od-mikroskopa-do-ministra\/"]}]},{"@type":"BreadcrumbList","@id":"https:\/\/aem.hr\/igor-kokorus-javna-nabava-u-zdravstvu-anatomija-korupcije-od-mikroskopa-do-ministra\/#breadcrumb","itemListElement":[{"@type":"ListItem","position":1,"name":"Po\u010detna stranica","item":"https:\/\/aem.hr\/"},{"@type":"ListItem","position":2,"name":"Igor Kokoru\u0161 &#8211; Javna nabava u zdravstvu &#8211; anatomija korupcije: Od mikroskopa do ministra"}]},{"@type":"WebSite","@id":"https:\/\/aem.hr\/#website","url":"https:\/\/aem.hr\/","name":"Agencija za elektroni\u010dke medije","description":"","potentialAction":[{"@type":"SearchAction","target":{"@type":"EntryPoint","urlTemplate":"https:\/\/aem.hr\/?s={search_term_string}"},"query-input":{"@type":"PropertyValueSpecification","valueRequired":true,"valueName":"search_term_string"}}],"inLanguage":"en-US"}]}},"coauthors":[],"author_meta":{"author_link":"https:\/\/aem.hr\/en\/blog\/author\/mkirac\/","display_name":"Matko Kirac"},"relative_dates":{"created":"Posted 4 months ago","modified":"Updated 4 months ago"},"absolute_dates":{"created":"Posted on 5. December 2025.","modified":"Updated on 5. December 2025."},"absolute_dates_time":{"created":"Posted on 5. December 2025. 13:18","modified":"Updated on 5. December 2025. 13:18"},"featured_img_caption":"","featured_img":false,"series_order":"","_links":{"self":[{"href":"https:\/\/aem.hr\/en\/wp-json\/wp\/v2\/pages\/23667","targetHints":{"allow":["GET"]}}],"collection":[{"href":"https:\/\/aem.hr\/en\/wp-json\/wp\/v2\/pages"}],"about":[{"href":"https:\/\/aem.hr\/en\/wp-json\/wp\/v2\/types\/page"}],"author":[{"embeddable":true,"href":"https:\/\/aem.hr\/en\/wp-json\/wp\/v2\/users\/18"}],"replies":[{"embeddable":true,"href":"https:\/\/aem.hr\/en\/wp-json\/wp\/v2\/comments?post=23667"}],"version-history":[{"count":1,"href":"https:\/\/aem.hr\/en\/wp-json\/wp\/v2\/pages\/23667\/revisions"}],"predecessor-version":[{"id":23684,"href":"https:\/\/aem.hr\/en\/wp-json\/wp\/v2\/pages\/23667\/revisions\/23684"}],"wp:attachment":[{"href":"https:\/\/aem.hr\/en\/wp-json\/wp\/v2\/media?parent=23667"}],"curies":[{"name":"wp","href":"https:\/\/api.w.org\/{rel}","templated":true}]}}