{"id":23686,"date":"2025-12-05T13:20:03","date_gmt":"2025-12-05T12:20:03","guid":{"rendered":"https:\/\/aem.hr\/?page_id=23686"},"modified":"2025-12-05T13:20:04","modified_gmt":"2025-12-05T12:20:04","slug":"sasa-simpraga-abeceda-obale","status":"publish","type":"page","link":"https:\/\/aem.hr\/en\/sasa-simpraga-abeceda-obale\/","title":{"rendered":"Sa\u0161a \u0160impraga &#8211; Abeceda obale"},"content":{"rendered":"\n<div class=\"wp-block-file\"><a id=\"wp-block-file--media-abc6f670-bf98-4174-80f8-2d42bacdac00\" href=\"https:\/\/aem.hr\/wp-content\/uploads\/2025\/12\/1.-Prva-obala.pdf\">1. Prva obala<\/a><a href=\"https:\/\/aem.hr\/wp-content\/uploads\/2025\/12\/1.-Prva-obala.pdf\" class=\"wp-block-file__button wp-element-button\" download aria-describedby=\"wp-block-file--media-abc6f670-bf98-4174-80f8-2d42bacdac00\">Preuzimanje<\/a><\/div>\n\n\n\n<div class=\"wp-block-file\"><a id=\"wp-block-file--media-d9e5e3fe-b9ce-4b7c-9095-bd150d6a8831\" href=\"https:\/\/aem.hr\/wp-content\/uploads\/2025\/12\/2.-Trg-nije-mjesto.pdf\">2. Trg nije mjesto<\/a><a href=\"https:\/\/aem.hr\/wp-content\/uploads\/2025\/12\/2.-Trg-nije-mjesto.pdf\" class=\"wp-block-file__button wp-element-button\" download aria-describedby=\"wp-block-file--media-d9e5e3fe-b9ce-4b7c-9095-bd150d6a8831\">Preuzimanje<\/a><\/div>\n\n\n\n<div class=\"wp-block-file\"><a id=\"wp-block-file--media-59b443eb-d92f-45e9-b851-f56661343e5e\" href=\"https:\/\/aem.hr\/wp-content\/uploads\/2025\/12\/3.-Sredina-mosta.pdf\">3. Sredina mosta<\/a><a href=\"https:\/\/aem.hr\/wp-content\/uploads\/2025\/12\/3.-Sredina-mosta.pdf\" class=\"wp-block-file__button wp-element-button\" download aria-describedby=\"wp-block-file--media-59b443eb-d92f-45e9-b851-f56661343e5e\">Preuzimanje<\/a><\/div>\n\n\n\n<div class=\"wp-block-file\"><a id=\"wp-block-file--media-b9b922a4-afc6-49d5-879e-10352e56afdb\" href=\"https:\/\/aem.hr\/wp-content\/uploads\/2025\/12\/4.-Eksperiment-na-Savi.pdf\">4. Eksperiment na Savi<\/a><a href=\"https:\/\/aem.hr\/wp-content\/uploads\/2025\/12\/4.-Eksperiment-na-Savi.pdf\" class=\"wp-block-file__button wp-element-button\" download aria-describedby=\"wp-block-file--media-b9b922a4-afc6-49d5-879e-10352e56afdb\">Preuzimanje<\/a><\/div>\n\n\n\n<div class=\"wp-block-file\"><a id=\"wp-block-file--media-5d07637d-ffc1-4768-a4e9-f750076bfd62\" href=\"https:\/\/aem.hr\/wp-content\/uploads\/2025\/12\/5.-R-kao-Riva.pdf\">5. R kao Riva<\/a><a href=\"https:\/\/aem.hr\/wp-content\/uploads\/2025\/12\/5.-R-kao-Riva.pdf\" class=\"wp-block-file__button wp-element-button\" download aria-describedby=\"wp-block-file--media-5d07637d-ffc1-4768-a4e9-f750076bfd62\">Preuzimanje<\/a><\/div>\n","protected":false},"excerpt":{"rendered":"","protected":false},"author":18,"featured_media":0,"parent":0,"menu_order":0,"comment_status":"closed","ping_status":"closed","template":"","meta":{"_acf_changed":false,"inline_featured_image":false,"advgb_blocks_editor_width":"","advgb_blocks_columns_visual_guide":"","_links_to":"","_links_to_type":0,"footnotes":""},"class_list":["post-23686","page","type-page","status-publish","hentry"],"acf":[],"yoast_head":"<!-- This site is optimized with the Yoast SEO plugin v25.7 - https:\/\/yoast.com\/wordpress\/plugins\/seo\/ -->\n<title>Sa\u0161a \u0160impraga - Abeceda obale - Agencija za elektroni\u010dke medije<\/title>\n<meta name=\"robots\" content=\"index, follow, max-snippet:-1, max-image-preview:large, max-video-preview:-1\" \/>\n<link rel=\"canonical\" href=\"https:\/\/aem.hr\/sasa-simpraga-abeceda-obale\/\" \/>\n<meta property=\"og:locale\" content=\"en_US\" \/>\n<meta property=\"og:type\" content=\"article\" \/>\n<meta property=\"og:title\" content=\"Sa\u0161a \u0160impraga - Abeceda obale - Agencija za elektroni\u010dke medije\" \/>\n<meta property=\"og:url\" content=\"https:\/\/aem.hr\/sasa-simpraga-abeceda-obale\/\" \/>\n<meta property=\"og:site_name\" content=\"Agencija za elektroni\u010dke medije\" \/>\n<meta property=\"article:modified_time\" content=\"2025-12-05T12:20:04+00:00\" \/>\n<meta name=\"twitter:card\" content=\"summary_large_image\" \/>\n<meta name=\"twitter:label1\" content=\"Est. reading time\" \/>\n\t<meta name=\"twitter:data1\" content=\"1 minute\" \/>\n<script type=\"application\/ld+json\" class=\"yoast-schema-graph\">{\"@context\":\"https:\/\/schema.org\",\"@graph\":[{\"@type\":\"WebPage\",\"@id\":\"https:\/\/aem.hr\/sasa-simpraga-abeceda-obale\/\",\"url\":\"https:\/\/aem.hr\/sasa-simpraga-abeceda-obale\/\",\"name\":\"Sa\u0161a \u0160impraga - Abeceda obale - Agencija za elektroni\u010dke medije\",\"isPartOf\":{\"@id\":\"https:\/\/aem.hr\/#website\"},\"datePublished\":\"2025-12-05T12:20:03+00:00\",\"dateModified\":\"2025-12-05T12:20:04+00:00\",\"breadcrumb\":{\"@id\":\"https:\/\/aem.hr\/sasa-simpraga-abeceda-obale\/#breadcrumb\"},\"inLanguage\":\"en-US\",\"potentialAction\":[{\"@type\":\"ReadAction\",\"target\":[\"https:\/\/aem.hr\/sasa-simpraga-abeceda-obale\/\"]}]},{\"@type\":\"BreadcrumbList\",\"@id\":\"https:\/\/aem.hr\/sasa-simpraga-abeceda-obale\/#breadcrumb\",\"itemListElement\":[{\"@type\":\"ListItem\",\"position\":1,\"name\":\"Po\u010detna stranica\",\"item\":\"https:\/\/aem.hr\/\"},{\"@type\":\"ListItem\",\"position\":2,\"name\":\"Sa\u0161a \u0160impraga &#8211; Abeceda obale\"}]},{\"@type\":\"WebSite\",\"@id\":\"https:\/\/aem.hr\/#website\",\"url\":\"https:\/\/aem.hr\/\",\"name\":\"Agencija za elektroni\u010dke medije\",\"description\":\"\",\"potentialAction\":[{\"@type\":\"SearchAction\",\"target\":{\"@type\":\"EntryPoint\",\"urlTemplate\":\"https:\/\/aem.hr\/?s={search_term_string}\"},\"query-input\":{\"@type\":\"PropertyValueSpecification\",\"valueRequired\":true,\"valueName\":\"search_term_string\"}}],\"inLanguage\":\"en-US\"}]}<\/script>\n<!-- \/ Yoast SEO plugin. -->","yoast_head_json":{"title":"Sa\u0161a \u0160impraga - Abeceda obale - Agencija za elektroni\u010dke medije","robots":{"index":"index","follow":"follow","max-snippet":"max-snippet:-1","max-image-preview":"max-image-preview:large","max-video-preview":"max-video-preview:-1"},"canonical":"https:\/\/aem.hr\/sasa-simpraga-abeceda-obale\/","og_locale":"en_US","og_type":"article","og_title":"Sa\u0161a \u0160impraga - Abeceda obale - Agencija za elektroni\u010dke medije","og_url":"https:\/\/aem.hr\/sasa-simpraga-abeceda-obale\/","og_site_name":"Agencija za elektroni\u010dke medije","article_modified_time":"2025-12-05T12:20:04+00:00","twitter_card":"summary_large_image","twitter_misc":{"Est. reading time":"1 minute"},"schema":{"@context":"https:\/\/schema.org","@graph":[{"@type":"WebPage","@id":"https:\/\/aem.hr\/sasa-simpraga-abeceda-obale\/","url":"https:\/\/aem.hr\/sasa-simpraga-abeceda-obale\/","name":"Sa\u0161a \u0160impraga - Abeceda obale - Agencija za elektroni\u010dke medije","isPartOf":{"@id":"https:\/\/aem.hr\/#website"},"datePublished":"2025-12-05T12:20:03+00:00","dateModified":"2025-12-05T12:20:04+00:00","breadcrumb":{"@id":"https:\/\/aem.hr\/sasa-simpraga-abeceda-obale\/#breadcrumb"},"inLanguage":"en-US","potentialAction":[{"@type":"ReadAction","target":["https:\/\/aem.hr\/sasa-simpraga-abeceda-obale\/"]}]},{"@type":"BreadcrumbList","@id":"https:\/\/aem.hr\/sasa-simpraga-abeceda-obale\/#breadcrumb","itemListElement":[{"@type":"ListItem","position":1,"name":"Po\u010detna stranica","item":"https:\/\/aem.hr\/"},{"@type":"ListItem","position":2,"name":"Sa\u0161a \u0160impraga &#8211; Abeceda obale"}]},{"@type":"WebSite","@id":"https:\/\/aem.hr\/#website","url":"https:\/\/aem.hr\/","name":"Agencija za elektroni\u010dke medije","description":"","potentialAction":[{"@type":"SearchAction","target":{"@type":"EntryPoint","urlTemplate":"https:\/\/aem.hr\/?s={search_term_string}"},"query-input":{"@type":"PropertyValueSpecification","valueRequired":true,"valueName":"search_term_string"}}],"inLanguage":"en-US"}]}},"coauthors":[],"author_meta":{"author_link":"https:\/\/aem.hr\/en\/blog\/author\/mkirac\/","display_name":"Matko Kirac"},"relative_dates":{"created":"Posted 4 months ago","modified":"Updated 4 months ago"},"absolute_dates":{"created":"Posted on 5. December 2025.","modified":"Updated on 5. December 2025."},"absolute_dates_time":{"created":"Posted on 5. December 2025. 13:20","modified":"Updated on 5. December 2025. 13:20"},"featured_img_caption":"","featured_img":false,"series_order":"","_links":{"self":[{"href":"https:\/\/aem.hr\/en\/wp-json\/wp\/v2\/pages\/23686","targetHints":{"allow":["GET"]}}],"collection":[{"href":"https:\/\/aem.hr\/en\/wp-json\/wp\/v2\/pages"}],"about":[{"href":"https:\/\/aem.hr\/en\/wp-json\/wp\/v2\/types\/page"}],"author":[{"embeddable":true,"href":"https:\/\/aem.hr\/en\/wp-json\/wp\/v2\/users\/18"}],"replies":[{"embeddable":true,"href":"https:\/\/aem.hr\/en\/wp-json\/wp\/v2\/comments?post=23686"}],"version-history":[{"count":1,"href":"https:\/\/aem.hr\/en\/wp-json\/wp\/v2\/pages\/23686\/revisions"}],"predecessor-version":[{"id":23697,"href":"https:\/\/aem.hr\/en\/wp-json\/wp\/v2\/pages\/23686\/revisions\/23697"}],"wp:attachment":[{"href":"https:\/\/aem.hr\/en\/wp-json\/wp\/v2\/media?parent=23686"}],"curies":[{"name":"wp","href":"https:\/\/api.w.org\/{rel}","templated":true}]}}