{"id":23700,"date":"2025-12-05T13:21:01","date_gmt":"2025-12-05T12:21:01","guid":{"rendered":"https:\/\/aem.hr\/?page_id=23700"},"modified":"2025-12-05T13:21:03","modified_gmt":"2025-12-05T12:21:03","slug":"ivana-josipovic-farme-pilica-ukrajinskih-ulagaca-na-podrucju-smz-spas-ili-propast","status":"publish","type":"page","link":"https:\/\/aem.hr\/en\/ivana-josipovic-farme-pilica-ukrajinskih-ulagaca-na-podrucju-smz-spas-ili-propast\/","title":{"rendered":"Ivana Josipovi\u0107 &#8211; Farme pili\u0107a ukrajinskih ulaga\u010da na podru\u010dju SM\u017d &#8211; spas ili propast"},"content":{"rendered":"\n<div class=\"wp-block-file\"><a id=\"wp-block-file--media-f733118a-124b-455e-8812-1fb7cda498bc\" href=\"https:\/\/aem.hr\/wp-content\/uploads\/2025\/12\/1.-Zasto-su-farme-pilica-podigle-toliku-buku.pdf\">1. Za\u0161to su farme pili\u0107a podigle toliku buku<\/a><a href=\"https:\/\/aem.hr\/wp-content\/uploads\/2025\/12\/1.-Zasto-su-farme-pilica-podigle-toliku-buku.pdf\" class=\"wp-block-file__button wp-element-button\" download aria-describedby=\"wp-block-file--media-f733118a-124b-455e-8812-1fb7cda498bc\">Preuzimanje<\/a><\/div>\n\n\n\n<div class=\"wp-block-file\"><a id=\"wp-block-file--media-883b09db-c1d3-4b16-9866-d6edfca26c06\" href=\"https:\/\/aem.hr\/wp-content\/uploads\/2025\/12\/2.-Farme-pilica-u-Sisacko-moslavackoj-zupaniji.pdf\">2. Farme pili\u0107a u Sisa\u010dko-moslava\u010dkoj \u017eupaniji<\/a><a href=\"https:\/\/aem.hr\/wp-content\/uploads\/2025\/12\/2.-Farme-pilica-u-Sisacko-moslavackoj-zupaniji.pdf\" class=\"wp-block-file__button wp-element-button\" download aria-describedby=\"wp-block-file--media-883b09db-c1d3-4b16-9866-d6edfca26c06\">Preuzimanje<\/a><\/div>\n\n\n\n<div class=\"wp-block-file\"><a id=\"wp-block-file--media-94479055-4729-4631-bf07-31119cfec9fa\" href=\"https:\/\/aem.hr\/wp-content\/uploads\/2025\/12\/3.-Ekoloska-bomba-ili-ekoloski-prihvatljivo.pdf\">3. Ekolo\u0161ka bomba ili ekolo\u0161ki prihvatljivo<\/a><a href=\"https:\/\/aem.hr\/wp-content\/uploads\/2025\/12\/3.-Ekoloska-bomba-ili-ekoloski-prihvatljivo.pdf\" class=\"wp-block-file__button wp-element-button\" download aria-describedby=\"wp-block-file--media-94479055-4729-4631-bf07-31119cfec9fa\">Preuzimanje<\/a><\/div>\n\n\n\n<div class=\"wp-block-file\"><a id=\"wp-block-file--media-b1537e42-0d07-436a-89a6-b440e9fbfc7c\" href=\"https:\/\/aem.hr\/wp-content\/uploads\/2025\/12\/4.-Utjecaj-na-gospodarstvo_-Hoce-li-farme.pdf\">4. Utjecaj na gospodarstvo_ Ho\u0107e li farme<\/a><a href=\"https:\/\/aem.hr\/wp-content\/uploads\/2025\/12\/4.-Utjecaj-na-gospodarstvo_-Hoce-li-farme.pdf\" class=\"wp-block-file__button wp-element-button\" download aria-describedby=\"wp-block-file--media-b1537e42-0d07-436a-89a6-b440e9fbfc7c\">Preuzimanje<\/a><\/div>\n\n\n\n<div class=\"wp-block-file\"><a id=\"wp-block-file--media-39d3323a-ff74-4d81-bbee-1422f9fbb496\" href=\"https:\/\/aem.hr\/wp-content\/uploads\/2025\/12\/5.-U-pozadini_-Koji-su-moguci-dodatni.pdf\">5. U pozadini_ Koji su mogu\u0107i dodatni<\/a><a href=\"https:\/\/aem.hr\/wp-content\/uploads\/2025\/12\/5.-U-pozadini_-Koji-su-moguci-dodatni.pdf\" class=\"wp-block-file__button wp-element-button\" download aria-describedby=\"wp-block-file--media-39d3323a-ff74-4d81-bbee-1422f9fbb496\">Preuzimanje<\/a><\/div>\n","protected":false},"excerpt":{"rendered":"","protected":false},"author":18,"featured_media":0,"parent":0,"menu_order":0,"comment_status":"closed","ping_status":"closed","template":"","meta":{"_acf_changed":false,"inline_featured_image":false,"advgb_blocks_editor_width":"","advgb_blocks_columns_visual_guide":"","_links_to":"","_links_to_type":0,"footnotes":""},"class_list":["post-23700","page","type-page","status-publish","hentry"],"acf":[],"yoast_head":"<!-- This site is optimized with the Yoast SEO plugin v25.7 - https:\/\/yoast.com\/wordpress\/plugins\/seo\/ -->\n<title>Ivana Josipovi\u0107 - Farme pili\u0107a ukrajinskih ulaga\u010da na podru\u010dju SM\u017d - spas ili propast - Agencija za elektroni\u010dke medije<\/title>\n<meta name=\"robots\" content=\"index, follow, max-snippet:-1, max-image-preview:large, max-video-preview:-1\" \/>\n<link rel=\"canonical\" href=\"https:\/\/aem.hr\/ivana-josipovic-farme-pilica-ukrajinskih-ulagaca-na-podrucju-smz-spas-ili-propast\/\" \/>\n<meta property=\"og:locale\" content=\"en_US\" \/>\n<meta property=\"og:type\" content=\"article\" \/>\n<meta property=\"og:title\" content=\"Ivana Josipovi\u0107 - Farme pili\u0107a ukrajinskih ulaga\u010da na podru\u010dju SM\u017d - spas ili propast - Agencija za elektroni\u010dke medije\" \/>\n<meta property=\"og:url\" content=\"https:\/\/aem.hr\/ivana-josipovic-farme-pilica-ukrajinskih-ulagaca-na-podrucju-smz-spas-ili-propast\/\" \/>\n<meta property=\"og:site_name\" content=\"Agencija za elektroni\u010dke medije\" \/>\n<meta property=\"article:modified_time\" content=\"2025-12-05T12:21:03+00:00\" \/>\n<meta name=\"twitter:card\" content=\"summary_large_image\" \/>\n<meta name=\"twitter:label1\" content=\"Est. reading time\" \/>\n\t<meta name=\"twitter:data1\" content=\"1 minute\" \/>\n<script type=\"application\/ld+json\" class=\"yoast-schema-graph\">{\"@context\":\"https:\/\/schema.org\",\"@graph\":[{\"@type\":\"WebPage\",\"@id\":\"https:\/\/aem.hr\/ivana-josipovic-farme-pilica-ukrajinskih-ulagaca-na-podrucju-smz-spas-ili-propast\/\",\"url\":\"https:\/\/aem.hr\/ivana-josipovic-farme-pilica-ukrajinskih-ulagaca-na-podrucju-smz-spas-ili-propast\/\",\"name\":\"Ivana Josipovi\u0107 - Farme pili\u0107a ukrajinskih ulaga\u010da na podru\u010dju SM\u017d - spas ili propast - Agencija za elektroni\u010dke medije\",\"isPartOf\":{\"@id\":\"https:\/\/aem.hr\/#website\"},\"datePublished\":\"2025-12-05T12:21:01+00:00\",\"dateModified\":\"2025-12-05T12:21:03+00:00\",\"breadcrumb\":{\"@id\":\"https:\/\/aem.hr\/ivana-josipovic-farme-pilica-ukrajinskih-ulagaca-na-podrucju-smz-spas-ili-propast\/#breadcrumb\"},\"inLanguage\":\"en-US\",\"potentialAction\":[{\"@type\":\"ReadAction\",\"target\":[\"https:\/\/aem.hr\/ivana-josipovic-farme-pilica-ukrajinskih-ulagaca-na-podrucju-smz-spas-ili-propast\/\"]}]},{\"@type\":\"BreadcrumbList\",\"@id\":\"https:\/\/aem.hr\/ivana-josipovic-farme-pilica-ukrajinskih-ulagaca-na-podrucju-smz-spas-ili-propast\/#breadcrumb\",\"itemListElement\":[{\"@type\":\"ListItem\",\"position\":1,\"name\":\"Po\u010detna stranica\",\"item\":\"https:\/\/aem.hr\/\"},{\"@type\":\"ListItem\",\"position\":2,\"name\":\"Ivana Josipovi\u0107 &#8211; Farme pili\u0107a ukrajinskih ulaga\u010da na podru\u010dju SM\u017d &#8211; spas ili propast\"}]},{\"@type\":\"WebSite\",\"@id\":\"https:\/\/aem.hr\/#website\",\"url\":\"https:\/\/aem.hr\/\",\"name\":\"Agencija za elektroni\u010dke medije\",\"description\":\"\",\"potentialAction\":[{\"@type\":\"SearchAction\",\"target\":{\"@type\":\"EntryPoint\",\"urlTemplate\":\"https:\/\/aem.hr\/?s={search_term_string}\"},\"query-input\":{\"@type\":\"PropertyValueSpecification\",\"valueRequired\":true,\"valueName\":\"search_term_string\"}}],\"inLanguage\":\"en-US\"}]}<\/script>\n<!-- \/ Yoast SEO plugin. -->","yoast_head_json":{"title":"Ivana Josipovi\u0107 - Farme pili\u0107a ukrajinskih ulaga\u010da na podru\u010dju SM\u017d - spas ili propast - Agencija za elektroni\u010dke medije","robots":{"index":"index","follow":"follow","max-snippet":"max-snippet:-1","max-image-preview":"max-image-preview:large","max-video-preview":"max-video-preview:-1"},"canonical":"https:\/\/aem.hr\/ivana-josipovic-farme-pilica-ukrajinskih-ulagaca-na-podrucju-smz-spas-ili-propast\/","og_locale":"en_US","og_type":"article","og_title":"Ivana Josipovi\u0107 - Farme pili\u0107a ukrajinskih ulaga\u010da na podru\u010dju SM\u017d - spas ili propast - Agencija za elektroni\u010dke medije","og_url":"https:\/\/aem.hr\/ivana-josipovic-farme-pilica-ukrajinskih-ulagaca-na-podrucju-smz-spas-ili-propast\/","og_site_name":"Agencija za elektroni\u010dke medije","article_modified_time":"2025-12-05T12:21:03+00:00","twitter_card":"summary_large_image","twitter_misc":{"Est. reading time":"1 minute"},"schema":{"@context":"https:\/\/schema.org","@graph":[{"@type":"WebPage","@id":"https:\/\/aem.hr\/ivana-josipovic-farme-pilica-ukrajinskih-ulagaca-na-podrucju-smz-spas-ili-propast\/","url":"https:\/\/aem.hr\/ivana-josipovic-farme-pilica-ukrajinskih-ulagaca-na-podrucju-smz-spas-ili-propast\/","name":"Ivana Josipovi\u0107 - Farme pili\u0107a ukrajinskih ulaga\u010da na podru\u010dju SM\u017d - spas ili propast - Agencija za elektroni\u010dke medije","isPartOf":{"@id":"https:\/\/aem.hr\/#website"},"datePublished":"2025-12-05T12:21:01+00:00","dateModified":"2025-12-05T12:21:03+00:00","breadcrumb":{"@id":"https:\/\/aem.hr\/ivana-josipovic-farme-pilica-ukrajinskih-ulagaca-na-podrucju-smz-spas-ili-propast\/#breadcrumb"},"inLanguage":"en-US","potentialAction":[{"@type":"ReadAction","target":["https:\/\/aem.hr\/ivana-josipovic-farme-pilica-ukrajinskih-ulagaca-na-podrucju-smz-spas-ili-propast\/"]}]},{"@type":"BreadcrumbList","@id":"https:\/\/aem.hr\/ivana-josipovic-farme-pilica-ukrajinskih-ulagaca-na-podrucju-smz-spas-ili-propast\/#breadcrumb","itemListElement":[{"@type":"ListItem","position":1,"name":"Po\u010detna stranica","item":"https:\/\/aem.hr\/"},{"@type":"ListItem","position":2,"name":"Ivana Josipovi\u0107 &#8211; Farme pili\u0107a ukrajinskih ulaga\u010da na podru\u010dju SM\u017d &#8211; spas ili propast"}]},{"@type":"WebSite","@id":"https:\/\/aem.hr\/#website","url":"https:\/\/aem.hr\/","name":"Agencija za elektroni\u010dke medije","description":"","potentialAction":[{"@type":"SearchAction","target":{"@type":"EntryPoint","urlTemplate":"https:\/\/aem.hr\/?s={search_term_string}"},"query-input":{"@type":"PropertyValueSpecification","valueRequired":true,"valueName":"search_term_string"}}],"inLanguage":"en-US"}]}},"coauthors":[],"author_meta":{"author_link":"https:\/\/aem.hr\/en\/blog\/author\/mkirac\/","display_name":"Matko Kirac"},"relative_dates":{"created":"Posted 4 months ago","modified":"Updated 4 months ago"},"absolute_dates":{"created":"Posted on 5. December 2025.","modified":"Updated on 5. December 2025."},"absolute_dates_time":{"created":"Posted on 5. December 2025. 13:21","modified":"Updated on 5. December 2025. 13:21"},"featured_img_caption":"","featured_img":false,"series_order":"","_links":{"self":[{"href":"https:\/\/aem.hr\/en\/wp-json\/wp\/v2\/pages\/23700","targetHints":{"allow":["GET"]}}],"collection":[{"href":"https:\/\/aem.hr\/en\/wp-json\/wp\/v2\/pages"}],"about":[{"href":"https:\/\/aem.hr\/en\/wp-json\/wp\/v2\/types\/page"}],"author":[{"embeddable":true,"href":"https:\/\/aem.hr\/en\/wp-json\/wp\/v2\/users\/18"}],"replies":[{"embeddable":true,"href":"https:\/\/aem.hr\/en\/wp-json\/wp\/v2\/comments?post=23700"}],"version-history":[{"count":1,"href":"https:\/\/aem.hr\/en\/wp-json\/wp\/v2\/pages\/23700\/revisions"}],"predecessor-version":[{"id":23711,"href":"https:\/\/aem.hr\/en\/wp-json\/wp\/v2\/pages\/23700\/revisions\/23711"}],"wp:attachment":[{"href":"https:\/\/aem.hr\/en\/wp-json\/wp\/v2\/media?parent=23700"}],"curies":[{"name":"wp","href":"https:\/\/api.w.org\/{rel}","templated":true}]}}