{"id":23714,"date":"2025-12-05T13:21:57","date_gmt":"2025-12-05T12:21:57","guid":{"rendered":"https:\/\/aem.hr\/?page_id=23714"},"modified":"2025-12-05T13:21:58","modified_gmt":"2025-12-05T12:21:58","slug":"vedran-sabljak-digitalna-bastina-kroz-videoigre-ozivljavanje-kulturne-povijesti-hrvatske","status":"publish","type":"page","link":"https:\/\/aem.hr\/en\/vedran-sabljak-digitalna-bastina-kroz-videoigre-ozivljavanje-kulturne-povijesti-hrvatske\/","title":{"rendered":"Vedran Sabljak &#8211; Digitalna ba\u0161tina kroz videoigre &#8211; o\u017eivljavanje kulturne povijesti Hrvatske"},"content":{"rendered":"\n<div class=\"wp-block-file\"><a id=\"wp-block-file--media-56a74c1a-407d-45dc-b4f9-aca90d518d6a\" href=\"https:\/\/aem.hr\/wp-content\/uploads\/2025\/12\/1.-Moz\u030ce-li-Hrvatska-svoju-povijest-pretvoriti-u-svjetski-gaming-hit.pdf\">1. Moz\u030ce li Hrvatska svoju povijest pretvoriti u svjetski gaming hit<\/a><a href=\"https:\/\/aem.hr\/wp-content\/uploads\/2025\/12\/1.-Moz\u030ce-li-Hrvatska-svoju-povijest-pretvoriti-u-svjetski-gaming-hit.pdf\" class=\"wp-block-file__button wp-element-button\" download aria-describedby=\"wp-block-file--media-56a74c1a-407d-45dc-b4f9-aca90d518d6a\">Preuzimanje<\/a><\/div>\n\n\n\n<div class=\"wp-block-file\"><a id=\"wp-block-file--media-3468d79e-7265-4f00-a0c7-fd4b6b90f3c3\" href=\"https:\/\/aem.hr\/wp-content\/uploads\/2025\/12\/2.-Gamifikacija-bas\u030ctine-kao-poticaj-razvoju-hrvatske-industrije-videoigara.pdf\">2. Gamifikacija bas\u030ctine kao poticaj razvoju hrvatske industrije videoigara<\/a><a href=\"https:\/\/aem.hr\/wp-content\/uploads\/2025\/12\/2.-Gamifikacija-bas\u030ctine-kao-poticaj-razvoju-hrvatske-industrije-videoigara.pdf\" class=\"wp-block-file__button wp-element-button\" download aria-describedby=\"wp-block-file--media-3468d79e-7265-4f00-a0c7-fd4b6b90f3c3\">Preuzimanje<\/a><\/div>\n\n\n\n<div class=\"wp-block-file\"><a id=\"wp-block-file--media-28a567db-74eb-41c2-8402-24d3ecee3ef5\" href=\"https:\/\/aem.hr\/wp-content\/uploads\/2025\/12\/3.-Neistraz\u030ceni-potencijal-hrvatske-povijesti-i-mitologije-u-svijetu-videoigara.pdf\">3. Neistraz\u030ceni potencijal hrvatske povijesti i mitologije u svijetu videoigara<\/a><a href=\"https:\/\/aem.hr\/wp-content\/uploads\/2025\/12\/3.-Neistraz\u030ceni-potencijal-hrvatske-povijesti-i-mitologije-u-svijetu-videoigara.pdf\" class=\"wp-block-file__button wp-element-button\" download aria-describedby=\"wp-block-file--media-28a567db-74eb-41c2-8402-24d3ecee3ef5\">Preuzimanje<\/a><\/div>\n\n\n\n<div class=\"wp-block-file\"><a id=\"wp-block-file--media-05bb6e5e-8d42-46ed-bd1f-97f45a07390e\" href=\"https:\/\/aem.hr\/wp-content\/uploads\/2025\/12\/4.-Gamifikacija-kulturne-bas\u030ctine-mijenja-nac\u030cin-na-koji-doz\u030civljavamo.pdf\">4. Gamifikacija kulturne bas\u030ctine mijenja nac\u030cin na koji doz\u030civljavamo<\/a><a href=\"https:\/\/aem.hr\/wp-content\/uploads\/2025\/12\/4.-Gamifikacija-kulturne-bas\u030ctine-mijenja-nac\u030cin-na-koji-doz\u030civljavamo.pdf\" class=\"wp-block-file__button wp-element-button\" download aria-describedby=\"wp-block-file--media-05bb6e5e-8d42-46ed-bd1f-97f45a07390e\">Preuzimanje<\/a><\/div>\n\n\n\n<div class=\"wp-block-file\"><a id=\"wp-block-file--media-0e6c0e3a-ddbd-4b8b-892c-3d49f3af37b4\" href=\"https:\/\/aem.hr\/wp-content\/uploads\/2025\/12\/5.-Hrvatska-knjiz\u030cevnost-i-mitovi-u-temeljima-inspiracije-za-igru-Dark-Queen.pdf\">5. Hrvatska knjiz\u030cevnost i mitovi u temeljima inspiracije za igru Dark Queen<\/a><a href=\"https:\/\/aem.hr\/wp-content\/uploads\/2025\/12\/5.-Hrvatska-knjiz\u030cevnost-i-mitovi-u-temeljima-inspiracije-za-igru-Dark-Queen.pdf\" class=\"wp-block-file__button wp-element-button\" download aria-describedby=\"wp-block-file--media-0e6c0e3a-ddbd-4b8b-892c-3d49f3af37b4\">Preuzimanje<\/a><\/div>\n\n\n\n<div class=\"wp-block-file\"><a id=\"wp-block-file--media-326d8c04-6dbf-422d-abcc-eb74bf13e62f\" href=\"https:\/\/aem.hr\/wp-content\/uploads\/2025\/12\/6.-The-Book-of-Grando-spaja-istarski-folklor-i-povijest-u-formi.pdf\">6. The Book of Grando spaja istarski folklor i povijest u formi<\/a><a href=\"https:\/\/aem.hr\/wp-content\/uploads\/2025\/12\/6.-The-Book-of-Grando-spaja-istarski-folklor-i-povijest-u-formi.pdf\" class=\"wp-block-file__button wp-element-button\" download aria-describedby=\"wp-block-file--media-326d8c04-6dbf-422d-abcc-eb74bf13e62f\">Preuzimanje<\/a><\/div>\n\n\n\n<div class=\"wp-block-file\"><a id=\"wp-block-file--media-c1fa2129-0d32-49a5-826a-6d66433b3291\" href=\"https:\/\/aem.hr\/wp-content\/uploads\/2025\/12\/7.-Tehnolos\u030cke-inovacije-u-sluz\u030cbi-videoigara-koje-oz\u030civljavaju.pdf\">7. Tehnolos\u030cke inovacije u sluz\u030cbi videoigara koje oz\u030civljavaju<\/a><a href=\"https:\/\/aem.hr\/wp-content\/uploads\/2025\/12\/7.-Tehnolos\u030cke-inovacije-u-sluz\u030cbi-videoigara-koje-oz\u030civljavaju.pdf\" class=\"wp-block-file__button wp-element-button\" download aria-describedby=\"wp-block-file--media-c1fa2129-0d32-49a5-826a-6d66433b3291\">Preuzimanje<\/a><\/div>\n\n\n\n<div class=\"wp-block-file\"><a id=\"wp-block-file--media-ed950867-94a0-48e7-a4ad-f607f32d8ff4\" href=\"https:\/\/aem.hr\/wp-content\/uploads\/2025\/12\/8.-Potpore-i-infrastruktura-kao-kljuc\u030c-razvoja-hrvatskih-igara.pdf\">8. Potpore i infrastruktura kao kljuc\u030c razvoja hrvatskih igara<\/a><a href=\"https:\/\/aem.hr\/wp-content\/uploads\/2025\/12\/8.-Potpore-i-infrastruktura-kao-kljuc\u030c-razvoja-hrvatskih-igara.pdf\" class=\"wp-block-file__button wp-element-button\" download aria-describedby=\"wp-block-file--media-ed950867-94a0-48e7-a4ad-f607f32d8ff4\">Preuzimanje<\/a><\/div>\n","protected":false},"excerpt":{"rendered":"","protected":false},"author":18,"featured_media":0,"parent":0,"menu_order":0,"comment_status":"closed","ping_status":"closed","template":"","meta":{"_acf_changed":false,"inline_featured_image":false,"advgb_blocks_editor_width":"","advgb_blocks_columns_visual_guide":"","_links_to":"","_links_to_type":0,"footnotes":""},"class_list":["post-23714","page","type-page","status-publish","hentry"],"acf":[],"yoast_head":"<!-- This site is optimized with the Yoast SEO plugin v25.7 - https:\/\/yoast.com\/wordpress\/plugins\/seo\/ -->\n<title>Vedran Sabljak - Digitalna ba\u0161tina kroz videoigre - o\u017eivljavanje kulturne povijesti Hrvatske - Agencija za elektroni\u010dke medije<\/title>\n<meta name=\"robots\" content=\"index, follow, max-snippet:-1, max-image-preview:large, max-video-preview:-1\" \/>\n<link rel=\"canonical\" href=\"https:\/\/aem.hr\/vedran-sabljak-digitalna-bastina-kroz-videoigre-ozivljavanje-kulturne-povijesti-hrvatske\/\" \/>\n<meta property=\"og:locale\" content=\"en_US\" \/>\n<meta property=\"og:type\" content=\"article\" \/>\n<meta property=\"og:title\" content=\"Vedran Sabljak - Digitalna ba\u0161tina kroz videoigre - o\u017eivljavanje kulturne povijesti Hrvatske - Agencija za elektroni\u010dke medije\" \/>\n<meta property=\"og:url\" content=\"https:\/\/aem.hr\/vedran-sabljak-digitalna-bastina-kroz-videoigre-ozivljavanje-kulturne-povijesti-hrvatske\/\" \/>\n<meta property=\"og:site_name\" content=\"Agencija za elektroni\u010dke medije\" \/>\n<meta property=\"article:modified_time\" content=\"2025-12-05T12:21:58+00:00\" \/>\n<meta name=\"twitter:card\" content=\"summary_large_image\" \/>\n<meta name=\"twitter:label1\" content=\"Est. reading time\" \/>\n\t<meta name=\"twitter:data1\" content=\"1 minute\" \/>\n<script type=\"application\/ld+json\" class=\"yoast-schema-graph\">{\"@context\":\"https:\/\/schema.org\",\"@graph\":[{\"@type\":\"WebPage\",\"@id\":\"https:\/\/aem.hr\/vedran-sabljak-digitalna-bastina-kroz-videoigre-ozivljavanje-kulturne-povijesti-hrvatske\/\",\"url\":\"https:\/\/aem.hr\/vedran-sabljak-digitalna-bastina-kroz-videoigre-ozivljavanje-kulturne-povijesti-hrvatske\/\",\"name\":\"Vedran Sabljak - Digitalna ba\u0161tina kroz videoigre - o\u017eivljavanje kulturne povijesti Hrvatske - Agencija za elektroni\u010dke medije\",\"isPartOf\":{\"@id\":\"https:\/\/aem.hr\/#website\"},\"datePublished\":\"2025-12-05T12:21:57+00:00\",\"dateModified\":\"2025-12-05T12:21:58+00:00\",\"breadcrumb\":{\"@id\":\"https:\/\/aem.hr\/vedran-sabljak-digitalna-bastina-kroz-videoigre-ozivljavanje-kulturne-povijesti-hrvatske\/#breadcrumb\"},\"inLanguage\":\"en-US\",\"potentialAction\":[{\"@type\":\"ReadAction\",\"target\":[\"https:\/\/aem.hr\/vedran-sabljak-digitalna-bastina-kroz-videoigre-ozivljavanje-kulturne-povijesti-hrvatske\/\"]}]},{\"@type\":\"BreadcrumbList\",\"@id\":\"https:\/\/aem.hr\/vedran-sabljak-digitalna-bastina-kroz-videoigre-ozivljavanje-kulturne-povijesti-hrvatske\/#breadcrumb\",\"itemListElement\":[{\"@type\":\"ListItem\",\"position\":1,\"name\":\"Po\u010detna stranica\",\"item\":\"https:\/\/aem.hr\/\"},{\"@type\":\"ListItem\",\"position\":2,\"name\":\"Vedran Sabljak &#8211; Digitalna ba\u0161tina kroz videoigre &#8211; o\u017eivljavanje kulturne povijesti Hrvatske\"}]},{\"@type\":\"WebSite\",\"@id\":\"https:\/\/aem.hr\/#website\",\"url\":\"https:\/\/aem.hr\/\",\"name\":\"Agencija za elektroni\u010dke medije\",\"description\":\"\",\"potentialAction\":[{\"@type\":\"SearchAction\",\"target\":{\"@type\":\"EntryPoint\",\"urlTemplate\":\"https:\/\/aem.hr\/?s={search_term_string}\"},\"query-input\":{\"@type\":\"PropertyValueSpecification\",\"valueRequired\":true,\"valueName\":\"search_term_string\"}}],\"inLanguage\":\"en-US\"}]}<\/script>\n<!-- \/ Yoast SEO plugin. -->","yoast_head_json":{"title":"Vedran Sabljak - Digitalna ba\u0161tina kroz videoigre - o\u017eivljavanje kulturne povijesti Hrvatske - Agencija za elektroni\u010dke medije","robots":{"index":"index","follow":"follow","max-snippet":"max-snippet:-1","max-image-preview":"max-image-preview:large","max-video-preview":"max-video-preview:-1"},"canonical":"https:\/\/aem.hr\/vedran-sabljak-digitalna-bastina-kroz-videoigre-ozivljavanje-kulturne-povijesti-hrvatske\/","og_locale":"en_US","og_type":"article","og_title":"Vedran Sabljak - Digitalna ba\u0161tina kroz videoigre - o\u017eivljavanje kulturne povijesti Hrvatske - Agencija za elektroni\u010dke medije","og_url":"https:\/\/aem.hr\/vedran-sabljak-digitalna-bastina-kroz-videoigre-ozivljavanje-kulturne-povijesti-hrvatske\/","og_site_name":"Agencija za elektroni\u010dke medije","article_modified_time":"2025-12-05T12:21:58+00:00","twitter_card":"summary_large_image","twitter_misc":{"Est. reading time":"1 minute"},"schema":{"@context":"https:\/\/schema.org","@graph":[{"@type":"WebPage","@id":"https:\/\/aem.hr\/vedran-sabljak-digitalna-bastina-kroz-videoigre-ozivljavanje-kulturne-povijesti-hrvatske\/","url":"https:\/\/aem.hr\/vedran-sabljak-digitalna-bastina-kroz-videoigre-ozivljavanje-kulturne-povijesti-hrvatske\/","name":"Vedran Sabljak - Digitalna ba\u0161tina kroz videoigre - o\u017eivljavanje kulturne povijesti Hrvatske - Agencija za elektroni\u010dke medije","isPartOf":{"@id":"https:\/\/aem.hr\/#website"},"datePublished":"2025-12-05T12:21:57+00:00","dateModified":"2025-12-05T12:21:58+00:00","breadcrumb":{"@id":"https:\/\/aem.hr\/vedran-sabljak-digitalna-bastina-kroz-videoigre-ozivljavanje-kulturne-povijesti-hrvatske\/#breadcrumb"},"inLanguage":"en-US","potentialAction":[{"@type":"ReadAction","target":["https:\/\/aem.hr\/vedran-sabljak-digitalna-bastina-kroz-videoigre-ozivljavanje-kulturne-povijesti-hrvatske\/"]}]},{"@type":"BreadcrumbList","@id":"https:\/\/aem.hr\/vedran-sabljak-digitalna-bastina-kroz-videoigre-ozivljavanje-kulturne-povijesti-hrvatske\/#breadcrumb","itemListElement":[{"@type":"ListItem","position":1,"name":"Po\u010detna stranica","item":"https:\/\/aem.hr\/"},{"@type":"ListItem","position":2,"name":"Vedran Sabljak &#8211; Digitalna ba\u0161tina kroz videoigre &#8211; o\u017eivljavanje kulturne povijesti Hrvatske"}]},{"@type":"WebSite","@id":"https:\/\/aem.hr\/#website","url":"https:\/\/aem.hr\/","name":"Agencija za elektroni\u010dke medije","description":"","potentialAction":[{"@type":"SearchAction","target":{"@type":"EntryPoint","urlTemplate":"https:\/\/aem.hr\/?s={search_term_string}"},"query-input":{"@type":"PropertyValueSpecification","valueRequired":true,"valueName":"search_term_string"}}],"inLanguage":"en-US"}]}},"coauthors":[],"author_meta":{"author_link":"https:\/\/aem.hr\/en\/blog\/author\/mkirac\/","display_name":"Matko Kirac"},"relative_dates":{"created":"Posted 4 months ago","modified":"Updated 4 months ago"},"absolute_dates":{"created":"Posted on 5. December 2025.","modified":"Updated on 5. December 2025."},"absolute_dates_time":{"created":"Posted on 5. December 2025. 13:21","modified":"Updated on 5. December 2025. 13:21"},"featured_img_caption":"","featured_img":false,"series_order":"","_links":{"self":[{"href":"https:\/\/aem.hr\/en\/wp-json\/wp\/v2\/pages\/23714","targetHints":{"allow":["GET"]}}],"collection":[{"href":"https:\/\/aem.hr\/en\/wp-json\/wp\/v2\/pages"}],"about":[{"href":"https:\/\/aem.hr\/en\/wp-json\/wp\/v2\/types\/page"}],"author":[{"embeddable":true,"href":"https:\/\/aem.hr\/en\/wp-json\/wp\/v2\/users\/18"}],"replies":[{"embeddable":true,"href":"https:\/\/aem.hr\/en\/wp-json\/wp\/v2\/comments?post=23714"}],"version-history":[{"count":1,"href":"https:\/\/aem.hr\/en\/wp-json\/wp\/v2\/pages\/23714\/revisions"}],"predecessor-version":[{"id":23731,"href":"https:\/\/aem.hr\/en\/wp-json\/wp\/v2\/pages\/23714\/revisions\/23731"}],"wp:attachment":[{"href":"https:\/\/aem.hr\/en\/wp-json\/wp\/v2\/media?parent=23714"}],"curies":[{"name":"wp","href":"https:\/\/api.w.org\/{rel}","templated":true}]}}