{"id":23733,"date":"2025-12-05T13:23:40","date_gmt":"2025-12-05T12:23:40","guid":{"rendered":"https:\/\/aem.hr\/?page_id=23733"},"modified":"2025-12-05T13:23:41","modified_gmt":"2025-12-05T12:23:41","slug":"vedran-marjanovic-epilog-masovnih-predstecajeva-u-hrvatskom-gospodarstvu","status":"publish","type":"page","link":"https:\/\/aem.hr\/en\/vedran-marjanovic-epilog-masovnih-predstecajeva-u-hrvatskom-gospodarstvu\/","title":{"rendered":"Vedran Marjanovi\u0107 &#8211; Epilog masovnih predste\u010dajeva u hrvatskom gospodarstvu"},"content":{"rendered":"\n<div class=\"wp-block-file\"><a id=\"wp-block-file--media-21b63ca5-3c55-41e3-af8d-feb4f5f6a478\" href=\"https:\/\/aem.hr\/wp-content\/uploads\/2025\/12\/1.-U-predstecajnim-nagodbama-spaseno.pdf\">1. U predste\u010dajnim nagodbama spa\u0161eno<\/a><a href=\"https:\/\/aem.hr\/wp-content\/uploads\/2025\/12\/1.-U-predstecajnim-nagodbama-spaseno.pdf\" class=\"wp-block-file__button wp-element-button\" download aria-describedby=\"wp-block-file--media-21b63ca5-3c55-41e3-af8d-feb4f5f6a478\">Preuzimanje<\/a><\/div>\n\n\n\n<div class=\"wp-block-file\"><a id=\"wp-block-file--media-6f13810b-04c6-473d-b43c-1d3f7dee69f4\" href=\"https:\/\/aem.hr\/wp-content\/uploads\/2025\/12\/2.-Pad-javnih-ulaganja-i-potrosenje-gradana.pdf\">2. Pad javnih ulaganja i potro\u0161enje gra\u0111ana<\/a><a href=\"https:\/\/aem.hr\/wp-content\/uploads\/2025\/12\/2.-Pad-javnih-ulaganja-i-potrosenje-gradana.pdf\" class=\"wp-block-file__button wp-element-button\" download aria-describedby=\"wp-block-file--media-6f13810b-04c6-473d-b43c-1d3f7dee69f4\">Preuzimanje<\/a><\/div>\n\n\n\n<div class=\"wp-block-file\"><a id=\"wp-block-file--media-1e83ec32-84e0-444c-ba0a-d9eb3a8266ce\" href=\"https:\/\/aem.hr\/wp-content\/uploads\/2025\/12\/3.-Predstecajne-nagodbe-blokirale-rast.pdf\">3. Predste\u010dajne nagodbe blokirale rast<\/a><a href=\"https:\/\/aem.hr\/wp-content\/uploads\/2025\/12\/3.-Predstecajne-nagodbe-blokirale-rast.pdf\" class=\"wp-block-file__button wp-element-button\" download aria-describedby=\"wp-block-file--media-1e83ec32-84e0-444c-ba0a-d9eb3a8266ce\">Preuzimanje<\/a><\/div>\n\n\n\n<div class=\"wp-block-file\"><a id=\"wp-block-file--media-22c74d58-21f8-4f02-acd4-084d5dacbb8e\" href=\"https:\/\/aem.hr\/wp-content\/uploads\/2025\/12\/4.-Stecajevi-u-Hrvatskoj-trajali-duze.pdf\">4. Ste\u010dajevi u Hrvatskoj trajali du\u017ee<\/a><a href=\"https:\/\/aem.hr\/wp-content\/uploads\/2025\/12\/4.-Stecajevi-u-Hrvatskoj-trajali-duze.pdf\" class=\"wp-block-file__button wp-element-button\" download aria-describedby=\"wp-block-file--media-22c74d58-21f8-4f02-acd4-084d5dacbb8e\">Preuzimanje<\/a><\/div>\n\n\n\n<div class=\"wp-block-file\"><a id=\"wp-block-file--media-2bd1ebec-b105-448e-b555-244a53430c2a\" href=\"https:\/\/aem.hr\/wp-content\/uploads\/2025\/12\/5.-Medu-industrijalcima-predstecaj-prosla.pdf\">5. Me\u0111u industrijalcima predste\u010daj pro\u0161la<\/a><a href=\"https:\/\/aem.hr\/wp-content\/uploads\/2025\/12\/5.-Medu-industrijalcima-predstecaj-prosla.pdf\" class=\"wp-block-file__button wp-element-button\" download aria-describedby=\"wp-block-file--media-2bd1ebec-b105-448e-b555-244a53430c2a\">Preuzimanje<\/a><\/div>\n\n\n\n<div class=\"wp-block-file\"><a id=\"wp-block-file--media-40e3fdb1-21a1-4815-84d6-85e92e17a9c2\" href=\"https:\/\/aem.hr\/wp-content\/uploads\/2025\/12\/6.-U-predstecajevima-spasavano-28-hotela.pdf\">6. U predste\u010dajevima spa\u0161avano 28 hotela<\/a><a href=\"https:\/\/aem.hr\/wp-content\/uploads\/2025\/12\/6.-U-predstecajevima-spasavano-28-hotela.pdf\" class=\"wp-block-file__button wp-element-button\" download aria-describedby=\"wp-block-file--media-40e3fdb1-21a1-4815-84d6-85e92e17a9c2\">Preuzimanje<\/a><\/div>\n\n\n\n<div class=\"wp-block-file\"><a id=\"wp-block-file--media-03940af1-6787-4eca-8e2f-45c76460ccdf\" href=\"https:\/\/aem.hr\/wp-content\/uploads\/2025\/12\/7.-Za-nagodbama-posegnuli-i-velikani-domaceg-sporta.pdf\">7. Za nagodbama posegnuli i velikani doma\u0107eg sporta<\/a><a href=\"https:\/\/aem.hr\/wp-content\/uploads\/2025\/12\/7.-Za-nagodbama-posegnuli-i-velikani-domaceg-sporta.pdf\" class=\"wp-block-file__button wp-element-button\" download aria-describedby=\"wp-block-file--media-03940af1-6787-4eca-8e2f-45c76460ccdf\">Preuzimanje<\/a><\/div>\n\n\n\n<div class=\"wp-block-file\"><a id=\"wp-block-file--media-e43d7890-0869-401b-9d23-3f9e738172bd\" href=\"https:\/\/aem.hr\/wp-content\/uploads\/2025\/12\/8.-Malverzacije-u-predstecajnim-postupcima.pdf\">8. Malverzacije u predste\u010dajnim postupcima<\/a><a href=\"https:\/\/aem.hr\/wp-content\/uploads\/2025\/12\/8.-Malverzacije-u-predstecajnim-postupcima.pdf\" class=\"wp-block-file__button wp-element-button\" download aria-describedby=\"wp-block-file--media-e43d7890-0869-401b-9d23-3f9e738172bd\">Preuzimanje<\/a><\/div>\n","protected":false},"excerpt":{"rendered":"","protected":false},"author":18,"featured_media":0,"parent":0,"menu_order":0,"comment_status":"closed","ping_status":"closed","template":"","meta":{"_acf_changed":false,"inline_featured_image":false,"advgb_blocks_editor_width":"","advgb_blocks_columns_visual_guide":"","_links_to":"","_links_to_type":0,"footnotes":""},"class_list":["post-23733","page","type-page","status-publish","hentry"],"acf":[],"yoast_head":"<!-- This site is optimized with the Yoast SEO plugin v25.7 - https:\/\/yoast.com\/wordpress\/plugins\/seo\/ -->\n<title>Vedran Marjanovi\u0107 - Epilog masovnih predste\u010dajeva u hrvatskom gospodarstvu - Agencija za elektroni\u010dke medije<\/title>\n<meta name=\"robots\" content=\"index, follow, max-snippet:-1, max-image-preview:large, max-video-preview:-1\" \/>\n<link rel=\"canonical\" href=\"https:\/\/aem.hr\/vedran-marjanovic-epilog-masovnih-predstecajeva-u-hrvatskom-gospodarstvu\/\" \/>\n<meta property=\"og:locale\" content=\"en_US\" \/>\n<meta property=\"og:type\" content=\"article\" \/>\n<meta property=\"og:title\" content=\"Vedran Marjanovi\u0107 - Epilog masovnih predste\u010dajeva u hrvatskom gospodarstvu - Agencija za elektroni\u010dke medije\" \/>\n<meta property=\"og:url\" content=\"https:\/\/aem.hr\/vedran-marjanovic-epilog-masovnih-predstecajeva-u-hrvatskom-gospodarstvu\/\" \/>\n<meta property=\"og:site_name\" content=\"Agencija za elektroni\u010dke medije\" \/>\n<meta property=\"article:modified_time\" content=\"2025-12-05T12:23:41+00:00\" \/>\n<meta name=\"twitter:card\" content=\"summary_large_image\" \/>\n<meta name=\"twitter:label1\" content=\"Est. reading time\" \/>\n\t<meta name=\"twitter:data1\" content=\"1 minute\" \/>\n<script type=\"application\/ld+json\" class=\"yoast-schema-graph\">{\"@context\":\"https:\/\/schema.org\",\"@graph\":[{\"@type\":\"WebPage\",\"@id\":\"https:\/\/aem.hr\/vedran-marjanovic-epilog-masovnih-predstecajeva-u-hrvatskom-gospodarstvu\/\",\"url\":\"https:\/\/aem.hr\/vedran-marjanovic-epilog-masovnih-predstecajeva-u-hrvatskom-gospodarstvu\/\",\"name\":\"Vedran Marjanovi\u0107 - Epilog masovnih predste\u010dajeva u hrvatskom gospodarstvu - Agencija za elektroni\u010dke medije\",\"isPartOf\":{\"@id\":\"https:\/\/aem.hr\/#website\"},\"datePublished\":\"2025-12-05T12:23:40+00:00\",\"dateModified\":\"2025-12-05T12:23:41+00:00\",\"breadcrumb\":{\"@id\":\"https:\/\/aem.hr\/vedran-marjanovic-epilog-masovnih-predstecajeva-u-hrvatskom-gospodarstvu\/#breadcrumb\"},\"inLanguage\":\"en-US\",\"potentialAction\":[{\"@type\":\"ReadAction\",\"target\":[\"https:\/\/aem.hr\/vedran-marjanovic-epilog-masovnih-predstecajeva-u-hrvatskom-gospodarstvu\/\"]}]},{\"@type\":\"BreadcrumbList\",\"@id\":\"https:\/\/aem.hr\/vedran-marjanovic-epilog-masovnih-predstecajeva-u-hrvatskom-gospodarstvu\/#breadcrumb\",\"itemListElement\":[{\"@type\":\"ListItem\",\"position\":1,\"name\":\"Po\u010detna stranica\",\"item\":\"https:\/\/aem.hr\/\"},{\"@type\":\"ListItem\",\"position\":2,\"name\":\"Vedran Marjanovi\u0107 &#8211; Epilog masovnih predste\u010dajeva u hrvatskom gospodarstvu\"}]},{\"@type\":\"WebSite\",\"@id\":\"https:\/\/aem.hr\/#website\",\"url\":\"https:\/\/aem.hr\/\",\"name\":\"Agencija za elektroni\u010dke medije\",\"description\":\"\",\"potentialAction\":[{\"@type\":\"SearchAction\",\"target\":{\"@type\":\"EntryPoint\",\"urlTemplate\":\"https:\/\/aem.hr\/?s={search_term_string}\"},\"query-input\":{\"@type\":\"PropertyValueSpecification\",\"valueRequired\":true,\"valueName\":\"search_term_string\"}}],\"inLanguage\":\"en-US\"}]}<\/script>\n<!-- \/ Yoast SEO plugin. -->","yoast_head_json":{"title":"Vedran Marjanovi\u0107 - Epilog masovnih predste\u010dajeva u hrvatskom gospodarstvu - Agencija za elektroni\u010dke medije","robots":{"index":"index","follow":"follow","max-snippet":"max-snippet:-1","max-image-preview":"max-image-preview:large","max-video-preview":"max-video-preview:-1"},"canonical":"https:\/\/aem.hr\/vedran-marjanovic-epilog-masovnih-predstecajeva-u-hrvatskom-gospodarstvu\/","og_locale":"en_US","og_type":"article","og_title":"Vedran Marjanovi\u0107 - Epilog masovnih predste\u010dajeva u hrvatskom gospodarstvu - Agencija za elektroni\u010dke medije","og_url":"https:\/\/aem.hr\/vedran-marjanovic-epilog-masovnih-predstecajeva-u-hrvatskom-gospodarstvu\/","og_site_name":"Agencija za elektroni\u010dke medije","article_modified_time":"2025-12-05T12:23:41+00:00","twitter_card":"summary_large_image","twitter_misc":{"Est. reading time":"1 minute"},"schema":{"@context":"https:\/\/schema.org","@graph":[{"@type":"WebPage","@id":"https:\/\/aem.hr\/vedran-marjanovic-epilog-masovnih-predstecajeva-u-hrvatskom-gospodarstvu\/","url":"https:\/\/aem.hr\/vedran-marjanovic-epilog-masovnih-predstecajeva-u-hrvatskom-gospodarstvu\/","name":"Vedran Marjanovi\u0107 - Epilog masovnih predste\u010dajeva u hrvatskom gospodarstvu - Agencija za elektroni\u010dke medije","isPartOf":{"@id":"https:\/\/aem.hr\/#website"},"datePublished":"2025-12-05T12:23:40+00:00","dateModified":"2025-12-05T12:23:41+00:00","breadcrumb":{"@id":"https:\/\/aem.hr\/vedran-marjanovic-epilog-masovnih-predstecajeva-u-hrvatskom-gospodarstvu\/#breadcrumb"},"inLanguage":"en-US","potentialAction":[{"@type":"ReadAction","target":["https:\/\/aem.hr\/vedran-marjanovic-epilog-masovnih-predstecajeva-u-hrvatskom-gospodarstvu\/"]}]},{"@type":"BreadcrumbList","@id":"https:\/\/aem.hr\/vedran-marjanovic-epilog-masovnih-predstecajeva-u-hrvatskom-gospodarstvu\/#breadcrumb","itemListElement":[{"@type":"ListItem","position":1,"name":"Po\u010detna stranica","item":"https:\/\/aem.hr\/"},{"@type":"ListItem","position":2,"name":"Vedran Marjanovi\u0107 &#8211; Epilog masovnih predste\u010dajeva u hrvatskom gospodarstvu"}]},{"@type":"WebSite","@id":"https:\/\/aem.hr\/#website","url":"https:\/\/aem.hr\/","name":"Agencija za elektroni\u010dke medije","description":"","potentialAction":[{"@type":"SearchAction","target":{"@type":"EntryPoint","urlTemplate":"https:\/\/aem.hr\/?s={search_term_string}"},"query-input":{"@type":"PropertyValueSpecification","valueRequired":true,"valueName":"search_term_string"}}],"inLanguage":"en-US"}]}},"coauthors":[],"author_meta":{"author_link":"https:\/\/aem.hr\/en\/blog\/author\/mkirac\/","display_name":"Matko Kirac"},"relative_dates":{"created":"Posted 4 months ago","modified":"Updated 4 months ago"},"absolute_dates":{"created":"Posted on 5. December 2025.","modified":"Updated on 5. December 2025."},"absolute_dates_time":{"created":"Posted on 5. December 2025. 13:23","modified":"Updated on 5. December 2025. 13:23"},"featured_img_caption":"","featured_img":false,"series_order":"","_links":{"self":[{"href":"https:\/\/aem.hr\/en\/wp-json\/wp\/v2\/pages\/23733","targetHints":{"allow":["GET"]}}],"collection":[{"href":"https:\/\/aem.hr\/en\/wp-json\/wp\/v2\/pages"}],"about":[{"href":"https:\/\/aem.hr\/en\/wp-json\/wp\/v2\/types\/page"}],"author":[{"embeddable":true,"href":"https:\/\/aem.hr\/en\/wp-json\/wp\/v2\/users\/18"}],"replies":[{"embeddable":true,"href":"https:\/\/aem.hr\/en\/wp-json\/wp\/v2\/comments?post=23733"}],"version-history":[{"count":1,"href":"https:\/\/aem.hr\/en\/wp-json\/wp\/v2\/pages\/23733\/revisions"}],"predecessor-version":[{"id":23750,"href":"https:\/\/aem.hr\/en\/wp-json\/wp\/v2\/pages\/23733\/revisions\/23750"}],"wp:attachment":[{"href":"https:\/\/aem.hr\/en\/wp-json\/wp\/v2\/media?parent=23733"}],"curies":[{"name":"wp","href":"https:\/\/api.w.org\/{rel}","templated":true}]}}