{"id":23752,"date":"2025-12-05T13:26:19","date_gmt":"2025-12-05T12:26:19","guid":{"rendered":"https:\/\/aem.hr\/?page_id=23752"},"modified":"2025-12-05T13:26:20","modified_gmt":"2025-12-05T12:26:20","slug":"biljana-basic-rad-u-mirovini-lijek-ili-otrov-za-umirovljenike","status":"publish","type":"page","link":"https:\/\/aem.hr\/en\/biljana-basic-rad-u-mirovini-lijek-ili-otrov-za-umirovljenike\/","title":{"rendered":"Biljana Ba\u0161i\u0107 &#8211; Rad u mirovini &#8211; lijek ili otrov za umirovljenike"},"content":{"rendered":"\n<div class=\"wp-block-file\"><a id=\"wp-block-file--media-0fa82c50-8f1f-49ad-b8b4-67a91f441e95\" href=\"http:\/\/aem.hr\/wp-content\/uploads\/2025\/12\/1.-Umirovljenici-pomocnici.pdf\">1. Umirovljenici -pomo\u0107nici<\/a><a href=\"http:\/\/aem.hr\/wp-content\/uploads\/2025\/12\/1.-Umirovljenici-pomocnici.pdf\" class=\"wp-block-file__button wp-element-button\" download aria-describedby=\"wp-block-file--media-0fa82c50-8f1f-49ad-b8b4-67a91f441e95\">Preuzianje<\/a><\/div>\n\n\n\n<div class=\"wp-block-file\"><a id=\"wp-block-file--media-c9d7f6c4-d32d-49dd-b354-6bc62530a053\" href=\"http:\/\/aem.hr\/wp-content\/uploads\/2025\/12\/2.-Grujic-l.pdf\">2. Gruji\u0107 l.<\/a><a href=\"http:\/\/aem.hr\/wp-content\/uploads\/2025\/12\/2.-Grujic-l.pdf\" class=\"wp-block-file__button wp-element-button\" download aria-describedby=\"wp-block-file--media-c9d7f6c4-d32d-49dd-b354-6bc62530a053\">Preuzianje<\/a><\/div>\n\n\n\n<div class=\"wp-block-file\"><a id=\"wp-block-file--media-6b78b389-65f2-49d8-bfef-22727a023fed\" href=\"http:\/\/aem.hr\/wp-content\/uploads\/2025\/12\/3.-Petrovic.pdf\">3. Petrovi\u0107<\/a><a href=\"http:\/\/aem.hr\/wp-content\/uploads\/2025\/12\/3.-Petrovic.pdf\" class=\"wp-block-file__button wp-element-button\" download aria-describedby=\"wp-block-file--media-6b78b389-65f2-49d8-bfef-22727a023fed\">Preuzianje<\/a><\/div>\n\n\n\n<div class=\"wp-block-file\"><a id=\"wp-block-file--media-3e16fa75-bc7f-48b6-be2b-ca9504dcdd42\" href=\"http:\/\/aem.hr\/wp-content\/uploads\/2025\/12\/4.-MZO.pdf\">4. MZO<\/a><a href=\"http:\/\/aem.hr\/wp-content\/uploads\/2025\/12\/4.-MZO.pdf\" class=\"wp-block-file__button wp-element-button\" download aria-describedby=\"wp-block-file--media-3e16fa75-bc7f-48b6-be2b-ca9504dcdd42\">Preuzianje<\/a><\/div>\n\n\n\n<div class=\"wp-block-file\"><a id=\"wp-block-file--media-88679129-dc9d-44f3-9779-a0d0c165ee3e\" href=\"http:\/\/aem.hr\/wp-content\/uploads\/2025\/12\/5.-Deda.pdf\">5. Deda<\/a><a href=\"http:\/\/aem.hr\/wp-content\/uploads\/2025\/12\/5.-Deda.pdf\" class=\"wp-block-file__button wp-element-button\" download aria-describedby=\"wp-block-file--media-88679129-dc9d-44f3-9779-a0d0c165ee3e\">Preuzianje<\/a><\/div>\n","protected":false},"excerpt":{"rendered":"","protected":false},"author":18,"featured_media":0,"parent":0,"menu_order":0,"comment_status":"closed","ping_status":"closed","template":"","meta":{"_acf_changed":false,"inline_featured_image":false,"advgb_blocks_editor_width":"","advgb_blocks_columns_visual_guide":"","_links_to":"","_links_to_type":0,"footnotes":""},"class_list":["post-23752","page","type-page","status-publish","hentry"],"acf":[],"yoast_head":"<!-- This site is optimized with the Yoast SEO plugin v25.7 - https:\/\/yoast.com\/wordpress\/plugins\/seo\/ -->\n<title>Biljana Ba\u0161i\u0107 - Rad u mirovini - lijek ili otrov za umirovljenike - Agencija za elektroni\u010dke medije<\/title>\n<meta name=\"robots\" content=\"index, follow, max-snippet:-1, max-image-preview:large, max-video-preview:-1\" \/>\n<link rel=\"canonical\" href=\"https:\/\/aem.hr\/biljana-basic-rad-u-mirovini-lijek-ili-otrov-za-umirovljenike\/\" \/>\n<meta property=\"og:locale\" content=\"en_US\" \/>\n<meta property=\"og:type\" content=\"article\" \/>\n<meta property=\"og:title\" content=\"Biljana Ba\u0161i\u0107 - Rad u mirovini - lijek ili otrov za umirovljenike - Agencija za elektroni\u010dke medije\" \/>\n<meta property=\"og:url\" content=\"https:\/\/aem.hr\/biljana-basic-rad-u-mirovini-lijek-ili-otrov-za-umirovljenike\/\" \/>\n<meta property=\"og:site_name\" content=\"Agencija za elektroni\u010dke medije\" \/>\n<meta property=\"article:modified_time\" content=\"2025-12-05T12:26:20+00:00\" \/>\n<meta name=\"twitter:card\" content=\"summary_large_image\" \/>\n<meta name=\"twitter:label1\" content=\"Est. reading time\" \/>\n\t<meta name=\"twitter:data1\" content=\"1 minute\" \/>\n<script type=\"application\/ld+json\" class=\"yoast-schema-graph\">{\"@context\":\"https:\/\/schema.org\",\"@graph\":[{\"@type\":\"WebPage\",\"@id\":\"https:\/\/aem.hr\/biljana-basic-rad-u-mirovini-lijek-ili-otrov-za-umirovljenike\/\",\"url\":\"https:\/\/aem.hr\/biljana-basic-rad-u-mirovini-lijek-ili-otrov-za-umirovljenike\/\",\"name\":\"Biljana Ba\u0161i\u0107 - Rad u mirovini - lijek ili otrov za umirovljenike - Agencija za elektroni\u010dke medije\",\"isPartOf\":{\"@id\":\"https:\/\/aem.hr\/#website\"},\"datePublished\":\"2025-12-05T12:26:19+00:00\",\"dateModified\":\"2025-12-05T12:26:20+00:00\",\"breadcrumb\":{\"@id\":\"https:\/\/aem.hr\/biljana-basic-rad-u-mirovini-lijek-ili-otrov-za-umirovljenike\/#breadcrumb\"},\"inLanguage\":\"en-US\",\"potentialAction\":[{\"@type\":\"ReadAction\",\"target\":[\"https:\/\/aem.hr\/biljana-basic-rad-u-mirovini-lijek-ili-otrov-za-umirovljenike\/\"]}]},{\"@type\":\"BreadcrumbList\",\"@id\":\"https:\/\/aem.hr\/biljana-basic-rad-u-mirovini-lijek-ili-otrov-za-umirovljenike\/#breadcrumb\",\"itemListElement\":[{\"@type\":\"ListItem\",\"position\":1,\"name\":\"Po\u010detna stranica\",\"item\":\"https:\/\/aem.hr\/\"},{\"@type\":\"ListItem\",\"position\":2,\"name\":\"Biljana Ba\u0161i\u0107 &#8211; Rad u mirovini &#8211; lijek ili otrov za umirovljenike\"}]},{\"@type\":\"WebSite\",\"@id\":\"https:\/\/aem.hr\/#website\",\"url\":\"https:\/\/aem.hr\/\",\"name\":\"Agencija za elektroni\u010dke medije\",\"description\":\"\",\"potentialAction\":[{\"@type\":\"SearchAction\",\"target\":{\"@type\":\"EntryPoint\",\"urlTemplate\":\"https:\/\/aem.hr\/?s={search_term_string}\"},\"query-input\":{\"@type\":\"PropertyValueSpecification\",\"valueRequired\":true,\"valueName\":\"search_term_string\"}}],\"inLanguage\":\"en-US\"}]}<\/script>\n<!-- \/ Yoast SEO plugin. -->","yoast_head_json":{"title":"Biljana Ba\u0161i\u0107 - Rad u mirovini - lijek ili otrov za umirovljenike - Agencija za elektroni\u010dke medije","robots":{"index":"index","follow":"follow","max-snippet":"max-snippet:-1","max-image-preview":"max-image-preview:large","max-video-preview":"max-video-preview:-1"},"canonical":"https:\/\/aem.hr\/biljana-basic-rad-u-mirovini-lijek-ili-otrov-za-umirovljenike\/","og_locale":"en_US","og_type":"article","og_title":"Biljana Ba\u0161i\u0107 - Rad u mirovini - lijek ili otrov za umirovljenike - Agencija za elektroni\u010dke medije","og_url":"https:\/\/aem.hr\/biljana-basic-rad-u-mirovini-lijek-ili-otrov-za-umirovljenike\/","og_site_name":"Agencija za elektroni\u010dke medije","article_modified_time":"2025-12-05T12:26:20+00:00","twitter_card":"summary_large_image","twitter_misc":{"Est. reading time":"1 minute"},"schema":{"@context":"https:\/\/schema.org","@graph":[{"@type":"WebPage","@id":"https:\/\/aem.hr\/biljana-basic-rad-u-mirovini-lijek-ili-otrov-za-umirovljenike\/","url":"https:\/\/aem.hr\/biljana-basic-rad-u-mirovini-lijek-ili-otrov-za-umirovljenike\/","name":"Biljana Ba\u0161i\u0107 - Rad u mirovini - lijek ili otrov za umirovljenike - Agencija za elektroni\u010dke medije","isPartOf":{"@id":"https:\/\/aem.hr\/#website"},"datePublished":"2025-12-05T12:26:19+00:00","dateModified":"2025-12-05T12:26:20+00:00","breadcrumb":{"@id":"https:\/\/aem.hr\/biljana-basic-rad-u-mirovini-lijek-ili-otrov-za-umirovljenike\/#breadcrumb"},"inLanguage":"en-US","potentialAction":[{"@type":"ReadAction","target":["https:\/\/aem.hr\/biljana-basic-rad-u-mirovini-lijek-ili-otrov-za-umirovljenike\/"]}]},{"@type":"BreadcrumbList","@id":"https:\/\/aem.hr\/biljana-basic-rad-u-mirovini-lijek-ili-otrov-za-umirovljenike\/#breadcrumb","itemListElement":[{"@type":"ListItem","position":1,"name":"Po\u010detna stranica","item":"https:\/\/aem.hr\/"},{"@type":"ListItem","position":2,"name":"Biljana Ba\u0161i\u0107 &#8211; Rad u mirovini &#8211; lijek ili otrov za umirovljenike"}]},{"@type":"WebSite","@id":"https:\/\/aem.hr\/#website","url":"https:\/\/aem.hr\/","name":"Agencija za elektroni\u010dke medije","description":"","potentialAction":[{"@type":"SearchAction","target":{"@type":"EntryPoint","urlTemplate":"https:\/\/aem.hr\/?s={search_term_string}"},"query-input":{"@type":"PropertyValueSpecification","valueRequired":true,"valueName":"search_term_string"}}],"inLanguage":"en-US"}]}},"coauthors":[],"author_meta":{"author_link":"https:\/\/aem.hr\/en\/blog\/author\/mkirac\/","display_name":"Matko Kirac"},"relative_dates":{"created":"Posted 4 months ago","modified":"Updated 4 months ago"},"absolute_dates":{"created":"Posted on 5. December 2025.","modified":"Updated on 5. December 2025."},"absolute_dates_time":{"created":"Posted on 5. December 2025. 13:26","modified":"Updated on 5. December 2025. 13:26"},"featured_img_caption":"","featured_img":false,"series_order":"","_links":{"self":[{"href":"https:\/\/aem.hr\/en\/wp-json\/wp\/v2\/pages\/23752","targetHints":{"allow":["GET"]}}],"collection":[{"href":"https:\/\/aem.hr\/en\/wp-json\/wp\/v2\/pages"}],"about":[{"href":"https:\/\/aem.hr\/en\/wp-json\/wp\/v2\/types\/page"}],"author":[{"embeddable":true,"href":"https:\/\/aem.hr\/en\/wp-json\/wp\/v2\/users\/18"}],"replies":[{"embeddable":true,"href":"https:\/\/aem.hr\/en\/wp-json\/wp\/v2\/comments?post=23752"}],"version-history":[{"count":1,"href":"https:\/\/aem.hr\/en\/wp-json\/wp\/v2\/pages\/23752\/revisions"}],"predecessor-version":[{"id":23764,"href":"https:\/\/aem.hr\/en\/wp-json\/wp\/v2\/pages\/23752\/revisions\/23764"}],"wp:attachment":[{"href":"https:\/\/aem.hr\/en\/wp-json\/wp\/v2\/media?parent=23752"}],"curies":[{"name":"wp","href":"https:\/\/api.w.org\/{rel}","templated":true}]}}