{"id":23767,"date":"2025-12-05T13:27:39","date_gmt":"2025-12-05T12:27:39","guid":{"rendered":"https:\/\/aem.hr\/?page_id=23767"},"modified":"2025-12-05T13:27:40","modified_gmt":"2025-12-05T12:27:40","slug":"jozo-renic-kriza-priustivog-stanovanja-gdje-je-poslo-po-zlu","status":"publish","type":"page","link":"https:\/\/aem.hr\/en\/jozo-renic-kriza-priustivog-stanovanja-gdje-je-poslo-po-zlu\/","title":{"rendered":"Jozo Reni\u0107 &#8211; Kriza priu\u0161tivog stanovanja &#8211; gdje je po\u0161lo po zlu?"},"content":{"rendered":"\n<div class=\"wp-block-file\"><a id=\"wp-block-file--media-96215f57-a9e8-4d79-ab32-0af8dbff1da8\" href=\"https:\/\/aem.hr\/wp-content\/uploads\/2025\/12\/1.-Prius\u030ctivo-stanovanje_-Gdje-je-pos\u030clo-po-zlu.pdf\">1. Prius\u030ctivo stanovanje_ Gdje je pos\u030clo po zlu<\/a><a href=\"https:\/\/aem.hr\/wp-content\/uploads\/2025\/12\/1.-Prius\u030ctivo-stanovanje_-Gdje-je-pos\u030clo-po-zlu.pdf\" class=\"wp-block-file__button wp-element-button\" download aria-describedby=\"wp-block-file--media-96215f57-a9e8-4d79-ab32-0af8dbff1da8\">Preuzimanje<\/a><\/div>\n\n\n\n<div class=\"wp-block-file\"><a id=\"wp-block-file--media-99d00480-fe25-46e6-9a20-57a0e825028c\" href=\"https:\/\/aem.hr\/wp-content\/uploads\/2025\/12\/2.-Zadnju-rijec\u030c-uvijek-imaju-\u2013-privatni-investitori.pdf\">2. Zadnju rijec\u030c uvijek imaju \u2013 privatni investitori<\/a><a href=\"https:\/\/aem.hr\/wp-content\/uploads\/2025\/12\/2.-Zadnju-rijec\u030c-uvijek-imaju-\u2013-privatni-investitori.pdf\" class=\"wp-block-file__button wp-element-button\" download aria-describedby=\"wp-block-file--media-99d00480-fe25-46e6-9a20-57a0e825028c\">Preuzimanje<\/a><\/div>\n\n\n\n<div class=\"wp-block-file\"><a id=\"wp-block-file--media-03f725bf-457e-4ace-91a4-67d795536ddb\" href=\"https:\/\/aem.hr\/wp-content\/uploads\/2025\/12\/3.-Kapitalistic\u030cke-cijene-za-socijalistic\u030cko-stanovanje.pdf\">3. Kapitalistic\u030cke cijene za socijalistic\u030cko stanovanje<\/a><a href=\"https:\/\/aem.hr\/wp-content\/uploads\/2025\/12\/3.-Kapitalistic\u030cke-cijene-za-socijalistic\u030cko-stanovanje.pdf\" class=\"wp-block-file__button wp-element-button\" download aria-describedby=\"wp-block-file--media-03f725bf-457e-4ace-91a4-67d795536ddb\">Preuzimanje<\/a><\/div>\n\n\n\n<div class=\"wp-block-file\"><a id=\"wp-block-file--media-d703cc85-3a68-4eb4-a50a-020aac6bb9b9\" href=\"https:\/\/aem.hr\/wp-content\/uploads\/2025\/12\/4.-S\u030cto-je-to-suvremeni-standard-stanovanja_.pdf\">4.  S\u030cto je to suvremeni standard stanovanja_<\/a><a href=\"https:\/\/aem.hr\/wp-content\/uploads\/2025\/12\/4.-S\u030cto-je-to-suvremeni-standard-stanovanja_.pdf\" class=\"wp-block-file__button wp-element-button\" download aria-describedby=\"wp-block-file--media-d703cc85-3a68-4eb4-a50a-020aac6bb9b9\">Preuzimanje<\/a><\/div>\n\n\n\n<div class=\"wp-block-file\"><a id=\"wp-block-file--media-680cd376-d00a-48c2-bf35-833477292aac\" href=\"https:\/\/aem.hr\/wp-content\/uploads\/2025\/12\/5.-Imas\u030c-stan-o-infrastrukturi-moz\u030ces\u030c-sanjati.pdf\">5. Imas\u030c stan, o infrastrukturi moz\u030ces\u030c sanjati!<\/a><a href=\"https:\/\/aem.hr\/wp-content\/uploads\/2025\/12\/5.-Imas\u030c-stan-o-infrastrukturi-moz\u030ces\u030c-sanjati.pdf\" class=\"wp-block-file__button wp-element-button\" download aria-describedby=\"wp-block-file--media-680cd376-d00a-48c2-bf35-833477292aac\">Preuzimanje<\/a><\/div>\n\n\n\n<div class=\"wp-block-file\"><a id=\"wp-block-file--media-63f42696-a804-4f80-aa0f-5515b570ada3\" href=\"https:\/\/aem.hr\/wp-content\/uploads\/2025\/12\/6.-18.000-eura-po-kvadratu-prius\u030ctivo.pdf\">6. 18.000 eura po kvadratu &#8211; prius\u030ctivo<\/a><a href=\"https:\/\/aem.hr\/wp-content\/uploads\/2025\/12\/6.-18.000-eura-po-kvadratu-prius\u030ctivo.pdf\" class=\"wp-block-file__button wp-element-button\" download aria-describedby=\"wp-block-file--media-63f42696-a804-4f80-aa0f-5515b570ada3\">Preuzimanje<\/a><\/div>\n\n\n\n<div class=\"wp-block-file\"><a id=\"wp-block-file--media-31693d60-eaba-4ff6-8040-cc3f2436b919\" href=\"https:\/\/aem.hr\/wp-content\/uploads\/2025\/12\/7.-Cijeli-z\u030civot-u-kreditu-ili-socijalni-najam.pdf\">7. Cijeli z\u030civot u kreditu ili socijalni najam<\/a><a href=\"https:\/\/aem.hr\/wp-content\/uploads\/2025\/12\/7.-Cijeli-z\u030civot-u-kreditu-ili-socijalni-najam.pdf\" class=\"wp-block-file__button wp-element-button\" download aria-describedby=\"wp-block-file--media-31693d60-eaba-4ff6-8040-cc3f2436b919\">Preuzimanje<\/a><\/div>\n","protected":false},"excerpt":{"rendered":"","protected":false},"author":18,"featured_media":0,"parent":0,"menu_order":0,"comment_status":"closed","ping_status":"closed","template":"","meta":{"_acf_changed":false,"inline_featured_image":false,"advgb_blocks_editor_width":"","advgb_blocks_columns_visual_guide":"","_links_to":"","_links_to_type":0,"footnotes":""},"class_list":["post-23767","page","type-page","status-publish","hentry"],"acf":[],"yoast_head":"<!-- This site is optimized with the Yoast SEO plugin v25.7 - https:\/\/yoast.com\/wordpress\/plugins\/seo\/ -->\n<title>Jozo Reni\u0107 - Kriza priu\u0161tivog stanovanja - gdje je po\u0161lo po zlu? - Agencija za elektroni\u010dke medije<\/title>\n<meta name=\"robots\" content=\"index, follow, max-snippet:-1, max-image-preview:large, max-video-preview:-1\" \/>\n<link rel=\"canonical\" href=\"https:\/\/aem.hr\/jozo-renic-kriza-priustivog-stanovanja-gdje-je-poslo-po-zlu\/\" \/>\n<meta property=\"og:locale\" content=\"en_US\" \/>\n<meta property=\"og:type\" content=\"article\" \/>\n<meta property=\"og:title\" content=\"Jozo Reni\u0107 - Kriza priu\u0161tivog stanovanja - gdje je po\u0161lo po zlu? - Agencija za elektroni\u010dke medije\" \/>\n<meta property=\"og:url\" content=\"https:\/\/aem.hr\/jozo-renic-kriza-priustivog-stanovanja-gdje-je-poslo-po-zlu\/\" \/>\n<meta property=\"og:site_name\" content=\"Agencija za elektroni\u010dke medije\" \/>\n<meta property=\"article:modified_time\" content=\"2025-12-05T12:27:40+00:00\" \/>\n<meta name=\"twitter:card\" content=\"summary_large_image\" \/>\n<meta name=\"twitter:label1\" content=\"Est. reading time\" \/>\n\t<meta name=\"twitter:data1\" content=\"1 minute\" \/>\n<script type=\"application\/ld+json\" class=\"yoast-schema-graph\">{\"@context\":\"https:\/\/schema.org\",\"@graph\":[{\"@type\":\"WebPage\",\"@id\":\"https:\/\/aem.hr\/jozo-renic-kriza-priustivog-stanovanja-gdje-je-poslo-po-zlu\/\",\"url\":\"https:\/\/aem.hr\/jozo-renic-kriza-priustivog-stanovanja-gdje-je-poslo-po-zlu\/\",\"name\":\"Jozo Reni\u0107 - Kriza priu\u0161tivog stanovanja - gdje je po\u0161lo po zlu? - Agencija za elektroni\u010dke medije\",\"isPartOf\":{\"@id\":\"https:\/\/aem.hr\/#website\"},\"datePublished\":\"2025-12-05T12:27:39+00:00\",\"dateModified\":\"2025-12-05T12:27:40+00:00\",\"breadcrumb\":{\"@id\":\"https:\/\/aem.hr\/jozo-renic-kriza-priustivog-stanovanja-gdje-je-poslo-po-zlu\/#breadcrumb\"},\"inLanguage\":\"en-US\",\"potentialAction\":[{\"@type\":\"ReadAction\",\"target\":[\"https:\/\/aem.hr\/jozo-renic-kriza-priustivog-stanovanja-gdje-je-poslo-po-zlu\/\"]}]},{\"@type\":\"BreadcrumbList\",\"@id\":\"https:\/\/aem.hr\/jozo-renic-kriza-priustivog-stanovanja-gdje-je-poslo-po-zlu\/#breadcrumb\",\"itemListElement\":[{\"@type\":\"ListItem\",\"position\":1,\"name\":\"Po\u010detna stranica\",\"item\":\"https:\/\/aem.hr\/\"},{\"@type\":\"ListItem\",\"position\":2,\"name\":\"Jozo Reni\u0107 &#8211; Kriza priu\u0161tivog stanovanja &#8211; gdje je po\u0161lo po zlu?\"}]},{\"@type\":\"WebSite\",\"@id\":\"https:\/\/aem.hr\/#website\",\"url\":\"https:\/\/aem.hr\/\",\"name\":\"Agencija za elektroni\u010dke medije\",\"description\":\"\",\"potentialAction\":[{\"@type\":\"SearchAction\",\"target\":{\"@type\":\"EntryPoint\",\"urlTemplate\":\"https:\/\/aem.hr\/?s={search_term_string}\"},\"query-input\":{\"@type\":\"PropertyValueSpecification\",\"valueRequired\":true,\"valueName\":\"search_term_string\"}}],\"inLanguage\":\"en-US\"}]}<\/script>\n<!-- \/ Yoast SEO plugin. -->","yoast_head_json":{"title":"Jozo Reni\u0107 - Kriza priu\u0161tivog stanovanja - gdje je po\u0161lo po zlu? - Agencija za elektroni\u010dke medije","robots":{"index":"index","follow":"follow","max-snippet":"max-snippet:-1","max-image-preview":"max-image-preview:large","max-video-preview":"max-video-preview:-1"},"canonical":"https:\/\/aem.hr\/jozo-renic-kriza-priustivog-stanovanja-gdje-je-poslo-po-zlu\/","og_locale":"en_US","og_type":"article","og_title":"Jozo Reni\u0107 - Kriza priu\u0161tivog stanovanja - gdje je po\u0161lo po zlu? - Agencija za elektroni\u010dke medije","og_url":"https:\/\/aem.hr\/jozo-renic-kriza-priustivog-stanovanja-gdje-je-poslo-po-zlu\/","og_site_name":"Agencija za elektroni\u010dke medije","article_modified_time":"2025-12-05T12:27:40+00:00","twitter_card":"summary_large_image","twitter_misc":{"Est. reading time":"1 minute"},"schema":{"@context":"https:\/\/schema.org","@graph":[{"@type":"WebPage","@id":"https:\/\/aem.hr\/jozo-renic-kriza-priustivog-stanovanja-gdje-je-poslo-po-zlu\/","url":"https:\/\/aem.hr\/jozo-renic-kriza-priustivog-stanovanja-gdje-je-poslo-po-zlu\/","name":"Jozo Reni\u0107 - Kriza priu\u0161tivog stanovanja - gdje je po\u0161lo po zlu? - Agencija za elektroni\u010dke medije","isPartOf":{"@id":"https:\/\/aem.hr\/#website"},"datePublished":"2025-12-05T12:27:39+00:00","dateModified":"2025-12-05T12:27:40+00:00","breadcrumb":{"@id":"https:\/\/aem.hr\/jozo-renic-kriza-priustivog-stanovanja-gdje-je-poslo-po-zlu\/#breadcrumb"},"inLanguage":"en-US","potentialAction":[{"@type":"ReadAction","target":["https:\/\/aem.hr\/jozo-renic-kriza-priustivog-stanovanja-gdje-je-poslo-po-zlu\/"]}]},{"@type":"BreadcrumbList","@id":"https:\/\/aem.hr\/jozo-renic-kriza-priustivog-stanovanja-gdje-je-poslo-po-zlu\/#breadcrumb","itemListElement":[{"@type":"ListItem","position":1,"name":"Po\u010detna stranica","item":"https:\/\/aem.hr\/"},{"@type":"ListItem","position":2,"name":"Jozo Reni\u0107 &#8211; Kriza priu\u0161tivog stanovanja &#8211; gdje je po\u0161lo po zlu?"}]},{"@type":"WebSite","@id":"https:\/\/aem.hr\/#website","url":"https:\/\/aem.hr\/","name":"Agencija za elektroni\u010dke medije","description":"","potentialAction":[{"@type":"SearchAction","target":{"@type":"EntryPoint","urlTemplate":"https:\/\/aem.hr\/?s={search_term_string}"},"query-input":{"@type":"PropertyValueSpecification","valueRequired":true,"valueName":"search_term_string"}}],"inLanguage":"en-US"}]}},"coauthors":[],"author_meta":{"author_link":"https:\/\/aem.hr\/en\/blog\/author\/mkirac\/","display_name":"Matko Kirac"},"relative_dates":{"created":"Posted 4 months ago","modified":"Updated 4 months ago"},"absolute_dates":{"created":"Posted on 5. December 2025.","modified":"Updated on 5. December 2025."},"absolute_dates_time":{"created":"Posted on 5. December 2025. 13:27","modified":"Updated on 5. December 2025. 13:27"},"featured_img_caption":"","featured_img":false,"series_order":"","_links":{"self":[{"href":"https:\/\/aem.hr\/en\/wp-json\/wp\/v2\/pages\/23767","targetHints":{"allow":["GET"]}}],"collection":[{"href":"https:\/\/aem.hr\/en\/wp-json\/wp\/v2\/pages"}],"about":[{"href":"https:\/\/aem.hr\/en\/wp-json\/wp\/v2\/types\/page"}],"author":[{"embeddable":true,"href":"https:\/\/aem.hr\/en\/wp-json\/wp\/v2\/users\/18"}],"replies":[{"embeddable":true,"href":"https:\/\/aem.hr\/en\/wp-json\/wp\/v2\/comments?post=23767"}],"version-history":[{"count":1,"href":"https:\/\/aem.hr\/en\/wp-json\/wp\/v2\/pages\/23767\/revisions"}],"predecessor-version":[{"id":23782,"href":"https:\/\/aem.hr\/en\/wp-json\/wp\/v2\/pages\/23767\/revisions\/23782"}],"wp:attachment":[{"href":"https:\/\/aem.hr\/en\/wp-json\/wp\/v2\/media?parent=23767"}],"curies":[{"name":"wp","href":"https:\/\/api.w.org\/{rel}","templated":true}]}}