{"id":23784,"date":"2025-12-05T13:28:45","date_gmt":"2025-12-05T12:28:45","guid":{"rendered":"https:\/\/aem.hr\/?page_id=23784"},"modified":"2025-12-05T13:28:47","modified_gmt":"2025-12-05T12:28:47","slug":"damir-kramaric-povratnici-krce-sikaru-i-grade-cestu-povratka","status":"publish","type":"page","link":"https:\/\/aem.hr\/en\/damir-kramaric-povratnici-krce-sikaru-i-grade-cestu-povratka\/","title":{"rendered":"Damir Kramari\u0107 &#8211; Povratnici kr\u010de \u0161ikaru i grade cestu povratka"},"content":{"rendered":"\n<div class=\"wp-block-file\"><a id=\"wp-block-file--media-5d5ad732-feee-46e9-b7c8-e67741786f24\" href=\"https:\/\/aem.hr\/wp-content\/uploads\/2025\/12\/1.-Ostavili-Australiju-i-pokrenuli-posao-na-Ciovu.pdf\">1. Ostavili Australiju i pokrenuli posao na \u010ciovu<\/a><a href=\"https:\/\/aem.hr\/wp-content\/uploads\/2025\/12\/1.-Ostavili-Australiju-i-pokrenuli-posao-na-Ciovu.pdf\" class=\"wp-block-file__button wp-element-button\" download aria-describedby=\"wp-block-file--media-5d5ad732-feee-46e9-b7c8-e67741786f24\">Preuzimanje<\/a><\/div>\n\n\n\n<div class=\"wp-block-file\"><a id=\"wp-block-file--media-59ab2f10-f8ab-42ce-8a35-e37d65c3384c\" href=\"https:\/\/aem.hr\/wp-content\/uploads\/2025\/12\/2.-Imamo-nova-prava-za-povratnikepdf.pdf\">2. &#8216;Imamo nova prava za povratnike&#8217;pdf<\/a><a href=\"https:\/\/aem.hr\/wp-content\/uploads\/2025\/12\/2.-Imamo-nova-prava-za-povratnikepdf.pdf\" class=\"wp-block-file__button wp-element-button\" download aria-describedby=\"wp-block-file--media-59ab2f10-f8ab-42ce-8a35-e37d65c3384c\">Preuzimanje<\/a><\/div>\n\n\n\n<div class=\"wp-block-file\"><a id=\"wp-block-file--media-e79d9250-4f30-4edc-85e9-e2970e9e3070\" href=\"https:\/\/aem.hr\/wp-content\/uploads\/2025\/12\/3.-Jos-ima-nejasnoca-oko-Biram-Hrvatsku.pdf\">3. Jo\u0161 ima nejasno\u0107a oko &#8216;Biram Hrvatsku&#8217;<\/a><a href=\"https:\/\/aem.hr\/wp-content\/uploads\/2025\/12\/3.-Jos-ima-nejasnoca-oko-Biram-Hrvatsku.pdf\" class=\"wp-block-file__button wp-element-button\" download aria-describedby=\"wp-block-file--media-e79d9250-4f30-4edc-85e9-e2970e9e3070\">Preuzimanje<\/a><\/div>\n\n\n\n<div class=\"wp-block-file\"><a id=\"wp-block-file--media-d5e987fc-794c-4d60-8e08-dd2382e3ca41\" href=\"https:\/\/aem.hr\/wp-content\/uploads\/2025\/12\/4.-Iseljavanje-se-nastavlja-svakoga-to-treba-zabrinuti.pdf\">4. &#8216;Iseljavanje se nastavlja, svakoga to treba zabrinuti&#8217;<\/a><a href=\"https:\/\/aem.hr\/wp-content\/uploads\/2025\/12\/4.-Iseljavanje-se-nastavlja-svakoga-to-treba-zabrinuti.pdf\" class=\"wp-block-file__button wp-element-button\" download aria-describedby=\"wp-block-file--media-d5e987fc-794c-4d60-8e08-dd2382e3ca41\">Preuzimanje<\/a><\/div>\n\n\n\n<div class=\"wp-block-file\"><a id=\"wp-block-file--media-79b290ea-bbc9-4a1f-846d-5b43188b2aaa\" href=\"https:\/\/aem.hr\/wp-content\/uploads\/2025\/12\/5.-Iz-Sydneya-u-Svetu-Nedelju.pdf\">5. Iz Sydneya u Svetu Nedelju<\/a><a href=\"https:\/\/aem.hr\/wp-content\/uploads\/2025\/12\/5.-Iz-Sydneya-u-Svetu-Nedelju.pdf\" class=\"wp-block-file__button wp-element-button\" download aria-describedby=\"wp-block-file--media-79b290ea-bbc9-4a1f-846d-5b43188b2aaa\">Preuzimanje<\/a><\/div>\n","protected":false},"excerpt":{"rendered":"","protected":false},"author":18,"featured_media":0,"parent":0,"menu_order":0,"comment_status":"closed","ping_status":"closed","template":"","meta":{"_acf_changed":false,"inline_featured_image":false,"advgb_blocks_editor_width":"","advgb_blocks_columns_visual_guide":"","_links_to":"","_links_to_type":0,"footnotes":""},"class_list":["post-23784","page","type-page","status-publish","hentry"],"acf":[],"yoast_head":"<!-- This site is optimized with the Yoast SEO plugin v25.7 - https:\/\/yoast.com\/wordpress\/plugins\/seo\/ -->\n<title>Damir Kramari\u0107 - Povratnici kr\u010de \u0161ikaru i grade cestu povratka - Agencija za elektroni\u010dke medije<\/title>\n<meta name=\"robots\" content=\"index, follow, max-snippet:-1, max-image-preview:large, max-video-preview:-1\" \/>\n<link rel=\"canonical\" href=\"https:\/\/aem.hr\/damir-kramaric-povratnici-krce-sikaru-i-grade-cestu-povratka\/\" \/>\n<meta property=\"og:locale\" content=\"en_US\" \/>\n<meta property=\"og:type\" content=\"article\" \/>\n<meta property=\"og:title\" content=\"Damir Kramari\u0107 - Povratnici kr\u010de \u0161ikaru i grade cestu povratka - Agencija za elektroni\u010dke medije\" \/>\n<meta property=\"og:url\" content=\"https:\/\/aem.hr\/damir-kramaric-povratnici-krce-sikaru-i-grade-cestu-povratka\/\" \/>\n<meta property=\"og:site_name\" content=\"Agencija za elektroni\u010dke medije\" \/>\n<meta property=\"article:modified_time\" content=\"2025-12-05T12:28:47+00:00\" \/>\n<meta name=\"twitter:card\" content=\"summary_large_image\" \/>\n<meta name=\"twitter:label1\" content=\"Est. reading time\" \/>\n\t<meta name=\"twitter:data1\" content=\"1 minute\" \/>\n<script type=\"application\/ld+json\" class=\"yoast-schema-graph\">{\"@context\":\"https:\/\/schema.org\",\"@graph\":[{\"@type\":\"WebPage\",\"@id\":\"https:\/\/aem.hr\/damir-kramaric-povratnici-krce-sikaru-i-grade-cestu-povratka\/\",\"url\":\"https:\/\/aem.hr\/damir-kramaric-povratnici-krce-sikaru-i-grade-cestu-povratka\/\",\"name\":\"Damir Kramari\u0107 - Povratnici kr\u010de \u0161ikaru i grade cestu povratka - Agencija za elektroni\u010dke medije\",\"isPartOf\":{\"@id\":\"https:\/\/aem.hr\/#website\"},\"datePublished\":\"2025-12-05T12:28:45+00:00\",\"dateModified\":\"2025-12-05T12:28:47+00:00\",\"breadcrumb\":{\"@id\":\"https:\/\/aem.hr\/damir-kramaric-povratnici-krce-sikaru-i-grade-cestu-povratka\/#breadcrumb\"},\"inLanguage\":\"en-US\",\"potentialAction\":[{\"@type\":\"ReadAction\",\"target\":[\"https:\/\/aem.hr\/damir-kramaric-povratnici-krce-sikaru-i-grade-cestu-povratka\/\"]}]},{\"@type\":\"BreadcrumbList\",\"@id\":\"https:\/\/aem.hr\/damir-kramaric-povratnici-krce-sikaru-i-grade-cestu-povratka\/#breadcrumb\",\"itemListElement\":[{\"@type\":\"ListItem\",\"position\":1,\"name\":\"Po\u010detna stranica\",\"item\":\"https:\/\/aem.hr\/\"},{\"@type\":\"ListItem\",\"position\":2,\"name\":\"Damir Kramari\u0107 &#8211; Povratnici kr\u010de \u0161ikaru i grade cestu povratka\"}]},{\"@type\":\"WebSite\",\"@id\":\"https:\/\/aem.hr\/#website\",\"url\":\"https:\/\/aem.hr\/\",\"name\":\"Agencija za elektroni\u010dke medije\",\"description\":\"\",\"potentialAction\":[{\"@type\":\"SearchAction\",\"target\":{\"@type\":\"EntryPoint\",\"urlTemplate\":\"https:\/\/aem.hr\/?s={search_term_string}\"},\"query-input\":{\"@type\":\"PropertyValueSpecification\",\"valueRequired\":true,\"valueName\":\"search_term_string\"}}],\"inLanguage\":\"en-US\"}]}<\/script>\n<!-- \/ Yoast SEO plugin. -->","yoast_head_json":{"title":"Damir Kramari\u0107 - Povratnici kr\u010de \u0161ikaru i grade cestu povratka - Agencija za elektroni\u010dke medije","robots":{"index":"index","follow":"follow","max-snippet":"max-snippet:-1","max-image-preview":"max-image-preview:large","max-video-preview":"max-video-preview:-1"},"canonical":"https:\/\/aem.hr\/damir-kramaric-povratnici-krce-sikaru-i-grade-cestu-povratka\/","og_locale":"en_US","og_type":"article","og_title":"Damir Kramari\u0107 - Povratnici kr\u010de \u0161ikaru i grade cestu povratka - Agencija za elektroni\u010dke medije","og_url":"https:\/\/aem.hr\/damir-kramaric-povratnici-krce-sikaru-i-grade-cestu-povratka\/","og_site_name":"Agencija za elektroni\u010dke medije","article_modified_time":"2025-12-05T12:28:47+00:00","twitter_card":"summary_large_image","twitter_misc":{"Est. reading time":"1 minute"},"schema":{"@context":"https:\/\/schema.org","@graph":[{"@type":"WebPage","@id":"https:\/\/aem.hr\/damir-kramaric-povratnici-krce-sikaru-i-grade-cestu-povratka\/","url":"https:\/\/aem.hr\/damir-kramaric-povratnici-krce-sikaru-i-grade-cestu-povratka\/","name":"Damir Kramari\u0107 - Povratnici kr\u010de \u0161ikaru i grade cestu povratka - Agencija za elektroni\u010dke medije","isPartOf":{"@id":"https:\/\/aem.hr\/#website"},"datePublished":"2025-12-05T12:28:45+00:00","dateModified":"2025-12-05T12:28:47+00:00","breadcrumb":{"@id":"https:\/\/aem.hr\/damir-kramaric-povratnici-krce-sikaru-i-grade-cestu-povratka\/#breadcrumb"},"inLanguage":"en-US","potentialAction":[{"@type":"ReadAction","target":["https:\/\/aem.hr\/damir-kramaric-povratnici-krce-sikaru-i-grade-cestu-povratka\/"]}]},{"@type":"BreadcrumbList","@id":"https:\/\/aem.hr\/damir-kramaric-povratnici-krce-sikaru-i-grade-cestu-povratka\/#breadcrumb","itemListElement":[{"@type":"ListItem","position":1,"name":"Po\u010detna stranica","item":"https:\/\/aem.hr\/"},{"@type":"ListItem","position":2,"name":"Damir Kramari\u0107 &#8211; Povratnici kr\u010de \u0161ikaru i grade cestu povratka"}]},{"@type":"WebSite","@id":"https:\/\/aem.hr\/#website","url":"https:\/\/aem.hr\/","name":"Agencija za elektroni\u010dke medije","description":"","potentialAction":[{"@type":"SearchAction","target":{"@type":"EntryPoint","urlTemplate":"https:\/\/aem.hr\/?s={search_term_string}"},"query-input":{"@type":"PropertyValueSpecification","valueRequired":true,"valueName":"search_term_string"}}],"inLanguage":"en-US"}]}},"coauthors":[],"author_meta":{"author_link":"https:\/\/aem.hr\/en\/blog\/author\/mkirac\/","display_name":"Matko Kirac"},"relative_dates":{"created":"Posted 4 months ago","modified":"Updated 4 months ago"},"absolute_dates":{"created":"Posted on 5. December 2025.","modified":"Updated on 5. December 2025."},"absolute_dates_time":{"created":"Posted on 5. December 2025. 13:28","modified":"Updated on 5. December 2025. 13:28"},"featured_img_caption":"","featured_img":false,"series_order":"","_links":{"self":[{"href":"https:\/\/aem.hr\/en\/wp-json\/wp\/v2\/pages\/23784","targetHints":{"allow":["GET"]}}],"collection":[{"href":"https:\/\/aem.hr\/en\/wp-json\/wp\/v2\/pages"}],"about":[{"href":"https:\/\/aem.hr\/en\/wp-json\/wp\/v2\/types\/page"}],"author":[{"embeddable":true,"href":"https:\/\/aem.hr\/en\/wp-json\/wp\/v2\/users\/18"}],"replies":[{"embeddable":true,"href":"https:\/\/aem.hr\/en\/wp-json\/wp\/v2\/comments?post=23784"}],"version-history":[{"count":1,"href":"https:\/\/aem.hr\/en\/wp-json\/wp\/v2\/pages\/23784\/revisions"}],"predecessor-version":[{"id":23795,"href":"https:\/\/aem.hr\/en\/wp-json\/wp\/v2\/pages\/23784\/revisions\/23795"}],"wp:attachment":[{"href":"https:\/\/aem.hr\/en\/wp-json\/wp\/v2\/media?parent=23784"}],"curies":[{"name":"wp","href":"https:\/\/api.w.org\/{rel}","templated":true}]}}