{"id":23877,"date":"2026-01-12T15:06:21","date_gmt":"2026-01-12T14:06:21","guid":{"rendered":"https:\/\/aem.hr\/?page_id=23877"},"modified":"2026-01-12T15:06:22","modified_gmt":"2026-01-12T14:06:22","slug":"viktor-trumbetas-postrojbe-za-posebne-namjene-hvo-i-specijalne-sluzbe-u-bih-tokom-rata-1992-1995","status":"publish","type":"page","link":"https:\/\/aem.hr\/en\/viktor-trumbetas-postrojbe-za-posebne-namjene-hvo-i-specijalne-sluzbe-u-bih-tokom-rata-1992-1995\/","title":{"rendered":"Viktor Trumbeta\u0161 &#8211; Postrojbe za posebne namjene HVO i specijalne slu\u017ebe u BiH tokom rata 1992-1995."},"content":{"rendered":"\n<div class=\"wp-block-file\"><a id=\"wp-block-file--media-df9b14c5-ac08-4da2-ab71-943938d9d5a8\" href=\"https:\/\/aem.hr\/wp-content\/uploads\/2026\/01\/1.-Specijalne-postrojbe-HVO-a.pdf\">1. Specijalne postrojbe HVO-a<\/a><a href=\"https:\/\/aem.hr\/wp-content\/uploads\/2026\/01\/1.-Specijalne-postrojbe-HVO-a.pdf\" class=\"wp-block-file__button wp-element-button\" download aria-describedby=\"wp-block-file--media-df9b14c5-ac08-4da2-ab71-943938d9d5a8\">Preuzimanje<\/a><\/div>\n\n\n\n<div class=\"wp-block-file\"><a id=\"wp-block-file--media-86057c60-6c59-496d-a25d-607d3a3287ee\" href=\"https:\/\/aem.hr\/wp-content\/uploads\/2026\/01\/2.-U-sjeni-operacija-Naoruzanje-i-oprema.pdf\">2. U sjeni operacija &#8211; Naoru\u017eanje i oprema<\/a><a href=\"https:\/\/aem.hr\/wp-content\/uploads\/2026\/01\/2.-U-sjeni-operacija-Naoruzanje-i-oprema.pdf\" class=\"wp-block-file__button wp-element-button\" download aria-describedby=\"wp-block-file--media-86057c60-6c59-496d-a25d-607d3a3287ee\">Preuzimanje<\/a><\/div>\n\n\n\n<div class=\"wp-block-file\"><a id=\"wp-block-file--media-b6f61f25-022b-4753-8db3-d1b77f6e05be\" href=\"https:\/\/aem.hr\/wp-content\/uploads\/2026\/01\/3.-Znakovlje-postrojbi-za-posebne-namjene-HVO-a.pdf\">3. Znakovlje postrojbi za posebne namjene HVO-a<\/a><a href=\"https:\/\/aem.hr\/wp-content\/uploads\/2026\/01\/3.-Znakovlje-postrojbi-za-posebne-namjene-HVO-a.pdf\" class=\"wp-block-file__button wp-element-button\" download aria-describedby=\"wp-block-file--media-b6f61f25-022b-4753-8db3-d1b77f6e05be\">Preuzimanje<\/a><\/div>\n\n\n\n<div class=\"wp-block-file\"><a id=\"wp-block-file--media-2a80e3be-3d2a-4377-be23-ace4ec4cf6f0\" href=\"https:\/\/aem.hr\/wp-content\/uploads\/2026\/01\/4.-Specijalna-policija-MUP-a-HR-HB-1994.\u20131996.pdf\">4. Specijalna policija MUP-a HR-HB (1994.\u20131996.)<\/a><a href=\"https:\/\/aem.hr\/wp-content\/uploads\/2026\/01\/4.-Specijalna-policija-MUP-a-HR-HB-1994.\u20131996.pdf\" class=\"wp-block-file__button wp-element-button\" download aria-describedby=\"wp-block-file--media-2a80e3be-3d2a-4377-be23-ace4ec4cf6f0\">Preuzimanje<\/a><\/div>\n\n\n\n<div class=\"wp-block-file\"><a id=\"wp-block-file--media-d3c3f594-c753-4261-b076-0d698bd4bdb6\" href=\"https:\/\/aem.hr\/wp-content\/uploads\/2026\/01\/5.-Sigurnosne-i-obavjestajne-sluzbe.pdf\">5. Sigurnosne i obavje\u0161tajne slu\u017ebe<\/a><a href=\"https:\/\/aem.hr\/wp-content\/uploads\/2026\/01\/5.-Sigurnosne-i-obavjestajne-sluzbe.pdf\" class=\"wp-block-file__button wp-element-button\" download aria-describedby=\"wp-block-file--media-d3c3f594-c753-4261-b076-0d698bd4bdb6\">Preuzimanje<\/a><\/div>\n\n\n\n<div class=\"wp-block-file\"><a id=\"wp-block-file--media-e9fc6a98-7549-4694-9141-1566749ae853\" href=\"https:\/\/aem.hr\/wp-content\/uploads\/2026\/01\/6.-Strani-dragovoljci-u-postrojbama.pdf\">6. Strani dragovoljci u postrojbama<\/a><a href=\"https:\/\/aem.hr\/wp-content\/uploads\/2026\/01\/6.-Strani-dragovoljci-u-postrojbama.pdf\" class=\"wp-block-file__button wp-element-button\" download aria-describedby=\"wp-block-file--media-e9fc6a98-7549-4694-9141-1566749ae853\">Preuzimanje<\/a><\/div>\n","protected":false},"excerpt":{"rendered":"","protected":false},"author":18,"featured_media":0,"parent":0,"menu_order":0,"comment_status":"closed","ping_status":"closed","template":"","meta":{"_acf_changed":false,"inline_featured_image":false,"advgb_blocks_editor_width":"","advgb_blocks_columns_visual_guide":"","_links_to":"","_links_to_type":0,"footnotes":""},"class_list":["post-23877","page","type-page","status-publish","hentry"],"acf":[],"yoast_head":"<!-- This site is optimized with the Yoast SEO plugin v25.7 - https:\/\/yoast.com\/wordpress\/plugins\/seo\/ -->\n<title>Viktor Trumbeta\u0161 - Postrojbe za posebne namjene HVO i specijalne slu\u017ebe u BiH tokom rata 1992-1995. - Agencija za elektroni\u010dke medije<\/title>\n<meta name=\"robots\" content=\"index, follow, max-snippet:-1, max-image-preview:large, max-video-preview:-1\" \/>\n<link rel=\"canonical\" href=\"https:\/\/aem.hr\/viktor-trumbetas-postrojbe-za-posebne-namjene-hvo-i-specijalne-sluzbe-u-bih-tokom-rata-1992-1995\/\" \/>\n<meta property=\"og:locale\" content=\"en_US\" \/>\n<meta property=\"og:type\" content=\"article\" \/>\n<meta property=\"og:title\" content=\"Viktor Trumbeta\u0161 - Postrojbe za posebne namjene HVO i specijalne slu\u017ebe u BiH tokom rata 1992-1995. - Agencija za elektroni\u010dke medije\" \/>\n<meta property=\"og:url\" content=\"https:\/\/aem.hr\/viktor-trumbetas-postrojbe-za-posebne-namjene-hvo-i-specijalne-sluzbe-u-bih-tokom-rata-1992-1995\/\" \/>\n<meta property=\"og:site_name\" content=\"Agencija za elektroni\u010dke medije\" \/>\n<meta property=\"article:modified_time\" content=\"2026-01-12T14:06:22+00:00\" \/>\n<meta name=\"twitter:card\" content=\"summary_large_image\" \/>\n<meta name=\"twitter:label1\" content=\"Est. reading time\" \/>\n\t<meta name=\"twitter:data1\" content=\"1 minute\" \/>\n<script type=\"application\/ld+json\" class=\"yoast-schema-graph\">{\"@context\":\"https:\/\/schema.org\",\"@graph\":[{\"@type\":\"WebPage\",\"@id\":\"https:\/\/aem.hr\/viktor-trumbetas-postrojbe-za-posebne-namjene-hvo-i-specijalne-sluzbe-u-bih-tokom-rata-1992-1995\/\",\"url\":\"https:\/\/aem.hr\/viktor-trumbetas-postrojbe-za-posebne-namjene-hvo-i-specijalne-sluzbe-u-bih-tokom-rata-1992-1995\/\",\"name\":\"Viktor Trumbeta\u0161 - Postrojbe za posebne namjene HVO i specijalne slu\u017ebe u BiH tokom rata 1992-1995. - Agencija za elektroni\u010dke medije\",\"isPartOf\":{\"@id\":\"https:\/\/aem.hr\/#website\"},\"datePublished\":\"2026-01-12T14:06:21+00:00\",\"dateModified\":\"2026-01-12T14:06:22+00:00\",\"breadcrumb\":{\"@id\":\"https:\/\/aem.hr\/viktor-trumbetas-postrojbe-za-posebne-namjene-hvo-i-specijalne-sluzbe-u-bih-tokom-rata-1992-1995\/#breadcrumb\"},\"inLanguage\":\"en-US\",\"potentialAction\":[{\"@type\":\"ReadAction\",\"target\":[\"https:\/\/aem.hr\/viktor-trumbetas-postrojbe-za-posebne-namjene-hvo-i-specijalne-sluzbe-u-bih-tokom-rata-1992-1995\/\"]}]},{\"@type\":\"BreadcrumbList\",\"@id\":\"https:\/\/aem.hr\/viktor-trumbetas-postrojbe-za-posebne-namjene-hvo-i-specijalne-sluzbe-u-bih-tokom-rata-1992-1995\/#breadcrumb\",\"itemListElement\":[{\"@type\":\"ListItem\",\"position\":1,\"name\":\"Po\u010detna stranica\",\"item\":\"https:\/\/aem.hr\/\"},{\"@type\":\"ListItem\",\"position\":2,\"name\":\"Viktor Trumbeta\u0161 &#8211; Postrojbe za posebne namjene HVO i specijalne slu\u017ebe u BiH tokom rata 1992-1995.\"}]},{\"@type\":\"WebSite\",\"@id\":\"https:\/\/aem.hr\/#website\",\"url\":\"https:\/\/aem.hr\/\",\"name\":\"Agencija za elektroni\u010dke medije\",\"description\":\"\",\"potentialAction\":[{\"@type\":\"SearchAction\",\"target\":{\"@type\":\"EntryPoint\",\"urlTemplate\":\"https:\/\/aem.hr\/?s={search_term_string}\"},\"query-input\":{\"@type\":\"PropertyValueSpecification\",\"valueRequired\":true,\"valueName\":\"search_term_string\"}}],\"inLanguage\":\"en-US\"}]}<\/script>\n<!-- \/ Yoast SEO plugin. -->","yoast_head_json":{"title":"Viktor Trumbeta\u0161 - Postrojbe za posebne namjene HVO i specijalne slu\u017ebe u BiH tokom rata 1992-1995. - Agencija za elektroni\u010dke medije","robots":{"index":"index","follow":"follow","max-snippet":"max-snippet:-1","max-image-preview":"max-image-preview:large","max-video-preview":"max-video-preview:-1"},"canonical":"https:\/\/aem.hr\/viktor-trumbetas-postrojbe-za-posebne-namjene-hvo-i-specijalne-sluzbe-u-bih-tokom-rata-1992-1995\/","og_locale":"en_US","og_type":"article","og_title":"Viktor Trumbeta\u0161 - Postrojbe za posebne namjene HVO i specijalne slu\u017ebe u BiH tokom rata 1992-1995. - Agencija za elektroni\u010dke medije","og_url":"https:\/\/aem.hr\/viktor-trumbetas-postrojbe-za-posebne-namjene-hvo-i-specijalne-sluzbe-u-bih-tokom-rata-1992-1995\/","og_site_name":"Agencija za elektroni\u010dke medije","article_modified_time":"2026-01-12T14:06:22+00:00","twitter_card":"summary_large_image","twitter_misc":{"Est. reading time":"1 minute"},"schema":{"@context":"https:\/\/schema.org","@graph":[{"@type":"WebPage","@id":"https:\/\/aem.hr\/viktor-trumbetas-postrojbe-za-posebne-namjene-hvo-i-specijalne-sluzbe-u-bih-tokom-rata-1992-1995\/","url":"https:\/\/aem.hr\/viktor-trumbetas-postrojbe-za-posebne-namjene-hvo-i-specijalne-sluzbe-u-bih-tokom-rata-1992-1995\/","name":"Viktor Trumbeta\u0161 - Postrojbe za posebne namjene HVO i specijalne slu\u017ebe u BiH tokom rata 1992-1995. - Agencija za elektroni\u010dke medije","isPartOf":{"@id":"https:\/\/aem.hr\/#website"},"datePublished":"2026-01-12T14:06:21+00:00","dateModified":"2026-01-12T14:06:22+00:00","breadcrumb":{"@id":"https:\/\/aem.hr\/viktor-trumbetas-postrojbe-za-posebne-namjene-hvo-i-specijalne-sluzbe-u-bih-tokom-rata-1992-1995\/#breadcrumb"},"inLanguage":"en-US","potentialAction":[{"@type":"ReadAction","target":["https:\/\/aem.hr\/viktor-trumbetas-postrojbe-za-posebne-namjene-hvo-i-specijalne-sluzbe-u-bih-tokom-rata-1992-1995\/"]}]},{"@type":"BreadcrumbList","@id":"https:\/\/aem.hr\/viktor-trumbetas-postrojbe-za-posebne-namjene-hvo-i-specijalne-sluzbe-u-bih-tokom-rata-1992-1995\/#breadcrumb","itemListElement":[{"@type":"ListItem","position":1,"name":"Po\u010detna stranica","item":"https:\/\/aem.hr\/"},{"@type":"ListItem","position":2,"name":"Viktor Trumbeta\u0161 &#8211; Postrojbe za posebne namjene HVO i specijalne slu\u017ebe u BiH tokom rata 1992-1995."}]},{"@type":"WebSite","@id":"https:\/\/aem.hr\/#website","url":"https:\/\/aem.hr\/","name":"Agencija za elektroni\u010dke medije","description":"","potentialAction":[{"@type":"SearchAction","target":{"@type":"EntryPoint","urlTemplate":"https:\/\/aem.hr\/?s={search_term_string}"},"query-input":{"@type":"PropertyValueSpecification","valueRequired":true,"valueName":"search_term_string"}}],"inLanguage":"en-US"}]}},"coauthors":[],"author_meta":{"author_link":"https:\/\/aem.hr\/en\/blog\/author\/mkirac\/","display_name":"Matko Kirac"},"relative_dates":{"created":"Posted 3 months ago","modified":"Updated 3 months ago"},"absolute_dates":{"created":"Posted on 12. January 2026.","modified":"Updated on 12. January 2026."},"absolute_dates_time":{"created":"Posted on 12. January 2026. 15:06","modified":"Updated on 12. January 2026. 15:06"},"featured_img_caption":"","featured_img":false,"series_order":"","_links":{"self":[{"href":"https:\/\/aem.hr\/en\/wp-json\/wp\/v2\/pages\/23877","targetHints":{"allow":["GET"]}}],"collection":[{"href":"https:\/\/aem.hr\/en\/wp-json\/wp\/v2\/pages"}],"about":[{"href":"https:\/\/aem.hr\/en\/wp-json\/wp\/v2\/types\/page"}],"author":[{"embeddable":true,"href":"https:\/\/aem.hr\/en\/wp-json\/wp\/v2\/users\/18"}],"replies":[{"embeddable":true,"href":"https:\/\/aem.hr\/en\/wp-json\/wp\/v2\/comments?post=23877"}],"version-history":[{"count":1,"href":"https:\/\/aem.hr\/en\/wp-json\/wp\/v2\/pages\/23877\/revisions"}],"predecessor-version":[{"id":23891,"href":"https:\/\/aem.hr\/en\/wp-json\/wp\/v2\/pages\/23877\/revisions\/23891"}],"wp:attachment":[{"href":"https:\/\/aem.hr\/en\/wp-json\/wp\/v2\/media?parent=23877"}],"curies":[{"name":"wp","href":"https:\/\/api.w.org\/{rel}","templated":true}]}}