{"id":23906,"date":"2026-01-12T15:11:28","date_gmt":"2026-01-12T14:11:28","guid":{"rendered":"https:\/\/aem.hr\/?page_id=23906"},"modified":"2026-01-12T15:11:29","modified_gmt":"2026-01-12T14:11:29","slug":"ilko-culic-thompson-poslije-hipodroma-kamo-dalje-zemljace","status":"publish","type":"page","link":"https:\/\/aem.hr\/en\/ilko-culic-thompson-poslije-hipodroma-kamo-dalje-zemljace\/","title":{"rendered":"Ilko \u010culi\u0107 &#8211; Thompson poslije Hipodroma &#8211; Kamo dalje zemlja\u010de"},"content":{"rendered":"\n<div class=\"wp-block-file\"><a id=\"wp-block-file--media-ff9b5894-2916-472f-a692-c054dc22b4a2\" href=\"https:\/\/aem.hr\/wp-content\/uploads\/2026\/01\/1.-Velika-suplja-prica.pdf\">1. Velika \u0161uplja pri\u010da<\/a><a href=\"https:\/\/aem.hr\/wp-content\/uploads\/2026\/01\/1.-Velika-suplja-prica.pdf\" class=\"wp-block-file__button wp-element-button\" download aria-describedby=\"wp-block-file--media-ff9b5894-2916-472f-a692-c054dc22b4a2\">Preuzimanje<\/a><\/div>\n\n\n\n<div class=\"wp-block-file\"><a id=\"wp-block-file--media-995b18ef-c5a5-44c4-8740-41ce2698d120\" href=\"https:\/\/aem.hr\/wp-content\/uploads\/2026\/01\/2.-Crni-mundiri.pdf\">2. Crni mundiri<\/a><a href=\"https:\/\/aem.hr\/wp-content\/uploads\/2026\/01\/2.-Crni-mundiri.pdf\" class=\"wp-block-file__button wp-element-button\" download aria-describedby=\"wp-block-file--media-995b18ef-c5a5-44c4-8740-41ce2698d120\">Preuzimanje<\/a><\/div>\n\n\n\n<div class=\"wp-block-file\"><a id=\"wp-block-file--media-ca647e58-7c7a-4f58-862e-c9542ed62755\" href=\"https:\/\/aem.hr\/wp-content\/uploads\/2026\/01\/3.-Gospa-hercegdronska.pdf\">3. Gospa hercegdronska<\/a><a href=\"https:\/\/aem.hr\/wp-content\/uploads\/2026\/01\/3.-Gospa-hercegdronska.pdf\" class=\"wp-block-file__button wp-element-button\" download aria-describedby=\"wp-block-file--media-ca647e58-7c7a-4f58-862e-c9542ed62755\">Preuzimanje<\/a><\/div>\n\n\n\n<div class=\"wp-block-file\"><a id=\"wp-block-file--media-bfdf9a65-1838-4a2f-8143-8f7b7c72c19e\" href=\"https:\/\/aem.hr\/wp-content\/uploads\/2026\/01\/4.-Stogodisnji-rat.pdf\">4. Stogodi\u0161nji rat<\/a><a href=\"https:\/\/aem.hr\/wp-content\/uploads\/2026\/01\/4.-Stogodisnji-rat.pdf\" class=\"wp-block-file__button wp-element-button\" download aria-describedby=\"wp-block-file--media-bfdf9a65-1838-4a2f-8143-8f7b7c72c19e\">Preuzimanje<\/a><\/div>\n\n\n\n<div class=\"wp-block-file\"><a id=\"wp-block-file--media-98f6caa9-984f-40e4-bb86-9ed38abe81d6\" href=\"https:\/\/aem.hr\/wp-content\/uploads\/2026\/01\/5.-Kloniranje-u-pokusaju.pdf\">5. Kloniranje u poku\u0161aju<\/a><a href=\"https:\/\/aem.hr\/wp-content\/uploads\/2026\/01\/5.-Kloniranje-u-pokusaju.pdf\" class=\"wp-block-file__button wp-element-button\" download aria-describedby=\"wp-block-file--media-98f6caa9-984f-40e4-bb86-9ed38abe81d6\">Preuzimanje<\/a><\/div>\n\n\n\n<div class=\"wp-block-file\"><a id=\"wp-block-file--media-d6bc0705-ab65-48c0-96d1-3ad3663d111c\" href=\"https:\/\/aem.hr\/wp-content\/uploads\/2026\/01\/6.-Drzavni-sudar.pdf\">6. Dr\u017eavni sudar<\/a><a href=\"https:\/\/aem.hr\/wp-content\/uploads\/2026\/01\/6.-Drzavni-sudar.pdf\" class=\"wp-block-file__button wp-element-button\" download aria-describedby=\"wp-block-file--media-d6bc0705-ab65-48c0-96d1-3ad3663d111c\">Preuzimanje<\/a><\/div>\n","protected":false},"excerpt":{"rendered":"","protected":false},"author":18,"featured_media":0,"parent":0,"menu_order":0,"comment_status":"closed","ping_status":"closed","template":"","meta":{"_acf_changed":false,"inline_featured_image":false,"advgb_blocks_editor_width":"","advgb_blocks_columns_visual_guide":"","_links_to":"","_links_to_type":0,"footnotes":""},"class_list":["post-23906","page","type-page","status-publish","hentry"],"acf":[],"yoast_head":"<!-- This site is optimized with the Yoast SEO plugin v25.7 - https:\/\/yoast.com\/wordpress\/plugins\/seo\/ -->\n<title>Ilko \u010culi\u0107 - Thompson poslije Hipodroma - Kamo dalje zemlja\u010de - Agencija za elektroni\u010dke medije<\/title>\n<meta name=\"robots\" content=\"index, follow, max-snippet:-1, max-image-preview:large, max-video-preview:-1\" \/>\n<link rel=\"canonical\" href=\"https:\/\/aem.hr\/ilko-culic-thompson-poslije-hipodroma-kamo-dalje-zemljace\/\" \/>\n<meta property=\"og:locale\" content=\"en_US\" \/>\n<meta property=\"og:type\" content=\"article\" \/>\n<meta property=\"og:title\" content=\"Ilko \u010culi\u0107 - Thompson poslije Hipodroma - Kamo dalje zemlja\u010de - Agencija za elektroni\u010dke medije\" \/>\n<meta property=\"og:url\" content=\"https:\/\/aem.hr\/ilko-culic-thompson-poslije-hipodroma-kamo-dalje-zemljace\/\" \/>\n<meta property=\"og:site_name\" content=\"Agencija za elektroni\u010dke medije\" \/>\n<meta property=\"article:modified_time\" content=\"2026-01-12T14:11:29+00:00\" \/>\n<meta name=\"twitter:card\" content=\"summary_large_image\" \/>\n<meta name=\"twitter:label1\" content=\"Est. reading time\" \/>\n\t<meta name=\"twitter:data1\" content=\"1 minute\" \/>\n<script type=\"application\/ld+json\" class=\"yoast-schema-graph\">{\"@context\":\"https:\/\/schema.org\",\"@graph\":[{\"@type\":\"WebPage\",\"@id\":\"https:\/\/aem.hr\/ilko-culic-thompson-poslije-hipodroma-kamo-dalje-zemljace\/\",\"url\":\"https:\/\/aem.hr\/ilko-culic-thompson-poslije-hipodroma-kamo-dalje-zemljace\/\",\"name\":\"Ilko \u010culi\u0107 - Thompson poslije Hipodroma - Kamo dalje zemlja\u010de - Agencija za elektroni\u010dke medije\",\"isPartOf\":{\"@id\":\"https:\/\/aem.hr\/#website\"},\"datePublished\":\"2026-01-12T14:11:28+00:00\",\"dateModified\":\"2026-01-12T14:11:29+00:00\",\"breadcrumb\":{\"@id\":\"https:\/\/aem.hr\/ilko-culic-thompson-poslije-hipodroma-kamo-dalje-zemljace\/#breadcrumb\"},\"inLanguage\":\"en-US\",\"potentialAction\":[{\"@type\":\"ReadAction\",\"target\":[\"https:\/\/aem.hr\/ilko-culic-thompson-poslije-hipodroma-kamo-dalje-zemljace\/\"]}]},{\"@type\":\"BreadcrumbList\",\"@id\":\"https:\/\/aem.hr\/ilko-culic-thompson-poslije-hipodroma-kamo-dalje-zemljace\/#breadcrumb\",\"itemListElement\":[{\"@type\":\"ListItem\",\"position\":1,\"name\":\"Po\u010detna stranica\",\"item\":\"https:\/\/aem.hr\/\"},{\"@type\":\"ListItem\",\"position\":2,\"name\":\"Ilko \u010culi\u0107 &#8211; Thompson poslije Hipodroma &#8211; Kamo dalje zemlja\u010de\"}]},{\"@type\":\"WebSite\",\"@id\":\"https:\/\/aem.hr\/#website\",\"url\":\"https:\/\/aem.hr\/\",\"name\":\"Agencija za elektroni\u010dke medije\",\"description\":\"\",\"potentialAction\":[{\"@type\":\"SearchAction\",\"target\":{\"@type\":\"EntryPoint\",\"urlTemplate\":\"https:\/\/aem.hr\/?s={search_term_string}\"},\"query-input\":{\"@type\":\"PropertyValueSpecification\",\"valueRequired\":true,\"valueName\":\"search_term_string\"}}],\"inLanguage\":\"en-US\"}]}<\/script>\n<!-- \/ Yoast SEO plugin. -->","yoast_head_json":{"title":"Ilko \u010culi\u0107 - Thompson poslije Hipodroma - Kamo dalje zemlja\u010de - Agencija za elektroni\u010dke medije","robots":{"index":"index","follow":"follow","max-snippet":"max-snippet:-1","max-image-preview":"max-image-preview:large","max-video-preview":"max-video-preview:-1"},"canonical":"https:\/\/aem.hr\/ilko-culic-thompson-poslije-hipodroma-kamo-dalje-zemljace\/","og_locale":"en_US","og_type":"article","og_title":"Ilko \u010culi\u0107 - Thompson poslije Hipodroma - Kamo dalje zemlja\u010de - Agencija za elektroni\u010dke medije","og_url":"https:\/\/aem.hr\/ilko-culic-thompson-poslije-hipodroma-kamo-dalje-zemljace\/","og_site_name":"Agencija za elektroni\u010dke medije","article_modified_time":"2026-01-12T14:11:29+00:00","twitter_card":"summary_large_image","twitter_misc":{"Est. reading time":"1 minute"},"schema":{"@context":"https:\/\/schema.org","@graph":[{"@type":"WebPage","@id":"https:\/\/aem.hr\/ilko-culic-thompson-poslije-hipodroma-kamo-dalje-zemljace\/","url":"https:\/\/aem.hr\/ilko-culic-thompson-poslije-hipodroma-kamo-dalje-zemljace\/","name":"Ilko \u010culi\u0107 - Thompson poslije Hipodroma - Kamo dalje zemlja\u010de - Agencija za elektroni\u010dke medije","isPartOf":{"@id":"https:\/\/aem.hr\/#website"},"datePublished":"2026-01-12T14:11:28+00:00","dateModified":"2026-01-12T14:11:29+00:00","breadcrumb":{"@id":"https:\/\/aem.hr\/ilko-culic-thompson-poslije-hipodroma-kamo-dalje-zemljace\/#breadcrumb"},"inLanguage":"en-US","potentialAction":[{"@type":"ReadAction","target":["https:\/\/aem.hr\/ilko-culic-thompson-poslije-hipodroma-kamo-dalje-zemljace\/"]}]},{"@type":"BreadcrumbList","@id":"https:\/\/aem.hr\/ilko-culic-thompson-poslije-hipodroma-kamo-dalje-zemljace\/#breadcrumb","itemListElement":[{"@type":"ListItem","position":1,"name":"Po\u010detna stranica","item":"https:\/\/aem.hr\/"},{"@type":"ListItem","position":2,"name":"Ilko \u010culi\u0107 &#8211; Thompson poslije Hipodroma &#8211; Kamo dalje zemlja\u010de"}]},{"@type":"WebSite","@id":"https:\/\/aem.hr\/#website","url":"https:\/\/aem.hr\/","name":"Agencija za elektroni\u010dke medije","description":"","potentialAction":[{"@type":"SearchAction","target":{"@type":"EntryPoint","urlTemplate":"https:\/\/aem.hr\/?s={search_term_string}"},"query-input":{"@type":"PropertyValueSpecification","valueRequired":true,"valueName":"search_term_string"}}],"inLanguage":"en-US"}]}},"coauthors":[],"author_meta":{"author_link":"https:\/\/aem.hr\/en\/blog\/author\/mkirac\/","display_name":"Matko Kirac"},"relative_dates":{"created":"Posted 3 months ago","modified":"Updated 3 months ago"},"absolute_dates":{"created":"Posted on 12. January 2026.","modified":"Updated on 12. January 2026."},"absolute_dates_time":{"created":"Posted on 12. January 2026. 15:11","modified":"Updated on 12. January 2026. 15:11"},"featured_img_caption":"","featured_img":false,"series_order":"","_links":{"self":[{"href":"https:\/\/aem.hr\/en\/wp-json\/wp\/v2\/pages\/23906","targetHints":{"allow":["GET"]}}],"collection":[{"href":"https:\/\/aem.hr\/en\/wp-json\/wp\/v2\/pages"}],"about":[{"href":"https:\/\/aem.hr\/en\/wp-json\/wp\/v2\/types\/page"}],"author":[{"embeddable":true,"href":"https:\/\/aem.hr\/en\/wp-json\/wp\/v2\/users\/18"}],"replies":[{"embeddable":true,"href":"https:\/\/aem.hr\/en\/wp-json\/wp\/v2\/comments?post=23906"}],"version-history":[{"count":1,"href":"https:\/\/aem.hr\/en\/wp-json\/wp\/v2\/pages\/23906\/revisions"}],"predecessor-version":[{"id":23920,"href":"https:\/\/aem.hr\/en\/wp-json\/wp\/v2\/pages\/23906\/revisions\/23920"}],"wp:attachment":[{"href":"https:\/\/aem.hr\/en\/wp-json\/wp\/v2\/media?parent=23906"}],"curies":[{"name":"wp","href":"https:\/\/api.w.org\/{rel}","templated":true}]}}