{"id":23967,"date":"2026-01-15T13:50:34","date_gmt":"2026-01-15T12:50:34","guid":{"rendered":"https:\/\/aem.hr\/?page_id=23967"},"modified":"2026-01-15T13:50:35","modified_gmt":"2026-01-15T12:50:35","slug":"dusan-miljus-od-virtualnog-do-stvarnog-svijeta-nasilja-nasilne-igrice-i-nasilje-veza-tamne-strane-interneta-dark-weba-i-vrsnjackog-nasilja","status":"publish","type":"page","link":"https:\/\/aem.hr\/en\/dusan-miljus-od-virtualnog-do-stvarnog-svijeta-nasilja-nasilne-igrice-i-nasilje-veza-tamne-strane-interneta-dark-weba-i-vrsnjackog-nasilja\/","title":{"rendered":"Du\u0161an Milju\u0161 &#8211; OD VIRTUALNOG DO STVARNOG SVIJETA NASILJA Nasilne igrice i nasilje, veza tamne strane interneta (dark weba) i vr\u0161nja\u010dkog nasilja"},"content":{"rendered":"\n<div class=\"wp-block-file\"><a id=\"wp-block-file--media-c11dba5a-9ac5-4946-99cc-cfa2386bd47e\" href=\"https:\/\/aem.hr\/wp-content\/uploads\/2026\/01\/1.-Nasilne-igrice.pdf\">1. Nasilne igrice<\/a><a href=\"https:\/\/aem.hr\/wp-content\/uploads\/2026\/01\/1.-Nasilne-igrice.pdf\" class=\"wp-block-file__button wp-element-button\" download aria-describedby=\"wp-block-file--media-c11dba5a-9ac5-4946-99cc-cfa2386bd47e\">Preuzimanje<\/a><\/div>\n\n\n\n<div class=\"wp-block-file\"><a id=\"wp-block-file--media-639eb9ea-668a-4d14-ac11-02dbf6f05a80\" href=\"https:\/\/aem.hr\/wp-content\/uploads\/2026\/01\/2.-Zabrinjavajuci-porast.pdf\">2. Zabrinjavaju\u0107i porast<\/a><a href=\"https:\/\/aem.hr\/wp-content\/uploads\/2026\/01\/2.-Zabrinjavajuci-porast.pdf\" class=\"wp-block-file__button wp-element-button\" download aria-describedby=\"wp-block-file--media-639eb9ea-668a-4d14-ac11-02dbf6f05a80\">Preuzimanje<\/a><\/div>\n\n\n\n<div class=\"wp-block-file\"><a id=\"wp-block-file--media-b165265c-8cee-41c3-a793-b130e9926679\" href=\"https:\/\/aem.hr\/wp-content\/uploads\/2026\/01\/3.-Dr.-Marcinko.pdf\">3. Dr. Marcinko<\/a><a href=\"https:\/\/aem.hr\/wp-content\/uploads\/2026\/01\/3.-Dr.-Marcinko.pdf\" class=\"wp-block-file__button wp-element-button\" download aria-describedby=\"wp-block-file--media-b165265c-8cee-41c3-a793-b130e9926679\">Preuzimanje<\/a><\/div>\n\n\n\n<div class=\"wp-block-file\"><a id=\"wp-block-file--media-93d7d0d6-6503-460d-9161-78cbab959343\" href=\"https:\/\/aem.hr\/wp-content\/uploads\/2026\/01\/4.-Ovisnost-o-nasilnim.pdf\">4. Ovisnost o nasilnim<\/a><a href=\"https:\/\/aem.hr\/wp-content\/uploads\/2026\/01\/4.-Ovisnost-o-nasilnim.pdf\" class=\"wp-block-file__button wp-element-button\" download aria-describedby=\"wp-block-file--media-93d7d0d6-6503-460d-9161-78cbab959343\">Preuzimanje<\/a><\/div>\n\n\n\n<div class=\"wp-block-file\"><a id=\"wp-block-file--media-38ca51c2-3bb3-4432-a804-23fb283644d9\" href=\"https:\/\/aem.hr\/wp-content\/uploads\/2026\/01\/5.-Prvasici-igraju.pdf\">5. Prvasici igraju<\/a><a href=\"https:\/\/aem.hr\/wp-content\/uploads\/2026\/01\/5.-Prvasici-igraju.pdf\" class=\"wp-block-file__button wp-element-button\" download aria-describedby=\"wp-block-file--media-38ca51c2-3bb3-4432-a804-23fb283644d9\">Preuzimanje<\/a><\/div>\n\n\n\n<div class=\"wp-block-file\"><a id=\"wp-block-file--media-eb9886af-9c04-425b-b52b-cf11b2e496f1\" href=\"https:\/\/aem.hr\/wp-content\/uploads\/2026\/01\/6.-Od-virtualnog-do-stvarnog.pdf\">6. Od virtualnog do stvarnog<\/a><a href=\"https:\/\/aem.hr\/wp-content\/uploads\/2026\/01\/6.-Od-virtualnog-do-stvarnog.pdf\" class=\"wp-block-file__button wp-element-button\" download aria-describedby=\"wp-block-file--media-eb9886af-9c04-425b-b52b-cf11b2e496f1\">Preuzimanje<\/a><\/div>\n\n\n\n<p><\/p>\n","protected":false},"excerpt":{"rendered":"","protected":false},"author":18,"featured_media":0,"parent":0,"menu_order":0,"comment_status":"closed","ping_status":"closed","template":"","meta":{"_acf_changed":false,"inline_featured_image":false,"advgb_blocks_editor_width":"","advgb_blocks_columns_visual_guide":"","_links_to":"","_links_to_type":0,"footnotes":""},"class_list":["post-23967","page","type-page","status-publish","hentry"],"acf":[],"yoast_head":"<!-- This site is optimized with the Yoast SEO plugin v25.7 - https:\/\/yoast.com\/wordpress\/plugins\/seo\/ -->\n<title>Du\u0161an Milju\u0161 - OD VIRTUALNOG DO STVARNOG SVIJETA NASILJA Nasilne igrice i nasilje, veza tamne strane interneta (dark weba) i vr\u0161nja\u010dkog nasilja - Agencija za elektroni\u010dke medije<\/title>\n<meta name=\"robots\" content=\"index, follow, max-snippet:-1, max-image-preview:large, max-video-preview:-1\" \/>\n<link rel=\"canonical\" href=\"https:\/\/aem.hr\/dusan-miljus-od-virtualnog-do-stvarnog-svijeta-nasilja-nasilne-igrice-i-nasilje-veza-tamne-strane-interneta-dark-weba-i-vrsnjackog-nasilja\/\" \/>\n<meta property=\"og:locale\" content=\"en_US\" \/>\n<meta property=\"og:type\" content=\"article\" \/>\n<meta property=\"og:title\" content=\"Du\u0161an Milju\u0161 - OD VIRTUALNOG DO STVARNOG SVIJETA NASILJA Nasilne igrice i nasilje, veza tamne strane interneta (dark weba) i vr\u0161nja\u010dkog nasilja - Agencija za elektroni\u010dke medije\" \/>\n<meta property=\"og:url\" content=\"https:\/\/aem.hr\/dusan-miljus-od-virtualnog-do-stvarnog-svijeta-nasilja-nasilne-igrice-i-nasilje-veza-tamne-strane-interneta-dark-weba-i-vrsnjackog-nasilja\/\" \/>\n<meta property=\"og:site_name\" content=\"Agencija za elektroni\u010dke medije\" \/>\n<meta property=\"article:modified_time\" content=\"2026-01-15T12:50:35+00:00\" \/>\n<meta name=\"twitter:card\" content=\"summary_large_image\" \/>\n<meta name=\"twitter:label1\" content=\"Est. reading time\" \/>\n\t<meta name=\"twitter:data1\" content=\"1 minute\" \/>\n<script type=\"application\/ld+json\" class=\"yoast-schema-graph\">{\"@context\":\"https:\/\/schema.org\",\"@graph\":[{\"@type\":\"WebPage\",\"@id\":\"https:\/\/aem.hr\/dusan-miljus-od-virtualnog-do-stvarnog-svijeta-nasilja-nasilne-igrice-i-nasilje-veza-tamne-strane-interneta-dark-weba-i-vrsnjackog-nasilja\/\",\"url\":\"https:\/\/aem.hr\/dusan-miljus-od-virtualnog-do-stvarnog-svijeta-nasilja-nasilne-igrice-i-nasilje-veza-tamne-strane-interneta-dark-weba-i-vrsnjackog-nasilja\/\",\"name\":\"Du\u0161an Milju\u0161 - OD VIRTUALNOG DO STVARNOG SVIJETA NASILJA Nasilne igrice i nasilje, veza tamne strane interneta (dark weba) i vr\u0161nja\u010dkog nasilja - Agencija za elektroni\u010dke medije\",\"isPartOf\":{\"@id\":\"https:\/\/aem.hr\/#website\"},\"datePublished\":\"2026-01-15T12:50:34+00:00\",\"dateModified\":\"2026-01-15T12:50:35+00:00\",\"breadcrumb\":{\"@id\":\"https:\/\/aem.hr\/dusan-miljus-od-virtualnog-do-stvarnog-svijeta-nasilja-nasilne-igrice-i-nasilje-veza-tamne-strane-interneta-dark-weba-i-vrsnjackog-nasilja\/#breadcrumb\"},\"inLanguage\":\"en-US\",\"potentialAction\":[{\"@type\":\"ReadAction\",\"target\":[\"https:\/\/aem.hr\/dusan-miljus-od-virtualnog-do-stvarnog-svijeta-nasilja-nasilne-igrice-i-nasilje-veza-tamne-strane-interneta-dark-weba-i-vrsnjackog-nasilja\/\"]}]},{\"@type\":\"BreadcrumbList\",\"@id\":\"https:\/\/aem.hr\/dusan-miljus-od-virtualnog-do-stvarnog-svijeta-nasilja-nasilne-igrice-i-nasilje-veza-tamne-strane-interneta-dark-weba-i-vrsnjackog-nasilja\/#breadcrumb\",\"itemListElement\":[{\"@type\":\"ListItem\",\"position\":1,\"name\":\"Po\u010detna stranica\",\"item\":\"https:\/\/aem.hr\/\"},{\"@type\":\"ListItem\",\"position\":2,\"name\":\"Du\u0161an Milju\u0161 &#8211; OD VIRTUALNOG DO STVARNOG SVIJETA NASILJA Nasilne igrice i nasilje, veza tamne strane interneta (dark weba) i vr\u0161nja\u010dkog nasilja\"}]},{\"@type\":\"WebSite\",\"@id\":\"https:\/\/aem.hr\/#website\",\"url\":\"https:\/\/aem.hr\/\",\"name\":\"Agencija za elektroni\u010dke medije\",\"description\":\"\",\"potentialAction\":[{\"@type\":\"SearchAction\",\"target\":{\"@type\":\"EntryPoint\",\"urlTemplate\":\"https:\/\/aem.hr\/?s={search_term_string}\"},\"query-input\":{\"@type\":\"PropertyValueSpecification\",\"valueRequired\":true,\"valueName\":\"search_term_string\"}}],\"inLanguage\":\"en-US\"}]}<\/script>\n<!-- \/ Yoast SEO plugin. -->","yoast_head_json":{"title":"Du\u0161an Milju\u0161 - OD VIRTUALNOG DO STVARNOG SVIJETA NASILJA Nasilne igrice i nasilje, veza tamne strane interneta (dark weba) i vr\u0161nja\u010dkog nasilja - Agencija za elektroni\u010dke medije","robots":{"index":"index","follow":"follow","max-snippet":"max-snippet:-1","max-image-preview":"max-image-preview:large","max-video-preview":"max-video-preview:-1"},"canonical":"https:\/\/aem.hr\/dusan-miljus-od-virtualnog-do-stvarnog-svijeta-nasilja-nasilne-igrice-i-nasilje-veza-tamne-strane-interneta-dark-weba-i-vrsnjackog-nasilja\/","og_locale":"en_US","og_type":"article","og_title":"Du\u0161an Milju\u0161 - OD VIRTUALNOG DO STVARNOG SVIJETA NASILJA Nasilne igrice i nasilje, veza tamne strane interneta (dark weba) i vr\u0161nja\u010dkog nasilja - Agencija za elektroni\u010dke medije","og_url":"https:\/\/aem.hr\/dusan-miljus-od-virtualnog-do-stvarnog-svijeta-nasilja-nasilne-igrice-i-nasilje-veza-tamne-strane-interneta-dark-weba-i-vrsnjackog-nasilja\/","og_site_name":"Agencija za elektroni\u010dke medije","article_modified_time":"2026-01-15T12:50:35+00:00","twitter_card":"summary_large_image","twitter_misc":{"Est. reading time":"1 minute"},"schema":{"@context":"https:\/\/schema.org","@graph":[{"@type":"WebPage","@id":"https:\/\/aem.hr\/dusan-miljus-od-virtualnog-do-stvarnog-svijeta-nasilja-nasilne-igrice-i-nasilje-veza-tamne-strane-interneta-dark-weba-i-vrsnjackog-nasilja\/","url":"https:\/\/aem.hr\/dusan-miljus-od-virtualnog-do-stvarnog-svijeta-nasilja-nasilne-igrice-i-nasilje-veza-tamne-strane-interneta-dark-weba-i-vrsnjackog-nasilja\/","name":"Du\u0161an Milju\u0161 - OD VIRTUALNOG DO STVARNOG SVIJETA NASILJA Nasilne igrice i nasilje, veza tamne strane interneta (dark weba) i vr\u0161nja\u010dkog nasilja - Agencija za elektroni\u010dke medije","isPartOf":{"@id":"https:\/\/aem.hr\/#website"},"datePublished":"2026-01-15T12:50:34+00:00","dateModified":"2026-01-15T12:50:35+00:00","breadcrumb":{"@id":"https:\/\/aem.hr\/dusan-miljus-od-virtualnog-do-stvarnog-svijeta-nasilja-nasilne-igrice-i-nasilje-veza-tamne-strane-interneta-dark-weba-i-vrsnjackog-nasilja\/#breadcrumb"},"inLanguage":"en-US","potentialAction":[{"@type":"ReadAction","target":["https:\/\/aem.hr\/dusan-miljus-od-virtualnog-do-stvarnog-svijeta-nasilja-nasilne-igrice-i-nasilje-veza-tamne-strane-interneta-dark-weba-i-vrsnjackog-nasilja\/"]}]},{"@type":"BreadcrumbList","@id":"https:\/\/aem.hr\/dusan-miljus-od-virtualnog-do-stvarnog-svijeta-nasilja-nasilne-igrice-i-nasilje-veza-tamne-strane-interneta-dark-weba-i-vrsnjackog-nasilja\/#breadcrumb","itemListElement":[{"@type":"ListItem","position":1,"name":"Po\u010detna stranica","item":"https:\/\/aem.hr\/"},{"@type":"ListItem","position":2,"name":"Du\u0161an Milju\u0161 &#8211; OD VIRTUALNOG DO STVARNOG SVIJETA NASILJA Nasilne igrice i nasilje, veza tamne strane interneta (dark weba) i vr\u0161nja\u010dkog nasilja"}]},{"@type":"WebSite","@id":"https:\/\/aem.hr\/#website","url":"https:\/\/aem.hr\/","name":"Agencija za elektroni\u010dke medije","description":"","potentialAction":[{"@type":"SearchAction","target":{"@type":"EntryPoint","urlTemplate":"https:\/\/aem.hr\/?s={search_term_string}"},"query-input":{"@type":"PropertyValueSpecification","valueRequired":true,"valueName":"search_term_string"}}],"inLanguage":"en-US"}]}},"coauthors":[],"author_meta":{"author_link":"https:\/\/aem.hr\/en\/blog\/author\/mkirac\/","display_name":"Matko Kirac"},"relative_dates":{"created":"Posted 3 months ago","modified":"Updated 3 months ago"},"absolute_dates":{"created":"Posted on 15. January 2026.","modified":"Updated on 15. January 2026."},"absolute_dates_time":{"created":"Posted on 15. January 2026. 13:50","modified":"Updated on 15. January 2026. 13:50"},"featured_img_caption":"","featured_img":false,"series_order":"","_links":{"self":[{"href":"https:\/\/aem.hr\/en\/wp-json\/wp\/v2\/pages\/23967","targetHints":{"allow":["GET"]}}],"collection":[{"href":"https:\/\/aem.hr\/en\/wp-json\/wp\/v2\/pages"}],"about":[{"href":"https:\/\/aem.hr\/en\/wp-json\/wp\/v2\/types\/page"}],"author":[{"embeddable":true,"href":"https:\/\/aem.hr\/en\/wp-json\/wp\/v2\/users\/18"}],"replies":[{"embeddable":true,"href":"https:\/\/aem.hr\/en\/wp-json\/wp\/v2\/comments?post=23967"}],"version-history":[{"count":1,"href":"https:\/\/aem.hr\/en\/wp-json\/wp\/v2\/pages\/23967\/revisions"}],"predecessor-version":[{"id":23981,"href":"https:\/\/aem.hr\/en\/wp-json\/wp\/v2\/pages\/23967\/revisions\/23981"}],"wp:attachment":[{"href":"https:\/\/aem.hr\/en\/wp-json\/wp\/v2\/media?parent=23967"}],"curies":[{"name":"wp","href":"https:\/\/api.w.org\/{rel}","templated":true}]}}