{"id":23983,"date":"2026-01-15T13:52:25","date_gmt":"2026-01-15T12:52:25","guid":{"rendered":"https:\/\/aem.hr\/?page_id=23983"},"modified":"2026-01-15T13:52:27","modified_gmt":"2026-01-15T12:52:27","slug":"tomislav-sovagovic-prirodna-knjizevnost-i-umjetna-inteligencija-hoce-li-stroj-sutra-uci-u-kanon","status":"publish","type":"page","link":"https:\/\/aem.hr\/en\/tomislav-sovagovic-prirodna-knjizevnost-i-umjetna-inteligencija-hoce-li-stroj-sutra-uci-u-kanon\/","title":{"rendered":"Tomislav \u0160ovagovi\u0107 &#8211; Prirodna knji\u017eevnost i umjetna inteligencija &#8211; ho\u0107e li stroj sutra u\u0107i u kanon?"},"content":{"rendered":"\n<div class=\"wp-block-file\"><a id=\"wp-block-file--media-bd0825be-1e63-4d7a-9128-51ae02cdeda3\" href=\"https:\/\/aem.hr\/wp-content\/uploads\/2026\/01\/1.-Stroju-stvorenu-covjekovom-rukom-koristi-izostanak-autoriteta.pdf\">1. Stroju stvorenu covjekovom rukom koristi izostanak autoriteta<\/a><a href=\"https:\/\/aem.hr\/wp-content\/uploads\/2026\/01\/1.-Stroju-stvorenu-covjekovom-rukom-koristi-izostanak-autoriteta.pdf\" class=\"wp-block-file__button wp-element-button\" download aria-describedby=\"wp-block-file--media-bd0825be-1e63-4d7a-9128-51ae02cdeda3\">Preuzimanje<\/a><\/div>\n\n\n\n<div class=\"wp-block-file\"><a id=\"wp-block-file--media-01331604-1dec-4dd0-95e7-f0f10fcb8d11\" href=\"https:\/\/aem.hr\/wp-content\/uploads\/2026\/01\/2.-Istinsku-kreaciju-prometejsko-nadanuce.pdf\">2. Istinsku kreaciju, prometejsko nadanuce<\/a><a href=\"https:\/\/aem.hr\/wp-content\/uploads\/2026\/01\/2.-Istinsku-kreaciju-prometejsko-nadanuce.pdf\" class=\"wp-block-file__button wp-element-button\" download aria-describedby=\"wp-block-file--media-01331604-1dec-4dd0-95e7-f0f10fcb8d11\">Preuzimanje<\/a><\/div>\n\n\n\n<div class=\"wp-block-file\"><a id=\"wp-block-file--media-ca90308c-5c20-4cbe-95f6-d89f96945371\" href=\"https:\/\/aem.hr\/wp-content\/uploads\/2026\/01\/3.-Napredak-nije-sinonim-za-sveukupni-napredak.pdf\">3. Napredak nije sinonim za sveukupni napredak<\/a><a href=\"https:\/\/aem.hr\/wp-content\/uploads\/2026\/01\/3.-Napredak-nije-sinonim-za-sveukupni-napredak.pdf\" class=\"wp-block-file__button wp-element-button\" download aria-describedby=\"wp-block-file--media-ca90308c-5c20-4cbe-95f6-d89f96945371\">Preuzimanje<\/a><\/div>\n\n\n\n<div class=\"wp-block-file\"><a id=\"wp-block-file--media-3ee7666f-f2ea-4510-b5ba-71157b28d991\" href=\"https:\/\/aem.hr\/wp-content\/uploads\/2026\/01\/4.-Zakonski-raspraviti-o-nacinima-uporabe-prijetnje-i-zastite.pdf\">4. Zakonski raspraviti o nacinima uporabe, prijetnje i zastite<\/a><a href=\"https:\/\/aem.hr\/wp-content\/uploads\/2026\/01\/4.-Zakonski-raspraviti-o-nacinima-uporabe-prijetnje-i-zastite.pdf\" class=\"wp-block-file__button wp-element-button\" download aria-describedby=\"wp-block-file--media-3ee7666f-f2ea-4510-b5ba-71157b28d991\">Preuzimanje<\/a><\/div>\n\n\n\n<div class=\"wp-block-file\"><a id=\"wp-block-file--media-5a27f6c5-16e8-4141-97b0-e7f11557b97d\" href=\"https:\/\/aem.hr\/wp-content\/uploads\/2026\/01\/5.-Zivot-zamijeniti-nezivotom-lose-je-samo-po-sebi.pdf\">5. Zivot zamijeniti nezivotom lose je samo po sebi<\/a><a href=\"https:\/\/aem.hr\/wp-content\/uploads\/2026\/01\/5.-Zivot-zamijeniti-nezivotom-lose-je-samo-po-sebi.pdf\" class=\"wp-block-file__button wp-element-button\" download aria-describedby=\"wp-block-file--media-5a27f6c5-16e8-4141-97b0-e7f11557b97d\">Preuzimanje<\/a><\/div>\n\n\n\n<div class=\"wp-block-file\"><a id=\"wp-block-file--media-ef1dbd9f-1c6b-4544-8fc3-bf338c81ec54\" href=\"https:\/\/aem.hr\/wp-content\/uploads\/2026\/01\/6.-Zbunjen-pred-novim-i-nepoznatim.pdf\">6. Zbunjen pred novim i nepoznatim<\/a><a href=\"https:\/\/aem.hr\/wp-content\/uploads\/2026\/01\/6.-Zbunjen-pred-novim-i-nepoznatim.pdf\" class=\"wp-block-file__button wp-element-button\" download aria-describedby=\"wp-block-file--media-ef1dbd9f-1c6b-4544-8fc3-bf338c81ec54\">Preuzimanje<\/a><\/div>\n\n\n\n<div class=\"wp-block-file\"><a id=\"wp-block-file--media-21b20682-f5db-4801-8c82-cfd0c52dcd7c\" href=\"https:\/\/aem.hr\/wp-content\/uploads\/2026\/01\/7.-Ocistiti-covjekovu-nutrinu-od-svake-natruhe-lazi.pdf\">7. Ocistiti covjekovu nutrinu od svake natruhe lazi<\/a><a href=\"https:\/\/aem.hr\/wp-content\/uploads\/2026\/01\/7.-Ocistiti-covjekovu-nutrinu-od-svake-natruhe-lazi.pdf\" class=\"wp-block-file__button wp-element-button\" download aria-describedby=\"wp-block-file--media-21b20682-f5db-4801-8c82-cfd0c52dcd7c\">Preuzimanje<\/a><\/div>\n\n\n\n<div class=\"wp-block-file\"><a id=\"wp-block-file--media-cf4967e5-e36e-495e-9ab1-ee0bd00ecaf9\" href=\"https:\/\/aem.hr\/wp-content\/uploads\/2026\/01\/8.-Tekst-koji-sklapa-umjetna-inteligencija-teze-ce-nas-ushititi.pdf\">8. Tekst koji sklapa umjetna inteligencija teze ce nas ushititi<\/a><a href=\"https:\/\/aem.hr\/wp-content\/uploads\/2026\/01\/8.-Tekst-koji-sklapa-umjetna-inteligencija-teze-ce-nas-ushititi.pdf\" class=\"wp-block-file__button wp-element-button\" download aria-describedby=\"wp-block-file--media-cf4967e5-e36e-495e-9ab1-ee0bd00ecaf9\">Preuzimanje<\/a><\/div>\n\n\n\n<p><\/p>\n","protected":false},"excerpt":{"rendered":"","protected":false},"author":18,"featured_media":0,"parent":0,"menu_order":0,"comment_status":"closed","ping_status":"closed","template":"","meta":{"_acf_changed":false,"inline_featured_image":false,"advgb_blocks_editor_width":"","advgb_blocks_columns_visual_guide":"","_links_to":"","_links_to_type":0,"footnotes":""},"class_list":["post-23983","page","type-page","status-publish","hentry"],"acf":[],"yoast_head":"<!-- This site is optimized with the Yoast SEO plugin v25.7 - https:\/\/yoast.com\/wordpress\/plugins\/seo\/ -->\n<title>Tomislav \u0160ovagovi\u0107 - Prirodna knji\u017eevnost i umjetna inteligencija - ho\u0107e li stroj sutra u\u0107i u kanon? - Agencija za elektroni\u010dke medije<\/title>\n<meta name=\"robots\" content=\"index, follow, max-snippet:-1, max-image-preview:large, max-video-preview:-1\" \/>\n<link rel=\"canonical\" href=\"https:\/\/aem.hr\/tomislav-sovagovic-prirodna-knjizevnost-i-umjetna-inteligencija-hoce-li-stroj-sutra-uci-u-kanon\/\" \/>\n<meta property=\"og:locale\" content=\"en_US\" \/>\n<meta property=\"og:type\" content=\"article\" \/>\n<meta property=\"og:title\" content=\"Tomislav \u0160ovagovi\u0107 - Prirodna knji\u017eevnost i umjetna inteligencija - ho\u0107e li stroj sutra u\u0107i u kanon? - Agencija za elektroni\u010dke medije\" \/>\n<meta property=\"og:url\" content=\"https:\/\/aem.hr\/tomislav-sovagovic-prirodna-knjizevnost-i-umjetna-inteligencija-hoce-li-stroj-sutra-uci-u-kanon\/\" \/>\n<meta property=\"og:site_name\" content=\"Agencija za elektroni\u010dke medije\" \/>\n<meta property=\"article:modified_time\" content=\"2026-01-15T12:52:27+00:00\" \/>\n<meta name=\"twitter:card\" content=\"summary_large_image\" \/>\n<meta name=\"twitter:label1\" content=\"Est. reading time\" \/>\n\t<meta name=\"twitter:data1\" content=\"1 minute\" \/>\n<script type=\"application\/ld+json\" class=\"yoast-schema-graph\">{\"@context\":\"https:\/\/schema.org\",\"@graph\":[{\"@type\":\"WebPage\",\"@id\":\"https:\/\/aem.hr\/tomislav-sovagovic-prirodna-knjizevnost-i-umjetna-inteligencija-hoce-li-stroj-sutra-uci-u-kanon\/\",\"url\":\"https:\/\/aem.hr\/tomislav-sovagovic-prirodna-knjizevnost-i-umjetna-inteligencija-hoce-li-stroj-sutra-uci-u-kanon\/\",\"name\":\"Tomislav \u0160ovagovi\u0107 - Prirodna knji\u017eevnost i umjetna inteligencija - ho\u0107e li stroj sutra u\u0107i u kanon? - Agencija za elektroni\u010dke medije\",\"isPartOf\":{\"@id\":\"https:\/\/aem.hr\/#website\"},\"datePublished\":\"2026-01-15T12:52:25+00:00\",\"dateModified\":\"2026-01-15T12:52:27+00:00\",\"breadcrumb\":{\"@id\":\"https:\/\/aem.hr\/tomislav-sovagovic-prirodna-knjizevnost-i-umjetna-inteligencija-hoce-li-stroj-sutra-uci-u-kanon\/#breadcrumb\"},\"inLanguage\":\"en-US\",\"potentialAction\":[{\"@type\":\"ReadAction\",\"target\":[\"https:\/\/aem.hr\/tomislav-sovagovic-prirodna-knjizevnost-i-umjetna-inteligencija-hoce-li-stroj-sutra-uci-u-kanon\/\"]}]},{\"@type\":\"BreadcrumbList\",\"@id\":\"https:\/\/aem.hr\/tomislav-sovagovic-prirodna-knjizevnost-i-umjetna-inteligencija-hoce-li-stroj-sutra-uci-u-kanon\/#breadcrumb\",\"itemListElement\":[{\"@type\":\"ListItem\",\"position\":1,\"name\":\"Po\u010detna stranica\",\"item\":\"https:\/\/aem.hr\/\"},{\"@type\":\"ListItem\",\"position\":2,\"name\":\"Tomislav \u0160ovagovi\u0107 &#8211; Prirodna knji\u017eevnost i umjetna inteligencija &#8211; ho\u0107e li stroj sutra u\u0107i u kanon?\"}]},{\"@type\":\"WebSite\",\"@id\":\"https:\/\/aem.hr\/#website\",\"url\":\"https:\/\/aem.hr\/\",\"name\":\"Agencija za elektroni\u010dke medije\",\"description\":\"\",\"potentialAction\":[{\"@type\":\"SearchAction\",\"target\":{\"@type\":\"EntryPoint\",\"urlTemplate\":\"https:\/\/aem.hr\/?s={search_term_string}\"},\"query-input\":{\"@type\":\"PropertyValueSpecification\",\"valueRequired\":true,\"valueName\":\"search_term_string\"}}],\"inLanguage\":\"en-US\"}]}<\/script>\n<!-- \/ Yoast SEO plugin. -->","yoast_head_json":{"title":"Tomislav \u0160ovagovi\u0107 - Prirodna knji\u017eevnost i umjetna inteligencija - ho\u0107e li stroj sutra u\u0107i u kanon? - Agencija za elektroni\u010dke medije","robots":{"index":"index","follow":"follow","max-snippet":"max-snippet:-1","max-image-preview":"max-image-preview:large","max-video-preview":"max-video-preview:-1"},"canonical":"https:\/\/aem.hr\/tomislav-sovagovic-prirodna-knjizevnost-i-umjetna-inteligencija-hoce-li-stroj-sutra-uci-u-kanon\/","og_locale":"en_US","og_type":"article","og_title":"Tomislav \u0160ovagovi\u0107 - Prirodna knji\u017eevnost i umjetna inteligencija - ho\u0107e li stroj sutra u\u0107i u kanon? - Agencija za elektroni\u010dke medije","og_url":"https:\/\/aem.hr\/tomislav-sovagovic-prirodna-knjizevnost-i-umjetna-inteligencija-hoce-li-stroj-sutra-uci-u-kanon\/","og_site_name":"Agencija za elektroni\u010dke medije","article_modified_time":"2026-01-15T12:52:27+00:00","twitter_card":"summary_large_image","twitter_misc":{"Est. reading time":"1 minute"},"schema":{"@context":"https:\/\/schema.org","@graph":[{"@type":"WebPage","@id":"https:\/\/aem.hr\/tomislav-sovagovic-prirodna-knjizevnost-i-umjetna-inteligencija-hoce-li-stroj-sutra-uci-u-kanon\/","url":"https:\/\/aem.hr\/tomislav-sovagovic-prirodna-knjizevnost-i-umjetna-inteligencija-hoce-li-stroj-sutra-uci-u-kanon\/","name":"Tomislav \u0160ovagovi\u0107 - Prirodna knji\u017eevnost i umjetna inteligencija - ho\u0107e li stroj sutra u\u0107i u kanon? - Agencija za elektroni\u010dke medije","isPartOf":{"@id":"https:\/\/aem.hr\/#website"},"datePublished":"2026-01-15T12:52:25+00:00","dateModified":"2026-01-15T12:52:27+00:00","breadcrumb":{"@id":"https:\/\/aem.hr\/tomislav-sovagovic-prirodna-knjizevnost-i-umjetna-inteligencija-hoce-li-stroj-sutra-uci-u-kanon\/#breadcrumb"},"inLanguage":"en-US","potentialAction":[{"@type":"ReadAction","target":["https:\/\/aem.hr\/tomislav-sovagovic-prirodna-knjizevnost-i-umjetna-inteligencija-hoce-li-stroj-sutra-uci-u-kanon\/"]}]},{"@type":"BreadcrumbList","@id":"https:\/\/aem.hr\/tomislav-sovagovic-prirodna-knjizevnost-i-umjetna-inteligencija-hoce-li-stroj-sutra-uci-u-kanon\/#breadcrumb","itemListElement":[{"@type":"ListItem","position":1,"name":"Po\u010detna stranica","item":"https:\/\/aem.hr\/"},{"@type":"ListItem","position":2,"name":"Tomislav \u0160ovagovi\u0107 &#8211; Prirodna knji\u017eevnost i umjetna inteligencija &#8211; ho\u0107e li stroj sutra u\u0107i u kanon?"}]},{"@type":"WebSite","@id":"https:\/\/aem.hr\/#website","url":"https:\/\/aem.hr\/","name":"Agencija za elektroni\u010dke medije","description":"","potentialAction":[{"@type":"SearchAction","target":{"@type":"EntryPoint","urlTemplate":"https:\/\/aem.hr\/?s={search_term_string}"},"query-input":{"@type":"PropertyValueSpecification","valueRequired":true,"valueName":"search_term_string"}}],"inLanguage":"en-US"}]}},"coauthors":[],"author_meta":{"author_link":"https:\/\/aem.hr\/en\/blog\/author\/mkirac\/","display_name":"Matko Kirac"},"relative_dates":{"created":"Posted 3 months ago","modified":"Updated 3 months ago"},"absolute_dates":{"created":"Posted on 15. January 2026.","modified":"Updated on 15. January 2026."},"absolute_dates_time":{"created":"Posted on 15. January 2026. 13:52","modified":"Updated on 15. January 2026. 13:52"},"featured_img_caption":"","featured_img":false,"series_order":"","_links":{"self":[{"href":"https:\/\/aem.hr\/en\/wp-json\/wp\/v2\/pages\/23983","targetHints":{"allow":["GET"]}}],"collection":[{"href":"https:\/\/aem.hr\/en\/wp-json\/wp\/v2\/pages"}],"about":[{"href":"https:\/\/aem.hr\/en\/wp-json\/wp\/v2\/types\/page"}],"author":[{"embeddable":true,"href":"https:\/\/aem.hr\/en\/wp-json\/wp\/v2\/users\/18"}],"replies":[{"embeddable":true,"href":"https:\/\/aem.hr\/en\/wp-json\/wp\/v2\/comments?post=23983"}],"version-history":[{"count":1,"href":"https:\/\/aem.hr\/en\/wp-json\/wp\/v2\/pages\/23983\/revisions"}],"predecessor-version":[{"id":23999,"href":"https:\/\/aem.hr\/en\/wp-json\/wp\/v2\/pages\/23983\/revisions\/23999"}],"wp:attachment":[{"href":"https:\/\/aem.hr\/en\/wp-json\/wp\/v2\/media?parent=23983"}],"curies":[{"name":"wp","href":"https:\/\/api.w.org\/{rel}","templated":true}]}}