{"id":24018,"date":"2026-01-15T13:56:55","date_gmt":"2026-01-15T12:56:55","guid":{"rendered":"https:\/\/aem.hr\/?page_id=24018"},"modified":"2026-01-15T13:56:56","modified_gmt":"2026-01-15T12:56:56","slug":"domagoj-trojanovic-kocka-u-dzepu","status":"publish","type":"page","link":"https:\/\/aem.hr\/en\/domagoj-trojanovic-kocka-u-dzepu\/","title":{"rendered":"Domagoj Trojanovi\u0107 &#8211; Kocka u d\u017eepu"},"content":{"rendered":"\n<div class=\"wp-block-file\"><a id=\"wp-block-file--media-ea9ba9de-28e7-408b-8d51-89c973648be2\" href=\"https:\/\/aem.hr\/wp-content\/uploads\/2026\/01\/1.-Ovisnost-o-ekranima.pdf\">1. Ovisnost o ekranima<\/a><a href=\"https:\/\/aem.hr\/wp-content\/uploads\/2026\/01\/1.-Ovisnost-o-ekranima.pdf\" class=\"wp-block-file__button wp-element-button\" download aria-describedby=\"wp-block-file--media-ea9ba9de-28e7-408b-8d51-89c973648be2\">Preuzimanje<\/a><\/div>\n\n\n\n<div class=\"wp-block-file\"><a id=\"wp-block-file--media-ad954564-cdf0-46ca-b5ca-bc532970c20b\" href=\"https:\/\/aem.hr\/wp-content\/uploads\/2026\/01\/2.-Prilika-za-ovisnost-nikad-blize-nama.pdf\">2. Prilika za ovisnost nikad bli\u017ee nama<\/a><a href=\"https:\/\/aem.hr\/wp-content\/uploads\/2026\/01\/2.-Prilika-za-ovisnost-nikad-blize-nama.pdf\" class=\"wp-block-file__button wp-element-button\" download aria-describedby=\"wp-block-file--media-ad954564-cdf0-46ca-b5ca-bc532970c20b\">Preuzimanje<\/a><\/div>\n\n\n\n<div class=\"wp-block-file\"><a id=\"wp-block-file--media-8b82e196-c302-420e-baa0-98fb6dbb3724\" href=\"https:\/\/aem.hr\/wp-content\/uploads\/2026\/01\/3.-Kakve-promjene-donosi-novi-Zakon.pdf\">3. Kakve promjene donosi novi Zakon<\/a><a href=\"https:\/\/aem.hr\/wp-content\/uploads\/2026\/01\/3.-Kakve-promjene-donosi-novi-Zakon.pdf\" class=\"wp-block-file__button wp-element-button\" download aria-describedby=\"wp-block-file--media-8b82e196-c302-420e-baa0-98fb6dbb3724\">Preuzimanje<\/a><\/div>\n\n\n\n<div class=\"wp-block-file\"><a id=\"wp-block-file--media-1670d81b-f572-456a-95dd-6b9296ec02b7\" href=\"https:\/\/aem.hr\/wp-content\/uploads\/2026\/01\/4.-INTERVJU-Od-Registra-iskljucenih-igraca.pdf\">4. [INTERVJU] Od Registra isklju\u010denih igra\u010da<\/a><a href=\"https:\/\/aem.hr\/wp-content\/uploads\/2026\/01\/4.-INTERVJU-Od-Registra-iskljucenih-igraca.pdf\" class=\"wp-block-file__button wp-element-button\" download aria-describedby=\"wp-block-file--media-1670d81b-f572-456a-95dd-6b9296ec02b7\">Preuzimanje<\/a><\/div>\n\n\n\n<div class=\"wp-block-file\"><a id=\"wp-block-file--media-6bdb45f5-5923-4575-bb9b-ff8e834bbccc\" href=\"https:\/\/aem.hr\/wp-content\/uploads\/2026\/01\/5.-INTERVJU-Registar-moze-znacajno-doprinijeti.pdf\">5. [INTERVJU] Registar mo\u017ee zna\u010dajno doprinijeti<\/a><a href=\"https:\/\/aem.hr\/wp-content\/uploads\/2026\/01\/5.-INTERVJU-Registar-moze-znacajno-doprinijeti.pdf\" class=\"wp-block-file__button wp-element-button\" download aria-describedby=\"wp-block-file--media-6bdb45f5-5923-4575-bb9b-ff8e834bbccc\">Preuzimanje<\/a><\/div>\n\n\n\n<div class=\"wp-block-file\"><a id=\"wp-block-file--media-9a9ce756-c8b3-4e94-8048-51f6364d9811\" href=\"https:\/\/aem.hr\/wp-content\/uploads\/2026\/01\/6.-Uspjesnost-u-borbi-o-ovisnosti-o-narkoticima.pdf\">6. Uspje\u0161nost u borbi o ovisnosti o narkoticima<\/a><a href=\"https:\/\/aem.hr\/wp-content\/uploads\/2026\/01\/6.-Uspjesnost-u-borbi-o-ovisnosti-o-narkoticima.pdf\" class=\"wp-block-file__button wp-element-button\" download aria-describedby=\"wp-block-file--media-9a9ce756-c8b3-4e94-8048-51f6364d9811\">Preuzimanje<\/a><\/div>\n\n\n\n<p><\/p>\n","protected":false},"excerpt":{"rendered":"","protected":false},"author":18,"featured_media":0,"parent":0,"menu_order":0,"comment_status":"closed","ping_status":"closed","template":"","meta":{"_acf_changed":false,"inline_featured_image":false,"advgb_blocks_editor_width":"","advgb_blocks_columns_visual_guide":"","_links_to":"","_links_to_type":0,"footnotes":""},"class_list":["post-24018","page","type-page","status-publish","hentry"],"acf":[],"yoast_head":"<!-- This site is optimized with the Yoast SEO plugin v25.7 - https:\/\/yoast.com\/wordpress\/plugins\/seo\/ -->\n<title>Domagoj Trojanovi\u0107 - Kocka u d\u017eepu - Agencija za elektroni\u010dke medije<\/title>\n<meta name=\"robots\" content=\"index, follow, max-snippet:-1, max-image-preview:large, max-video-preview:-1\" \/>\n<link rel=\"canonical\" href=\"https:\/\/aem.hr\/domagoj-trojanovic-kocka-u-dzepu\/\" \/>\n<meta property=\"og:locale\" content=\"en_US\" \/>\n<meta property=\"og:type\" content=\"article\" \/>\n<meta property=\"og:title\" content=\"Domagoj Trojanovi\u0107 - Kocka u d\u017eepu - Agencija za elektroni\u010dke medije\" \/>\n<meta property=\"og:url\" content=\"https:\/\/aem.hr\/domagoj-trojanovic-kocka-u-dzepu\/\" \/>\n<meta property=\"og:site_name\" content=\"Agencija za elektroni\u010dke medije\" \/>\n<meta property=\"article:modified_time\" content=\"2026-01-15T12:56:56+00:00\" \/>\n<meta name=\"twitter:card\" content=\"summary_large_image\" \/>\n<meta name=\"twitter:label1\" content=\"Est. reading time\" \/>\n\t<meta name=\"twitter:data1\" content=\"1 minute\" \/>\n<script type=\"application\/ld+json\" class=\"yoast-schema-graph\">{\"@context\":\"https:\/\/schema.org\",\"@graph\":[{\"@type\":\"WebPage\",\"@id\":\"https:\/\/aem.hr\/domagoj-trojanovic-kocka-u-dzepu\/\",\"url\":\"https:\/\/aem.hr\/domagoj-trojanovic-kocka-u-dzepu\/\",\"name\":\"Domagoj Trojanovi\u0107 - Kocka u d\u017eepu - Agencija za elektroni\u010dke medije\",\"isPartOf\":{\"@id\":\"https:\/\/aem.hr\/#website\"},\"datePublished\":\"2026-01-15T12:56:55+00:00\",\"dateModified\":\"2026-01-15T12:56:56+00:00\",\"breadcrumb\":{\"@id\":\"https:\/\/aem.hr\/domagoj-trojanovic-kocka-u-dzepu\/#breadcrumb\"},\"inLanguage\":\"en-US\",\"potentialAction\":[{\"@type\":\"ReadAction\",\"target\":[\"https:\/\/aem.hr\/domagoj-trojanovic-kocka-u-dzepu\/\"]}]},{\"@type\":\"BreadcrumbList\",\"@id\":\"https:\/\/aem.hr\/domagoj-trojanovic-kocka-u-dzepu\/#breadcrumb\",\"itemListElement\":[{\"@type\":\"ListItem\",\"position\":1,\"name\":\"Po\u010detna stranica\",\"item\":\"https:\/\/aem.hr\/\"},{\"@type\":\"ListItem\",\"position\":2,\"name\":\"Domagoj Trojanovi\u0107 &#8211; Kocka u d\u017eepu\"}]},{\"@type\":\"WebSite\",\"@id\":\"https:\/\/aem.hr\/#website\",\"url\":\"https:\/\/aem.hr\/\",\"name\":\"Agencija za elektroni\u010dke medije\",\"description\":\"\",\"potentialAction\":[{\"@type\":\"SearchAction\",\"target\":{\"@type\":\"EntryPoint\",\"urlTemplate\":\"https:\/\/aem.hr\/?s={search_term_string}\"},\"query-input\":{\"@type\":\"PropertyValueSpecification\",\"valueRequired\":true,\"valueName\":\"search_term_string\"}}],\"inLanguage\":\"en-US\"}]}<\/script>\n<!-- \/ Yoast SEO plugin. -->","yoast_head_json":{"title":"Domagoj Trojanovi\u0107 - Kocka u d\u017eepu - Agencija za elektroni\u010dke medije","robots":{"index":"index","follow":"follow","max-snippet":"max-snippet:-1","max-image-preview":"max-image-preview:large","max-video-preview":"max-video-preview:-1"},"canonical":"https:\/\/aem.hr\/domagoj-trojanovic-kocka-u-dzepu\/","og_locale":"en_US","og_type":"article","og_title":"Domagoj Trojanovi\u0107 - Kocka u d\u017eepu - Agencija za elektroni\u010dke medije","og_url":"https:\/\/aem.hr\/domagoj-trojanovic-kocka-u-dzepu\/","og_site_name":"Agencija za elektroni\u010dke medije","article_modified_time":"2026-01-15T12:56:56+00:00","twitter_card":"summary_large_image","twitter_misc":{"Est. reading time":"1 minute"},"schema":{"@context":"https:\/\/schema.org","@graph":[{"@type":"WebPage","@id":"https:\/\/aem.hr\/domagoj-trojanovic-kocka-u-dzepu\/","url":"https:\/\/aem.hr\/domagoj-trojanovic-kocka-u-dzepu\/","name":"Domagoj Trojanovi\u0107 - Kocka u d\u017eepu - Agencija za elektroni\u010dke medije","isPartOf":{"@id":"https:\/\/aem.hr\/#website"},"datePublished":"2026-01-15T12:56:55+00:00","dateModified":"2026-01-15T12:56:56+00:00","breadcrumb":{"@id":"https:\/\/aem.hr\/domagoj-trojanovic-kocka-u-dzepu\/#breadcrumb"},"inLanguage":"en-US","potentialAction":[{"@type":"ReadAction","target":["https:\/\/aem.hr\/domagoj-trojanovic-kocka-u-dzepu\/"]}]},{"@type":"BreadcrumbList","@id":"https:\/\/aem.hr\/domagoj-trojanovic-kocka-u-dzepu\/#breadcrumb","itemListElement":[{"@type":"ListItem","position":1,"name":"Po\u010detna stranica","item":"https:\/\/aem.hr\/"},{"@type":"ListItem","position":2,"name":"Domagoj Trojanovi\u0107 &#8211; Kocka u d\u017eepu"}]},{"@type":"WebSite","@id":"https:\/\/aem.hr\/#website","url":"https:\/\/aem.hr\/","name":"Agencija za elektroni\u010dke medije","description":"","potentialAction":[{"@type":"SearchAction","target":{"@type":"EntryPoint","urlTemplate":"https:\/\/aem.hr\/?s={search_term_string}"},"query-input":{"@type":"PropertyValueSpecification","valueRequired":true,"valueName":"search_term_string"}}],"inLanguage":"en-US"}]}},"coauthors":[],"author_meta":{"author_link":"https:\/\/aem.hr\/en\/blog\/author\/mkirac\/","display_name":"Matko Kirac"},"relative_dates":{"created":"Posted 3 months ago","modified":"Updated 3 months ago"},"absolute_dates":{"created":"Posted on 15. January 2026.","modified":"Updated on 15. January 2026."},"absolute_dates_time":{"created":"Posted on 15. January 2026. 13:56","modified":"Updated on 15. January 2026. 13:56"},"featured_img_caption":"","featured_img":false,"series_order":"","_links":{"self":[{"href":"https:\/\/aem.hr\/en\/wp-json\/wp\/v2\/pages\/24018","targetHints":{"allow":["GET"]}}],"collection":[{"href":"https:\/\/aem.hr\/en\/wp-json\/wp\/v2\/pages"}],"about":[{"href":"https:\/\/aem.hr\/en\/wp-json\/wp\/v2\/types\/page"}],"author":[{"embeddable":true,"href":"https:\/\/aem.hr\/en\/wp-json\/wp\/v2\/users\/18"}],"replies":[{"embeddable":true,"href":"https:\/\/aem.hr\/en\/wp-json\/wp\/v2\/comments?post=24018"}],"version-history":[{"count":1,"href":"https:\/\/aem.hr\/en\/wp-json\/wp\/v2\/pages\/24018\/revisions"}],"predecessor-version":[{"id":24032,"href":"https:\/\/aem.hr\/en\/wp-json\/wp\/v2\/pages\/24018\/revisions\/24032"}],"wp:attachment":[{"href":"https:\/\/aem.hr\/en\/wp-json\/wp\/v2\/media?parent=24018"}],"curies":[{"name":"wp","href":"https:\/\/api.w.org\/{rel}","templated":true}]}}