{"id":24046,"date":"2026-01-15T14:05:32","date_gmt":"2026-01-15T13:05:32","guid":{"rendered":"https:\/\/aem.hr\/?page_id=24046"},"modified":"2026-01-15T14:05:33","modified_gmt":"2026-01-15T13:05:33","slug":"emir-imamovic-juzna-strana","status":"publish","type":"page","link":"https:\/\/aem.hr\/en\/emir-imamovic-juzna-strana\/","title":{"rendered":"Emir Imamovi\u0107 &#8211; Ju\u017ena strana"},"content":{"rendered":"\n<div class=\"wp-block-file\"><a id=\"wp-block-file--media-d09bfd7d-554c-45ff-b0d4-72aff5733dee\" href=\"https:\/\/aem.hr\/wp-content\/uploads\/2026\/01\/1.-Treca-utopija.pdf\">1. Tre\u0107a utopija<\/a><a href=\"https:\/\/aem.hr\/wp-content\/uploads\/2026\/01\/1.-Treca-utopija.pdf\" class=\"wp-block-file__button wp-element-button\" download aria-describedby=\"wp-block-file--media-d09bfd7d-554c-45ff-b0d4-72aff5733dee\">Preuzimanje<\/a><\/div>\n\n\n\n<div class=\"wp-block-file\"><a id=\"wp-block-file--media-06b8e8c7-14fd-4b02-b412-bd538c14e5e2\" href=\"https:\/\/aem.hr\/wp-content\/uploads\/2026\/01\/2.-Plafon-ostvarenih.pdf\">2. Plafon ostvarenih<\/a><a href=\"https:\/\/aem.hr\/wp-content\/uploads\/2026\/01\/2.-Plafon-ostvarenih.pdf\" class=\"wp-block-file__button wp-element-button\" download aria-describedby=\"wp-block-file--media-06b8e8c7-14fd-4b02-b412-bd538c14e5e2\">Preuzimanje<\/a><\/div>\n\n\n\n<div class=\"wp-block-file\"><a id=\"wp-block-file--media-6d5f9773-d560-4e4c-b7e0-64b68d0371fc\" href=\"https:\/\/aem.hr\/wp-content\/uploads\/2026\/01\/3.-Pekarsko-trafikantski.pdf\">3. Pekarsko-trafikantski<\/a><a href=\"https:\/\/aem.hr\/wp-content\/uploads\/2026\/01\/3.-Pekarsko-trafikantski.pdf\" class=\"wp-block-file__button wp-element-button\" download aria-describedby=\"wp-block-file--media-6d5f9773-d560-4e4c-b7e0-64b68d0371fc\">Preuzimanje<\/a><\/div>\n\n\n\n<div class=\"wp-block-file\"><a id=\"wp-block-file--media-300c00be-42a4-4a43-bc11-6fb30faf3401\" href=\"https:\/\/aem.hr\/wp-content\/uploads\/2026\/01\/4.-Problem-za.pdf\">4. Problem za<\/a><a href=\"https:\/\/aem.hr\/wp-content\/uploads\/2026\/01\/4.-Problem-za.pdf\" class=\"wp-block-file__button wp-element-button\" download aria-describedby=\"wp-block-file--media-300c00be-42a4-4a43-bc11-6fb30faf3401\">Preuzimanje<\/a><\/div>\n\n\n\n<div class=\"wp-block-file\"><a id=\"wp-block-file--media-b26e69be-5d4d-4b29-a1b9-93542a09e10a\" href=\"https:\/\/aem.hr\/wp-content\/uploads\/2026\/01\/5.-Europski-Zagreb.pdf\">5. Europski Zagreb<\/a><a href=\"https:\/\/aem.hr\/wp-content\/uploads\/2026\/01\/5.-Europski-Zagreb.pdf\" class=\"wp-block-file__button wp-element-button\" download aria-describedby=\"wp-block-file--media-b26e69be-5d4d-4b29-a1b9-93542a09e10a\">Preuzimanje<\/a><\/div>\n\n\n\n<div class=\"wp-block-file\"><a id=\"wp-block-file--media-d723a990-a5b4-4f9a-8f59-23cce1c0f1aa\" href=\"https:\/\/aem.hr\/wp-content\/uploads\/2026\/01\/6.-Cinjenice-su-najveci.pdf\">6. \u010cinjenice su najve\u0107i<\/a><a href=\"https:\/\/aem.hr\/wp-content\/uploads\/2026\/01\/6.-Cinjenice-su-najveci.pdf\" class=\"wp-block-file__button wp-element-button\" download aria-describedby=\"wp-block-file--media-d723a990-a5b4-4f9a-8f59-23cce1c0f1aa\">Preuzimanje<\/a><\/div>\n\n\n\n<div class=\"wp-block-file\"><a id=\"wp-block-file--media-041270ef-7823-488d-89fa-c9adf6085e51\" href=\"https:\/\/aem.hr\/wp-content\/uploads\/2026\/01\/7.-Sluge-pokorne.pdf\">7. Sluge pokorne<\/a><a href=\"https:\/\/aem.hr\/wp-content\/uploads\/2026\/01\/7.-Sluge-pokorne.pdf\" class=\"wp-block-file__button wp-element-button\" download aria-describedby=\"wp-block-file--media-041270ef-7823-488d-89fa-c9adf6085e51\">Preuzimanje<\/a><\/div>\n\n\n\n<p><\/p>\n","protected":false},"excerpt":{"rendered":"","protected":false},"author":18,"featured_media":0,"parent":0,"menu_order":0,"comment_status":"closed","ping_status":"closed","template":"","meta":{"_acf_changed":false,"inline_featured_image":false,"advgb_blocks_editor_width":"","advgb_blocks_columns_visual_guide":"","_links_to":"","_links_to_type":0,"footnotes":""},"class_list":["post-24046","page","type-page","status-publish","hentry"],"acf":[],"yoast_head":"<!-- This site is optimized with the Yoast SEO plugin v25.7 - https:\/\/yoast.com\/wordpress\/plugins\/seo\/ -->\n<title>Emir Imamovi\u0107 - Ju\u017ena strana - Agencija za elektroni\u010dke medije<\/title>\n<meta name=\"robots\" content=\"index, follow, max-snippet:-1, max-image-preview:large, max-video-preview:-1\" \/>\n<link rel=\"canonical\" href=\"https:\/\/aem.hr\/emir-imamovic-juzna-strana\/\" \/>\n<meta property=\"og:locale\" content=\"en_US\" \/>\n<meta property=\"og:type\" content=\"article\" \/>\n<meta property=\"og:title\" content=\"Emir Imamovi\u0107 - Ju\u017ena strana - Agencija za elektroni\u010dke medije\" \/>\n<meta property=\"og:url\" content=\"https:\/\/aem.hr\/emir-imamovic-juzna-strana\/\" \/>\n<meta property=\"og:site_name\" content=\"Agencija za elektroni\u010dke medije\" \/>\n<meta property=\"article:modified_time\" content=\"2026-01-15T13:05:33+00:00\" \/>\n<meta name=\"twitter:card\" content=\"summary_large_image\" \/>\n<meta name=\"twitter:label1\" content=\"Est. reading time\" \/>\n\t<meta name=\"twitter:data1\" content=\"1 minute\" \/>\n<script type=\"application\/ld+json\" class=\"yoast-schema-graph\">{\"@context\":\"https:\/\/schema.org\",\"@graph\":[{\"@type\":\"WebPage\",\"@id\":\"https:\/\/aem.hr\/emir-imamovic-juzna-strana\/\",\"url\":\"https:\/\/aem.hr\/emir-imamovic-juzna-strana\/\",\"name\":\"Emir Imamovi\u0107 - Ju\u017ena strana - Agencija za elektroni\u010dke medije\",\"isPartOf\":{\"@id\":\"https:\/\/aem.hr\/#website\"},\"datePublished\":\"2026-01-15T13:05:32+00:00\",\"dateModified\":\"2026-01-15T13:05:33+00:00\",\"breadcrumb\":{\"@id\":\"https:\/\/aem.hr\/emir-imamovic-juzna-strana\/#breadcrumb\"},\"inLanguage\":\"en-US\",\"potentialAction\":[{\"@type\":\"ReadAction\",\"target\":[\"https:\/\/aem.hr\/emir-imamovic-juzna-strana\/\"]}]},{\"@type\":\"BreadcrumbList\",\"@id\":\"https:\/\/aem.hr\/emir-imamovic-juzna-strana\/#breadcrumb\",\"itemListElement\":[{\"@type\":\"ListItem\",\"position\":1,\"name\":\"Po\u010detna stranica\",\"item\":\"https:\/\/aem.hr\/\"},{\"@type\":\"ListItem\",\"position\":2,\"name\":\"Emir Imamovi\u0107 &#8211; Ju\u017ena strana\"}]},{\"@type\":\"WebSite\",\"@id\":\"https:\/\/aem.hr\/#website\",\"url\":\"https:\/\/aem.hr\/\",\"name\":\"Agencija za elektroni\u010dke medije\",\"description\":\"\",\"potentialAction\":[{\"@type\":\"SearchAction\",\"target\":{\"@type\":\"EntryPoint\",\"urlTemplate\":\"https:\/\/aem.hr\/?s={search_term_string}\"},\"query-input\":{\"@type\":\"PropertyValueSpecification\",\"valueRequired\":true,\"valueName\":\"search_term_string\"}}],\"inLanguage\":\"en-US\"}]}<\/script>\n<!-- \/ Yoast SEO plugin. -->","yoast_head_json":{"title":"Emir Imamovi\u0107 - Ju\u017ena strana - Agencija za elektroni\u010dke medije","robots":{"index":"index","follow":"follow","max-snippet":"max-snippet:-1","max-image-preview":"max-image-preview:large","max-video-preview":"max-video-preview:-1"},"canonical":"https:\/\/aem.hr\/emir-imamovic-juzna-strana\/","og_locale":"en_US","og_type":"article","og_title":"Emir Imamovi\u0107 - Ju\u017ena strana - Agencija za elektroni\u010dke medije","og_url":"https:\/\/aem.hr\/emir-imamovic-juzna-strana\/","og_site_name":"Agencija za elektroni\u010dke medije","article_modified_time":"2026-01-15T13:05:33+00:00","twitter_card":"summary_large_image","twitter_misc":{"Est. reading time":"1 minute"},"schema":{"@context":"https:\/\/schema.org","@graph":[{"@type":"WebPage","@id":"https:\/\/aem.hr\/emir-imamovic-juzna-strana\/","url":"https:\/\/aem.hr\/emir-imamovic-juzna-strana\/","name":"Emir Imamovi\u0107 - Ju\u017ena strana - Agencija za elektroni\u010dke medije","isPartOf":{"@id":"https:\/\/aem.hr\/#website"},"datePublished":"2026-01-15T13:05:32+00:00","dateModified":"2026-01-15T13:05:33+00:00","breadcrumb":{"@id":"https:\/\/aem.hr\/emir-imamovic-juzna-strana\/#breadcrumb"},"inLanguage":"en-US","potentialAction":[{"@type":"ReadAction","target":["https:\/\/aem.hr\/emir-imamovic-juzna-strana\/"]}]},{"@type":"BreadcrumbList","@id":"https:\/\/aem.hr\/emir-imamovic-juzna-strana\/#breadcrumb","itemListElement":[{"@type":"ListItem","position":1,"name":"Po\u010detna stranica","item":"https:\/\/aem.hr\/"},{"@type":"ListItem","position":2,"name":"Emir Imamovi\u0107 &#8211; Ju\u017ena strana"}]},{"@type":"WebSite","@id":"https:\/\/aem.hr\/#website","url":"https:\/\/aem.hr\/","name":"Agencija za elektroni\u010dke medije","description":"","potentialAction":[{"@type":"SearchAction","target":{"@type":"EntryPoint","urlTemplate":"https:\/\/aem.hr\/?s={search_term_string}"},"query-input":{"@type":"PropertyValueSpecification","valueRequired":true,"valueName":"search_term_string"}}],"inLanguage":"en-US"}]}},"coauthors":[],"author_meta":{"author_link":"https:\/\/aem.hr\/en\/blog\/author\/mkirac\/","display_name":"Matko Kirac"},"relative_dates":{"created":"Posted 3 months ago","modified":"Updated 3 months ago"},"absolute_dates":{"created":"Posted on 15. January 2026.","modified":"Updated on 15. January 2026."},"absolute_dates_time":{"created":"Posted on 15. January 2026. 14:05","modified":"Updated on 15. January 2026. 14:05"},"featured_img_caption":"","featured_img":false,"series_order":"","_links":{"self":[{"href":"https:\/\/aem.hr\/en\/wp-json\/wp\/v2\/pages\/24046","targetHints":{"allow":["GET"]}}],"collection":[{"href":"https:\/\/aem.hr\/en\/wp-json\/wp\/v2\/pages"}],"about":[{"href":"https:\/\/aem.hr\/en\/wp-json\/wp\/v2\/types\/page"}],"author":[{"embeddable":true,"href":"https:\/\/aem.hr\/en\/wp-json\/wp\/v2\/users\/18"}],"replies":[{"embeddable":true,"href":"https:\/\/aem.hr\/en\/wp-json\/wp\/v2\/comments?post=24046"}],"version-history":[{"count":1,"href":"https:\/\/aem.hr\/en\/wp-json\/wp\/v2\/pages\/24046\/revisions"}],"predecessor-version":[{"id":24062,"href":"https:\/\/aem.hr\/en\/wp-json\/wp\/v2\/pages\/24046\/revisions\/24062"}],"wp:attachment":[{"href":"https:\/\/aem.hr\/en\/wp-json\/wp\/v2\/media?parent=24046"}],"curies":[{"name":"wp","href":"https:\/\/api.w.org\/{rel}","templated":true}]}}