{"id":24113,"date":"2026-01-27T10:39:03","date_gmt":"2026-01-27T09:39:03","guid":{"rendered":"https:\/\/aem.hr\/?page_id=24113"},"modified":"2026-01-27T10:39:05","modified_gmt":"2026-01-27T09:39:05","slug":"snjezana-kirinic-grubic-tihi-vapaj-najranjivijih-nedostatak-palijativne-i-hospicijske-skrbi","status":"publish","type":"page","link":"https:\/\/aem.hr\/en\/snjezana-kirinic-grubic-tihi-vapaj-najranjivijih-nedostatak-palijativne-i-hospicijske-skrbi\/","title":{"rendered":"Snje\u017eana Kirini\u0107 Grubi\u0107 &#8211; Tihi vapaj najranjivijih &#8211; nedostatak palijativne i hospicijske skrbi"},"content":{"rendered":"\n<div class=\"wp-block-file\"><a id=\"wp-block-file--media-abb2282c-8036-4105-a05b-552b6f1db52f\" href=\"http:\/\/aem.hr\/wp-content\/uploads\/2026\/01\/1.-Palijativna-skrb-danas-kako-je-poboljsat.pdf\">1. Palijativna skrb danas &#8211; kako je pobolj\u0161at<\/a><a href=\"http:\/\/aem.hr\/wp-content\/uploads\/2026\/01\/1.-Palijativna-skrb-danas-kako-je-poboljsat.pdf\" class=\"wp-block-file__button wp-element-button\" download aria-describedby=\"wp-block-file--media-abb2282c-8036-4105-a05b-552b6f1db52f\">Preuzimanje<\/a><\/div>\n\n\n\n<div class=\"wp-block-file\"><a id=\"wp-block-file--media-4d2155ee-a60b-4c30-9b6c-b5b274c6340a\" href=\"http:\/\/aem.hr\/wp-content\/uploads\/2026\/01\/2.-Medicinske-sestre-neizostavni-clanovi-palijativnog-tima.pdf\">2. Medicinske sestre &#8211; neizostavni \u010dlanovi palijativnog tima<\/a><a href=\"http:\/\/aem.hr\/wp-content\/uploads\/2026\/01\/2.-Medicinske-sestre-neizostavni-clanovi-palijativnog-tima.pdf\" class=\"wp-block-file__button wp-element-button\" download aria-describedby=\"wp-block-file--media-4d2155ee-a60b-4c30-9b6c-b5b274c6340a\">Preuzimanje<\/a><\/div>\n\n\n\n<div class=\"wp-block-file\"><a id=\"wp-block-file--media-88c0544e-f313-4a3e-8cbd-4b9021571de1\" href=\"http:\/\/aem.hr\/wp-content\/uploads\/2026\/01\/3.-Uloga-psihoterapeuta-u-palijativnom-timu.pdf\">3. Uloga psihoterapeuta u palijativnom timu<\/a><a href=\"http:\/\/aem.hr\/wp-content\/uploads\/2026\/01\/3.-Uloga-psihoterapeuta-u-palijativnom-timu.pdf\" class=\"wp-block-file__button wp-element-button\" download aria-describedby=\"wp-block-file--media-88c0544e-f313-4a3e-8cbd-4b9021571de1\">Preuzimanje<\/a><\/div>\n\n\n\n<div class=\"wp-block-file\"><a id=\"wp-block-file--media-27c03489-194e-4b05-8be9-b19afa9879af\" href=\"http:\/\/aem.hr\/wp-content\/uploads\/2026\/01\/4.-Volonter-vazna-karika-palijativnog-tima.pdf\">4. Volonter &#8211; va\u017ena karika palijativnog tima<\/a><a href=\"http:\/\/aem.hr\/wp-content\/uploads\/2026\/01\/4.-Volonter-vazna-karika-palijativnog-tima.pdf\" class=\"wp-block-file__button wp-element-button\" download aria-describedby=\"wp-block-file--media-27c03489-194e-4b05-8be9-b19afa9879af\">Preuzimanje<\/a><\/div>\n\n\n\n<div class=\"wp-block-file\"><a id=\"wp-block-file--media-127c8c1b-8852-4eb0-9171-79c716e37864\" href=\"http:\/\/aem.hr\/wp-content\/uploads\/2026\/01\/5.-Palijativni-tim-velika-pomoc-obitelji-palijativnog-bolesnika.pdf\">5. Palijativni tim &#8211; velika pomo\u0107 obitelji palijativnog bolesnika<\/a><a href=\"http:\/\/aem.hr\/wp-content\/uploads\/2026\/01\/5.-Palijativni-tim-velika-pomoc-obitelji-palijativnog-bolesnika.pdf\" class=\"wp-block-file__button wp-element-button\" download aria-describedby=\"wp-block-file--media-127c8c1b-8852-4eb0-9171-79c716e37864\">Preuzimanje<\/a><\/div>\n\n\n\n<div class=\"wp-block-file\"><a id=\"wp-block-file--media-fc9cadc3-e958-460c-bea0-b552dd9d0e50\" href=\"http:\/\/aem.hr\/wp-content\/uploads\/2026\/01\/6.-Tihi-vapaj-najranjivijih-nedostatak-palijativne.pdf\">6. Tihi vapaj najranjivijih &#8211; nedostatak palijativne<\/a><a href=\"http:\/\/aem.hr\/wp-content\/uploads\/2026\/01\/6.-Tihi-vapaj-najranjivijih-nedostatak-palijativne.pdf\" class=\"wp-block-file__button wp-element-button\" download aria-describedby=\"wp-block-file--media-fc9cadc3-e958-460c-bea0-b552dd9d0e50\">Preuzimanje<\/a><\/div>\n","protected":false},"excerpt":{"rendered":"","protected":false},"author":18,"featured_media":0,"parent":0,"menu_order":0,"comment_status":"closed","ping_status":"closed","template":"","meta":{"_acf_changed":false,"inline_featured_image":false,"advgb_blocks_editor_width":"","advgb_blocks_columns_visual_guide":"","_links_to":"","_links_to_type":0,"footnotes":""},"class_list":["post-24113","page","type-page","status-publish","hentry"],"acf":[],"yoast_head":"<!-- This site is optimized with the Yoast SEO plugin v25.7 - https:\/\/yoast.com\/wordpress\/plugins\/seo\/ -->\n<title>Snje\u017eana Kirini\u0107 Grubi\u0107 - Tihi vapaj najranjivijih - nedostatak palijativne i hospicijske skrbi - Agencija za elektroni\u010dke medije<\/title>\n<meta name=\"robots\" content=\"index, follow, max-snippet:-1, max-image-preview:large, max-video-preview:-1\" \/>\n<link rel=\"canonical\" href=\"https:\/\/aem.hr\/snjezana-kirinic-grubic-tihi-vapaj-najranjivijih-nedostatak-palijativne-i-hospicijske-skrbi\/\" \/>\n<meta property=\"og:locale\" content=\"en_US\" \/>\n<meta property=\"og:type\" content=\"article\" \/>\n<meta property=\"og:title\" content=\"Snje\u017eana Kirini\u0107 Grubi\u0107 - Tihi vapaj najranjivijih - nedostatak palijativne i hospicijske skrbi - Agencija za elektroni\u010dke medije\" \/>\n<meta property=\"og:url\" content=\"https:\/\/aem.hr\/snjezana-kirinic-grubic-tihi-vapaj-najranjivijih-nedostatak-palijativne-i-hospicijske-skrbi\/\" \/>\n<meta property=\"og:site_name\" content=\"Agencija za elektroni\u010dke medije\" \/>\n<meta property=\"article:modified_time\" content=\"2026-01-27T09:39:05+00:00\" \/>\n<meta name=\"twitter:card\" content=\"summary_large_image\" \/>\n<meta name=\"twitter:label1\" content=\"Est. reading time\" \/>\n\t<meta name=\"twitter:data1\" content=\"1 minute\" \/>\n<script type=\"application\/ld+json\" class=\"yoast-schema-graph\">{\"@context\":\"https:\/\/schema.org\",\"@graph\":[{\"@type\":\"WebPage\",\"@id\":\"https:\/\/aem.hr\/snjezana-kirinic-grubic-tihi-vapaj-najranjivijih-nedostatak-palijativne-i-hospicijske-skrbi\/\",\"url\":\"https:\/\/aem.hr\/snjezana-kirinic-grubic-tihi-vapaj-najranjivijih-nedostatak-palijativne-i-hospicijske-skrbi\/\",\"name\":\"Snje\u017eana Kirini\u0107 Grubi\u0107 - Tihi vapaj najranjivijih - nedostatak palijativne i hospicijske skrbi - Agencija za elektroni\u010dke medije\",\"isPartOf\":{\"@id\":\"https:\/\/aem.hr\/#website\"},\"datePublished\":\"2026-01-27T09:39:03+00:00\",\"dateModified\":\"2026-01-27T09:39:05+00:00\",\"breadcrumb\":{\"@id\":\"https:\/\/aem.hr\/snjezana-kirinic-grubic-tihi-vapaj-najranjivijih-nedostatak-palijativne-i-hospicijske-skrbi\/#breadcrumb\"},\"inLanguage\":\"en-US\",\"potentialAction\":[{\"@type\":\"ReadAction\",\"target\":[\"https:\/\/aem.hr\/snjezana-kirinic-grubic-tihi-vapaj-najranjivijih-nedostatak-palijativne-i-hospicijske-skrbi\/\"]}]},{\"@type\":\"BreadcrumbList\",\"@id\":\"https:\/\/aem.hr\/snjezana-kirinic-grubic-tihi-vapaj-najranjivijih-nedostatak-palijativne-i-hospicijske-skrbi\/#breadcrumb\",\"itemListElement\":[{\"@type\":\"ListItem\",\"position\":1,\"name\":\"Po\u010detna stranica\",\"item\":\"https:\/\/aem.hr\/\"},{\"@type\":\"ListItem\",\"position\":2,\"name\":\"Snje\u017eana Kirini\u0107 Grubi\u0107 &#8211; Tihi vapaj najranjivijih &#8211; nedostatak palijativne i hospicijske skrbi\"}]},{\"@type\":\"WebSite\",\"@id\":\"https:\/\/aem.hr\/#website\",\"url\":\"https:\/\/aem.hr\/\",\"name\":\"Agencija za elektroni\u010dke medije\",\"description\":\"\",\"potentialAction\":[{\"@type\":\"SearchAction\",\"target\":{\"@type\":\"EntryPoint\",\"urlTemplate\":\"https:\/\/aem.hr\/?s={search_term_string}\"},\"query-input\":{\"@type\":\"PropertyValueSpecification\",\"valueRequired\":true,\"valueName\":\"search_term_string\"}}],\"inLanguage\":\"en-US\"}]}<\/script>\n<!-- \/ Yoast SEO plugin. -->","yoast_head_json":{"title":"Snje\u017eana Kirini\u0107 Grubi\u0107 - Tihi vapaj najranjivijih - nedostatak palijativne i hospicijske skrbi - Agencija za elektroni\u010dke medije","robots":{"index":"index","follow":"follow","max-snippet":"max-snippet:-1","max-image-preview":"max-image-preview:large","max-video-preview":"max-video-preview:-1"},"canonical":"https:\/\/aem.hr\/snjezana-kirinic-grubic-tihi-vapaj-najranjivijih-nedostatak-palijativne-i-hospicijske-skrbi\/","og_locale":"en_US","og_type":"article","og_title":"Snje\u017eana Kirini\u0107 Grubi\u0107 - Tihi vapaj najranjivijih - nedostatak palijativne i hospicijske skrbi - Agencija za elektroni\u010dke medije","og_url":"https:\/\/aem.hr\/snjezana-kirinic-grubic-tihi-vapaj-najranjivijih-nedostatak-palijativne-i-hospicijske-skrbi\/","og_site_name":"Agencija za elektroni\u010dke medije","article_modified_time":"2026-01-27T09:39:05+00:00","twitter_card":"summary_large_image","twitter_misc":{"Est. reading time":"1 minute"},"schema":{"@context":"https:\/\/schema.org","@graph":[{"@type":"WebPage","@id":"https:\/\/aem.hr\/snjezana-kirinic-grubic-tihi-vapaj-najranjivijih-nedostatak-palijativne-i-hospicijske-skrbi\/","url":"https:\/\/aem.hr\/snjezana-kirinic-grubic-tihi-vapaj-najranjivijih-nedostatak-palijativne-i-hospicijske-skrbi\/","name":"Snje\u017eana Kirini\u0107 Grubi\u0107 - Tihi vapaj najranjivijih - nedostatak palijativne i hospicijske skrbi - Agencija za elektroni\u010dke medije","isPartOf":{"@id":"https:\/\/aem.hr\/#website"},"datePublished":"2026-01-27T09:39:03+00:00","dateModified":"2026-01-27T09:39:05+00:00","breadcrumb":{"@id":"https:\/\/aem.hr\/snjezana-kirinic-grubic-tihi-vapaj-najranjivijih-nedostatak-palijativne-i-hospicijske-skrbi\/#breadcrumb"},"inLanguage":"en-US","potentialAction":[{"@type":"ReadAction","target":["https:\/\/aem.hr\/snjezana-kirinic-grubic-tihi-vapaj-najranjivijih-nedostatak-palijativne-i-hospicijske-skrbi\/"]}]},{"@type":"BreadcrumbList","@id":"https:\/\/aem.hr\/snjezana-kirinic-grubic-tihi-vapaj-najranjivijih-nedostatak-palijativne-i-hospicijske-skrbi\/#breadcrumb","itemListElement":[{"@type":"ListItem","position":1,"name":"Po\u010detna stranica","item":"https:\/\/aem.hr\/"},{"@type":"ListItem","position":2,"name":"Snje\u017eana Kirini\u0107 Grubi\u0107 &#8211; Tihi vapaj najranjivijih &#8211; nedostatak palijativne i hospicijske skrbi"}]},{"@type":"WebSite","@id":"https:\/\/aem.hr\/#website","url":"https:\/\/aem.hr\/","name":"Agencija za elektroni\u010dke medije","description":"","potentialAction":[{"@type":"SearchAction","target":{"@type":"EntryPoint","urlTemplate":"https:\/\/aem.hr\/?s={search_term_string}"},"query-input":{"@type":"PropertyValueSpecification","valueRequired":true,"valueName":"search_term_string"}}],"inLanguage":"en-US"}]}},"coauthors":[],"author_meta":{"author_link":"https:\/\/aem.hr\/en\/blog\/author\/mkirac\/","display_name":"Matko Kirac"},"relative_dates":{"created":"Posted 3 months ago","modified":"Updated 3 months ago"},"absolute_dates":{"created":"Posted on 27. January 2026.","modified":"Updated on 27. January 2026."},"absolute_dates_time":{"created":"Posted on 27. January 2026. 10:39","modified":"Updated on 27. January 2026. 10:39"},"featured_img_caption":"","featured_img":false,"series_order":"","_links":{"self":[{"href":"https:\/\/aem.hr\/en\/wp-json\/wp\/v2\/pages\/24113","targetHints":{"allow":["GET"]}}],"collection":[{"href":"https:\/\/aem.hr\/en\/wp-json\/wp\/v2\/pages"}],"about":[{"href":"https:\/\/aem.hr\/en\/wp-json\/wp\/v2\/types\/page"}],"author":[{"embeddable":true,"href":"https:\/\/aem.hr\/en\/wp-json\/wp\/v2\/users\/18"}],"replies":[{"embeddable":true,"href":"https:\/\/aem.hr\/en\/wp-json\/wp\/v2\/comments?post=24113"}],"version-history":[{"count":1,"href":"https:\/\/aem.hr\/en\/wp-json\/wp\/v2\/pages\/24113\/revisions"}],"predecessor-version":[{"id":24126,"href":"https:\/\/aem.hr\/en\/wp-json\/wp\/v2\/pages\/24113\/revisions\/24126"}],"wp:attachment":[{"href":"https:\/\/aem.hr\/en\/wp-json\/wp\/v2\/media?parent=24113"}],"curies":[{"name":"wp","href":"https:\/\/api.w.org\/{rel}","templated":true}]}}