{"id":24127,"date":"2026-01-27T10:41:29","date_gmt":"2026-01-27T09:41:29","guid":{"rendered":"https:\/\/aem.hr\/?page_id=24127"},"modified":"2026-01-27T10:41:30","modified_gmt":"2026-01-27T09:41:30","slug":"drazen-semovcan-hrvatske-amazonke","status":"publish","type":"page","link":"https:\/\/aem.hr\/en\/drazen-semovcan-hrvatske-amazonke\/","title":{"rendered":"Dra\u017een \u0160emov\u010dan &#8211; Hrvatske amazonke"},"content":{"rendered":"\n<div class=\"wp-block-file\"><a id=\"wp-block-file--media-4001cbe8-44db-4eb7-876a-f20d1a2d5e4d\" href=\"https:\/\/aem.hr\/wp-content\/uploads\/2026\/01\/1.-Srce-koje-je-tuklo-za-Domovinu.pdf\">1. Srce koje je tuklo za Domovinu<\/a><a href=\"https:\/\/aem.hr\/wp-content\/uploads\/2026\/01\/1.-Srce-koje-je-tuklo-za-Domovinu.pdf\" class=\"wp-block-file__button wp-element-button\" download aria-describedby=\"wp-block-file--media-4001cbe8-44db-4eb7-876a-f20d1a2d5e4d\">Preuzimanje<\/a><\/div>\n\n\n\n<div class=\"wp-block-file\"><a id=\"wp-block-file--media-687aff09-9527-464c-b25a-908405c9d8e2\" href=\"https:\/\/aem.hr\/wp-content\/uploads\/2026\/01\/2.-Zena-braniteljica-i-nositeljica-vjere-kroz-rat-i-mir.pdf\">2. \u017dena, braniteljica i nositeljica vjere kroz rat i mir<\/a><a href=\"https:\/\/aem.hr\/wp-content\/uploads\/2026\/01\/2.-Zena-braniteljica-i-nositeljica-vjere-kroz-rat-i-mir.pdf\" class=\"wp-block-file__button wp-element-button\" download aria-describedby=\"wp-block-file--media-687aff09-9527-464c-b25a-908405c9d8e2\">Preuzimanje<\/a><\/div>\n\n\n\n<div class=\"wp-block-file\"><a id=\"wp-block-file--media-560ee049-c264-429d-a38d-b55ba2f57180\" href=\"https:\/\/aem.hr\/wp-content\/uploads\/2026\/01\/3.-Lucija-Crne-Vrane-i-Zdrug-zenska-snaga.pdf\">3. Lucija, Crne Vrane i Zdrug \u017eenska snaga<\/a><a href=\"https:\/\/aem.hr\/wp-content\/uploads\/2026\/01\/3.-Lucija-Crne-Vrane-i-Zdrug-zenska-snaga.pdf\" class=\"wp-block-file__button wp-element-button\" download aria-describedby=\"wp-block-file--media-560ee049-c264-429d-a38d-b55ba2f57180\">Preuzimanje<\/a><\/div>\n\n\n\n<div class=\"wp-block-file\"><a id=\"wp-block-file--media-f7237969-7981-4f8d-94bb-d619b4798363\" href=\"https:\/\/aem.hr\/wp-content\/uploads\/2026\/01\/4.-Nju-mi-cuvaj-kao-oci-u-glavi.pdf\">4. Nju mi \u010duvaj kao o\u010di u glavi<\/a><a href=\"https:\/\/aem.hr\/wp-content\/uploads\/2026\/01\/4.-Nju-mi-cuvaj-kao-oci-u-glavi.pdf\" class=\"wp-block-file__button wp-element-button\" download aria-describedby=\"wp-block-file--media-f7237969-7981-4f8d-94bb-d619b4798363\">Preuzimanje<\/a><\/div>\n\n\n\n<div class=\"wp-block-file\"><a id=\"wp-block-file--media-b2d2e242-16c1-4ca8-9b91-38af32ba9a02\" href=\"https:\/\/aem.hr\/wp-content\/uploads\/2026\/01\/5.-Sjecanja-heroine-Vukovara-Kada-zaplacem.pdf\">5. Sje\u0107anja heroine Vukovara Kada zapla\u010dem<\/a><a href=\"https:\/\/aem.hr\/wp-content\/uploads\/2026\/01\/5.-Sjecanja-heroine-Vukovara-Kada-zaplacem.pdf\" class=\"wp-block-file__button wp-element-button\" download aria-describedby=\"wp-block-file--media-b2d2e242-16c1-4ca8-9b91-38af32ba9a02\">Preuzimanje<\/a><\/div>\n\n\n\n<div class=\"wp-block-file\"><a id=\"wp-block-file--media-be240640-5514-4f9b-9d59-937e173310ad\" href=\"https:\/\/aem.hr\/wp-content\/uploads\/2026\/01\/6.-Jasna-iz-Nustra-puska-prase-i-dva-psa.pdf\">6. Jasna iz Nu\u0161tra pu\u0161ka, prase i dva psa<\/a><a href=\"https:\/\/aem.hr\/wp-content\/uploads\/2026\/01\/6.-Jasna-iz-Nustra-puska-prase-i-dva-psa.pdf\" class=\"wp-block-file__button wp-element-button\" download aria-describedby=\"wp-block-file--media-be240640-5514-4f9b-9d59-937e173310ad\">Preuzimanje<\/a><\/div>\n","protected":false},"excerpt":{"rendered":"","protected":false},"author":18,"featured_media":0,"parent":0,"menu_order":0,"comment_status":"closed","ping_status":"closed","template":"","meta":{"_acf_changed":false,"inline_featured_image":false,"advgb_blocks_editor_width":"","advgb_blocks_columns_visual_guide":"","_links_to":"","_links_to_type":0,"footnotes":""},"class_list":["post-24127","page","type-page","status-publish","hentry"],"acf":[],"yoast_head":"<!-- This site is optimized with the Yoast SEO plugin v25.7 - https:\/\/yoast.com\/wordpress\/plugins\/seo\/ -->\n<title>Dra\u017een \u0160emov\u010dan - Hrvatske amazonke - Agencija za elektroni\u010dke medije<\/title>\n<meta name=\"robots\" content=\"index, follow, max-snippet:-1, max-image-preview:large, max-video-preview:-1\" \/>\n<link rel=\"canonical\" href=\"https:\/\/aem.hr\/drazen-semovcan-hrvatske-amazonke\/\" \/>\n<meta property=\"og:locale\" content=\"en_US\" \/>\n<meta property=\"og:type\" content=\"article\" \/>\n<meta property=\"og:title\" content=\"Dra\u017een \u0160emov\u010dan - Hrvatske amazonke - Agencija za elektroni\u010dke medije\" \/>\n<meta property=\"og:url\" content=\"https:\/\/aem.hr\/drazen-semovcan-hrvatske-amazonke\/\" \/>\n<meta property=\"og:site_name\" content=\"Agencija za elektroni\u010dke medije\" \/>\n<meta property=\"article:modified_time\" content=\"2026-01-27T09:41:30+00:00\" \/>\n<meta name=\"twitter:card\" content=\"summary_large_image\" \/>\n<meta name=\"twitter:label1\" content=\"Est. reading time\" \/>\n\t<meta name=\"twitter:data1\" content=\"1 minute\" \/>\n<script type=\"application\/ld+json\" class=\"yoast-schema-graph\">{\"@context\":\"https:\/\/schema.org\",\"@graph\":[{\"@type\":\"WebPage\",\"@id\":\"https:\/\/aem.hr\/drazen-semovcan-hrvatske-amazonke\/\",\"url\":\"https:\/\/aem.hr\/drazen-semovcan-hrvatske-amazonke\/\",\"name\":\"Dra\u017een \u0160emov\u010dan - Hrvatske amazonke - Agencija za elektroni\u010dke medije\",\"isPartOf\":{\"@id\":\"https:\/\/aem.hr\/#website\"},\"datePublished\":\"2026-01-27T09:41:29+00:00\",\"dateModified\":\"2026-01-27T09:41:30+00:00\",\"breadcrumb\":{\"@id\":\"https:\/\/aem.hr\/drazen-semovcan-hrvatske-amazonke\/#breadcrumb\"},\"inLanguage\":\"en-US\",\"potentialAction\":[{\"@type\":\"ReadAction\",\"target\":[\"https:\/\/aem.hr\/drazen-semovcan-hrvatske-amazonke\/\"]}]},{\"@type\":\"BreadcrumbList\",\"@id\":\"https:\/\/aem.hr\/drazen-semovcan-hrvatske-amazonke\/#breadcrumb\",\"itemListElement\":[{\"@type\":\"ListItem\",\"position\":1,\"name\":\"Po\u010detna stranica\",\"item\":\"https:\/\/aem.hr\/\"},{\"@type\":\"ListItem\",\"position\":2,\"name\":\"Dra\u017een \u0160emov\u010dan &#8211; Hrvatske amazonke\"}]},{\"@type\":\"WebSite\",\"@id\":\"https:\/\/aem.hr\/#website\",\"url\":\"https:\/\/aem.hr\/\",\"name\":\"Agencija za elektroni\u010dke medije\",\"description\":\"\",\"potentialAction\":[{\"@type\":\"SearchAction\",\"target\":{\"@type\":\"EntryPoint\",\"urlTemplate\":\"https:\/\/aem.hr\/?s={search_term_string}\"},\"query-input\":{\"@type\":\"PropertyValueSpecification\",\"valueRequired\":true,\"valueName\":\"search_term_string\"}}],\"inLanguage\":\"en-US\"}]}<\/script>\n<!-- \/ Yoast SEO plugin. -->","yoast_head_json":{"title":"Dra\u017een \u0160emov\u010dan - Hrvatske amazonke - Agencija za elektroni\u010dke medije","robots":{"index":"index","follow":"follow","max-snippet":"max-snippet:-1","max-image-preview":"max-image-preview:large","max-video-preview":"max-video-preview:-1"},"canonical":"https:\/\/aem.hr\/drazen-semovcan-hrvatske-amazonke\/","og_locale":"en_US","og_type":"article","og_title":"Dra\u017een \u0160emov\u010dan - Hrvatske amazonke - Agencija za elektroni\u010dke medije","og_url":"https:\/\/aem.hr\/drazen-semovcan-hrvatske-amazonke\/","og_site_name":"Agencija za elektroni\u010dke medije","article_modified_time":"2026-01-27T09:41:30+00:00","twitter_card":"summary_large_image","twitter_misc":{"Est. reading time":"1 minute"},"schema":{"@context":"https:\/\/schema.org","@graph":[{"@type":"WebPage","@id":"https:\/\/aem.hr\/drazen-semovcan-hrvatske-amazonke\/","url":"https:\/\/aem.hr\/drazen-semovcan-hrvatske-amazonke\/","name":"Dra\u017een \u0160emov\u010dan - Hrvatske amazonke - Agencija za elektroni\u010dke medije","isPartOf":{"@id":"https:\/\/aem.hr\/#website"},"datePublished":"2026-01-27T09:41:29+00:00","dateModified":"2026-01-27T09:41:30+00:00","breadcrumb":{"@id":"https:\/\/aem.hr\/drazen-semovcan-hrvatske-amazonke\/#breadcrumb"},"inLanguage":"en-US","potentialAction":[{"@type":"ReadAction","target":["https:\/\/aem.hr\/drazen-semovcan-hrvatske-amazonke\/"]}]},{"@type":"BreadcrumbList","@id":"https:\/\/aem.hr\/drazen-semovcan-hrvatske-amazonke\/#breadcrumb","itemListElement":[{"@type":"ListItem","position":1,"name":"Po\u010detna stranica","item":"https:\/\/aem.hr\/"},{"@type":"ListItem","position":2,"name":"Dra\u017een \u0160emov\u010dan &#8211; Hrvatske amazonke"}]},{"@type":"WebSite","@id":"https:\/\/aem.hr\/#website","url":"https:\/\/aem.hr\/","name":"Agencija za elektroni\u010dke medije","description":"","potentialAction":[{"@type":"SearchAction","target":{"@type":"EntryPoint","urlTemplate":"https:\/\/aem.hr\/?s={search_term_string}"},"query-input":{"@type":"PropertyValueSpecification","valueRequired":true,"valueName":"search_term_string"}}],"inLanguage":"en-US"}]}},"coauthors":[],"author_meta":{"author_link":"https:\/\/aem.hr\/en\/blog\/author\/mkirac\/","display_name":"Matko Kirac"},"relative_dates":{"created":"Posted 3 months ago","modified":"Updated 3 months ago"},"absolute_dates":{"created":"Posted on 27. January 2026.","modified":"Updated on 27. January 2026."},"absolute_dates_time":{"created":"Posted on 27. January 2026. 10:41","modified":"Updated on 27. January 2026. 10:41"},"featured_img_caption":"","featured_img":false,"series_order":"","_links":{"self":[{"href":"https:\/\/aem.hr\/en\/wp-json\/wp\/v2\/pages\/24127","targetHints":{"allow":["GET"]}}],"collection":[{"href":"https:\/\/aem.hr\/en\/wp-json\/wp\/v2\/pages"}],"about":[{"href":"https:\/\/aem.hr\/en\/wp-json\/wp\/v2\/types\/page"}],"author":[{"embeddable":true,"href":"https:\/\/aem.hr\/en\/wp-json\/wp\/v2\/users\/18"}],"replies":[{"embeddable":true,"href":"https:\/\/aem.hr\/en\/wp-json\/wp\/v2\/comments?post=24127"}],"version-history":[{"count":1,"href":"https:\/\/aem.hr\/en\/wp-json\/wp\/v2\/pages\/24127\/revisions"}],"predecessor-version":[{"id":24140,"href":"https:\/\/aem.hr\/en\/wp-json\/wp\/v2\/pages\/24127\/revisions\/24140"}],"wp:attachment":[{"href":"https:\/\/aem.hr\/en\/wp-json\/wp\/v2\/media?parent=24127"}],"curies":[{"name":"wp","href":"https:\/\/api.w.org\/{rel}","templated":true}]}}