{"id":24141,"date":"2026-01-27T10:48:44","date_gmt":"2026-01-27T09:48:44","guid":{"rendered":"https:\/\/aem.hr\/?page_id=24141"},"modified":"2026-01-27T10:48:45","modified_gmt":"2026-01-27T09:48:45","slug":"damir-kopljar-iseljena-hrvatska-zasto-mladi-odlaze-iz-republike-hrvatske","status":"publish","type":"page","link":"https:\/\/aem.hr\/en\/damir-kopljar-iseljena-hrvatska-zasto-mladi-odlaze-iz-republike-hrvatske\/","title":{"rendered":"Damir Kopljar &#8211; Iseljena Hrvatska &#8211; Za\u0161to mladi odlaze iz Republike Hrvatske?"},"content":{"rendered":"\n<div class=\"wp-block-file\"><a id=\"wp-block-file--media-216ac8bc-ff77-4d5d-9b36-7fe8c477f7df\" href=\"https:\/\/aem.hr\/wp-content\/uploads\/2026\/01\/1.-Intervju-s-mladom-Zagrepcankom-koja-trenutno-zivi-u-Njemackoj.pdf\">1. Intervju s mladom Zagrep\u010dankom koja trenutno \u017eivi u Njema\u010dkoj<\/a><a href=\"https:\/\/aem.hr\/wp-content\/uploads\/2026\/01\/1.-Intervju-s-mladom-Zagrepcankom-koja-trenutno-zivi-u-Njemackoj.pdf\" class=\"wp-block-file__button wp-element-button\" download aria-describedby=\"wp-block-file--media-216ac8bc-ff77-4d5d-9b36-7fe8c477f7df\">Preuzimanje<\/a><\/div>\n\n\n\n<div class=\"wp-block-file\"><a id=\"wp-block-file--media-b8f64658-d50b-4290-92e3-d6ecc6b78eb2\" href=\"https:\/\/aem.hr\/wp-content\/uploads\/2026\/01\/2.-Intervju-s-mladim-Zagrepcaninom-koji-trenutno-zivi-u-Irskoj.pdf\">2. Intervju s mladim Zagrep\u010daninom koji trenutno \u017eivi u Irskoj<\/a><a href=\"https:\/\/aem.hr\/wp-content\/uploads\/2026\/01\/2.-Intervju-s-mladim-Zagrepcaninom-koji-trenutno-zivi-u-Irskoj.pdf\" class=\"wp-block-file__button wp-element-button\" download aria-describedby=\"wp-block-file--media-b8f64658-d50b-4290-92e3-d6ecc6b78eb2\">Preuzimanje<\/a><\/div>\n\n\n\n<div class=\"wp-block-file\"><a id=\"wp-block-file--media-d35a6ac6-c38d-4ec6-b584-9cd0a064e4b3\" href=\"https:\/\/aem.hr\/wp-content\/uploads\/2026\/01\/3.-Intervju-s-mladom-Slavonkom-koji-trenutno-zivi-u-Njemackoj.pdf\">3. Intervju s mladom Slavonkom koji trenutno \u017eivi u Njema\u010dkoj<\/a><a href=\"https:\/\/aem.hr\/wp-content\/uploads\/2026\/01\/3.-Intervju-s-mladom-Slavonkom-koji-trenutno-zivi-u-Njemackoj.pdf\" class=\"wp-block-file__button wp-element-button\" download aria-describedby=\"wp-block-file--media-d35a6ac6-c38d-4ec6-b584-9cd0a064e4b3\">Preuzimanje<\/a><\/div>\n\n\n\n<div class=\"wp-block-file\"><a id=\"wp-block-file--media-f64eb7ed-0746-485b-8ba2-703ec297bd8c\" href=\"https:\/\/aem.hr\/wp-content\/uploads\/2026\/01\/4.-Intervju-s-mladim-Zagrepcaninom-koji-se-odlucio-odseliti-u-Njemacku.pdf\">4. Intervju s mladim Zagrep\u010daninom koji se odlu\u010dio odseliti u Njema\u010dku<\/a><a href=\"https:\/\/aem.hr\/wp-content\/uploads\/2026\/01\/4.-Intervju-s-mladim-Zagrepcaninom-koji-se-odlucio-odseliti-u-Njemacku.pdf\" class=\"wp-block-file__button wp-element-button\" download aria-describedby=\"wp-block-file--media-f64eb7ed-0746-485b-8ba2-703ec297bd8c\">Preuzimanje<\/a><\/div>\n\n\n\n<div class=\"wp-block-file\"><a id=\"wp-block-file--media-8ccb48a7-7b1b-44df-a264-ffaca1f1847e\" href=\"https:\/\/aem.hr\/wp-content\/uploads\/2026\/01\/5.-Mjera-za-povratnike.pdf\">5. Mjera za povratnike<\/a><a href=\"https:\/\/aem.hr\/wp-content\/uploads\/2026\/01\/5.-Mjera-za-povratnike.pdf\" class=\"wp-block-file__button wp-element-button\" download aria-describedby=\"wp-block-file--media-8ccb48a7-7b1b-44df-a264-ffaca1f1847e\">Preuzimanje<\/a><\/div>\n\n\n\n<div class=\"wp-block-file\"><a id=\"wp-block-file--media-5feb2f18-6517-49b8-8b01-90660ba45c4d\" href=\"https:\/\/aem.hr\/wp-content\/uploads\/2026\/01\/6.-Stambena-politika.pdf\">6. Stambena politika<\/a><a href=\"https:\/\/aem.hr\/wp-content\/uploads\/2026\/01\/6.-Stambena-politika.pdf\" class=\"wp-block-file__button wp-element-button\" download aria-describedby=\"wp-block-file--media-5feb2f18-6517-49b8-8b01-90660ba45c4d\">Preuzimanje<\/a><\/div>\n\n\n\n<div class=\"wp-block-file\"><a id=\"wp-block-file--media-745767c1-4ab5-44a7-9e26-4462aff2f0b6\" href=\"https:\/\/aem.hr\/wp-content\/uploads\/2026\/01\/7.-Kako-zadrzati-mlade-u-Hrvatskoj.pdf\">7. Kako zadr\u017eati mlade u Hrvatskoj<\/a><a href=\"https:\/\/aem.hr\/wp-content\/uploads\/2026\/01\/7.-Kako-zadrzati-mlade-u-Hrvatskoj.pdf\" class=\"wp-block-file__button wp-element-button\" download aria-describedby=\"wp-block-file--media-745767c1-4ab5-44a7-9e26-4462aff2f0b6\">Preuzimanje<\/a><\/div>\n\n\n\n<div class=\"wp-block-file\"><a id=\"wp-block-file--media-e5388a4f-59e2-4133-a11e-d0be97c5a7c7\" href=\"https:\/\/aem.hr\/wp-content\/uploads\/2026\/01\/8.-Faktori-koji-poticu-mlade-na-odlazak.pdf\">8. Faktori koji poti\u010du mlade na odlazak<\/a><a href=\"https:\/\/aem.hr\/wp-content\/uploads\/2026\/01\/8.-Faktori-koji-poticu-mlade-na-odlazak.pdf\" class=\"wp-block-file__button wp-element-button\" download aria-describedby=\"wp-block-file--media-e5388a4f-59e2-4133-a11e-d0be97c5a7c7\">Preuzimanje<\/a><\/div>\n\n\n\n<div class=\"wp-block-file\"><a id=\"wp-block-file--media-87a009e2-212f-47d1-aeb6-ff2ae88517ee\" href=\"https:\/\/aem.hr\/wp-content\/uploads\/2026\/01\/9.-Intervju-sa-Danijelom-Matakovicem.pdf\">9. Intervju sa Danijelom Matakovi\u0107em<\/a><a href=\"https:\/\/aem.hr\/wp-content\/uploads\/2026\/01\/9.-Intervju-sa-Danijelom-Matakovicem.pdf\" class=\"wp-block-file__button wp-element-button\" download aria-describedby=\"wp-block-file--media-87a009e2-212f-47d1-aeb6-ff2ae88517ee\">Preuzimanje<\/a><\/div>\n\n\n\n<div class=\"wp-block-file\"><a id=\"wp-block-file--media-6fce7185-bc17-4a8c-866e-1f9255463169\" href=\"https:\/\/aem.hr\/wp-content\/uploads\/2026\/01\/10.-Strani-radnici-i-migracijska-kretanja.pdf\">10. Strani radnici i migracijska kretanja<\/a><a href=\"https:\/\/aem.hr\/wp-content\/uploads\/2026\/01\/10.-Strani-radnici-i-migracijska-kretanja.pdf\" class=\"wp-block-file__button wp-element-button\" download aria-describedby=\"wp-block-file--media-6fce7185-bc17-4a8c-866e-1f9255463169\">Preuzimanje<\/a><\/div>\n","protected":false},"excerpt":{"rendered":"","protected":false},"author":18,"featured_media":0,"parent":0,"menu_order":0,"comment_status":"closed","ping_status":"closed","template":"","meta":{"_acf_changed":false,"inline_featured_image":false,"advgb_blocks_editor_width":"","advgb_blocks_columns_visual_guide":"","_links_to":"","_links_to_type":0,"footnotes":""},"class_list":["post-24141","page","type-page","status-publish","hentry"],"acf":[],"yoast_head":"<!-- This site is optimized with the Yoast SEO plugin v25.7 - https:\/\/yoast.com\/wordpress\/plugins\/seo\/ -->\n<title>Damir Kopljar - Iseljena Hrvatska - Za\u0161to mladi odlaze iz Republike Hrvatske? - Agencija za elektroni\u010dke medije<\/title>\n<meta name=\"robots\" content=\"index, follow, max-snippet:-1, max-image-preview:large, max-video-preview:-1\" \/>\n<link rel=\"canonical\" href=\"https:\/\/aem.hr\/damir-kopljar-iseljena-hrvatska-zasto-mladi-odlaze-iz-republike-hrvatske\/\" \/>\n<meta property=\"og:locale\" content=\"en_US\" \/>\n<meta property=\"og:type\" content=\"article\" \/>\n<meta property=\"og:title\" content=\"Damir Kopljar - Iseljena Hrvatska - Za\u0161to mladi odlaze iz Republike Hrvatske? - Agencija za elektroni\u010dke medije\" \/>\n<meta property=\"og:url\" content=\"https:\/\/aem.hr\/damir-kopljar-iseljena-hrvatska-zasto-mladi-odlaze-iz-republike-hrvatske\/\" \/>\n<meta property=\"og:site_name\" content=\"Agencija za elektroni\u010dke medije\" \/>\n<meta property=\"article:modified_time\" content=\"2026-01-27T09:48:45+00:00\" \/>\n<meta name=\"twitter:card\" content=\"summary_large_image\" \/>\n<meta name=\"twitter:label1\" content=\"Est. reading time\" \/>\n\t<meta name=\"twitter:data1\" content=\"1 minute\" \/>\n<script type=\"application\/ld+json\" class=\"yoast-schema-graph\">{\"@context\":\"https:\/\/schema.org\",\"@graph\":[{\"@type\":\"WebPage\",\"@id\":\"https:\/\/aem.hr\/damir-kopljar-iseljena-hrvatska-zasto-mladi-odlaze-iz-republike-hrvatske\/\",\"url\":\"https:\/\/aem.hr\/damir-kopljar-iseljena-hrvatska-zasto-mladi-odlaze-iz-republike-hrvatske\/\",\"name\":\"Damir Kopljar - Iseljena Hrvatska - Za\u0161to mladi odlaze iz Republike Hrvatske? - Agencija za elektroni\u010dke medije\",\"isPartOf\":{\"@id\":\"https:\/\/aem.hr\/#website\"},\"datePublished\":\"2026-01-27T09:48:44+00:00\",\"dateModified\":\"2026-01-27T09:48:45+00:00\",\"breadcrumb\":{\"@id\":\"https:\/\/aem.hr\/damir-kopljar-iseljena-hrvatska-zasto-mladi-odlaze-iz-republike-hrvatske\/#breadcrumb\"},\"inLanguage\":\"en-US\",\"potentialAction\":[{\"@type\":\"ReadAction\",\"target\":[\"https:\/\/aem.hr\/damir-kopljar-iseljena-hrvatska-zasto-mladi-odlaze-iz-republike-hrvatske\/\"]}]},{\"@type\":\"BreadcrumbList\",\"@id\":\"https:\/\/aem.hr\/damir-kopljar-iseljena-hrvatska-zasto-mladi-odlaze-iz-republike-hrvatske\/#breadcrumb\",\"itemListElement\":[{\"@type\":\"ListItem\",\"position\":1,\"name\":\"Po\u010detna stranica\",\"item\":\"https:\/\/aem.hr\/\"},{\"@type\":\"ListItem\",\"position\":2,\"name\":\"Damir Kopljar &#8211; Iseljena Hrvatska &#8211; Za\u0161to mladi odlaze iz Republike Hrvatske?\"}]},{\"@type\":\"WebSite\",\"@id\":\"https:\/\/aem.hr\/#website\",\"url\":\"https:\/\/aem.hr\/\",\"name\":\"Agencija za elektroni\u010dke medije\",\"description\":\"\",\"potentialAction\":[{\"@type\":\"SearchAction\",\"target\":{\"@type\":\"EntryPoint\",\"urlTemplate\":\"https:\/\/aem.hr\/?s={search_term_string}\"},\"query-input\":{\"@type\":\"PropertyValueSpecification\",\"valueRequired\":true,\"valueName\":\"search_term_string\"}}],\"inLanguage\":\"en-US\"}]}<\/script>\n<!-- \/ Yoast SEO plugin. -->","yoast_head_json":{"title":"Damir Kopljar - Iseljena Hrvatska - Za\u0161to mladi odlaze iz Republike Hrvatske? - Agencija za elektroni\u010dke medije","robots":{"index":"index","follow":"follow","max-snippet":"max-snippet:-1","max-image-preview":"max-image-preview:large","max-video-preview":"max-video-preview:-1"},"canonical":"https:\/\/aem.hr\/damir-kopljar-iseljena-hrvatska-zasto-mladi-odlaze-iz-republike-hrvatske\/","og_locale":"en_US","og_type":"article","og_title":"Damir Kopljar - Iseljena Hrvatska - Za\u0161to mladi odlaze iz Republike Hrvatske? - Agencija za elektroni\u010dke medije","og_url":"https:\/\/aem.hr\/damir-kopljar-iseljena-hrvatska-zasto-mladi-odlaze-iz-republike-hrvatske\/","og_site_name":"Agencija za elektroni\u010dke medije","article_modified_time":"2026-01-27T09:48:45+00:00","twitter_card":"summary_large_image","twitter_misc":{"Est. reading time":"1 minute"},"schema":{"@context":"https:\/\/schema.org","@graph":[{"@type":"WebPage","@id":"https:\/\/aem.hr\/damir-kopljar-iseljena-hrvatska-zasto-mladi-odlaze-iz-republike-hrvatske\/","url":"https:\/\/aem.hr\/damir-kopljar-iseljena-hrvatska-zasto-mladi-odlaze-iz-republike-hrvatske\/","name":"Damir Kopljar - Iseljena Hrvatska - Za\u0161to mladi odlaze iz Republike Hrvatske? - Agencija za elektroni\u010dke medije","isPartOf":{"@id":"https:\/\/aem.hr\/#website"},"datePublished":"2026-01-27T09:48:44+00:00","dateModified":"2026-01-27T09:48:45+00:00","breadcrumb":{"@id":"https:\/\/aem.hr\/damir-kopljar-iseljena-hrvatska-zasto-mladi-odlaze-iz-republike-hrvatske\/#breadcrumb"},"inLanguage":"en-US","potentialAction":[{"@type":"ReadAction","target":["https:\/\/aem.hr\/damir-kopljar-iseljena-hrvatska-zasto-mladi-odlaze-iz-republike-hrvatske\/"]}]},{"@type":"BreadcrumbList","@id":"https:\/\/aem.hr\/damir-kopljar-iseljena-hrvatska-zasto-mladi-odlaze-iz-republike-hrvatske\/#breadcrumb","itemListElement":[{"@type":"ListItem","position":1,"name":"Po\u010detna stranica","item":"https:\/\/aem.hr\/"},{"@type":"ListItem","position":2,"name":"Damir Kopljar &#8211; Iseljena Hrvatska &#8211; Za\u0161to mladi odlaze iz Republike Hrvatske?"}]},{"@type":"WebSite","@id":"https:\/\/aem.hr\/#website","url":"https:\/\/aem.hr\/","name":"Agencija za elektroni\u010dke medije","description":"","potentialAction":[{"@type":"SearchAction","target":{"@type":"EntryPoint","urlTemplate":"https:\/\/aem.hr\/?s={search_term_string}"},"query-input":{"@type":"PropertyValueSpecification","valueRequired":true,"valueName":"search_term_string"}}],"inLanguage":"en-US"}]}},"coauthors":[],"author_meta":{"author_link":"https:\/\/aem.hr\/en\/blog\/author\/mkirac\/","display_name":"Matko Kirac"},"relative_dates":{"created":"Posted 3 months ago","modified":"Updated 3 months ago"},"absolute_dates":{"created":"Posted on 27. January 2026.","modified":"Updated on 27. January 2026."},"absolute_dates_time":{"created":"Posted on 27. January 2026. 10:48","modified":"Updated on 27. January 2026. 10:48"},"featured_img_caption":"","featured_img":false,"series_order":"","_links":{"self":[{"href":"https:\/\/aem.hr\/en\/wp-json\/wp\/v2\/pages\/24141","targetHints":{"allow":["GET"]}}],"collection":[{"href":"https:\/\/aem.hr\/en\/wp-json\/wp\/v2\/pages"}],"about":[{"href":"https:\/\/aem.hr\/en\/wp-json\/wp\/v2\/types\/page"}],"author":[{"embeddable":true,"href":"https:\/\/aem.hr\/en\/wp-json\/wp\/v2\/users\/18"}],"replies":[{"embeddable":true,"href":"https:\/\/aem.hr\/en\/wp-json\/wp\/v2\/comments?post=24141"}],"version-history":[{"count":1,"href":"https:\/\/aem.hr\/en\/wp-json\/wp\/v2\/pages\/24141\/revisions"}],"predecessor-version":[{"id":24162,"href":"https:\/\/aem.hr\/en\/wp-json\/wp\/v2\/pages\/24141\/revisions\/24162"}],"wp:attachment":[{"href":"https:\/\/aem.hr\/en\/wp-json\/wp\/v2\/media?parent=24141"}],"curies":[{"name":"wp","href":"https:\/\/api.w.org\/{rel}","templated":true}]}}