{"id":24179,"date":"2026-01-27T10:57:29","date_gmt":"2026-01-27T09:57:29","guid":{"rendered":"https:\/\/aem.hr\/?page_id=24179"},"modified":"2026-01-27T10:57:30","modified_gmt":"2026-01-27T09:57:30","slug":"danijela-stanojevic-nevidljive-godine-price-dostojanstva-i-borbe","status":"publish","type":"page","link":"https:\/\/aem.hr\/en\/danijela-stanojevic-nevidljive-godine-price-dostojanstva-i-borbe\/","title":{"rendered":"Danijela Stanojevi\u0107 &#8211; Nevidljive godine &#8211; pri\u010de dostojanstva i borbe"},"content":{"rendered":"\n<div class=\"wp-block-file\"><a id=\"wp-block-file--media-502ea648-e0b0-4044-aefc-94170e99e8a4\" href=\"https:\/\/aem.hr\/wp-content\/uploads\/2026\/01\/1.-Kad-strojevi-potpuno-utihnu-Zivot-nakon-jedne-tvornice.pdf\">1. Kad strojevi potpuno utihnu \u017divot nakon jedne tvornice<\/a><a href=\"https:\/\/aem.hr\/wp-content\/uploads\/2026\/01\/1.-Kad-strojevi-potpuno-utihnu-Zivot-nakon-jedne-tvornice.pdf\" class=\"wp-block-file__button wp-element-button\" download aria-describedby=\"wp-block-file--media-502ea648-e0b0-4044-aefc-94170e99e8a4\">Preuzimanje<\/a><\/div>\n\n\n\n<div class=\"wp-block-file\"><a id=\"wp-block-file--media-ad46e4aa-c52a-49e5-b7cb-1d4c44c67ab9\" href=\"https:\/\/aem.hr\/wp-content\/uploads\/2026\/01\/2.-Mirovina-bez-mira-Neizvjesnost-starosti-u-nevidljivim-godinama.pdf\">2. Mirovina bez mira Neizvjesnost starosti u nevidljivim godinama<\/a><a href=\"https:\/\/aem.hr\/wp-content\/uploads\/2026\/01\/2.-Mirovina-bez-mira-Neizvjesnost-starosti-u-nevidljivim-godinama.pdf\" class=\"wp-block-file__button wp-element-button\" download aria-describedby=\"wp-block-file--media-ad46e4aa-c52a-49e5-b7cb-1d4c44c67ab9\">Preuzimanje<\/a><\/div>\n\n\n\n<div class=\"wp-block-file\"><a id=\"wp-block-file--media-98ed2323-794d-4ca1-b159-77258b9d0ea6\" href=\"https:\/\/aem.hr\/wp-content\/uploads\/2026\/01\/3.-Marija-67-mjesecima-zivjela-u-bolovima.pdf\">3. Marija (67) mjesecima \u017eivjela u bolovima<\/a><a href=\"https:\/\/aem.hr\/wp-content\/uploads\/2026\/01\/3.-Marija-67-mjesecima-zivjela-u-bolovima.pdf\" class=\"wp-block-file__button wp-element-button\" download aria-describedby=\"wp-block-file--media-98ed2323-794d-4ca1-b159-77258b9d0ea6\">Preuzimanje<\/a><\/div>\n\n\n\n<div class=\"wp-block-file\"><a id=\"wp-block-file--media-466f5805-fd4e-4271-8427-ada44d28650a\" href=\"https:\/\/aem.hr\/wp-content\/uploads\/2026\/01\/4.-Starenje-kao-otpor-Ove-zene-nisu-stale-ni-nakon-60.pdf\">4. Starenje kao otpor Ove \u017eene nisu stale ni nakon 60<\/a><a href=\"https:\/\/aem.hr\/wp-content\/uploads\/2026\/01\/4.-Starenje-kao-otpor-Ove-zene-nisu-stale-ni-nakon-60.pdf\" class=\"wp-block-file__button wp-element-button\" download aria-describedby=\"wp-block-file--media-466f5805-fd4e-4271-8427-ada44d28650a\">Preuzimanje<\/a><\/div>\n\n\n\n<div class=\"wp-block-file\"><a id=\"wp-block-file--media-2334c682-6849-4bce-a8e3-897b0fa50c91\" href=\"https:\/\/aem.hr\/wp-content\/uploads\/2026\/01\/5.-Umjesto-reklama-\u2013-tisina_-Evo-kako-mediji-brisu-starije-zene.pdf\">5. Umjesto reklama \u2013 ti\u0161ina_ Evo kako mediji bri\u0161u starije \u017eene<\/a><a href=\"https:\/\/aem.hr\/wp-content\/uploads\/2026\/01\/5.-Umjesto-reklama-\u2013-tisina_-Evo-kako-mediji-brisu-starije-zene.pdf\" class=\"wp-block-file__button wp-element-button\" download aria-describedby=\"wp-block-file--media-2334c682-6849-4bce-a8e3-897b0fa50c91\">Preuzimanje<\/a><\/div>\n\n\n\n<p><\/p>\n","protected":false},"excerpt":{"rendered":"","protected":false},"author":18,"featured_media":0,"parent":0,"menu_order":0,"comment_status":"closed","ping_status":"closed","template":"","meta":{"_acf_changed":false,"inline_featured_image":false,"advgb_blocks_editor_width":"","advgb_blocks_columns_visual_guide":"","_links_to":"","_links_to_type":0,"footnotes":""},"class_list":["post-24179","page","type-page","status-publish","hentry"],"acf":[],"yoast_head":"<!-- This site is optimized with the Yoast SEO plugin v25.7 - https:\/\/yoast.com\/wordpress\/plugins\/seo\/ -->\n<title>Danijela Stanojevi\u0107 - Nevidljive godine - pri\u010de dostojanstva i borbe - Agencija za elektroni\u010dke medije<\/title>\n<meta name=\"robots\" content=\"index, follow, max-snippet:-1, max-image-preview:large, max-video-preview:-1\" \/>\n<link rel=\"canonical\" href=\"https:\/\/aem.hr\/danijela-stanojevic-nevidljive-godine-price-dostojanstva-i-borbe\/\" \/>\n<meta property=\"og:locale\" content=\"en_US\" \/>\n<meta property=\"og:type\" content=\"article\" \/>\n<meta property=\"og:title\" content=\"Danijela Stanojevi\u0107 - Nevidljive godine - pri\u010de dostojanstva i borbe - Agencija za elektroni\u010dke medije\" \/>\n<meta property=\"og:url\" content=\"https:\/\/aem.hr\/danijela-stanojevic-nevidljive-godine-price-dostojanstva-i-borbe\/\" \/>\n<meta property=\"og:site_name\" content=\"Agencija za elektroni\u010dke medije\" \/>\n<meta property=\"article:modified_time\" content=\"2026-01-27T09:57:30+00:00\" \/>\n<meta name=\"twitter:card\" content=\"summary_large_image\" \/>\n<meta name=\"twitter:label1\" content=\"Est. reading time\" \/>\n\t<meta name=\"twitter:data1\" content=\"1 minute\" \/>\n<script type=\"application\/ld+json\" class=\"yoast-schema-graph\">{\"@context\":\"https:\/\/schema.org\",\"@graph\":[{\"@type\":\"WebPage\",\"@id\":\"https:\/\/aem.hr\/danijela-stanojevic-nevidljive-godine-price-dostojanstva-i-borbe\/\",\"url\":\"https:\/\/aem.hr\/danijela-stanojevic-nevidljive-godine-price-dostojanstva-i-borbe\/\",\"name\":\"Danijela Stanojevi\u0107 - Nevidljive godine - pri\u010de dostojanstva i borbe - Agencija za elektroni\u010dke medije\",\"isPartOf\":{\"@id\":\"https:\/\/aem.hr\/#website\"},\"datePublished\":\"2026-01-27T09:57:29+00:00\",\"dateModified\":\"2026-01-27T09:57:30+00:00\",\"breadcrumb\":{\"@id\":\"https:\/\/aem.hr\/danijela-stanojevic-nevidljive-godine-price-dostojanstva-i-borbe\/#breadcrumb\"},\"inLanguage\":\"en-US\",\"potentialAction\":[{\"@type\":\"ReadAction\",\"target\":[\"https:\/\/aem.hr\/danijela-stanojevic-nevidljive-godine-price-dostojanstva-i-borbe\/\"]}]},{\"@type\":\"BreadcrumbList\",\"@id\":\"https:\/\/aem.hr\/danijela-stanojevic-nevidljive-godine-price-dostojanstva-i-borbe\/#breadcrumb\",\"itemListElement\":[{\"@type\":\"ListItem\",\"position\":1,\"name\":\"Po\u010detna stranica\",\"item\":\"https:\/\/aem.hr\/\"},{\"@type\":\"ListItem\",\"position\":2,\"name\":\"Danijela Stanojevi\u0107 &#8211; Nevidljive godine &#8211; pri\u010de dostojanstva i borbe\"}]},{\"@type\":\"WebSite\",\"@id\":\"https:\/\/aem.hr\/#website\",\"url\":\"https:\/\/aem.hr\/\",\"name\":\"Agencija za elektroni\u010dke medije\",\"description\":\"\",\"potentialAction\":[{\"@type\":\"SearchAction\",\"target\":{\"@type\":\"EntryPoint\",\"urlTemplate\":\"https:\/\/aem.hr\/?s={search_term_string}\"},\"query-input\":{\"@type\":\"PropertyValueSpecification\",\"valueRequired\":true,\"valueName\":\"search_term_string\"}}],\"inLanguage\":\"en-US\"}]}<\/script>\n<!-- \/ Yoast SEO plugin. -->","yoast_head_json":{"title":"Danijela Stanojevi\u0107 - Nevidljive godine - pri\u010de dostojanstva i borbe - Agencija za elektroni\u010dke medije","robots":{"index":"index","follow":"follow","max-snippet":"max-snippet:-1","max-image-preview":"max-image-preview:large","max-video-preview":"max-video-preview:-1"},"canonical":"https:\/\/aem.hr\/danijela-stanojevic-nevidljive-godine-price-dostojanstva-i-borbe\/","og_locale":"en_US","og_type":"article","og_title":"Danijela Stanojevi\u0107 - Nevidljive godine - pri\u010de dostojanstva i borbe - Agencija za elektroni\u010dke medije","og_url":"https:\/\/aem.hr\/danijela-stanojevic-nevidljive-godine-price-dostojanstva-i-borbe\/","og_site_name":"Agencija za elektroni\u010dke medije","article_modified_time":"2026-01-27T09:57:30+00:00","twitter_card":"summary_large_image","twitter_misc":{"Est. reading time":"1 minute"},"schema":{"@context":"https:\/\/schema.org","@graph":[{"@type":"WebPage","@id":"https:\/\/aem.hr\/danijela-stanojevic-nevidljive-godine-price-dostojanstva-i-borbe\/","url":"https:\/\/aem.hr\/danijela-stanojevic-nevidljive-godine-price-dostojanstva-i-borbe\/","name":"Danijela Stanojevi\u0107 - Nevidljive godine - pri\u010de dostojanstva i borbe - Agencija za elektroni\u010dke medije","isPartOf":{"@id":"https:\/\/aem.hr\/#website"},"datePublished":"2026-01-27T09:57:29+00:00","dateModified":"2026-01-27T09:57:30+00:00","breadcrumb":{"@id":"https:\/\/aem.hr\/danijela-stanojevic-nevidljive-godine-price-dostojanstva-i-borbe\/#breadcrumb"},"inLanguage":"en-US","potentialAction":[{"@type":"ReadAction","target":["https:\/\/aem.hr\/danijela-stanojevic-nevidljive-godine-price-dostojanstva-i-borbe\/"]}]},{"@type":"BreadcrumbList","@id":"https:\/\/aem.hr\/danijela-stanojevic-nevidljive-godine-price-dostojanstva-i-borbe\/#breadcrumb","itemListElement":[{"@type":"ListItem","position":1,"name":"Po\u010detna stranica","item":"https:\/\/aem.hr\/"},{"@type":"ListItem","position":2,"name":"Danijela Stanojevi\u0107 &#8211; Nevidljive godine &#8211; pri\u010de dostojanstva i borbe"}]},{"@type":"WebSite","@id":"https:\/\/aem.hr\/#website","url":"https:\/\/aem.hr\/","name":"Agencija za elektroni\u010dke medije","description":"","potentialAction":[{"@type":"SearchAction","target":{"@type":"EntryPoint","urlTemplate":"https:\/\/aem.hr\/?s={search_term_string}"},"query-input":{"@type":"PropertyValueSpecification","valueRequired":true,"valueName":"search_term_string"}}],"inLanguage":"en-US"}]}},"coauthors":[],"author_meta":{"author_link":"https:\/\/aem.hr\/en\/blog\/author\/mkirac\/","display_name":"Matko Kirac"},"relative_dates":{"created":"Posted 3 months ago","modified":"Updated 3 months ago"},"absolute_dates":{"created":"Posted on 27. January 2026.","modified":"Updated on 27. January 2026."},"absolute_dates_time":{"created":"Posted on 27. January 2026. 10:57","modified":"Updated on 27. January 2026. 10:57"},"featured_img_caption":"","featured_img":false,"series_order":"","_links":{"self":[{"href":"https:\/\/aem.hr\/en\/wp-json\/wp\/v2\/pages\/24179","targetHints":{"allow":["GET"]}}],"collection":[{"href":"https:\/\/aem.hr\/en\/wp-json\/wp\/v2\/pages"}],"about":[{"href":"https:\/\/aem.hr\/en\/wp-json\/wp\/v2\/types\/page"}],"author":[{"embeddable":true,"href":"https:\/\/aem.hr\/en\/wp-json\/wp\/v2\/users\/18"}],"replies":[{"embeddable":true,"href":"https:\/\/aem.hr\/en\/wp-json\/wp\/v2\/comments?post=24179"}],"version-history":[{"count":1,"href":"https:\/\/aem.hr\/en\/wp-json\/wp\/v2\/pages\/24179\/revisions"}],"predecessor-version":[{"id":24190,"href":"https:\/\/aem.hr\/en\/wp-json\/wp\/v2\/pages\/24179\/revisions\/24190"}],"wp:attachment":[{"href":"https:\/\/aem.hr\/en\/wp-json\/wp\/v2\/media?parent=24179"}],"curies":[{"name":"wp","href":"https:\/\/api.w.org\/{rel}","templated":true}]}}