{"id":24192,"date":"2026-01-27T11:00:20","date_gmt":"2026-01-27T10:00:20","guid":{"rendered":"https:\/\/aem.hr\/?page_id=24192"},"modified":"2026-01-27T11:00:22","modified_gmt":"2026-01-27T10:00:22","slug":"igor-kretonic-izaberi-posao-koji-volis-i-neces-morati-raditi-ni-jedan-dan","status":"publish","type":"page","link":"https:\/\/aem.hr\/en\/igor-kretonic-izaberi-posao-koji-volis-i-neces-morati-raditi-ni-jedan-dan\/","title":{"rendered":"Igor Kretoni\u0107 &#8211; Izaberi posao koji voli\u0161 i ne\u0107e\u0161 morati raditi ni jedan dan"},"content":{"rendered":"\n<div class=\"wp-block-file\"><a id=\"wp-block-file--media-4f53ebf3-3d61-48dd-9ea4-a9d8d35d8d9b\" href=\"https:\/\/aem.hr\/wp-content\/uploads\/2026\/01\/1.-Od-rukometasa-do-poduzetnika.pdf\">1. Od rukometa\u0161a do poduzetnika<\/a><a href=\"https:\/\/aem.hr\/wp-content\/uploads\/2026\/01\/1.-Od-rukometasa-do-poduzetnika.pdf\" class=\"wp-block-file__button wp-element-button\" download aria-describedby=\"wp-block-file--media-4f53ebf3-3d61-48dd-9ea4-a9d8d35d8d9b\">Preuzimanje<\/a><\/div>\n\n\n\n<div class=\"wp-block-file\"><a id=\"wp-block-file--media-a893003a-c7ae-4e4f-aa95-74e540845594\" href=\"https:\/\/aem.hr\/wp-content\/uploads\/2026\/01\/2.-Zdravko-Drenjancevic-i-Arija.pdf\">2. Zdravko Drenjan\u010devi\u0107 i Arija<\/a><a href=\"https:\/\/aem.hr\/wp-content\/uploads\/2026\/01\/2.-Zdravko-Drenjancevic-i-Arija.pdf\" class=\"wp-block-file__button wp-element-button\" download aria-describedby=\"wp-block-file--media-a893003a-c7ae-4e4f-aa95-74e540845594\">Preuzimanje<\/a><\/div>\n\n\n\n<div class=\"wp-block-file\"><a id=\"wp-block-file--media-55ff6f43-e6a8-425c-a98a-45f6db50a5fa\" href=\"https:\/\/aem.hr\/wp-content\/uploads\/2026\/01\/3.-Igor-Vajnberger-i-Bolero.pdf\">3. Igor Vajnberger i Bolero<\/a><a href=\"https:\/\/aem.hr\/wp-content\/uploads\/2026\/01\/3.-Igor-Vajnberger-i-Bolero.pdf\" class=\"wp-block-file__button wp-element-button\" download aria-describedby=\"wp-block-file--media-55ff6f43-e6a8-425c-a98a-45f6db50a5fa\">Preuzimanje<\/a><\/div>\n\n\n\n<div class=\"wp-block-file\"><a id=\"wp-block-file--media-a43a9c15-33c5-43a6-921a-e577a46d2c23\" href=\"https:\/\/aem.hr\/wp-content\/uploads\/2026\/01\/4.-Strast-prema-slasticama-Mihaela-je-pretvorila-u-uspjesan-obrt.pdf\">4. Strast prema slasticama Mihaela je pretvorila u uspje\u0161an obrt<\/a><a href=\"https:\/\/aem.hr\/wp-content\/uploads\/2026\/01\/4.-Strast-prema-slasticama-Mihaela-je-pretvorila-u-uspjesan-obrt.pdf\" class=\"wp-block-file__button wp-element-button\" download aria-describedby=\"wp-block-file--media-a43a9c15-33c5-43a6-921a-e577a46d2c23\">Preuzimanje<\/a><\/div>\n\n\n\n<div class=\"wp-block-file\"><a id=\"wp-block-file--media-253b333c-25c7-4c5d-b7cd-34a5efc409d7\" href=\"https:\/\/aem.hr\/wp-content\/uploads\/2026\/01\/5.-Marta-Dzaja-\u2013-kad-se-ljubav-prema-kulturi.pdf\">5. Marta D\u017eaja \u2013 kad se ljubav prema kulturi<\/a><a href=\"https:\/\/aem.hr\/wp-content\/uploads\/2026\/01\/5.-Marta-Dzaja-\u2013-kad-se-ljubav-prema-kulturi.pdf\" class=\"wp-block-file__button wp-element-button\" download aria-describedby=\"wp-block-file--media-253b333c-25c7-4c5d-b7cd-34a5efc409d7\">Preuzimanje<\/a><\/div>\n","protected":false},"excerpt":{"rendered":"","protected":false},"author":18,"featured_media":0,"parent":0,"menu_order":0,"comment_status":"closed","ping_status":"closed","template":"","meta":{"_acf_changed":false,"inline_featured_image":false,"advgb_blocks_editor_width":"","advgb_blocks_columns_visual_guide":"","_links_to":"","_links_to_type":0,"footnotes":""},"class_list":["post-24192","page","type-page","status-publish","hentry"],"acf":[],"yoast_head":"<!-- This site is optimized with the Yoast SEO plugin v25.7 - https:\/\/yoast.com\/wordpress\/plugins\/seo\/ -->\n<title>Igor Kretoni\u0107 - Izaberi posao koji voli\u0161 i ne\u0107e\u0161 morati raditi ni jedan dan - Agencija za elektroni\u010dke medije<\/title>\n<meta name=\"robots\" content=\"index, follow, max-snippet:-1, max-image-preview:large, max-video-preview:-1\" \/>\n<link rel=\"canonical\" href=\"https:\/\/aem.hr\/igor-kretonic-izaberi-posao-koji-volis-i-neces-morati-raditi-ni-jedan-dan\/\" \/>\n<meta property=\"og:locale\" content=\"en_US\" \/>\n<meta property=\"og:type\" content=\"article\" \/>\n<meta property=\"og:title\" content=\"Igor Kretoni\u0107 - Izaberi posao koji voli\u0161 i ne\u0107e\u0161 morati raditi ni jedan dan - Agencija za elektroni\u010dke medije\" \/>\n<meta property=\"og:url\" content=\"https:\/\/aem.hr\/igor-kretonic-izaberi-posao-koji-volis-i-neces-morati-raditi-ni-jedan-dan\/\" \/>\n<meta property=\"og:site_name\" content=\"Agencija za elektroni\u010dke medije\" \/>\n<meta property=\"article:modified_time\" content=\"2026-01-27T10:00:22+00:00\" \/>\n<meta name=\"twitter:card\" content=\"summary_large_image\" \/>\n<meta name=\"twitter:label1\" content=\"Est. reading time\" \/>\n\t<meta name=\"twitter:data1\" content=\"1 minute\" \/>\n<script type=\"application\/ld+json\" class=\"yoast-schema-graph\">{\"@context\":\"https:\/\/schema.org\",\"@graph\":[{\"@type\":\"WebPage\",\"@id\":\"https:\/\/aem.hr\/igor-kretonic-izaberi-posao-koji-volis-i-neces-morati-raditi-ni-jedan-dan\/\",\"url\":\"https:\/\/aem.hr\/igor-kretonic-izaberi-posao-koji-volis-i-neces-morati-raditi-ni-jedan-dan\/\",\"name\":\"Igor Kretoni\u0107 - Izaberi posao koji voli\u0161 i ne\u0107e\u0161 morati raditi ni jedan dan - Agencija za elektroni\u010dke medije\",\"isPartOf\":{\"@id\":\"https:\/\/aem.hr\/#website\"},\"datePublished\":\"2026-01-27T10:00:20+00:00\",\"dateModified\":\"2026-01-27T10:00:22+00:00\",\"breadcrumb\":{\"@id\":\"https:\/\/aem.hr\/igor-kretonic-izaberi-posao-koji-volis-i-neces-morati-raditi-ni-jedan-dan\/#breadcrumb\"},\"inLanguage\":\"en-US\",\"potentialAction\":[{\"@type\":\"ReadAction\",\"target\":[\"https:\/\/aem.hr\/igor-kretonic-izaberi-posao-koji-volis-i-neces-morati-raditi-ni-jedan-dan\/\"]}]},{\"@type\":\"BreadcrumbList\",\"@id\":\"https:\/\/aem.hr\/igor-kretonic-izaberi-posao-koji-volis-i-neces-morati-raditi-ni-jedan-dan\/#breadcrumb\",\"itemListElement\":[{\"@type\":\"ListItem\",\"position\":1,\"name\":\"Po\u010detna stranica\",\"item\":\"https:\/\/aem.hr\/\"},{\"@type\":\"ListItem\",\"position\":2,\"name\":\"Igor Kretoni\u0107 &#8211; Izaberi posao koji voli\u0161 i ne\u0107e\u0161 morati raditi ni jedan dan\"}]},{\"@type\":\"WebSite\",\"@id\":\"https:\/\/aem.hr\/#website\",\"url\":\"https:\/\/aem.hr\/\",\"name\":\"Agencija za elektroni\u010dke medije\",\"description\":\"\",\"potentialAction\":[{\"@type\":\"SearchAction\",\"target\":{\"@type\":\"EntryPoint\",\"urlTemplate\":\"https:\/\/aem.hr\/?s={search_term_string}\"},\"query-input\":{\"@type\":\"PropertyValueSpecification\",\"valueRequired\":true,\"valueName\":\"search_term_string\"}}],\"inLanguage\":\"en-US\"}]}<\/script>\n<!-- \/ Yoast SEO plugin. -->","yoast_head_json":{"title":"Igor Kretoni\u0107 - Izaberi posao koji voli\u0161 i ne\u0107e\u0161 morati raditi ni jedan dan - Agencija za elektroni\u010dke medije","robots":{"index":"index","follow":"follow","max-snippet":"max-snippet:-1","max-image-preview":"max-image-preview:large","max-video-preview":"max-video-preview:-1"},"canonical":"https:\/\/aem.hr\/igor-kretonic-izaberi-posao-koji-volis-i-neces-morati-raditi-ni-jedan-dan\/","og_locale":"en_US","og_type":"article","og_title":"Igor Kretoni\u0107 - Izaberi posao koji voli\u0161 i ne\u0107e\u0161 morati raditi ni jedan dan - Agencija za elektroni\u010dke medije","og_url":"https:\/\/aem.hr\/igor-kretonic-izaberi-posao-koji-volis-i-neces-morati-raditi-ni-jedan-dan\/","og_site_name":"Agencija za elektroni\u010dke medije","article_modified_time":"2026-01-27T10:00:22+00:00","twitter_card":"summary_large_image","twitter_misc":{"Est. reading time":"1 minute"},"schema":{"@context":"https:\/\/schema.org","@graph":[{"@type":"WebPage","@id":"https:\/\/aem.hr\/igor-kretonic-izaberi-posao-koji-volis-i-neces-morati-raditi-ni-jedan-dan\/","url":"https:\/\/aem.hr\/igor-kretonic-izaberi-posao-koji-volis-i-neces-morati-raditi-ni-jedan-dan\/","name":"Igor Kretoni\u0107 - Izaberi posao koji voli\u0161 i ne\u0107e\u0161 morati raditi ni jedan dan - Agencija za elektroni\u010dke medije","isPartOf":{"@id":"https:\/\/aem.hr\/#website"},"datePublished":"2026-01-27T10:00:20+00:00","dateModified":"2026-01-27T10:00:22+00:00","breadcrumb":{"@id":"https:\/\/aem.hr\/igor-kretonic-izaberi-posao-koji-volis-i-neces-morati-raditi-ni-jedan-dan\/#breadcrumb"},"inLanguage":"en-US","potentialAction":[{"@type":"ReadAction","target":["https:\/\/aem.hr\/igor-kretonic-izaberi-posao-koji-volis-i-neces-morati-raditi-ni-jedan-dan\/"]}]},{"@type":"BreadcrumbList","@id":"https:\/\/aem.hr\/igor-kretonic-izaberi-posao-koji-volis-i-neces-morati-raditi-ni-jedan-dan\/#breadcrumb","itemListElement":[{"@type":"ListItem","position":1,"name":"Po\u010detna stranica","item":"https:\/\/aem.hr\/"},{"@type":"ListItem","position":2,"name":"Igor Kretoni\u0107 &#8211; Izaberi posao koji voli\u0161 i ne\u0107e\u0161 morati raditi ni jedan dan"}]},{"@type":"WebSite","@id":"https:\/\/aem.hr\/#website","url":"https:\/\/aem.hr\/","name":"Agencija za elektroni\u010dke medije","description":"","potentialAction":[{"@type":"SearchAction","target":{"@type":"EntryPoint","urlTemplate":"https:\/\/aem.hr\/?s={search_term_string}"},"query-input":{"@type":"PropertyValueSpecification","valueRequired":true,"valueName":"search_term_string"}}],"inLanguage":"en-US"}]}},"coauthors":[],"author_meta":{"author_link":"https:\/\/aem.hr\/en\/blog\/author\/mkirac\/","display_name":"Matko Kirac"},"relative_dates":{"created":"Posted 3 months ago","modified":"Updated 3 months ago"},"absolute_dates":{"created":"Posted on 27. January 2026.","modified":"Updated on 27. January 2026."},"absolute_dates_time":{"created":"Posted on 27. January 2026. 11:00","modified":"Updated on 27. January 2026. 11:00"},"featured_img_caption":"","featured_img":false,"series_order":"","_links":{"self":[{"href":"https:\/\/aem.hr\/en\/wp-json\/wp\/v2\/pages\/24192","targetHints":{"allow":["GET"]}}],"collection":[{"href":"https:\/\/aem.hr\/en\/wp-json\/wp\/v2\/pages"}],"about":[{"href":"https:\/\/aem.hr\/en\/wp-json\/wp\/v2\/types\/page"}],"author":[{"embeddable":true,"href":"https:\/\/aem.hr\/en\/wp-json\/wp\/v2\/users\/18"}],"replies":[{"embeddable":true,"href":"https:\/\/aem.hr\/en\/wp-json\/wp\/v2\/comments?post=24192"}],"version-history":[{"count":1,"href":"https:\/\/aem.hr\/en\/wp-json\/wp\/v2\/pages\/24192\/revisions"}],"predecessor-version":[{"id":24203,"href":"https:\/\/aem.hr\/en\/wp-json\/wp\/v2\/pages\/24192\/revisions\/24203"}],"wp:attachment":[{"href":"https:\/\/aem.hr\/en\/wp-json\/wp\/v2\/media?parent=24192"}],"curies":[{"name":"wp","href":"https:\/\/api.w.org\/{rel}","templated":true}]}}