{"id":24219,"date":"2026-01-27T11:07:41","date_gmt":"2026-01-27T10:07:41","guid":{"rendered":"https:\/\/aem.hr\/?page_id=24219"},"modified":"2026-01-27T11:07:42","modified_gmt":"2026-01-27T10:07:42","slug":"sanja-blazevic-lijepa-vasa-kako-je-hrvatska-postala-obecana-zemlja-za-radnike-iz-dalekih-zemalja","status":"publish","type":"page","link":"https:\/\/aem.hr\/en\/sanja-blazevic-lijepa-vasa-kako-je-hrvatska-postala-obecana-zemlja-za-radnike-iz-dalekih-zemalja\/","title":{"rendered":"Sanja Bla\u017eevi\u0107 &#8211; Lijepa va\u0161a: Kako je Hrvatska postala obe\u0107ana zemlja za radnike iz dalekih zemalja"},"content":{"rendered":"\n<div class=\"wp-block-file\"><a id=\"wp-block-file--media-0476c979-b10a-4fd6-a518-8c0ace9f1908\" href=\"https:\/\/aem.hr\/wp-content\/uploads\/2026\/01\/1.-Everline-Adongo.pdf\">1. Everline Adongo<\/a><a href=\"https:\/\/aem.hr\/wp-content\/uploads\/2026\/01\/1.-Everline-Adongo.pdf\" class=\"wp-block-file__button wp-element-button\" download aria-describedby=\"wp-block-file--media-0476c979-b10a-4fd6-a518-8c0ace9f1908\">Preuzimanje<\/a><\/div>\n\n\n\n<div class=\"wp-block-file\"><a id=\"wp-block-file--media-e37b03ba-a2be-492c-af43-d775ecf88ca5\" href=\"https:\/\/aem.hr\/wp-content\/uploads\/2026\/01\/2.-Iz-Alepa-u-Sisak.pdf\">2. Iz Alepa u Sisak<\/a><a href=\"https:\/\/aem.hr\/wp-content\/uploads\/2026\/01\/2.-Iz-Alepa-u-Sisak.pdf\" class=\"wp-block-file__button wp-element-button\" download aria-describedby=\"wp-block-file--media-e37b03ba-a2be-492c-af43-d775ecf88ca5\">Preuzimanje<\/a><\/div>\n\n\n\n<div class=\"wp-block-file\"><a id=\"wp-block-file--media-96a3fb1b-4384-499f-b4fb-05eaf1dd9c81\" href=\"https:\/\/aem.hr\/wp-content\/uploads\/2026\/01\/3.-Borba-Ajaya.pdf\">3. Borba Ajaya<\/a><a href=\"https:\/\/aem.hr\/wp-content\/uploads\/2026\/01\/3.-Borba-Ajaya.pdf\" class=\"wp-block-file__button wp-element-button\" download aria-describedby=\"wp-block-file--media-96a3fb1b-4384-499f-b4fb-05eaf1dd9c81\">Preuzimanje<\/a><\/div>\n\n\n\n<div class=\"wp-block-file\"><a id=\"wp-block-file--media-c0ace24e-aa84-4a6d-80a5-fc52de259dfa\" href=\"https:\/\/aem.hr\/wp-content\/uploads\/2026\/01\/4.-Kako-je-Hrvatska.pdf\">4. Kako je Hrvatska<\/a><a href=\"https:\/\/aem.hr\/wp-content\/uploads\/2026\/01\/4.-Kako-je-Hrvatska.pdf\" class=\"wp-block-file__button wp-element-button\" download aria-describedby=\"wp-block-file--media-c0ace24e-aa84-4a6d-80a5-fc52de259dfa\">Preuzimanje<\/a><\/div>\n\n\n\n<div class=\"wp-block-file\"><a id=\"wp-block-file--media-55cd0a61-4259-4569-b8ac-1db657931a02\" href=\"https:\/\/aem.hr\/wp-content\/uploads\/2026\/01\/5.-Maria-iz-Barranquille.pdf\">5. Maria iz Barranquille<\/a><a href=\"https:\/\/aem.hr\/wp-content\/uploads\/2026\/01\/5.-Maria-iz-Barranquille.pdf\" class=\"wp-block-file__button wp-element-button\" download aria-describedby=\"wp-block-file--media-55cd0a61-4259-4569-b8ac-1db657931a02\">Preuzimanje<\/a><\/div>\n\n\n\n<div class=\"wp-block-file\"><a id=\"wp-block-file--media-24e0ae88-07db-4ae3-85b3-768b6e71fef5\" href=\"https:\/\/aem.hr\/wp-content\/uploads\/2026\/01\/6.-Lina-je-zbog-vjere.pdf\">6. Lina je zbog vjere<\/a><a href=\"https:\/\/aem.hr\/wp-content\/uploads\/2026\/01\/6.-Lina-je-zbog-vjere.pdf\" class=\"wp-block-file__button wp-element-button\" download aria-describedby=\"wp-block-file--media-24e0ae88-07db-4ae3-85b3-768b6e71fef5\">Preuzimanje<\/a><\/div>\n\n\n\n<div class=\"wp-block-file\"><a id=\"wp-block-file--media-e6698cb1-5758-4deb-899a-2353b402b98a\" href=\"https:\/\/aem.hr\/wp-content\/uploads\/2026\/01\/7.-Od-policijske-znacke.pdf\">7. Od policijske zna\u010dke<\/a><a href=\"https:\/\/aem.hr\/wp-content\/uploads\/2026\/01\/7.-Od-policijske-znacke.pdf\" class=\"wp-block-file__button wp-element-button\" download aria-describedby=\"wp-block-file--media-e6698cb1-5758-4deb-899a-2353b402b98a\">Preuzimanje<\/a><\/div>\n","protected":false},"excerpt":{"rendered":"","protected":false},"author":18,"featured_media":0,"parent":0,"menu_order":0,"comment_status":"closed","ping_status":"closed","template":"","meta":{"_acf_changed":false,"inline_featured_image":false,"advgb_blocks_editor_width":"","advgb_blocks_columns_visual_guide":"","_links_to":"","_links_to_type":0,"footnotes":""},"class_list":["post-24219","page","type-page","status-publish","hentry"],"acf":[],"yoast_head":"<!-- This site is optimized with the Yoast SEO plugin v25.7 - https:\/\/yoast.com\/wordpress\/plugins\/seo\/ -->\n<title>Sanja Bla\u017eevi\u0107 - Lijepa va\u0161a: Kako je Hrvatska postala obe\u0107ana zemlja za radnike iz dalekih zemalja - Agencija za elektroni\u010dke medije<\/title>\n<meta name=\"robots\" content=\"index, follow, max-snippet:-1, max-image-preview:large, max-video-preview:-1\" \/>\n<link rel=\"canonical\" href=\"https:\/\/aem.hr\/sanja-blazevic-lijepa-vasa-kako-je-hrvatska-postala-obecana-zemlja-za-radnike-iz-dalekih-zemalja\/\" \/>\n<meta property=\"og:locale\" content=\"en_US\" \/>\n<meta property=\"og:type\" content=\"article\" \/>\n<meta property=\"og:title\" content=\"Sanja Bla\u017eevi\u0107 - Lijepa va\u0161a: Kako je Hrvatska postala obe\u0107ana zemlja za radnike iz dalekih zemalja - Agencija za elektroni\u010dke medije\" \/>\n<meta property=\"og:url\" content=\"https:\/\/aem.hr\/sanja-blazevic-lijepa-vasa-kako-je-hrvatska-postala-obecana-zemlja-za-radnike-iz-dalekih-zemalja\/\" \/>\n<meta property=\"og:site_name\" content=\"Agencija za elektroni\u010dke medije\" \/>\n<meta property=\"article:modified_time\" content=\"2026-01-27T10:07:42+00:00\" \/>\n<meta name=\"twitter:card\" content=\"summary_large_image\" \/>\n<meta name=\"twitter:label1\" content=\"Est. reading time\" \/>\n\t<meta name=\"twitter:data1\" content=\"1 minute\" \/>\n<script type=\"application\/ld+json\" class=\"yoast-schema-graph\">{\"@context\":\"https:\/\/schema.org\",\"@graph\":[{\"@type\":\"WebPage\",\"@id\":\"https:\/\/aem.hr\/sanja-blazevic-lijepa-vasa-kako-je-hrvatska-postala-obecana-zemlja-za-radnike-iz-dalekih-zemalja\/\",\"url\":\"https:\/\/aem.hr\/sanja-blazevic-lijepa-vasa-kako-je-hrvatska-postala-obecana-zemlja-za-radnike-iz-dalekih-zemalja\/\",\"name\":\"Sanja Bla\u017eevi\u0107 - Lijepa va\u0161a: Kako je Hrvatska postala obe\u0107ana zemlja za radnike iz dalekih zemalja - Agencija za elektroni\u010dke medije\",\"isPartOf\":{\"@id\":\"https:\/\/aem.hr\/#website\"},\"datePublished\":\"2026-01-27T10:07:41+00:00\",\"dateModified\":\"2026-01-27T10:07:42+00:00\",\"breadcrumb\":{\"@id\":\"https:\/\/aem.hr\/sanja-blazevic-lijepa-vasa-kako-je-hrvatska-postala-obecana-zemlja-za-radnike-iz-dalekih-zemalja\/#breadcrumb\"},\"inLanguage\":\"en-US\",\"potentialAction\":[{\"@type\":\"ReadAction\",\"target\":[\"https:\/\/aem.hr\/sanja-blazevic-lijepa-vasa-kako-je-hrvatska-postala-obecana-zemlja-za-radnike-iz-dalekih-zemalja\/\"]}]},{\"@type\":\"BreadcrumbList\",\"@id\":\"https:\/\/aem.hr\/sanja-blazevic-lijepa-vasa-kako-je-hrvatska-postala-obecana-zemlja-za-radnike-iz-dalekih-zemalja\/#breadcrumb\",\"itemListElement\":[{\"@type\":\"ListItem\",\"position\":1,\"name\":\"Po\u010detna stranica\",\"item\":\"https:\/\/aem.hr\/\"},{\"@type\":\"ListItem\",\"position\":2,\"name\":\"Sanja Bla\u017eevi\u0107 &#8211; Lijepa va\u0161a: Kako je Hrvatska postala obe\u0107ana zemlja za radnike iz dalekih zemalja\"}]},{\"@type\":\"WebSite\",\"@id\":\"https:\/\/aem.hr\/#website\",\"url\":\"https:\/\/aem.hr\/\",\"name\":\"Agencija za elektroni\u010dke medije\",\"description\":\"\",\"potentialAction\":[{\"@type\":\"SearchAction\",\"target\":{\"@type\":\"EntryPoint\",\"urlTemplate\":\"https:\/\/aem.hr\/?s={search_term_string}\"},\"query-input\":{\"@type\":\"PropertyValueSpecification\",\"valueRequired\":true,\"valueName\":\"search_term_string\"}}],\"inLanguage\":\"en-US\"}]}<\/script>\n<!-- \/ Yoast SEO plugin. -->","yoast_head_json":{"title":"Sanja Bla\u017eevi\u0107 - Lijepa va\u0161a: Kako je Hrvatska postala obe\u0107ana zemlja za radnike iz dalekih zemalja - Agencija za elektroni\u010dke medije","robots":{"index":"index","follow":"follow","max-snippet":"max-snippet:-1","max-image-preview":"max-image-preview:large","max-video-preview":"max-video-preview:-1"},"canonical":"https:\/\/aem.hr\/sanja-blazevic-lijepa-vasa-kako-je-hrvatska-postala-obecana-zemlja-za-radnike-iz-dalekih-zemalja\/","og_locale":"en_US","og_type":"article","og_title":"Sanja Bla\u017eevi\u0107 - Lijepa va\u0161a: Kako je Hrvatska postala obe\u0107ana zemlja za radnike iz dalekih zemalja - Agencija za elektroni\u010dke medije","og_url":"https:\/\/aem.hr\/sanja-blazevic-lijepa-vasa-kako-je-hrvatska-postala-obecana-zemlja-za-radnike-iz-dalekih-zemalja\/","og_site_name":"Agencija za elektroni\u010dke medije","article_modified_time":"2026-01-27T10:07:42+00:00","twitter_card":"summary_large_image","twitter_misc":{"Est. reading time":"1 minute"},"schema":{"@context":"https:\/\/schema.org","@graph":[{"@type":"WebPage","@id":"https:\/\/aem.hr\/sanja-blazevic-lijepa-vasa-kako-je-hrvatska-postala-obecana-zemlja-za-radnike-iz-dalekih-zemalja\/","url":"https:\/\/aem.hr\/sanja-blazevic-lijepa-vasa-kako-je-hrvatska-postala-obecana-zemlja-za-radnike-iz-dalekih-zemalja\/","name":"Sanja Bla\u017eevi\u0107 - Lijepa va\u0161a: Kako je Hrvatska postala obe\u0107ana zemlja za radnike iz dalekih zemalja - Agencija za elektroni\u010dke medije","isPartOf":{"@id":"https:\/\/aem.hr\/#website"},"datePublished":"2026-01-27T10:07:41+00:00","dateModified":"2026-01-27T10:07:42+00:00","breadcrumb":{"@id":"https:\/\/aem.hr\/sanja-blazevic-lijepa-vasa-kako-je-hrvatska-postala-obecana-zemlja-za-radnike-iz-dalekih-zemalja\/#breadcrumb"},"inLanguage":"en-US","potentialAction":[{"@type":"ReadAction","target":["https:\/\/aem.hr\/sanja-blazevic-lijepa-vasa-kako-je-hrvatska-postala-obecana-zemlja-za-radnike-iz-dalekih-zemalja\/"]}]},{"@type":"BreadcrumbList","@id":"https:\/\/aem.hr\/sanja-blazevic-lijepa-vasa-kako-je-hrvatska-postala-obecana-zemlja-za-radnike-iz-dalekih-zemalja\/#breadcrumb","itemListElement":[{"@type":"ListItem","position":1,"name":"Po\u010detna stranica","item":"https:\/\/aem.hr\/"},{"@type":"ListItem","position":2,"name":"Sanja Bla\u017eevi\u0107 &#8211; Lijepa va\u0161a: Kako je Hrvatska postala obe\u0107ana zemlja za radnike iz dalekih zemalja"}]},{"@type":"WebSite","@id":"https:\/\/aem.hr\/#website","url":"https:\/\/aem.hr\/","name":"Agencija za elektroni\u010dke medije","description":"","potentialAction":[{"@type":"SearchAction","target":{"@type":"EntryPoint","urlTemplate":"https:\/\/aem.hr\/?s={search_term_string}"},"query-input":{"@type":"PropertyValueSpecification","valueRequired":true,"valueName":"search_term_string"}}],"inLanguage":"en-US"}]}},"coauthors":[],"author_meta":{"author_link":"https:\/\/aem.hr\/en\/blog\/author\/mkirac\/","display_name":"Matko Kirac"},"relative_dates":{"created":"Posted 3 months ago","modified":"Updated 3 months ago"},"absolute_dates":{"created":"Posted on 27. January 2026.","modified":"Updated on 27. January 2026."},"absolute_dates_time":{"created":"Posted on 27. January 2026. 11:07","modified":"Updated on 27. January 2026. 11:07"},"featured_img_caption":"","featured_img":false,"series_order":"","_links":{"self":[{"href":"https:\/\/aem.hr\/en\/wp-json\/wp\/v2\/pages\/24219","targetHints":{"allow":["GET"]}}],"collection":[{"href":"https:\/\/aem.hr\/en\/wp-json\/wp\/v2\/pages"}],"about":[{"href":"https:\/\/aem.hr\/en\/wp-json\/wp\/v2\/types\/page"}],"author":[{"embeddable":true,"href":"https:\/\/aem.hr\/en\/wp-json\/wp\/v2\/users\/18"}],"replies":[{"embeddable":true,"href":"https:\/\/aem.hr\/en\/wp-json\/wp\/v2\/comments?post=24219"}],"version-history":[{"count":1,"href":"https:\/\/aem.hr\/en\/wp-json\/wp\/v2\/pages\/24219\/revisions"}],"predecessor-version":[{"id":24235,"href":"https:\/\/aem.hr\/en\/wp-json\/wp\/v2\/pages\/24219\/revisions\/24235"}],"wp:attachment":[{"href":"https:\/\/aem.hr\/en\/wp-json\/wp\/v2\/media?parent=24219"}],"curies":[{"name":"wp","href":"https:\/\/api.w.org\/{rel}","templated":true}]}}