{"id":24237,"date":"2026-01-27T11:09:18","date_gmt":"2026-01-27T10:09:18","guid":{"rendered":"https:\/\/aem.hr\/?page_id=24237"},"modified":"2026-01-27T11:09:19","modified_gmt":"2026-01-27T10:09:19","slug":"ana-tenzera-svatko-ima-svoju-istinu-kvazinovinarstvo-u-21-stoljecu","status":"publish","type":"page","link":"https:\/\/aem.hr\/en\/ana-tenzera-svatko-ima-svoju-istinu-kvazinovinarstvo-u-21-stoljecu\/","title":{"rendered":"Ana Ten\u017eera &#8211; Svatko ima svoju istinu: (kvazi)novinarstvo u 21. stolje\u0107u"},"content":{"rendered":"\n<div class=\"wp-block-file\"><a id=\"wp-block-file--media-1f8c9a33-5c55-40fe-bb72-762e71bae070\" href=\"https:\/\/aem.hr\/wp-content\/uploads\/2026\/01\/1.-Od-beta-kazeta-do-umjetne-inteligencije.pdf\">1. Od beta kazeta do umjetne inteligencije<\/a><a href=\"https:\/\/aem.hr\/wp-content\/uploads\/2026\/01\/1.-Od-beta-kazeta-do-umjetne-inteligencije.pdf\" class=\"wp-block-file__button wp-element-button\" download aria-describedby=\"wp-block-file--media-1f8c9a33-5c55-40fe-bb72-762e71bae070\">Preuzimanje<\/a><\/div>\n\n\n\n<div class=\"wp-block-file\"><a id=\"wp-block-file--media-7a636bf5-ff72-4be1-aca4-060753d85451\" href=\"https:\/\/aem.hr\/wp-content\/uploads\/2026\/01\/2.-Sasa-Tenodi-Mnogi-smatraju.pdf\">2. Sa\u0161a Tenodi -Mnogi smatraju<\/a><a href=\"https:\/\/aem.hr\/wp-content\/uploads\/2026\/01\/2.-Sasa-Tenodi-Mnogi-smatraju.pdf\" class=\"wp-block-file__button wp-element-button\" download aria-describedby=\"wp-block-file--media-7a636bf5-ff72-4be1-aca4-060753d85451\">Preuzimanje<\/a><\/div>\n\n\n\n<div class=\"wp-block-file\"><a id=\"wp-block-file--media-4ccb8391-2565-4265-bad0-b8871435b734\" href=\"https:\/\/aem.hr\/wp-content\/uploads\/2026\/01\/3.-Marko-Lukicic-1-62-mladih.pdf\">3. Marko Luki\u0107i\u0107 1 62% mladih<\/a><a href=\"https:\/\/aem.hr\/wp-content\/uploads\/2026\/01\/3.-Marko-Lukicic-1-62-mladih.pdf\" class=\"wp-block-file__button wp-element-button\" download aria-describedby=\"wp-block-file--media-4ccb8391-2565-4265-bad0-b8871435b734\">Preuzimanje<\/a><\/div>\n\n\n\n<div class=\"wp-block-file\"><a id=\"wp-block-file--media-5aae19e3-5925-48b4-91b9-3fe7b446049a\" href=\"https:\/\/aem.hr\/wp-content\/uploads\/2026\/01\/4.-Marko-Lukicic-2-Ljudi-danas.pdf\">4. Marko Luki\u010di\u0107 2 Ljudi danas<\/a><a href=\"https:\/\/aem.hr\/wp-content\/uploads\/2026\/01\/4.-Marko-Lukicic-2-Ljudi-danas.pdf\" class=\"wp-block-file__button wp-element-button\" download aria-describedby=\"wp-block-file--media-5aae19e3-5925-48b4-91b9-3fe7b446049a\">Preuzimanje<\/a><\/div>\n\n\n\n<div class=\"wp-block-file\"><a id=\"wp-block-file--media-79e98c14-4047-4f0c-8b2d-174486da50c2\" href=\"https:\/\/aem.hr\/wp-content\/uploads\/2026\/01\/5.-Dr.-sc.-Ivica-Granic-Dezinfomacije.pdf\">5. Dr. sc. Ivica Grani\u0107 Dezinfomacije<\/a><a href=\"https:\/\/aem.hr\/wp-content\/uploads\/2026\/01\/5.-Dr.-sc.-Ivica-Granic-Dezinfomacije.pdf\" class=\"wp-block-file__button wp-element-button\" download aria-describedby=\"wp-block-file--media-79e98c14-4047-4f0c-8b2d-174486da50c2\">Preuzimanje<\/a><\/div>\n\n\n\n<div class=\"wp-block-file\"><a id=\"wp-block-file--media-7d369b18-6504-4375-9e07-3c3b6d894de7\" href=\"https:\/\/aem.hr\/wp-content\/uploads\/2026\/01\/6.-Prof.-dr.-sc.-Bozo-Skoko_-Lazne-vijesti.pdf\">6. Prof. dr. sc. Bo\u017eo Skoko_ La\u017ene vijesti<\/a><a href=\"https:\/\/aem.hr\/wp-content\/uploads\/2026\/01\/6.-Prof.-dr.-sc.-Bozo-Skoko_-Lazne-vijesti.pdf\" class=\"wp-block-file__button wp-element-button\" download aria-describedby=\"wp-block-file--media-7d369b18-6504-4375-9e07-3c3b6d894de7\">Preuzimanje<\/a><\/div>\n\n\n\n<div class=\"wp-block-file\"><a id=\"wp-block-file--media-b421b4e3-01ed-469f-a918-0eae49aefa42\" href=\"https:\/\/aem.hr\/wp-content\/uploads\/2026\/01\/7.-Umjetna-inteligencija-zna-vise.pdf\">7. Umjetna inteligencija zna vi\u0161e<\/a><a href=\"https:\/\/aem.hr\/wp-content\/uploads\/2026\/01\/7.-Umjetna-inteligencija-zna-vise.pdf\" class=\"wp-block-file__button wp-element-button\" download aria-describedby=\"wp-block-file--media-b421b4e3-01ed-469f-a918-0eae49aefa42\">PreuzPreuzimanjemi<\/a><\/div>\n\n\n\n<div class=\"wp-block-file\"><a id=\"wp-block-file--media-6b4bd41a-5586-4e39-b6f4-714f78addc6f\" href=\"https:\/\/aem.hr\/wp-content\/uploads\/2026\/01\/8.-Znate-li-za-mracnu-stranu.pdf\">8.  Znate li za mra\u010dnu stranu<\/a><a href=\"https:\/\/aem.hr\/wp-content\/uploads\/2026\/01\/8.-Znate-li-za-mracnu-stranu.pdf\" class=\"wp-block-file__button wp-element-button\" download aria-describedby=\"wp-block-file--media-6b4bd41a-5586-4e39-b6f4-714f78addc6f\">Preuzimanje<\/a><\/div>\n\n\n\n<div class=\"wp-block-file\"><a id=\"wp-block-file--media-9df0de19-7231-4c4a-b7f9-c0c2d4e9d937\" href=\"https:\/\/aem.hr\/wp-content\/uploads\/2026\/01\/9.-Izv.-prof.-dr.-sc.-Ivan-Balabanic.pdf\">9. Izv. prof.  dr. sc. Ivan Balabani\u0107<\/a><a href=\"https:\/\/aem.hr\/wp-content\/uploads\/2026\/01\/9.-Izv.-prof.-dr.-sc.-Ivan-Balabanic.pdf\" class=\"wp-block-file__button wp-element-button\" download aria-describedby=\"wp-block-file--media-9df0de19-7231-4c4a-b7f9-c0c2d4e9d937\">Preuzimanje<\/a><\/div>\n\n\n\n<div class=\"wp-block-file\"><a id=\"wp-block-file--media-eb55a393-d76c-42ef-8b35-72773d035bed\" href=\"https:\/\/aem.hr\/wp-content\/uploads\/2026\/01\/10.-Dr.-sc.-Ive-Botunac-o-buducnosti-tehnologije.pdf\">10. Dr. sc. Ive Botunac o budu\u0107nosti tehnologije<\/a><a href=\"https:\/\/aem.hr\/wp-content\/uploads\/2026\/01\/10.-Dr.-sc.-Ive-Botunac-o-buducnosti-tehnologije.pdf\" class=\"wp-block-file__button wp-element-button\" download aria-describedby=\"wp-block-file--media-eb55a393-d76c-42ef-8b35-72773d035bed\">Preuzimanje<\/a><\/div>\n\n\n\n<div class=\"wp-block-file\"><a id=\"wp-block-file--media-1758e8a2-3e81-4f12-b5cb-7a2425b9b94b\" href=\"https:\/\/aem.hr\/wp-content\/uploads\/2026\/01\/11.-Petar-Stefanic-Desni-mediji-trebaju.pdf\">11. Petar \u0160tefani\u0107 Desni mediji trebaju<\/a><a href=\"https:\/\/aem.hr\/wp-content\/uploads\/2026\/01\/11.-Petar-Stefanic-Desni-mediji-trebaju.pdf\" class=\"wp-block-file__button wp-element-button\" download aria-describedby=\"wp-block-file--media-1758e8a2-3e81-4f12-b5cb-7a2425b9b94b\">Preuzimanje<\/a><\/div>\n","protected":false},"excerpt":{"rendered":"","protected":false},"author":18,"featured_media":0,"parent":0,"menu_order":0,"comment_status":"closed","ping_status":"closed","template":"","meta":{"_acf_changed":false,"inline_featured_image":false,"advgb_blocks_editor_width":"","advgb_blocks_columns_visual_guide":"","_links_to":"","_links_to_type":0,"footnotes":""},"class_list":["post-24237","page","type-page","status-publish","hentry"],"acf":[],"yoast_head":"<!-- This site is optimized with the Yoast SEO plugin v25.7 - https:\/\/yoast.com\/wordpress\/plugins\/seo\/ -->\n<title>Ana Ten\u017eera - Svatko ima svoju istinu: (kvazi)novinarstvo u 21. stolje\u0107u - Agencija za elektroni\u010dke medije<\/title>\n<meta name=\"robots\" content=\"index, follow, max-snippet:-1, max-image-preview:large, max-video-preview:-1\" \/>\n<link rel=\"canonical\" href=\"https:\/\/aem.hr\/ana-tenzera-svatko-ima-svoju-istinu-kvazinovinarstvo-u-21-stoljecu\/\" \/>\n<meta property=\"og:locale\" content=\"en_US\" \/>\n<meta property=\"og:type\" content=\"article\" \/>\n<meta property=\"og:title\" content=\"Ana Ten\u017eera - Svatko ima svoju istinu: (kvazi)novinarstvo u 21. stolje\u0107u - Agencija za elektroni\u010dke medije\" \/>\n<meta property=\"og:url\" content=\"https:\/\/aem.hr\/ana-tenzera-svatko-ima-svoju-istinu-kvazinovinarstvo-u-21-stoljecu\/\" \/>\n<meta property=\"og:site_name\" content=\"Agencija za elektroni\u010dke medije\" \/>\n<meta property=\"article:modified_time\" content=\"2026-01-27T10:09:19+00:00\" \/>\n<meta name=\"twitter:card\" content=\"summary_large_image\" \/>\n<meta name=\"twitter:label1\" content=\"Est. reading time\" \/>\n\t<meta name=\"twitter:data1\" content=\"1 minute\" \/>\n<script type=\"application\/ld+json\" class=\"yoast-schema-graph\">{\"@context\":\"https:\/\/schema.org\",\"@graph\":[{\"@type\":\"WebPage\",\"@id\":\"https:\/\/aem.hr\/ana-tenzera-svatko-ima-svoju-istinu-kvazinovinarstvo-u-21-stoljecu\/\",\"url\":\"https:\/\/aem.hr\/ana-tenzera-svatko-ima-svoju-istinu-kvazinovinarstvo-u-21-stoljecu\/\",\"name\":\"Ana Ten\u017eera - Svatko ima svoju istinu: (kvazi)novinarstvo u 21. stolje\u0107u - Agencija za elektroni\u010dke medije\",\"isPartOf\":{\"@id\":\"https:\/\/aem.hr\/#website\"},\"datePublished\":\"2026-01-27T10:09:18+00:00\",\"dateModified\":\"2026-01-27T10:09:19+00:00\",\"breadcrumb\":{\"@id\":\"https:\/\/aem.hr\/ana-tenzera-svatko-ima-svoju-istinu-kvazinovinarstvo-u-21-stoljecu\/#breadcrumb\"},\"inLanguage\":\"en-US\",\"potentialAction\":[{\"@type\":\"ReadAction\",\"target\":[\"https:\/\/aem.hr\/ana-tenzera-svatko-ima-svoju-istinu-kvazinovinarstvo-u-21-stoljecu\/\"]}]},{\"@type\":\"BreadcrumbList\",\"@id\":\"https:\/\/aem.hr\/ana-tenzera-svatko-ima-svoju-istinu-kvazinovinarstvo-u-21-stoljecu\/#breadcrumb\",\"itemListElement\":[{\"@type\":\"ListItem\",\"position\":1,\"name\":\"Po\u010detna stranica\",\"item\":\"https:\/\/aem.hr\/\"},{\"@type\":\"ListItem\",\"position\":2,\"name\":\"Ana Ten\u017eera &#8211; Svatko ima svoju istinu: (kvazi)novinarstvo u 21. stolje\u0107u\"}]},{\"@type\":\"WebSite\",\"@id\":\"https:\/\/aem.hr\/#website\",\"url\":\"https:\/\/aem.hr\/\",\"name\":\"Agencija za elektroni\u010dke medije\",\"description\":\"\",\"potentialAction\":[{\"@type\":\"SearchAction\",\"target\":{\"@type\":\"EntryPoint\",\"urlTemplate\":\"https:\/\/aem.hr\/?s={search_term_string}\"},\"query-input\":{\"@type\":\"PropertyValueSpecification\",\"valueRequired\":true,\"valueName\":\"search_term_string\"}}],\"inLanguage\":\"en-US\"}]}<\/script>\n<!-- \/ Yoast SEO plugin. -->","yoast_head_json":{"title":"Ana Ten\u017eera - Svatko ima svoju istinu: (kvazi)novinarstvo u 21. stolje\u0107u - Agencija za elektroni\u010dke medije","robots":{"index":"index","follow":"follow","max-snippet":"max-snippet:-1","max-image-preview":"max-image-preview:large","max-video-preview":"max-video-preview:-1"},"canonical":"https:\/\/aem.hr\/ana-tenzera-svatko-ima-svoju-istinu-kvazinovinarstvo-u-21-stoljecu\/","og_locale":"en_US","og_type":"article","og_title":"Ana Ten\u017eera - Svatko ima svoju istinu: (kvazi)novinarstvo u 21. stolje\u0107u - Agencija za elektroni\u010dke medije","og_url":"https:\/\/aem.hr\/ana-tenzera-svatko-ima-svoju-istinu-kvazinovinarstvo-u-21-stoljecu\/","og_site_name":"Agencija za elektroni\u010dke medije","article_modified_time":"2026-01-27T10:09:19+00:00","twitter_card":"summary_large_image","twitter_misc":{"Est. reading time":"1 minute"},"schema":{"@context":"https:\/\/schema.org","@graph":[{"@type":"WebPage","@id":"https:\/\/aem.hr\/ana-tenzera-svatko-ima-svoju-istinu-kvazinovinarstvo-u-21-stoljecu\/","url":"https:\/\/aem.hr\/ana-tenzera-svatko-ima-svoju-istinu-kvazinovinarstvo-u-21-stoljecu\/","name":"Ana Ten\u017eera - Svatko ima svoju istinu: (kvazi)novinarstvo u 21. stolje\u0107u - Agencija za elektroni\u010dke medije","isPartOf":{"@id":"https:\/\/aem.hr\/#website"},"datePublished":"2026-01-27T10:09:18+00:00","dateModified":"2026-01-27T10:09:19+00:00","breadcrumb":{"@id":"https:\/\/aem.hr\/ana-tenzera-svatko-ima-svoju-istinu-kvazinovinarstvo-u-21-stoljecu\/#breadcrumb"},"inLanguage":"en-US","potentialAction":[{"@type":"ReadAction","target":["https:\/\/aem.hr\/ana-tenzera-svatko-ima-svoju-istinu-kvazinovinarstvo-u-21-stoljecu\/"]}]},{"@type":"BreadcrumbList","@id":"https:\/\/aem.hr\/ana-tenzera-svatko-ima-svoju-istinu-kvazinovinarstvo-u-21-stoljecu\/#breadcrumb","itemListElement":[{"@type":"ListItem","position":1,"name":"Po\u010detna stranica","item":"https:\/\/aem.hr\/"},{"@type":"ListItem","position":2,"name":"Ana Ten\u017eera &#8211; Svatko ima svoju istinu: (kvazi)novinarstvo u 21. stolje\u0107u"}]},{"@type":"WebSite","@id":"https:\/\/aem.hr\/#website","url":"https:\/\/aem.hr\/","name":"Agencija za elektroni\u010dke medije","description":"","potentialAction":[{"@type":"SearchAction","target":{"@type":"EntryPoint","urlTemplate":"https:\/\/aem.hr\/?s={search_term_string}"},"query-input":{"@type":"PropertyValueSpecification","valueRequired":true,"valueName":"search_term_string"}}],"inLanguage":"en-US"}]}},"coauthors":[],"author_meta":{"author_link":"https:\/\/aem.hr\/en\/blog\/author\/mkirac\/","display_name":"Matko Kirac"},"relative_dates":{"created":"Posted 3 months ago","modified":"Updated 3 months ago"},"absolute_dates":{"created":"Posted on 27. January 2026.","modified":"Updated on 27. January 2026."},"absolute_dates_time":{"created":"Posted on 27. January 2026. 11:09","modified":"Updated on 27. January 2026. 11:09"},"featured_img_caption":"","featured_img":false,"series_order":"","_links":{"self":[{"href":"https:\/\/aem.hr\/en\/wp-json\/wp\/v2\/pages\/24237","targetHints":{"allow":["GET"]}}],"collection":[{"href":"https:\/\/aem.hr\/en\/wp-json\/wp\/v2\/pages"}],"about":[{"href":"https:\/\/aem.hr\/en\/wp-json\/wp\/v2\/types\/page"}],"author":[{"embeddable":true,"href":"https:\/\/aem.hr\/en\/wp-json\/wp\/v2\/users\/18"}],"replies":[{"embeddable":true,"href":"https:\/\/aem.hr\/en\/wp-json\/wp\/v2\/comments?post=24237"}],"version-history":[{"count":1,"href":"https:\/\/aem.hr\/en\/wp-json\/wp\/v2\/pages\/24237\/revisions"}],"predecessor-version":[{"id":24261,"href":"https:\/\/aem.hr\/en\/wp-json\/wp\/v2\/pages\/24237\/revisions\/24261"}],"wp:attachment":[{"href":"https:\/\/aem.hr\/en\/wp-json\/wp\/v2\/media?parent=24237"}],"curies":[{"name":"wp","href":"https:\/\/api.w.org\/{rel}","templated":true}]}}