{"id":24262,"date":"2026-01-27T11:12:31","date_gmt":"2026-01-27T10:12:31","guid":{"rendered":"https:\/\/aem.hr\/?page_id=24262"},"modified":"2026-01-27T11:12:32","modified_gmt":"2026-01-27T10:12:32","slug":"darko-markusic-hrvatska-novi-amsterdam-najstariji-zanat-i-suvremene-tehnologije","status":"publish","type":"page","link":"https:\/\/aem.hr\/en\/darko-markusic-hrvatska-novi-amsterdam-najstariji-zanat-i-suvremene-tehnologije\/","title":{"rendered":"Darko Marku\u0161i\u0107 &#8211; Hrvatska novi Amsterdam: Najstariji zanat i suvremene tehnologije"},"content":{"rendered":"\n<div class=\"wp-block-file\"><a id=\"wp-block-file--media-e789a240-5b8e-4bc8-9e55-a1cdc7db9c81\" href=\"https:\/\/aem.hr\/wp-content\/uploads\/2026\/01\/1.-Najstariji-zanat_-Industrija-zabave-za-odrasle.pdf\">1. Najstariji zanat_ Industrija zabave za odrasle<\/a><a href=\"https:\/\/aem.hr\/wp-content\/uploads\/2026\/01\/1.-Najstariji-zanat_-Industrija-zabave-za-odrasle.pdf\" class=\"wp-block-file__button wp-element-button\" download aria-describedby=\"wp-block-file--media-e789a240-5b8e-4bc8-9e55-a1cdc7db9c81\">Preuzimanje<\/a><\/div>\n\n\n\n<div class=\"wp-block-file\"><a id=\"wp-block-file--media-a2cc3905-2ad2-440a-8403-a72f7fb1ae92\" href=\"https:\/\/aem.hr\/wp-content\/uploads\/2026\/01\/2.-Bivsi-policijski-inspektor-otkriva.pdf\">2. Biv\u0161i policijski inspektor otkriva<\/a><a href=\"https:\/\/aem.hr\/wp-content\/uploads\/2026\/01\/2.-Bivsi-policijski-inspektor-otkriva.pdf\" class=\"wp-block-file__button wp-element-button\" download aria-describedby=\"wp-block-file--media-a2cc3905-2ad2-440a-8403-a72f7fb1ae92\">Preuzimanje<\/a><\/div>\n\n\n\n<div class=\"wp-block-file\"><a id=\"wp-block-file--media-86112f4e-a47c-4448-8704-53ee883e419f\" href=\"https:\/\/aem.hr\/wp-content\/uploads\/2026\/01\/3.-Nije-sve-u-filmovima-i-escortu.pdf\">3. Nije sve u filmovima i escortu<\/a><a href=\"https:\/\/aem.hr\/wp-content\/uploads\/2026\/01\/3.-Nije-sve-u-filmovima-i-escortu.pdf\" class=\"wp-block-file__button wp-element-button\" download aria-describedby=\"wp-block-file--media-86112f4e-a47c-4448-8704-53ee883e419f\">Preuzimanje<\/a><\/div>\n\n\n\n<div class=\"wp-block-file\"><a id=\"wp-block-file--media-a52441fa-24b3-4adb-bc60-52661b90446c\" href=\"https:\/\/aem.hr\/wp-content\/uploads\/2026\/01\/4.-Novcane-kazne-prostitutkama.pdf\">4. Nov\u010dane kazne prostitutkama<\/a><a href=\"https:\/\/aem.hr\/wp-content\/uploads\/2026\/01\/4.-Novcane-kazne-prostitutkama.pdf\" class=\"wp-block-file__button wp-element-button\" download aria-describedby=\"wp-block-file--media-a52441fa-24b3-4adb-bc60-52661b90446c\">Preuzimanje<\/a><\/div>\n\n\n\n<div class=\"wp-block-file\"><a id=\"wp-block-file--media-48442d73-2ff8-48df-818a-1847c1b4558e\" href=\"https:\/\/aem.hr\/wp-content\/uploads\/2026\/01\/5.-Prostituciju-je-gotovo-nemoguce-iskorijeniti.pdf\">5. Prostituciju je gotovo nemogu\u0107e iskorijeniti<\/a><a href=\"https:\/\/aem.hr\/wp-content\/uploads\/2026\/01\/5.-Prostituciju-je-gotovo-nemoguce-iskorijeniti.pdf\" class=\"wp-block-file__button wp-element-button\" download aria-describedby=\"wp-block-file--media-48442d73-2ff8-48df-818a-1847c1b4558e\">Preuzimanje<\/a><\/div>\n","protected":false},"excerpt":{"rendered":"","protected":false},"author":18,"featured_media":0,"parent":0,"menu_order":0,"comment_status":"closed","ping_status":"closed","template":"","meta":{"_acf_changed":false,"inline_featured_image":false,"advgb_blocks_editor_width":"","advgb_blocks_columns_visual_guide":"","_links_to":"","_links_to_type":0,"footnotes":""},"class_list":["post-24262","page","type-page","status-publish","hentry"],"acf":[],"yoast_head":"<!-- This site is optimized with the Yoast SEO plugin v25.7 - https:\/\/yoast.com\/wordpress\/plugins\/seo\/ -->\n<title>Darko Marku\u0161i\u0107 - Hrvatska novi Amsterdam: Najstariji zanat i suvremene tehnologije - Agencija za elektroni\u010dke medije<\/title>\n<meta name=\"robots\" content=\"index, follow, max-snippet:-1, max-image-preview:large, max-video-preview:-1\" \/>\n<link rel=\"canonical\" href=\"https:\/\/aem.hr\/darko-markusic-hrvatska-novi-amsterdam-najstariji-zanat-i-suvremene-tehnologije\/\" \/>\n<meta property=\"og:locale\" content=\"en_US\" \/>\n<meta property=\"og:type\" content=\"article\" \/>\n<meta property=\"og:title\" content=\"Darko Marku\u0161i\u0107 - Hrvatska novi Amsterdam: Najstariji zanat i suvremene tehnologije - Agencija za elektroni\u010dke medije\" \/>\n<meta property=\"og:url\" content=\"https:\/\/aem.hr\/darko-markusic-hrvatska-novi-amsterdam-najstariji-zanat-i-suvremene-tehnologije\/\" \/>\n<meta property=\"og:site_name\" content=\"Agencija za elektroni\u010dke medije\" \/>\n<meta property=\"article:modified_time\" content=\"2026-01-27T10:12:32+00:00\" \/>\n<meta name=\"twitter:card\" content=\"summary_large_image\" \/>\n<meta name=\"twitter:label1\" content=\"Est. reading time\" \/>\n\t<meta name=\"twitter:data1\" content=\"1 minute\" \/>\n<script type=\"application\/ld+json\" class=\"yoast-schema-graph\">{\"@context\":\"https:\/\/schema.org\",\"@graph\":[{\"@type\":\"WebPage\",\"@id\":\"https:\/\/aem.hr\/darko-markusic-hrvatska-novi-amsterdam-najstariji-zanat-i-suvremene-tehnologije\/\",\"url\":\"https:\/\/aem.hr\/darko-markusic-hrvatska-novi-amsterdam-najstariji-zanat-i-suvremene-tehnologije\/\",\"name\":\"Darko Marku\u0161i\u0107 - Hrvatska novi Amsterdam: Najstariji zanat i suvremene tehnologije - Agencija za elektroni\u010dke medije\",\"isPartOf\":{\"@id\":\"https:\/\/aem.hr\/#website\"},\"datePublished\":\"2026-01-27T10:12:31+00:00\",\"dateModified\":\"2026-01-27T10:12:32+00:00\",\"breadcrumb\":{\"@id\":\"https:\/\/aem.hr\/darko-markusic-hrvatska-novi-amsterdam-najstariji-zanat-i-suvremene-tehnologije\/#breadcrumb\"},\"inLanguage\":\"en-US\",\"potentialAction\":[{\"@type\":\"ReadAction\",\"target\":[\"https:\/\/aem.hr\/darko-markusic-hrvatska-novi-amsterdam-najstariji-zanat-i-suvremene-tehnologije\/\"]}]},{\"@type\":\"BreadcrumbList\",\"@id\":\"https:\/\/aem.hr\/darko-markusic-hrvatska-novi-amsterdam-najstariji-zanat-i-suvremene-tehnologije\/#breadcrumb\",\"itemListElement\":[{\"@type\":\"ListItem\",\"position\":1,\"name\":\"Po\u010detna stranica\",\"item\":\"https:\/\/aem.hr\/\"},{\"@type\":\"ListItem\",\"position\":2,\"name\":\"Darko Marku\u0161i\u0107 &#8211; Hrvatska novi Amsterdam: Najstariji zanat i suvremene tehnologije\"}]},{\"@type\":\"WebSite\",\"@id\":\"https:\/\/aem.hr\/#website\",\"url\":\"https:\/\/aem.hr\/\",\"name\":\"Agencija za elektroni\u010dke medije\",\"description\":\"\",\"potentialAction\":[{\"@type\":\"SearchAction\",\"target\":{\"@type\":\"EntryPoint\",\"urlTemplate\":\"https:\/\/aem.hr\/?s={search_term_string}\"},\"query-input\":{\"@type\":\"PropertyValueSpecification\",\"valueRequired\":true,\"valueName\":\"search_term_string\"}}],\"inLanguage\":\"en-US\"}]}<\/script>\n<!-- \/ Yoast SEO plugin. -->","yoast_head_json":{"title":"Darko Marku\u0161i\u0107 - Hrvatska novi Amsterdam: Najstariji zanat i suvremene tehnologije - Agencija za elektroni\u010dke medije","robots":{"index":"index","follow":"follow","max-snippet":"max-snippet:-1","max-image-preview":"max-image-preview:large","max-video-preview":"max-video-preview:-1"},"canonical":"https:\/\/aem.hr\/darko-markusic-hrvatska-novi-amsterdam-najstariji-zanat-i-suvremene-tehnologije\/","og_locale":"en_US","og_type":"article","og_title":"Darko Marku\u0161i\u0107 - Hrvatska novi Amsterdam: Najstariji zanat i suvremene tehnologije - Agencija za elektroni\u010dke medije","og_url":"https:\/\/aem.hr\/darko-markusic-hrvatska-novi-amsterdam-najstariji-zanat-i-suvremene-tehnologije\/","og_site_name":"Agencija za elektroni\u010dke medije","article_modified_time":"2026-01-27T10:12:32+00:00","twitter_card":"summary_large_image","twitter_misc":{"Est. reading time":"1 minute"},"schema":{"@context":"https:\/\/schema.org","@graph":[{"@type":"WebPage","@id":"https:\/\/aem.hr\/darko-markusic-hrvatska-novi-amsterdam-najstariji-zanat-i-suvremene-tehnologije\/","url":"https:\/\/aem.hr\/darko-markusic-hrvatska-novi-amsterdam-najstariji-zanat-i-suvremene-tehnologije\/","name":"Darko Marku\u0161i\u0107 - Hrvatska novi Amsterdam: Najstariji zanat i suvremene tehnologije - Agencija za elektroni\u010dke medije","isPartOf":{"@id":"https:\/\/aem.hr\/#website"},"datePublished":"2026-01-27T10:12:31+00:00","dateModified":"2026-01-27T10:12:32+00:00","breadcrumb":{"@id":"https:\/\/aem.hr\/darko-markusic-hrvatska-novi-amsterdam-najstariji-zanat-i-suvremene-tehnologije\/#breadcrumb"},"inLanguage":"en-US","potentialAction":[{"@type":"ReadAction","target":["https:\/\/aem.hr\/darko-markusic-hrvatska-novi-amsterdam-najstariji-zanat-i-suvremene-tehnologije\/"]}]},{"@type":"BreadcrumbList","@id":"https:\/\/aem.hr\/darko-markusic-hrvatska-novi-amsterdam-najstariji-zanat-i-suvremene-tehnologije\/#breadcrumb","itemListElement":[{"@type":"ListItem","position":1,"name":"Po\u010detna stranica","item":"https:\/\/aem.hr\/"},{"@type":"ListItem","position":2,"name":"Darko Marku\u0161i\u0107 &#8211; Hrvatska novi Amsterdam: Najstariji zanat i suvremene tehnologije"}]},{"@type":"WebSite","@id":"https:\/\/aem.hr\/#website","url":"https:\/\/aem.hr\/","name":"Agencija za elektroni\u010dke medije","description":"","potentialAction":[{"@type":"SearchAction","target":{"@type":"EntryPoint","urlTemplate":"https:\/\/aem.hr\/?s={search_term_string}"},"query-input":{"@type":"PropertyValueSpecification","valueRequired":true,"valueName":"search_term_string"}}],"inLanguage":"en-US"}]}},"coauthors":[],"author_meta":{"author_link":"https:\/\/aem.hr\/en\/blog\/author\/mkirac\/","display_name":"Matko Kirac"},"relative_dates":{"created":"Posted 3 months ago","modified":"Updated 3 months ago"},"absolute_dates":{"created":"Posted on 27. January 2026.","modified":"Updated on 27. January 2026."},"absolute_dates_time":{"created":"Posted on 27. January 2026. 11:12","modified":"Updated on 27. January 2026. 11:12"},"featured_img_caption":"","featured_img":false,"series_order":"","_links":{"self":[{"href":"https:\/\/aem.hr\/en\/wp-json\/wp\/v2\/pages\/24262","targetHints":{"allow":["GET"]}}],"collection":[{"href":"https:\/\/aem.hr\/en\/wp-json\/wp\/v2\/pages"}],"about":[{"href":"https:\/\/aem.hr\/en\/wp-json\/wp\/v2\/types\/page"}],"author":[{"embeddable":true,"href":"https:\/\/aem.hr\/en\/wp-json\/wp\/v2\/users\/18"}],"replies":[{"embeddable":true,"href":"https:\/\/aem.hr\/en\/wp-json\/wp\/v2\/comments?post=24262"}],"version-history":[{"count":1,"href":"https:\/\/aem.hr\/en\/wp-json\/wp\/v2\/pages\/24262\/revisions"}],"predecessor-version":[{"id":24273,"href":"https:\/\/aem.hr\/en\/wp-json\/wp\/v2\/pages\/24262\/revisions\/24273"}],"wp:attachment":[{"href":"https:\/\/aem.hr\/en\/wp-json\/wp\/v2\/media?parent=24262"}],"curies":[{"name":"wp","href":"https:\/\/api.w.org\/{rel}","templated":true}]}}