{"id":24316,"date":"2026-01-27T11:46:20","date_gmt":"2026-01-27T10:46:20","guid":{"rendered":"https:\/\/aem.hr\/?page_id=24316"},"modified":"2026-01-27T11:46:21","modified_gmt":"2026-01-27T10:46:21","slug":"aleksandra-erak-strah-prepreka-na-putu-do-zdravlja","status":"publish","type":"page","link":"https:\/\/aem.hr\/en\/aleksandra-erak-strah-prepreka-na-putu-do-zdravlja\/","title":{"rendered":"Aleksandra Erak &#8211; Strah prepreka na putu do zdravlja"},"content":{"rendered":"\n<div class=\"wp-block-file\"><a id=\"wp-block-file--media-bb3bd815-a2a7-4d06-9e43-bc6249f0ad0b\" href=\"http:\/\/aem.hr\/wp-content\/uploads\/2026\/01\/1.-Strah-od-dijagnoze-prepreka-zdravlju.pdf\">1. Strah od dijagnoze &#8211; prepreka zdravlju<\/a><a href=\"http:\/\/aem.hr\/wp-content\/uploads\/2026\/01\/1.-Strah-od-dijagnoze-prepreka-zdravlju.pdf\" class=\"wp-block-file__button wp-element-button\" download aria-describedby=\"wp-block-file--media-bb3bd815-a2a7-4d06-9e43-bc6249f0ad0b\">Preuzimanje<\/a><\/div>\n\n\n\n<div class=\"wp-block-file\"><a id=\"wp-block-file--media-f8b7476f-328e-4170-97c4-44e997376a7b\" href=\"http:\/\/aem.hr\/wp-content\/uploads\/2026\/01\/2.-Mentalno-zdravlje-i-strah-od-stigme.pdf\">2. Mentalno zdravlje i strah od stigme<\/a><a href=\"http:\/\/aem.hr\/wp-content\/uploads\/2026\/01\/2.-Mentalno-zdravlje-i-strah-od-stigme.pdf\" class=\"wp-block-file__button wp-element-button\" download aria-describedby=\"wp-block-file--media-f8b7476f-328e-4170-97c4-44e997376a7b\">Preuzimanje<\/a><\/div>\n\n\n\n<div class=\"wp-block-file\"><a id=\"wp-block-file--media-d19da3e7-87e0-4929-870d-f779267ca00d\" href=\"http:\/\/aem.hr\/wp-content\/uploads\/2026\/01\/3.-Strah-od-medicinskog-zracenja-izmedu-percepcije.pdf\">3. Strah od medicinskog zra\u010denja &#8211; izme\u0111u percepcije<\/a><a href=\"http:\/\/aem.hr\/wp-content\/uploads\/2026\/01\/3.-Strah-od-medicinskog-zracenja-izmedu-percepcije.pdf\" class=\"wp-block-file__button wp-element-button\" download aria-describedby=\"wp-block-file--media-d19da3e7-87e0-4929-870d-f779267ca00d\">Preuzimanje<\/a><\/div>\n\n\n\n<div class=\"wp-block-file\"><a id=\"wp-block-file--media-6fbaddfc-9f73-4997-bf5d-5c83cdbf4f37\" href=\"http:\/\/aem.hr\/wp-content\/uploads\/2026\/01\/4.-Zracenje-u-dijagnostici-i-lijecenju-velike-razlike.pdf\">4. Zra\u010denje u dijagnostici i lije\u010denju &#8211; velike razlike<\/a><a href=\"http:\/\/aem.hr\/wp-content\/uploads\/2026\/01\/4.-Zracenje-u-dijagnostici-i-lijecenju-velike-razlike.pdf\" class=\"wp-block-file__button wp-element-button\" download aria-describedby=\"wp-block-file--media-6fbaddfc-9f73-4997-bf5d-5c83cdbf4f37\">Preuzimanje<\/a><\/div>\n\n\n\n<div class=\"wp-block-file\"><a id=\"wp-block-file--media-c1d39354-5573-460f-8483-384f237b1978\" href=\"http:\/\/aem.hr\/wp-content\/uploads\/2026\/01\/5.-Vodi-li-strah-od-bolova-prema-ovisnosti-o-lijekovima.pdf\">5. Vodi li strah od bolova prema ovisnosti o lijekovima<\/a><a href=\"http:\/\/aem.hr\/wp-content\/uploads\/2026\/01\/5.-Vodi-li-strah-od-bolova-prema-ovisnosti-o-lijekovima.pdf\" class=\"wp-block-file__button wp-element-button\" download aria-describedby=\"wp-block-file--media-c1d39354-5573-460f-8483-384f237b1978\">Preuzimanje<\/a><\/div>\n\n\n\n<div class=\"wp-block-file\"><a id=\"wp-block-file--media-96544bae-4aaa-4088-917f-d9ddcdb5f2c5\" href=\"http:\/\/aem.hr\/wp-content\/uploads\/2026\/01\/6.-Kolonoskopija-i-gastroskopija-pregledi-koje-se-ne-smije.pdf\">6. Kolonoskopija i gastroskopija &#8211; pregledi koje se ne smije<\/a><a href=\"http:\/\/aem.hr\/wp-content\/uploads\/2026\/01\/6.-Kolonoskopija-i-gastroskopija-pregledi-koje-se-ne-smije.pdf\" class=\"wp-block-file__button wp-element-button\" download aria-describedby=\"wp-block-file--media-96544bae-4aaa-4088-917f-d9ddcdb5f2c5\">Preuzimanje<\/a><\/div>\n\n\n\n<div class=\"wp-block-file\"><a id=\"wp-block-file--media-43e0f473-66af-43f9-bf6c-11d5f1d4ca37\" href=\"http:\/\/aem.hr\/wp-content\/uploads\/2026\/01\/7.-Sto-trebate-znati-o-anesteziji-i-njezinoj-sigurnosti.pdf\">7. \u0160to trebate znati o anesteziji i njezinoj sigurnosti<\/a><a href=\"http:\/\/aem.hr\/wp-content\/uploads\/2026\/01\/7.-Sto-trebate-znati-o-anesteziji-i-njezinoj-sigurnosti.pdf\" class=\"wp-block-file__button wp-element-button\" download aria-describedby=\"wp-block-file--media-43e0f473-66af-43f9-bf6c-11d5f1d4ca37\">Preuzimanje<\/a><\/div>\n\n\n\n<div class=\"wp-block-file\"><a id=\"wp-block-file--media-9cf92023-bbd8-4e65-bda9-128273b45fa1\" href=\"http:\/\/aem.hr\/wp-content\/uploads\/2026\/01\/8.-Zasto-se-bojimo-sepse-i-kako-je-na-vrijeme-prepoznati.pdf\">8. Za\u0161to se bojimo sepse i kako je na vrijeme prepoznati<\/a><a href=\"http:\/\/aem.hr\/wp-content\/uploads\/2026\/01\/8.-Zasto-se-bojimo-sepse-i-kako-je-na-vrijeme-prepoznati.pdf\" class=\"wp-block-file__button wp-element-button\" download aria-describedby=\"wp-block-file--media-9cf92023-bbd8-4e65-bda9-128273b45fa1\">Preuzimanje<\/a><\/div>\n\n\n\n<div class=\"wp-block-file\"><a id=\"wp-block-file--media-a02ab3e6-fc04-44e3-8636-fa29dfb1a6d7\" href=\"http:\/\/aem.hr\/wp-content\/uploads\/2026\/01\/9.-Bolnicke-infekcije-stalna-prijetnja-pacijentima.pdf\">9. Bolni\u010dke infekcije stalna prijetnja pacijentima<\/a><a href=\"http:\/\/aem.hr\/wp-content\/uploads\/2026\/01\/9.-Bolnicke-infekcije-stalna-prijetnja-pacijentima.pdf\" class=\"wp-block-file__button wp-element-button\" download aria-describedby=\"wp-block-file--media-a02ab3e6-fc04-44e3-8636-fa29dfb1a6d7\">Preuzimanje<\/a><\/div>\n\n\n\n<div class=\"wp-block-file\"><a id=\"wp-block-file--media-bbe5522c-0201-404a-82e1-c6ea8170c087\" href=\"http:\/\/aem.hr\/wp-content\/uploads\/2026\/01\/10.-Zasto-jos-sumnjamo-u-cjepiva.pdf\">10. Za\u0161to jo\u0161 sumnjamo u cjepiva<\/a><a href=\"http:\/\/aem.hr\/wp-content\/uploads\/2026\/01\/10.-Zasto-jos-sumnjamo-u-cjepiva.pdf\" class=\"wp-block-file__button wp-element-button\" download aria-describedby=\"wp-block-file--media-bbe5522c-0201-404a-82e1-c6ea8170c087\">Preuzimanje<\/a><\/div>\n\n\n\n<div class=\"wp-block-file\"><a id=\"wp-block-file--media-7db6d5f7-6ae7-4998-af14-a9ebf6af3714\" href=\"http:\/\/aem.hr\/wp-content\/uploads\/2026\/01\/11.-Jesu-li-cjepiva-sigurna-Struka-odgovara-na-najcesce-dvojbe.pdf\">11. Jesu li cjepiva sigurna Struka odgovara na naj\u010de\u0161\u0107e dvojbe<\/a><a href=\"http:\/\/aem.hr\/wp-content\/uploads\/2026\/01\/11.-Jesu-li-cjepiva-sigurna-Struka-odgovara-na-najcesce-dvojbe.pdf\" class=\"wp-block-file__button wp-element-button\" download aria-describedby=\"wp-block-file--media-7db6d5f7-6ae7-4998-af14-a9ebf6af3714\">Preuzimanje<\/a><\/div>\n\n\n\n<div class=\"wp-block-file\"><a id=\"wp-block-file--media-29111719-b514-4ea6-8dbe-02b3b1c391b4\" href=\"http:\/\/aem.hr\/wp-content\/uploads\/2026\/01\/12.-Palijativna-skrb-donosi-kvalitetu-a-ne-oduzima-nadu.pdf\">12. Palijativna skrb donosi kvalitetu, a ne oduzima nadu<\/a><a href=\"http:\/\/aem.hr\/wp-content\/uploads\/2026\/01\/12.-Palijativna-skrb-donosi-kvalitetu-a-ne-oduzima-nadu.pdf\" class=\"wp-block-file__button wp-element-button\" download aria-describedby=\"wp-block-file--media-29111719-b514-4ea6-8dbe-02b3b1c391b4\">Preuzimanje<\/a><\/div>\n\n\n\n<div class=\"wp-block-file\"><a id=\"wp-block-file--media-75991730-8b6e-4485-b017-8d580811052f\" href=\"http:\/\/aem.hr\/wp-content\/uploads\/2026\/01\/13.-Strah-od-lijecnicke-pogreske.pdf\">13. Strah od lije\u010dni\u010dke pogre\u0161ke<\/a><a href=\"http:\/\/aem.hr\/wp-content\/uploads\/2026\/01\/13.-Strah-od-lijecnicke-pogreske.pdf\" class=\"wp-block-file__button wp-element-button\" download aria-describedby=\"wp-block-file--media-75991730-8b6e-4485-b017-8d580811052f\">Preuzimanje<\/a><\/div>\n","protected":false},"excerpt":{"rendered":"","protected":false},"author":18,"featured_media":0,"parent":0,"menu_order":0,"comment_status":"closed","ping_status":"closed","template":"","meta":{"_acf_changed":false,"inline_featured_image":false,"advgb_blocks_editor_width":"","advgb_blocks_columns_visual_guide":"","_links_to":"","_links_to_type":0,"footnotes":""},"class_list":["post-24316","page","type-page","status-publish","hentry"],"acf":[],"yoast_head":"<!-- This site is optimized with the Yoast SEO plugin v25.7 - https:\/\/yoast.com\/wordpress\/plugins\/seo\/ -->\n<title>Aleksandra Erak - Strah prepreka na putu do zdravlja - Agencija za elektroni\u010dke medije<\/title>\n<meta name=\"robots\" content=\"index, follow, max-snippet:-1, max-image-preview:large, max-video-preview:-1\" \/>\n<link rel=\"canonical\" href=\"https:\/\/aem.hr\/aleksandra-erak-strah-prepreka-na-putu-do-zdravlja\/\" \/>\n<meta property=\"og:locale\" content=\"en_US\" \/>\n<meta property=\"og:type\" content=\"article\" \/>\n<meta property=\"og:title\" content=\"Aleksandra Erak - Strah prepreka na putu do zdravlja - Agencija za elektroni\u010dke medije\" \/>\n<meta property=\"og:url\" content=\"https:\/\/aem.hr\/aleksandra-erak-strah-prepreka-na-putu-do-zdravlja\/\" \/>\n<meta property=\"og:site_name\" content=\"Agencija za elektroni\u010dke medije\" \/>\n<meta property=\"article:modified_time\" content=\"2026-01-27T10:46:21+00:00\" \/>\n<meta name=\"twitter:card\" content=\"summary_large_image\" \/>\n<meta name=\"twitter:label1\" content=\"Est. reading time\" \/>\n\t<meta name=\"twitter:data1\" content=\"1 minute\" \/>\n<script type=\"application\/ld+json\" class=\"yoast-schema-graph\">{\"@context\":\"https:\/\/schema.org\",\"@graph\":[{\"@type\":\"WebPage\",\"@id\":\"https:\/\/aem.hr\/aleksandra-erak-strah-prepreka-na-putu-do-zdravlja\/\",\"url\":\"https:\/\/aem.hr\/aleksandra-erak-strah-prepreka-na-putu-do-zdravlja\/\",\"name\":\"Aleksandra Erak - Strah prepreka na putu do zdravlja - Agencija za elektroni\u010dke medije\",\"isPartOf\":{\"@id\":\"https:\/\/aem.hr\/#website\"},\"datePublished\":\"2026-01-27T10:46:20+00:00\",\"dateModified\":\"2026-01-27T10:46:21+00:00\",\"breadcrumb\":{\"@id\":\"https:\/\/aem.hr\/aleksandra-erak-strah-prepreka-na-putu-do-zdravlja\/#breadcrumb\"},\"inLanguage\":\"en-US\",\"potentialAction\":[{\"@type\":\"ReadAction\",\"target\":[\"https:\/\/aem.hr\/aleksandra-erak-strah-prepreka-na-putu-do-zdravlja\/\"]}]},{\"@type\":\"BreadcrumbList\",\"@id\":\"https:\/\/aem.hr\/aleksandra-erak-strah-prepreka-na-putu-do-zdravlja\/#breadcrumb\",\"itemListElement\":[{\"@type\":\"ListItem\",\"position\":1,\"name\":\"Po\u010detna stranica\",\"item\":\"https:\/\/aem.hr\/\"},{\"@type\":\"ListItem\",\"position\":2,\"name\":\"Aleksandra Erak &#8211; Strah prepreka na putu do zdravlja\"}]},{\"@type\":\"WebSite\",\"@id\":\"https:\/\/aem.hr\/#website\",\"url\":\"https:\/\/aem.hr\/\",\"name\":\"Agencija za elektroni\u010dke medije\",\"description\":\"\",\"potentialAction\":[{\"@type\":\"SearchAction\",\"target\":{\"@type\":\"EntryPoint\",\"urlTemplate\":\"https:\/\/aem.hr\/?s={search_term_string}\"},\"query-input\":{\"@type\":\"PropertyValueSpecification\",\"valueRequired\":true,\"valueName\":\"search_term_string\"}}],\"inLanguage\":\"en-US\"}]}<\/script>\n<!-- \/ Yoast SEO plugin. -->","yoast_head_json":{"title":"Aleksandra Erak - Strah prepreka na putu do zdravlja - Agencija za elektroni\u010dke medije","robots":{"index":"index","follow":"follow","max-snippet":"max-snippet:-1","max-image-preview":"max-image-preview:large","max-video-preview":"max-video-preview:-1"},"canonical":"https:\/\/aem.hr\/aleksandra-erak-strah-prepreka-na-putu-do-zdravlja\/","og_locale":"en_US","og_type":"article","og_title":"Aleksandra Erak - Strah prepreka na putu do zdravlja - Agencija za elektroni\u010dke medije","og_url":"https:\/\/aem.hr\/aleksandra-erak-strah-prepreka-na-putu-do-zdravlja\/","og_site_name":"Agencija za elektroni\u010dke medije","article_modified_time":"2026-01-27T10:46:21+00:00","twitter_card":"summary_large_image","twitter_misc":{"Est. reading time":"1 minute"},"schema":{"@context":"https:\/\/schema.org","@graph":[{"@type":"WebPage","@id":"https:\/\/aem.hr\/aleksandra-erak-strah-prepreka-na-putu-do-zdravlja\/","url":"https:\/\/aem.hr\/aleksandra-erak-strah-prepreka-na-putu-do-zdravlja\/","name":"Aleksandra Erak - Strah prepreka na putu do zdravlja - Agencija za elektroni\u010dke medije","isPartOf":{"@id":"https:\/\/aem.hr\/#website"},"datePublished":"2026-01-27T10:46:20+00:00","dateModified":"2026-01-27T10:46:21+00:00","breadcrumb":{"@id":"https:\/\/aem.hr\/aleksandra-erak-strah-prepreka-na-putu-do-zdravlja\/#breadcrumb"},"inLanguage":"en-US","potentialAction":[{"@type":"ReadAction","target":["https:\/\/aem.hr\/aleksandra-erak-strah-prepreka-na-putu-do-zdravlja\/"]}]},{"@type":"BreadcrumbList","@id":"https:\/\/aem.hr\/aleksandra-erak-strah-prepreka-na-putu-do-zdravlja\/#breadcrumb","itemListElement":[{"@type":"ListItem","position":1,"name":"Po\u010detna stranica","item":"https:\/\/aem.hr\/"},{"@type":"ListItem","position":2,"name":"Aleksandra Erak &#8211; Strah prepreka na putu do zdravlja"}]},{"@type":"WebSite","@id":"https:\/\/aem.hr\/#website","url":"https:\/\/aem.hr\/","name":"Agencija za elektroni\u010dke medije","description":"","potentialAction":[{"@type":"SearchAction","target":{"@type":"EntryPoint","urlTemplate":"https:\/\/aem.hr\/?s={search_term_string}"},"query-input":{"@type":"PropertyValueSpecification","valueRequired":true,"valueName":"search_term_string"}}],"inLanguage":"en-US"}]}},"coauthors":[],"author_meta":{"author_link":"https:\/\/aem.hr\/en\/blog\/author\/mkirac\/","display_name":"Matko Kirac"},"relative_dates":{"created":"Posted 3 months ago","modified":"Updated 3 months ago"},"absolute_dates":{"created":"Posted on 27. January 2026.","modified":"Updated on 27. January 2026."},"absolute_dates_time":{"created":"Posted on 27. January 2026. 11:46","modified":"Updated on 27. January 2026. 11:46"},"featured_img_caption":"","featured_img":false,"series_order":"","_links":{"self":[{"href":"https:\/\/aem.hr\/en\/wp-json\/wp\/v2\/pages\/24316","targetHints":{"allow":["GET"]}}],"collection":[{"href":"https:\/\/aem.hr\/en\/wp-json\/wp\/v2\/pages"}],"about":[{"href":"https:\/\/aem.hr\/en\/wp-json\/wp\/v2\/types\/page"}],"author":[{"embeddable":true,"href":"https:\/\/aem.hr\/en\/wp-json\/wp\/v2\/users\/18"}],"replies":[{"embeddable":true,"href":"https:\/\/aem.hr\/en\/wp-json\/wp\/v2\/comments?post=24316"}],"version-history":[{"count":1,"href":"https:\/\/aem.hr\/en\/wp-json\/wp\/v2\/pages\/24316\/revisions"}],"predecessor-version":[{"id":24318,"href":"https:\/\/aem.hr\/en\/wp-json\/wp\/v2\/pages\/24316\/revisions\/24318"}],"wp:attachment":[{"href":"https:\/\/aem.hr\/en\/wp-json\/wp\/v2\/media?parent=24316"}],"curies":[{"name":"wp","href":"https:\/\/api.w.org\/{rel}","templated":true}]}}