{"id":24368,"date":"2026-01-29T12:52:00","date_gmt":"2026-01-29T11:52:00","guid":{"rendered":"https:\/\/aem.hr\/?page_id=24368"},"modified":"2026-01-29T12:52:01","modified_gmt":"2026-01-29T11:52:01","slug":"tanja-rudez-zasto-je-hrvatska-u-ishodima-lijecenja-raka-na-zacelju-eu","status":"publish","type":"page","link":"https:\/\/aem.hr\/en\/tanja-rudez-zasto-je-hrvatska-u-ishodima-lijecenja-raka-na-zacelju-eu\/","title":{"rendered":"Tanja Rude\u017e &#8211; Za\u0161to je Hrvatska u ishodima lije\u010denja raka na za\u010delju EU?"},"content":{"rendered":"\n<div class=\"wp-block-file\"><a id=\"wp-block-file--media-8ad443a6-e9c6-4ea7-bd73-12dcab94324b\" href=\"https:\/\/aem.hr\/wp-content\/uploads\/2026\/01\/1.-Hrvatska-je-5.-u-Europi-po-broju-novooboljelih-od-raka.pdf\">1. Hrvatska je 5. u Europi po broju novooboljelih od raka<\/a><a href=\"https:\/\/aem.hr\/wp-content\/uploads\/2026\/01\/1.-Hrvatska-je-5.-u-Europi-po-broju-novooboljelih-od-raka.pdf\" class=\"wp-block-file__button wp-element-button\" download aria-describedby=\"wp-block-file--media-8ad443a6-e9c6-4ea7-bd73-12dcab94324b\">Preuzimanje<\/a><\/div>\n\n\n\n<div class=\"wp-block-file\"><a id=\"wp-block-file--media-a6ae24da-39fb-4cbd-b667-a696b3ba4912\" href=\"https:\/\/aem.hr\/wp-content\/uploads\/2026\/01\/2.-Aleksandar-Dzakula_-Dok-sustav-odgovara-samo-nekima.pdf\">2. Aleksandar D\u017eakula_ Dok sustav odgovara samo nekima<\/a><a href=\"https:\/\/aem.hr\/wp-content\/uploads\/2026\/01\/2.-Aleksandar-Dzakula_-Dok-sustav-odgovara-samo-nekima.pdf\" class=\"wp-block-file__button wp-element-button\" download aria-describedby=\"wp-block-file--media-a6ae24da-39fb-4cbd-b667-a696b3ba4912\">Preuzimanje<\/a><\/div>\n\n\n\n<div class=\"wp-block-file\"><a id=\"wp-block-file--media-f2ff2aa6-a099-4ae5-ae99-017a44f2f54f\" href=\"https:\/\/aem.hr\/wp-content\/uploads\/2026\/01\/3.-Preventivni-pregledi-spasavaju-zivote.pdf\">3. Preventivni pregledi spa\u0161avaju \u017eivote<\/a><a href=\"https:\/\/aem.hr\/wp-content\/uploads\/2026\/01\/3.-Preventivni-pregledi-spasavaju-zivote.pdf\" class=\"wp-block-file__button wp-element-button\" download aria-describedby=\"wp-block-file--media-f2ff2aa6-a099-4ae5-ae99-017a44f2f54f\">Preuzimanje<\/a><\/div>\n\n\n\n<div class=\"wp-block-file\"><a id=\"wp-block-file--media-168e0d2d-deff-4b7c-bf2a-3978a043ef8e\" href=\"https:\/\/aem.hr\/wp-content\/uploads\/2026\/01\/4.-Kako-bi-se-smanjio-broj-smrti.pdf\">4. Kako bi se smanjio broj smrti<\/a><a href=\"https:\/\/aem.hr\/wp-content\/uploads\/2026\/01\/4.-Kako-bi-se-smanjio-broj-smrti.pdf\" class=\"wp-block-file__button wp-element-button\" download aria-describedby=\"wp-block-file--media-168e0d2d-deff-4b7c-bf2a-3978a043ef8e\">Preuzimanje<\/a><\/div>\n\n\n\n<div class=\"wp-block-file\"><a id=\"wp-block-file--media-961b03c7-8dcb-4cc4-856b-7d552bb7faf5\" href=\"https:\/\/aem.hr\/wp-content\/uploads\/2026\/01\/5.-Konzultant-Damir-Ivankovic-Hrvatska-trosi-puno.pdf\">5. Konzultant Damir Ivankovi\u0107 Hrvatska tro\u0161i puno<\/a><a href=\"https:\/\/aem.hr\/wp-content\/uploads\/2026\/01\/5.-Konzultant-Damir-Ivankovic-Hrvatska-trosi-puno.pdf\" class=\"wp-block-file__button wp-element-button\" download aria-describedby=\"wp-block-file--media-961b03c7-8dcb-4cc4-856b-7d552bb7faf5\">Preuzimanje<\/a><\/div>\n\n\n\n<div class=\"wp-block-file\"><a id=\"wp-block-file--media-c3e821bb-41bb-49ac-8738-911657f833cb\" href=\"https:\/\/aem.hr\/wp-content\/uploads\/2026\/01\/6.-Doc.-dr.-sc.-Kristina-Krpina.pdf\">6. Doc. dr. sc. Kristina Krpina<\/a><a href=\"https:\/\/aem.hr\/wp-content\/uploads\/2026\/01\/6.-Doc.-dr.-sc.-Kristina-Krpina.pdf\" class=\"wp-block-file__button wp-element-button\" download aria-describedby=\"wp-block-file--media-c3e821bb-41bb-49ac-8738-911657f833cb\">Preuzimanje<\/a><\/div>\n","protected":false},"excerpt":{"rendered":"","protected":false},"author":18,"featured_media":0,"parent":0,"menu_order":0,"comment_status":"closed","ping_status":"closed","template":"","meta":{"_acf_changed":false,"inline_featured_image":false,"advgb_blocks_editor_width":"","advgb_blocks_columns_visual_guide":"","_links_to":"","_links_to_type":0,"footnotes":""},"class_list":["post-24368","page","type-page","status-publish","hentry"],"acf":[],"yoast_head":"<!-- This site is optimized with the Yoast SEO plugin v25.7 - https:\/\/yoast.com\/wordpress\/plugins\/seo\/ -->\n<title>Tanja Rude\u017e - Za\u0161to je Hrvatska u ishodima lije\u010denja raka na za\u010delju EU? - Agencija za elektroni\u010dke medije<\/title>\n<meta name=\"robots\" content=\"index, follow, max-snippet:-1, max-image-preview:large, max-video-preview:-1\" \/>\n<link rel=\"canonical\" href=\"https:\/\/aem.hr\/tanja-rudez-zasto-je-hrvatska-u-ishodima-lijecenja-raka-na-zacelju-eu\/\" \/>\n<meta property=\"og:locale\" content=\"en_US\" \/>\n<meta property=\"og:type\" content=\"article\" \/>\n<meta property=\"og:title\" content=\"Tanja Rude\u017e - Za\u0161to je Hrvatska u ishodima lije\u010denja raka na za\u010delju EU? - Agencija za elektroni\u010dke medije\" \/>\n<meta property=\"og:url\" content=\"https:\/\/aem.hr\/tanja-rudez-zasto-je-hrvatska-u-ishodima-lijecenja-raka-na-zacelju-eu\/\" \/>\n<meta property=\"og:site_name\" content=\"Agencija za elektroni\u010dke medije\" \/>\n<meta property=\"article:modified_time\" content=\"2026-01-29T11:52:01+00:00\" \/>\n<meta name=\"twitter:card\" content=\"summary_large_image\" \/>\n<meta name=\"twitter:label1\" content=\"Est. reading time\" \/>\n\t<meta name=\"twitter:data1\" content=\"1 minute\" \/>\n<script type=\"application\/ld+json\" class=\"yoast-schema-graph\">{\"@context\":\"https:\/\/schema.org\",\"@graph\":[{\"@type\":\"WebPage\",\"@id\":\"https:\/\/aem.hr\/tanja-rudez-zasto-je-hrvatska-u-ishodima-lijecenja-raka-na-zacelju-eu\/\",\"url\":\"https:\/\/aem.hr\/tanja-rudez-zasto-je-hrvatska-u-ishodima-lijecenja-raka-na-zacelju-eu\/\",\"name\":\"Tanja Rude\u017e - Za\u0161to je Hrvatska u ishodima lije\u010denja raka na za\u010delju EU? - Agencija za elektroni\u010dke medije\",\"isPartOf\":{\"@id\":\"https:\/\/aem.hr\/#website\"},\"datePublished\":\"2026-01-29T11:52:00+00:00\",\"dateModified\":\"2026-01-29T11:52:01+00:00\",\"breadcrumb\":{\"@id\":\"https:\/\/aem.hr\/tanja-rudez-zasto-je-hrvatska-u-ishodima-lijecenja-raka-na-zacelju-eu\/#breadcrumb\"},\"inLanguage\":\"en-US\",\"potentialAction\":[{\"@type\":\"ReadAction\",\"target\":[\"https:\/\/aem.hr\/tanja-rudez-zasto-je-hrvatska-u-ishodima-lijecenja-raka-na-zacelju-eu\/\"]}]},{\"@type\":\"BreadcrumbList\",\"@id\":\"https:\/\/aem.hr\/tanja-rudez-zasto-je-hrvatska-u-ishodima-lijecenja-raka-na-zacelju-eu\/#breadcrumb\",\"itemListElement\":[{\"@type\":\"ListItem\",\"position\":1,\"name\":\"Po\u010detna stranica\",\"item\":\"https:\/\/aem.hr\/\"},{\"@type\":\"ListItem\",\"position\":2,\"name\":\"Tanja Rude\u017e &#8211; Za\u0161to je Hrvatska u ishodima lije\u010denja raka na za\u010delju EU?\"}]},{\"@type\":\"WebSite\",\"@id\":\"https:\/\/aem.hr\/#website\",\"url\":\"https:\/\/aem.hr\/\",\"name\":\"Agencija za elektroni\u010dke medije\",\"description\":\"\",\"potentialAction\":[{\"@type\":\"SearchAction\",\"target\":{\"@type\":\"EntryPoint\",\"urlTemplate\":\"https:\/\/aem.hr\/?s={search_term_string}\"},\"query-input\":{\"@type\":\"PropertyValueSpecification\",\"valueRequired\":true,\"valueName\":\"search_term_string\"}}],\"inLanguage\":\"en-US\"}]}<\/script>\n<!-- \/ Yoast SEO plugin. -->","yoast_head_json":{"title":"Tanja Rude\u017e - Za\u0161to je Hrvatska u ishodima lije\u010denja raka na za\u010delju EU? - Agencija za elektroni\u010dke medije","robots":{"index":"index","follow":"follow","max-snippet":"max-snippet:-1","max-image-preview":"max-image-preview:large","max-video-preview":"max-video-preview:-1"},"canonical":"https:\/\/aem.hr\/tanja-rudez-zasto-je-hrvatska-u-ishodima-lijecenja-raka-na-zacelju-eu\/","og_locale":"en_US","og_type":"article","og_title":"Tanja Rude\u017e - Za\u0161to je Hrvatska u ishodima lije\u010denja raka na za\u010delju EU? - Agencija za elektroni\u010dke medije","og_url":"https:\/\/aem.hr\/tanja-rudez-zasto-je-hrvatska-u-ishodima-lijecenja-raka-na-zacelju-eu\/","og_site_name":"Agencija za elektroni\u010dke medije","article_modified_time":"2026-01-29T11:52:01+00:00","twitter_card":"summary_large_image","twitter_misc":{"Est. reading time":"1 minute"},"schema":{"@context":"https:\/\/schema.org","@graph":[{"@type":"WebPage","@id":"https:\/\/aem.hr\/tanja-rudez-zasto-je-hrvatska-u-ishodima-lijecenja-raka-na-zacelju-eu\/","url":"https:\/\/aem.hr\/tanja-rudez-zasto-je-hrvatska-u-ishodima-lijecenja-raka-na-zacelju-eu\/","name":"Tanja Rude\u017e - Za\u0161to je Hrvatska u ishodima lije\u010denja raka na za\u010delju EU? - Agencija za elektroni\u010dke medije","isPartOf":{"@id":"https:\/\/aem.hr\/#website"},"datePublished":"2026-01-29T11:52:00+00:00","dateModified":"2026-01-29T11:52:01+00:00","breadcrumb":{"@id":"https:\/\/aem.hr\/tanja-rudez-zasto-je-hrvatska-u-ishodima-lijecenja-raka-na-zacelju-eu\/#breadcrumb"},"inLanguage":"en-US","potentialAction":[{"@type":"ReadAction","target":["https:\/\/aem.hr\/tanja-rudez-zasto-je-hrvatska-u-ishodima-lijecenja-raka-na-zacelju-eu\/"]}]},{"@type":"BreadcrumbList","@id":"https:\/\/aem.hr\/tanja-rudez-zasto-je-hrvatska-u-ishodima-lijecenja-raka-na-zacelju-eu\/#breadcrumb","itemListElement":[{"@type":"ListItem","position":1,"name":"Po\u010detna stranica","item":"https:\/\/aem.hr\/"},{"@type":"ListItem","position":2,"name":"Tanja Rude\u017e &#8211; Za\u0161to je Hrvatska u ishodima lije\u010denja raka na za\u010delju EU?"}]},{"@type":"WebSite","@id":"https:\/\/aem.hr\/#website","url":"https:\/\/aem.hr\/","name":"Agencija za elektroni\u010dke medije","description":"","potentialAction":[{"@type":"SearchAction","target":{"@type":"EntryPoint","urlTemplate":"https:\/\/aem.hr\/?s={search_term_string}"},"query-input":{"@type":"PropertyValueSpecification","valueRequired":true,"valueName":"search_term_string"}}],"inLanguage":"en-US"}]}},"coauthors":[],"author_meta":{"author_link":"https:\/\/aem.hr\/en\/blog\/author\/mkirac\/","display_name":"Matko Kirac"},"relative_dates":{"created":"Posted 3 months ago","modified":"Updated 3 months ago"},"absolute_dates":{"created":"Posted on 29. January 2026.","modified":"Updated on 29. January 2026."},"absolute_dates_time":{"created":"Posted on 29. January 2026. 12:52","modified":"Updated on 29. January 2026. 12:52"},"featured_img_caption":"","featured_img":false,"series_order":"","_links":{"self":[{"href":"https:\/\/aem.hr\/en\/wp-json\/wp\/v2\/pages\/24368","targetHints":{"allow":["GET"]}}],"collection":[{"href":"https:\/\/aem.hr\/en\/wp-json\/wp\/v2\/pages"}],"about":[{"href":"https:\/\/aem.hr\/en\/wp-json\/wp\/v2\/types\/page"}],"author":[{"embeddable":true,"href":"https:\/\/aem.hr\/en\/wp-json\/wp\/v2\/users\/18"}],"replies":[{"embeddable":true,"href":"https:\/\/aem.hr\/en\/wp-json\/wp\/v2\/comments?post=24368"}],"version-history":[{"count":1,"href":"https:\/\/aem.hr\/en\/wp-json\/wp\/v2\/pages\/24368\/revisions"}],"predecessor-version":[{"id":24382,"href":"https:\/\/aem.hr\/en\/wp-json\/wp\/v2\/pages\/24368\/revisions\/24382"}],"wp:attachment":[{"href":"https:\/\/aem.hr\/en\/wp-json\/wp\/v2\/media?parent=24368"}],"curies":[{"name":"wp","href":"https:\/\/api.w.org\/{rel}","templated":true}]}}