{"id":24655,"date":"2026-02-24T15:03:18","date_gmt":"2026-02-24T14:03:18","guid":{"rendered":"https:\/\/aem.hr\/?page_id=24655"},"modified":"2026-02-24T15:03:19","modified_gmt":"2026-02-24T14:03:19","slug":"petar-radanovic-posast-online-prijevara-kako-izgubiti-novac-na-internetu","status":"publish","type":"page","link":"https:\/\/aem.hr\/en\/petar-radanovic-posast-online-prijevara-kako-izgubiti-novac-na-internetu\/","title":{"rendered":"Petar Radanovi\u0107 &#8211; Po\u0161ast online prijevara: Kako izgubiti novac na internetu?"},"content":{"rendered":"\n<div class=\"wp-block-file\"><a id=\"wp-block-file--media-4ee1ff4a-e1d1-4751-a055-6a00d880b38b\" href=\"https:\/\/aem.hr\/wp-content\/uploads\/2026\/02\/1.-Naivnost-koja-ne-stari.pdf\">1. Naivnost koja ne stari<\/a><a href=\"https:\/\/aem.hr\/wp-content\/uploads\/2026\/02\/1.-Naivnost-koja-ne-stari.pdf\" class=\"wp-block-file__button wp-element-button\" download aria-describedby=\"wp-block-file--media-4ee1ff4a-e1d1-4751-a055-6a00d880b38b\">Preuzimanje<\/a><\/div>\n\n\n\n<div class=\"wp-block-file\"><a id=\"wp-block-file--media-a7d9d32a-7bab-43cf-866b-445a25a80a44\" href=\"https:\/\/aem.hr\/wp-content\/uploads\/2026\/02\/2.-Lazni-brokeri-obecanja-ogromnih-zarada.pdf\">2. La\u017eni brokeri, obe\u0107anja ogromnih zarada<\/a><a href=\"https:\/\/aem.hr\/wp-content\/uploads\/2026\/02\/2.-Lazni-brokeri-obecanja-ogromnih-zarada.pdf\" class=\"wp-block-file__button wp-element-button\" download aria-describedby=\"wp-block-file--media-a7d9d32a-7bab-43cf-866b-445a25a80a44\">Preuzimanje<\/a><\/div>\n\n\n\n<div class=\"wp-block-file\"><a id=\"wp-block-file--media-8337c2f7-953f-4c67-94ed-344e88e014fa\" href=\"https:\/\/aem.hr\/wp-content\/uploads\/2026\/02\/3.-Nigerijski-princevi-milijunska-nasljedstva.pdf\">3. Nigerijski prin\u010devi, milijunska nasljedstva<\/a><a href=\"https:\/\/aem.hr\/wp-content\/uploads\/2026\/02\/3.-Nigerijski-princevi-milijunska-nasljedstva.pdf\" class=\"wp-block-file__button wp-element-button\" download aria-describedby=\"wp-block-file--media-8337c2f7-953f-4c67-94ed-344e88e014fa\">Preuzimanje<\/a><\/div>\n\n\n\n<div class=\"wp-block-file\"><a id=\"wp-block-file--media-54c1a291-2acd-476a-a1ee-bb29dda78e4e\" href=\"https:\/\/aem.hr\/wp-content\/uploads\/2026\/02\/4.-Moze-li-se-online-prijevarama-stati.pdf\">4. Mo\u017ee li se online prijevarama stati<\/a><a href=\"https:\/\/aem.hr\/wp-content\/uploads\/2026\/02\/4.-Moze-li-se-online-prijevarama-stati.pdf\" class=\"wp-block-file__button wp-element-button\" download aria-describedby=\"wp-block-file--media-54c1a291-2acd-476a-a1ee-bb29dda78e4e\">Preuzimanje<\/a><\/div>\n\n\n\n<div class=\"wp-block-file\"><a id=\"wp-block-file--media-522e39aa-080f-46f4-b6b5-3470fa0819a6\" href=\"https:\/\/aem.hr\/wp-content\/uploads\/2026\/02\/5.-Kako-se-zastititi-i-tko-je-duzan.pdf\">5. Kako se za\u0161tititi i tko je du\u017ean<\/a><a href=\"https:\/\/aem.hr\/wp-content\/uploads\/2026\/02\/5.-Kako-se-zastititi-i-tko-je-duzan.pdf\" class=\"wp-block-file__button wp-element-button\" download aria-describedby=\"wp-block-file--media-522e39aa-080f-46f4-b6b5-3470fa0819a6\">Preuzimanje<\/a><\/div>\n\n\n\n<div class=\"wp-block-file\"><a id=\"wp-block-file--media-0c64bcb8-2860-40fd-aead-bfd345976d2a\" href=\"https:\/\/aem.hr\/wp-content\/uploads\/2026\/02\/6.-Pomozi-si-sam.pdf\">6. Pomozi si sam<\/a><a href=\"https:\/\/aem.hr\/wp-content\/uploads\/2026\/02\/6.-Pomozi-si-sam.pdf\" class=\"wp-block-file__button wp-element-button\" download aria-describedby=\"wp-block-file--media-0c64bcb8-2860-40fd-aead-bfd345976d2a\">Preuzimanje<\/a><\/div>\n","protected":false},"excerpt":{"rendered":"","protected":false},"author":18,"featured_media":0,"parent":0,"menu_order":0,"comment_status":"closed","ping_status":"closed","template":"","meta":{"_acf_changed":false,"inline_featured_image":false,"advgb_blocks_editor_width":"","advgb_blocks_columns_visual_guide":"","_links_to":"","_links_to_type":0,"footnotes":""},"class_list":["post-24655","page","type-page","status-publish","hentry"],"acf":[],"yoast_head":"<!-- This site is optimized with the Yoast SEO plugin v25.7 - https:\/\/yoast.com\/wordpress\/plugins\/seo\/ -->\n<title>Petar Radanovi\u0107 - Po\u0161ast online prijevara: Kako izgubiti novac na internetu? - Agencija za elektroni\u010dke medije<\/title>\n<meta name=\"robots\" content=\"index, follow, max-snippet:-1, max-image-preview:large, max-video-preview:-1\" \/>\n<link rel=\"canonical\" href=\"https:\/\/aem.hr\/petar-radanovic-posast-online-prijevara-kako-izgubiti-novac-na-internetu\/\" \/>\n<meta property=\"og:locale\" content=\"en_US\" \/>\n<meta property=\"og:type\" content=\"article\" \/>\n<meta property=\"og:title\" content=\"Petar Radanovi\u0107 - Po\u0161ast online prijevara: Kako izgubiti novac na internetu? - Agencija za elektroni\u010dke medije\" \/>\n<meta property=\"og:url\" content=\"https:\/\/aem.hr\/petar-radanovic-posast-online-prijevara-kako-izgubiti-novac-na-internetu\/\" \/>\n<meta property=\"og:site_name\" content=\"Agencija za elektroni\u010dke medije\" \/>\n<meta property=\"article:modified_time\" content=\"2026-02-24T14:03:19+00:00\" \/>\n<meta name=\"twitter:card\" content=\"summary_large_image\" \/>\n<meta name=\"twitter:label1\" content=\"Est. reading time\" \/>\n\t<meta name=\"twitter:data1\" content=\"1 minute\" \/>\n<script type=\"application\/ld+json\" class=\"yoast-schema-graph\">{\"@context\":\"https:\/\/schema.org\",\"@graph\":[{\"@type\":\"WebPage\",\"@id\":\"https:\/\/aem.hr\/petar-radanovic-posast-online-prijevara-kako-izgubiti-novac-na-internetu\/\",\"url\":\"https:\/\/aem.hr\/petar-radanovic-posast-online-prijevara-kako-izgubiti-novac-na-internetu\/\",\"name\":\"Petar Radanovi\u0107 - Po\u0161ast online prijevara: Kako izgubiti novac na internetu? - Agencija za elektroni\u010dke medije\",\"isPartOf\":{\"@id\":\"https:\/\/aem.hr\/#website\"},\"datePublished\":\"2026-02-24T14:03:18+00:00\",\"dateModified\":\"2026-02-24T14:03:19+00:00\",\"breadcrumb\":{\"@id\":\"https:\/\/aem.hr\/petar-radanovic-posast-online-prijevara-kako-izgubiti-novac-na-internetu\/#breadcrumb\"},\"inLanguage\":\"en-US\",\"potentialAction\":[{\"@type\":\"ReadAction\",\"target\":[\"https:\/\/aem.hr\/petar-radanovic-posast-online-prijevara-kako-izgubiti-novac-na-internetu\/\"]}]},{\"@type\":\"BreadcrumbList\",\"@id\":\"https:\/\/aem.hr\/petar-radanovic-posast-online-prijevara-kako-izgubiti-novac-na-internetu\/#breadcrumb\",\"itemListElement\":[{\"@type\":\"ListItem\",\"position\":1,\"name\":\"Po\u010detna stranica\",\"item\":\"https:\/\/aem.hr\/\"},{\"@type\":\"ListItem\",\"position\":2,\"name\":\"Petar Radanovi\u0107 &#8211; Po\u0161ast online prijevara: Kako izgubiti novac na internetu?\"}]},{\"@type\":\"WebSite\",\"@id\":\"https:\/\/aem.hr\/#website\",\"url\":\"https:\/\/aem.hr\/\",\"name\":\"Agencija za elektroni\u010dke medije\",\"description\":\"\",\"potentialAction\":[{\"@type\":\"SearchAction\",\"target\":{\"@type\":\"EntryPoint\",\"urlTemplate\":\"https:\/\/aem.hr\/?s={search_term_string}\"},\"query-input\":{\"@type\":\"PropertyValueSpecification\",\"valueRequired\":true,\"valueName\":\"search_term_string\"}}],\"inLanguage\":\"en-US\"}]}<\/script>\n<!-- \/ Yoast SEO plugin. -->","yoast_head_json":{"title":"Petar Radanovi\u0107 - Po\u0161ast online prijevara: Kako izgubiti novac na internetu? - Agencija za elektroni\u010dke medije","robots":{"index":"index","follow":"follow","max-snippet":"max-snippet:-1","max-image-preview":"max-image-preview:large","max-video-preview":"max-video-preview:-1"},"canonical":"https:\/\/aem.hr\/petar-radanovic-posast-online-prijevara-kako-izgubiti-novac-na-internetu\/","og_locale":"en_US","og_type":"article","og_title":"Petar Radanovi\u0107 - Po\u0161ast online prijevara: Kako izgubiti novac na internetu? - Agencija za elektroni\u010dke medije","og_url":"https:\/\/aem.hr\/petar-radanovic-posast-online-prijevara-kako-izgubiti-novac-na-internetu\/","og_site_name":"Agencija za elektroni\u010dke medije","article_modified_time":"2026-02-24T14:03:19+00:00","twitter_card":"summary_large_image","twitter_misc":{"Est. reading time":"1 minute"},"schema":{"@context":"https:\/\/schema.org","@graph":[{"@type":"WebPage","@id":"https:\/\/aem.hr\/petar-radanovic-posast-online-prijevara-kako-izgubiti-novac-na-internetu\/","url":"https:\/\/aem.hr\/petar-radanovic-posast-online-prijevara-kako-izgubiti-novac-na-internetu\/","name":"Petar Radanovi\u0107 - Po\u0161ast online prijevara: Kako izgubiti novac na internetu? - Agencija za elektroni\u010dke medije","isPartOf":{"@id":"https:\/\/aem.hr\/#website"},"datePublished":"2026-02-24T14:03:18+00:00","dateModified":"2026-02-24T14:03:19+00:00","breadcrumb":{"@id":"https:\/\/aem.hr\/petar-radanovic-posast-online-prijevara-kako-izgubiti-novac-na-internetu\/#breadcrumb"},"inLanguage":"en-US","potentialAction":[{"@type":"ReadAction","target":["https:\/\/aem.hr\/petar-radanovic-posast-online-prijevara-kako-izgubiti-novac-na-internetu\/"]}]},{"@type":"BreadcrumbList","@id":"https:\/\/aem.hr\/petar-radanovic-posast-online-prijevara-kako-izgubiti-novac-na-internetu\/#breadcrumb","itemListElement":[{"@type":"ListItem","position":1,"name":"Po\u010detna stranica","item":"https:\/\/aem.hr\/"},{"@type":"ListItem","position":2,"name":"Petar Radanovi\u0107 &#8211; Po\u0161ast online prijevara: Kako izgubiti novac na internetu?"}]},{"@type":"WebSite","@id":"https:\/\/aem.hr\/#website","url":"https:\/\/aem.hr\/","name":"Agencija za elektroni\u010dke medije","description":"","potentialAction":[{"@type":"SearchAction","target":{"@type":"EntryPoint","urlTemplate":"https:\/\/aem.hr\/?s={search_term_string}"},"query-input":{"@type":"PropertyValueSpecification","valueRequired":true,"valueName":"search_term_string"}}],"inLanguage":"en-US"}]}},"coauthors":[],"author_meta":{"author_link":"https:\/\/aem.hr\/en\/blog\/author\/mkirac\/","display_name":"Matko Kirac"},"relative_dates":{"created":"Posted 2 months ago","modified":"Updated 2 months ago"},"absolute_dates":{"created":"Posted on 24. February 2026.","modified":"Updated on 24. February 2026."},"absolute_dates_time":{"created":"Posted on 24. February 2026. 15:03","modified":"Updated on 24. February 2026. 15:03"},"featured_img_caption":"","featured_img":false,"series_order":"","_links":{"self":[{"href":"https:\/\/aem.hr\/en\/wp-json\/wp\/v2\/pages\/24655","targetHints":{"allow":["GET"]}}],"collection":[{"href":"https:\/\/aem.hr\/en\/wp-json\/wp\/v2\/pages"}],"about":[{"href":"https:\/\/aem.hr\/en\/wp-json\/wp\/v2\/types\/page"}],"author":[{"embeddable":true,"href":"https:\/\/aem.hr\/en\/wp-json\/wp\/v2\/users\/18"}],"replies":[{"embeddable":true,"href":"https:\/\/aem.hr\/en\/wp-json\/wp\/v2\/comments?post=24655"}],"version-history":[{"count":1,"href":"https:\/\/aem.hr\/en\/wp-json\/wp\/v2\/pages\/24655\/revisions"}],"predecessor-version":[{"id":24668,"href":"https:\/\/aem.hr\/en\/wp-json\/wp\/v2\/pages\/24655\/revisions\/24668"}],"wp:attachment":[{"href":"https:\/\/aem.hr\/en\/wp-json\/wp\/v2\/media?parent=24655"}],"curies":[{"name":"wp","href":"https:\/\/api.w.org\/{rel}","templated":true}]}}