{"id":24671,"date":"2026-02-24T15:06:22","date_gmt":"2026-02-24T14:06:22","guid":{"rendered":"https:\/\/aem.hr\/?page_id=24671"},"modified":"2026-02-24T15:06:24","modified_gmt":"2026-02-24T14:06:24","slug":"marija-lovrenc-apostolice-apostola-uloge-zene-u-zupama-i-crkvi-21-stoljeca","status":"publish","type":"page","link":"https:\/\/aem.hr\/en\/marija-lovrenc-apostolice-apostola-uloge-zene-u-zupama-i-crkvi-21-stoljeca\/","title":{"rendered":"Marija Lovrenc &#8211; APOSTOLICE APOSTOLA &#8211; Uloge \u017eene u \u017eupama i Crkvi 21. Stolje\u0107a"},"content":{"rendered":"\n<div class=\"wp-block-file\"><a id=\"wp-block-file--media-5a5544d3-24a5-465b-b48b-f3012adbb175\" href=\"https:\/\/aem.hr\/wp-content\/uploads\/2026\/02\/1.-Sto-je-zena-u-Crkvi.pdf\">1. \u0160to je \u017eena u Crkvi<\/a><a href=\"https:\/\/aem.hr\/wp-content\/uploads\/2026\/02\/1.-Sto-je-zena-u-Crkvi.pdf\" class=\"wp-block-file__button wp-element-button\" download aria-describedby=\"wp-block-file--media-5a5544d3-24a5-465b-b48b-f3012adbb175\">Preuzimanje<\/a><\/div>\n\n\n\n<div class=\"wp-block-file\"><a id=\"wp-block-file--media-cd0f42f2-0414-4783-8850-f58b3230e0c4\" href=\"https:\/\/aem.hr\/wp-content\/uploads\/2026\/02\/2.-Vjerouciteljica-Ivona-Boljevcan-pastirica-dusa.pdf\">2. Vjerou\u010diteljica Ivona Boljev\u010dan, pastirica du\u0161a<\/a><a href=\"https:\/\/aem.hr\/wp-content\/uploads\/2026\/02\/2.-Vjerouciteljica-Ivona-Boljevcan-pastirica-dusa.pdf\" class=\"wp-block-file__button wp-element-button\" download aria-describedby=\"wp-block-file--media-cd0f42f2-0414-4783-8850-f58b3230e0c4\">Preuzimanje<\/a><\/div>\n\n\n\n<div class=\"wp-block-file\"><a id=\"wp-block-file--media-a6b1840d-0cb3-426d-be64-0004a97b9829\" href=\"https:\/\/aem.hr\/wp-content\/uploads\/2026\/02\/3.-Majka-i-snaga-vjere-kada-je-najteze.pdf\">3. Majka i snaga vjere kada je najte\u017ee<\/a><a href=\"https:\/\/aem.hr\/wp-content\/uploads\/2026\/02\/3.-Majka-i-snaga-vjere-kada-je-najteze.pdf\" class=\"wp-block-file__button wp-element-button\" download aria-describedby=\"wp-block-file--media-a6b1840d-0cb3-426d-be64-0004a97b9829\">Preuzimanje<\/a><\/div>\n\n\n\n<div class=\"wp-block-file\"><a id=\"wp-block-file--media-8233047d-d5fe-4ee5-8a4b-035d93134b95\" href=\"https:\/\/aem.hr\/wp-content\/uploads\/2026\/02\/4.-Zatvorene-a-slobodne-svjedoci-klarisa.pdf\">4. Zatvorene, a slobodne, svjedo\u010di klarisa<\/a><a href=\"https:\/\/aem.hr\/wp-content\/uploads\/2026\/02\/4.-Zatvorene-a-slobodne-svjedoci-klarisa.pdf\" class=\"wp-block-file__button wp-element-button\" download aria-describedby=\"wp-block-file--media-8233047d-d5fe-4ee5-8a4b-035d93134b95\">Preuzimanje<\/a><\/div>\n\n\n\n<div class=\"wp-block-file\"><a id=\"wp-block-file--media-149c55d9-2726-4605-bb8c-b13ae309534f\" href=\"https:\/\/aem.hr\/wp-content\/uploads\/2026\/02\/5.-Silvija-Salajic-cuvarica-predmeta-i-dusi.pdf\">5. Silvija Salaji\u0107, \u010duvarica predmeta i du\u0161i<\/a><a href=\"https:\/\/aem.hr\/wp-content\/uploads\/2026\/02\/5.-Silvija-Salajic-cuvarica-predmeta-i-dusi.pdf\" class=\"wp-block-file__button wp-element-button\" download aria-describedby=\"wp-block-file--media-149c55d9-2726-4605-bb8c-b13ae309534f\">Preuzimanje<\/a><\/div>\n\n\n\n<div class=\"wp-block-file\"><a id=\"wp-block-file--media-5889e53c-f5b4-4a75-8f6b-3876a9a90ef8\" href=\"https:\/\/aem.hr\/wp-content\/uploads\/2026\/02\/6.-Nevidljive-u-crkvi-zbog-kojih-sve-opstaje.pdf\">6. Nevidljive u crkvi zbog kojih sve opstaje<\/a><a href=\"https:\/\/aem.hr\/wp-content\/uploads\/2026\/02\/6.-Nevidljive-u-crkvi-zbog-kojih-sve-opstaje.pdf\" class=\"wp-block-file__button wp-element-button\" download aria-describedby=\"wp-block-file--media-5889e53c-f5b4-4a75-8f6b-3876a9a90ef8\">Preuzimanje<\/a><\/div>\n\n\n\n<div class=\"wp-block-file\"><a id=\"wp-block-file--media-9f5c4e9c-d3b3-490e-aead-ca6da0e324ff\" href=\"https:\/\/aem.hr\/wp-content\/uploads\/2026\/02\/7.-Ana-Kufner-i-oltarnik-kao-zavjet.pdf\">7. Ana Kufner i oltarnik kao zavjet<\/a><a href=\"https:\/\/aem.hr\/wp-content\/uploads\/2026\/02\/7.-Ana-Kufner-i-oltarnik-kao-zavjet.pdf\" class=\"wp-block-file__button wp-element-button\" download aria-describedby=\"wp-block-file--media-9f5c4e9c-d3b3-490e-aead-ca6da0e324ff\">Preuzimanje<\/a><\/div>\n\n\n\n<div class=\"wp-block-file\"><a id=\"wp-block-file--media-85250b5b-670c-44ec-a9a6-5bc439a50522\" href=\"https:\/\/aem.hr\/wp-content\/uploads\/2026\/02\/8.-Muski-kut-fra-Ivica-Jagodic.pdf\">8. Mu\u0161ki kut, fra Ivica Jagodi\u0107<\/a><a href=\"https:\/\/aem.hr\/wp-content\/uploads\/2026\/02\/8.-Muski-kut-fra-Ivica-Jagodic.pdf\" class=\"wp-block-file__button wp-element-button\" download aria-describedby=\"wp-block-file--media-85250b5b-670c-44ec-a9a6-5bc439a50522\">Preuzimanje<\/a><\/div>\n\n\n\n<div class=\"wp-block-file\"><a id=\"wp-block-file--media-7b5af574-a448-4921-a9e1-8cf7fc1a7193\" href=\"https:\/\/aem.hr\/wp-content\/uploads\/2026\/02\/9.-Apostolice-Zakljucak-o.-Dalibor-Renic.pdf\">9. Apostolice, Zaklju\u010dak, o.  Dalibor Reni\u0107<\/a><a href=\"https:\/\/aem.hr\/wp-content\/uploads\/2026\/02\/9.-Apostolice-Zakljucak-o.-Dalibor-Renic.pdf\" class=\"wp-block-file__button wp-element-button\" download aria-describedby=\"wp-block-file--media-7b5af574-a448-4921-a9e1-8cf7fc1a7193\">Preuzimanje<\/a><\/div>\n","protected":false},"excerpt":{"rendered":"","protected":false},"author":18,"featured_media":0,"parent":0,"menu_order":0,"comment_status":"closed","ping_status":"closed","template":"","meta":{"_acf_changed":false,"inline_featured_image":false,"advgb_blocks_editor_width":"","advgb_blocks_columns_visual_guide":"","_links_to":"","_links_to_type":0,"footnotes":""},"class_list":["post-24671","page","type-page","status-publish","hentry"],"acf":[],"yoast_head":"<!-- This site is optimized with the Yoast SEO plugin v25.7 - https:\/\/yoast.com\/wordpress\/plugins\/seo\/ -->\n<title>Marija Lovrenc - APOSTOLICE APOSTOLA - Uloge \u017eene u \u017eupama i Crkvi 21. Stolje\u0107a - Agencija za elektroni\u010dke medije<\/title>\n<meta name=\"robots\" content=\"index, follow, max-snippet:-1, max-image-preview:large, max-video-preview:-1\" \/>\n<link rel=\"canonical\" href=\"https:\/\/aem.hr\/marija-lovrenc-apostolice-apostola-uloge-zene-u-zupama-i-crkvi-21-stoljeca\/\" \/>\n<meta property=\"og:locale\" content=\"en_US\" \/>\n<meta property=\"og:type\" content=\"article\" \/>\n<meta property=\"og:title\" content=\"Marija Lovrenc - APOSTOLICE APOSTOLA - Uloge \u017eene u \u017eupama i Crkvi 21. Stolje\u0107a - Agencija za elektroni\u010dke medije\" \/>\n<meta property=\"og:url\" content=\"https:\/\/aem.hr\/marija-lovrenc-apostolice-apostola-uloge-zene-u-zupama-i-crkvi-21-stoljeca\/\" \/>\n<meta property=\"og:site_name\" content=\"Agencija za elektroni\u010dke medije\" \/>\n<meta property=\"article:modified_time\" content=\"2026-02-24T14:06:24+00:00\" \/>\n<meta name=\"twitter:card\" content=\"summary_large_image\" \/>\n<meta name=\"twitter:label1\" content=\"Est. reading time\" \/>\n\t<meta name=\"twitter:data1\" content=\"1 minute\" \/>\n<script type=\"application\/ld+json\" class=\"yoast-schema-graph\">{\"@context\":\"https:\/\/schema.org\",\"@graph\":[{\"@type\":\"WebPage\",\"@id\":\"https:\/\/aem.hr\/marija-lovrenc-apostolice-apostola-uloge-zene-u-zupama-i-crkvi-21-stoljeca\/\",\"url\":\"https:\/\/aem.hr\/marija-lovrenc-apostolice-apostola-uloge-zene-u-zupama-i-crkvi-21-stoljeca\/\",\"name\":\"Marija Lovrenc - APOSTOLICE APOSTOLA - Uloge \u017eene u \u017eupama i Crkvi 21. Stolje\u0107a - Agencija za elektroni\u010dke medije\",\"isPartOf\":{\"@id\":\"https:\/\/aem.hr\/#website\"},\"datePublished\":\"2026-02-24T14:06:22+00:00\",\"dateModified\":\"2026-02-24T14:06:24+00:00\",\"breadcrumb\":{\"@id\":\"https:\/\/aem.hr\/marija-lovrenc-apostolice-apostola-uloge-zene-u-zupama-i-crkvi-21-stoljeca\/#breadcrumb\"},\"inLanguage\":\"en-US\",\"potentialAction\":[{\"@type\":\"ReadAction\",\"target\":[\"https:\/\/aem.hr\/marija-lovrenc-apostolice-apostola-uloge-zene-u-zupama-i-crkvi-21-stoljeca\/\"]}]},{\"@type\":\"BreadcrumbList\",\"@id\":\"https:\/\/aem.hr\/marija-lovrenc-apostolice-apostola-uloge-zene-u-zupama-i-crkvi-21-stoljeca\/#breadcrumb\",\"itemListElement\":[{\"@type\":\"ListItem\",\"position\":1,\"name\":\"Po\u010detna stranica\",\"item\":\"https:\/\/aem.hr\/\"},{\"@type\":\"ListItem\",\"position\":2,\"name\":\"Marija Lovrenc &#8211; APOSTOLICE APOSTOLA &#8211; Uloge \u017eene u \u017eupama i Crkvi 21. Stolje\u0107a\"}]},{\"@type\":\"WebSite\",\"@id\":\"https:\/\/aem.hr\/#website\",\"url\":\"https:\/\/aem.hr\/\",\"name\":\"Agencija za elektroni\u010dke medije\",\"description\":\"\",\"potentialAction\":[{\"@type\":\"SearchAction\",\"target\":{\"@type\":\"EntryPoint\",\"urlTemplate\":\"https:\/\/aem.hr\/?s={search_term_string}\"},\"query-input\":{\"@type\":\"PropertyValueSpecification\",\"valueRequired\":true,\"valueName\":\"search_term_string\"}}],\"inLanguage\":\"en-US\"}]}<\/script>\n<!-- \/ Yoast SEO plugin. -->","yoast_head_json":{"title":"Marija Lovrenc - APOSTOLICE APOSTOLA - Uloge \u017eene u \u017eupama i Crkvi 21. Stolje\u0107a - Agencija za elektroni\u010dke medije","robots":{"index":"index","follow":"follow","max-snippet":"max-snippet:-1","max-image-preview":"max-image-preview:large","max-video-preview":"max-video-preview:-1"},"canonical":"https:\/\/aem.hr\/marija-lovrenc-apostolice-apostola-uloge-zene-u-zupama-i-crkvi-21-stoljeca\/","og_locale":"en_US","og_type":"article","og_title":"Marija Lovrenc - APOSTOLICE APOSTOLA - Uloge \u017eene u \u017eupama i Crkvi 21. Stolje\u0107a - Agencija za elektroni\u010dke medije","og_url":"https:\/\/aem.hr\/marija-lovrenc-apostolice-apostola-uloge-zene-u-zupama-i-crkvi-21-stoljeca\/","og_site_name":"Agencija za elektroni\u010dke medije","article_modified_time":"2026-02-24T14:06:24+00:00","twitter_card":"summary_large_image","twitter_misc":{"Est. reading time":"1 minute"},"schema":{"@context":"https:\/\/schema.org","@graph":[{"@type":"WebPage","@id":"https:\/\/aem.hr\/marija-lovrenc-apostolice-apostola-uloge-zene-u-zupama-i-crkvi-21-stoljeca\/","url":"https:\/\/aem.hr\/marija-lovrenc-apostolice-apostola-uloge-zene-u-zupama-i-crkvi-21-stoljeca\/","name":"Marija Lovrenc - APOSTOLICE APOSTOLA - Uloge \u017eene u \u017eupama i Crkvi 21. Stolje\u0107a - Agencija za elektroni\u010dke medije","isPartOf":{"@id":"https:\/\/aem.hr\/#website"},"datePublished":"2026-02-24T14:06:22+00:00","dateModified":"2026-02-24T14:06:24+00:00","breadcrumb":{"@id":"https:\/\/aem.hr\/marija-lovrenc-apostolice-apostola-uloge-zene-u-zupama-i-crkvi-21-stoljeca\/#breadcrumb"},"inLanguage":"en-US","potentialAction":[{"@type":"ReadAction","target":["https:\/\/aem.hr\/marija-lovrenc-apostolice-apostola-uloge-zene-u-zupama-i-crkvi-21-stoljeca\/"]}]},{"@type":"BreadcrumbList","@id":"https:\/\/aem.hr\/marija-lovrenc-apostolice-apostola-uloge-zene-u-zupama-i-crkvi-21-stoljeca\/#breadcrumb","itemListElement":[{"@type":"ListItem","position":1,"name":"Po\u010detna stranica","item":"https:\/\/aem.hr\/"},{"@type":"ListItem","position":2,"name":"Marija Lovrenc &#8211; APOSTOLICE APOSTOLA &#8211; Uloge \u017eene u \u017eupama i Crkvi 21. Stolje\u0107a"}]},{"@type":"WebSite","@id":"https:\/\/aem.hr\/#website","url":"https:\/\/aem.hr\/","name":"Agencija za elektroni\u010dke medije","description":"","potentialAction":[{"@type":"SearchAction","target":{"@type":"EntryPoint","urlTemplate":"https:\/\/aem.hr\/?s={search_term_string}"},"query-input":{"@type":"PropertyValueSpecification","valueRequired":true,"valueName":"search_term_string"}}],"inLanguage":"en-US"}]}},"coauthors":[],"author_meta":{"author_link":"https:\/\/aem.hr\/en\/blog\/author\/mkirac\/","display_name":"Matko Kirac"},"relative_dates":{"created":"Posted 2 months ago","modified":"Updated 2 months ago"},"absolute_dates":{"created":"Posted on 24. February 2026.","modified":"Updated on 24. February 2026."},"absolute_dates_time":{"created":"Posted on 24. February 2026. 15:06","modified":"Updated on 24. February 2026. 15:06"},"featured_img_caption":"","featured_img":false,"series_order":"","_links":{"self":[{"href":"https:\/\/aem.hr\/en\/wp-json\/wp\/v2\/pages\/24671","targetHints":{"allow":["GET"]}}],"collection":[{"href":"https:\/\/aem.hr\/en\/wp-json\/wp\/v2\/pages"}],"about":[{"href":"https:\/\/aem.hr\/en\/wp-json\/wp\/v2\/types\/page"}],"author":[{"embeddable":true,"href":"https:\/\/aem.hr\/en\/wp-json\/wp\/v2\/users\/18"}],"replies":[{"embeddable":true,"href":"https:\/\/aem.hr\/en\/wp-json\/wp\/v2\/comments?post=24671"}],"version-history":[{"count":1,"href":"https:\/\/aem.hr\/en\/wp-json\/wp\/v2\/pages\/24671\/revisions"}],"predecessor-version":[{"id":24691,"href":"https:\/\/aem.hr\/en\/wp-json\/wp\/v2\/pages\/24671\/revisions\/24691"}],"wp:attachment":[{"href":"https:\/\/aem.hr\/en\/wp-json\/wp\/v2\/media?parent=24671"}],"curies":[{"name":"wp","href":"https:\/\/api.w.org\/{rel}","templated":true}]}}