{"id":24723,"date":"2026-02-24T15:14:11","date_gmt":"2026-02-24T14:14:11","guid":{"rendered":"https:\/\/aem.hr\/?page_id=24723"},"modified":"2026-02-24T15:14:12","modified_gmt":"2026-02-24T14:14:12","slug":"mirjana-grahovac-zivot-s-umjetnom-puznicom","status":"publish","type":"page","link":"https:\/\/aem.hr\/en\/mirjana-grahovac-zivot-s-umjetnom-puznicom\/","title":{"rendered":"Mirjana Grahovac &#8211; \u017divot s umjetnom pu\u017enicom"},"content":{"rendered":"\n<div class=\"wp-block-file\"><a id=\"wp-block-file--media-bb3d8605-8afe-494a-8a45-389907aadc4f\" href=\"https:\/\/aem.hr\/wp-content\/uploads\/2026\/02\/1.-Zivot-koji-vise-nije-okruzen-tisinom.pdf\">1. Zivot koji vi\u0161e nije okru\u017een tisinom<\/a><a href=\"https:\/\/aem.hr\/wp-content\/uploads\/2026\/02\/1.-Zivot-koji-vise-nije-okruzen-tisinom.pdf\" class=\"wp-block-file__button wp-element-button\" download aria-describedby=\"wp-block-file--media-bb3d8605-8afe-494a-8a45-389907aadc4f\">Preuzimanje<\/a><\/div>\n\n\n\n<div class=\"wp-block-file\"><a id=\"wp-block-file--media-16450eb3-8b12-44b4-9682-d7b35b552030\" href=\"https:\/\/aem.hr\/wp-content\/uploads\/2026\/02\/2.-Akcija-koja-je-ujedinila-Hrvatsku.pdf\">2. Akcija koja je ujedinila Hrvatsku<\/a><a href=\"https:\/\/aem.hr\/wp-content\/uploads\/2026\/02\/2.-Akcija-koja-je-ujedinila-Hrvatsku.pdf\" class=\"wp-block-file__button wp-element-button\" download aria-describedby=\"wp-block-file--media-16450eb3-8b12-44b4-9682-d7b35b552030\">Preuzimanje<\/a><\/div>\n\n\n\n<div class=\"wp-block-file\"><a id=\"wp-block-file--media-18e2b41f-8713-4277-b036-d2e5b6742e98\" href=\"https:\/\/aem.hr\/wp-content\/uploads\/2026\/02\/3.-Gdje-je-danas-Anamarija-iz-svijeta-zvukova.pdf\">3. Gdje je danas Anamarija iz svijeta zvukova<\/a><a href=\"https:\/\/aem.hr\/wp-content\/uploads\/2026\/02\/3.-Gdje-je-danas-Anamarija-iz-svijeta-zvukova.pdf\" class=\"wp-block-file__button wp-element-button\" download aria-describedby=\"wp-block-file--media-18e2b41f-8713-4277-b036-d2e5b6742e98\">Preuzimanje<\/a><\/div>\n\n\n\n<div class=\"wp-block-file\"><a id=\"wp-block-file--media-2c8d0fa7-6c1c-431f-9841-981ba2f76db4\" href=\"https:\/\/aem.hr\/wp-content\/uploads\/2026\/02\/4.-30-godina-od-prve-operacije-u-hrvatskoj.pdf\">4. 30-godina-od-prve-operacije-u-hrvatskoj<\/a><a href=\"https:\/\/aem.hr\/wp-content\/uploads\/2026\/02\/4.-30-godina-od-prve-operacije-u-hrvatskoj.pdf\" class=\"wp-block-file__button wp-element-button\" download aria-describedby=\"wp-block-file--media-2c8d0fa7-6c1c-431f-9841-981ba2f76db4\">Preuzimanje<\/a><\/div>\n\n\n\n<div class=\"wp-block-file\"><a id=\"wp-block-file--media-0d9afe01-9bb7-43fd-b1c5-712927168083\" href=\"https:\/\/aem.hr\/wp-content\/uploads\/2026\/02\/5.-majin-zivot-s-umjetnom-puznicom.pdf\">5. majin \u017eivot s umjetnom pu\u017enicom<\/a><a href=\"https:\/\/aem.hr\/wp-content\/uploads\/2026\/02\/5.-majin-zivot-s-umjetnom-puznicom.pdf\" class=\"wp-block-file__button wp-element-button\" download aria-describedby=\"wp-block-file--media-0d9afe01-9bb7-43fd-b1c5-712927168083\">Preuzimanje<\/a><\/div>\n\n\n\n<div class=\"wp-block-file\"><a id=\"wp-block-file--media-c9e9fe8a-e6c0-40ae-ada1-15aa10c5a05e\" href=\"https:\/\/aem.hr\/wp-content\/uploads\/2026\/02\/6.-Rehabilitacija-nakon-ugradnje-umjetne-puznice.pdf\">6. Rehabilitacija nakon ugradnje umjetne pu\u017enice<\/a><a href=\"https:\/\/aem.hr\/wp-content\/uploads\/2026\/02\/6.-Rehabilitacija-nakon-ugradnje-umjetne-puznice.pdf\" class=\"wp-block-file__button wp-element-button\" download aria-describedby=\"wp-block-file--media-c9e9fe8a-e6c0-40ae-ada1-15aa10c5a05e\">Preuzimanje<\/a><\/div>\n\n\n\n<div class=\"wp-block-file\"><a id=\"wp-block-file--media-ec88cac2-1dd9-4fef-aa96-fe539c95ced2\" href=\"https:\/\/aem.hr\/wp-content\/uploads\/2026\/02\/7.-Nove-generacije-umjetnih-puznica.pdf\">7. Nove generacije umjetnih pu\u017enica<\/a><a href=\"https:\/\/aem.hr\/wp-content\/uploads\/2026\/02\/7.-Nove-generacije-umjetnih-puznica.pdf\" class=\"wp-block-file__button wp-element-button\" download aria-describedby=\"wp-block-file--media-ec88cac2-1dd9-4fef-aa96-fe539c95ced2\">Preuzimanje<\/a><\/div>\n","protected":false},"excerpt":{"rendered":"","protected":false},"author":18,"featured_media":0,"parent":0,"menu_order":0,"comment_status":"closed","ping_status":"closed","template":"","meta":{"_acf_changed":false,"inline_featured_image":false,"advgb_blocks_editor_width":"","advgb_blocks_columns_visual_guide":"","_links_to":"","_links_to_type":0,"footnotes":""},"class_list":["post-24723","page","type-page","status-publish","hentry"],"acf":[],"yoast_head":"<!-- This site is optimized with the Yoast SEO plugin v25.7 - https:\/\/yoast.com\/wordpress\/plugins\/seo\/ -->\n<title>Mirjana Grahovac - \u017divot s umjetnom pu\u017enicom - Agencija za elektroni\u010dke medije<\/title>\n<meta name=\"robots\" content=\"index, follow, max-snippet:-1, max-image-preview:large, max-video-preview:-1\" \/>\n<link rel=\"canonical\" href=\"https:\/\/aem.hr\/mirjana-grahovac-zivot-s-umjetnom-puznicom\/\" \/>\n<meta property=\"og:locale\" content=\"en_US\" \/>\n<meta property=\"og:type\" content=\"article\" \/>\n<meta property=\"og:title\" content=\"Mirjana Grahovac - \u017divot s umjetnom pu\u017enicom - Agencija za elektroni\u010dke medije\" \/>\n<meta property=\"og:url\" content=\"https:\/\/aem.hr\/mirjana-grahovac-zivot-s-umjetnom-puznicom\/\" \/>\n<meta property=\"og:site_name\" content=\"Agencija za elektroni\u010dke medije\" \/>\n<meta property=\"article:modified_time\" content=\"2026-02-24T14:14:12+00:00\" \/>\n<meta name=\"twitter:card\" content=\"summary_large_image\" \/>\n<meta name=\"twitter:label1\" content=\"Est. reading time\" \/>\n\t<meta name=\"twitter:data1\" content=\"1 minute\" \/>\n<script type=\"application\/ld+json\" class=\"yoast-schema-graph\">{\"@context\":\"https:\/\/schema.org\",\"@graph\":[{\"@type\":\"WebPage\",\"@id\":\"https:\/\/aem.hr\/mirjana-grahovac-zivot-s-umjetnom-puznicom\/\",\"url\":\"https:\/\/aem.hr\/mirjana-grahovac-zivot-s-umjetnom-puznicom\/\",\"name\":\"Mirjana Grahovac - \u017divot s umjetnom pu\u017enicom - Agencija za elektroni\u010dke medije\",\"isPartOf\":{\"@id\":\"https:\/\/aem.hr\/#website\"},\"datePublished\":\"2026-02-24T14:14:11+00:00\",\"dateModified\":\"2026-02-24T14:14:12+00:00\",\"breadcrumb\":{\"@id\":\"https:\/\/aem.hr\/mirjana-grahovac-zivot-s-umjetnom-puznicom\/#breadcrumb\"},\"inLanguage\":\"en-US\",\"potentialAction\":[{\"@type\":\"ReadAction\",\"target\":[\"https:\/\/aem.hr\/mirjana-grahovac-zivot-s-umjetnom-puznicom\/\"]}]},{\"@type\":\"BreadcrumbList\",\"@id\":\"https:\/\/aem.hr\/mirjana-grahovac-zivot-s-umjetnom-puznicom\/#breadcrumb\",\"itemListElement\":[{\"@type\":\"ListItem\",\"position\":1,\"name\":\"Po\u010detna stranica\",\"item\":\"https:\/\/aem.hr\/\"},{\"@type\":\"ListItem\",\"position\":2,\"name\":\"Mirjana Grahovac &#8211; \u017divot s umjetnom pu\u017enicom\"}]},{\"@type\":\"WebSite\",\"@id\":\"https:\/\/aem.hr\/#website\",\"url\":\"https:\/\/aem.hr\/\",\"name\":\"Agencija za elektroni\u010dke medije\",\"description\":\"\",\"potentialAction\":[{\"@type\":\"SearchAction\",\"target\":{\"@type\":\"EntryPoint\",\"urlTemplate\":\"https:\/\/aem.hr\/?s={search_term_string}\"},\"query-input\":{\"@type\":\"PropertyValueSpecification\",\"valueRequired\":true,\"valueName\":\"search_term_string\"}}],\"inLanguage\":\"en-US\"}]}<\/script>\n<!-- \/ Yoast SEO plugin. -->","yoast_head_json":{"title":"Mirjana Grahovac - \u017divot s umjetnom pu\u017enicom - Agencija za elektroni\u010dke medije","robots":{"index":"index","follow":"follow","max-snippet":"max-snippet:-1","max-image-preview":"max-image-preview:large","max-video-preview":"max-video-preview:-1"},"canonical":"https:\/\/aem.hr\/mirjana-grahovac-zivot-s-umjetnom-puznicom\/","og_locale":"en_US","og_type":"article","og_title":"Mirjana Grahovac - \u017divot s umjetnom pu\u017enicom - Agencija za elektroni\u010dke medije","og_url":"https:\/\/aem.hr\/mirjana-grahovac-zivot-s-umjetnom-puznicom\/","og_site_name":"Agencija za elektroni\u010dke medije","article_modified_time":"2026-02-24T14:14:12+00:00","twitter_card":"summary_large_image","twitter_misc":{"Est. reading time":"1 minute"},"schema":{"@context":"https:\/\/schema.org","@graph":[{"@type":"WebPage","@id":"https:\/\/aem.hr\/mirjana-grahovac-zivot-s-umjetnom-puznicom\/","url":"https:\/\/aem.hr\/mirjana-grahovac-zivot-s-umjetnom-puznicom\/","name":"Mirjana Grahovac - \u017divot s umjetnom pu\u017enicom - Agencija za elektroni\u010dke medije","isPartOf":{"@id":"https:\/\/aem.hr\/#website"},"datePublished":"2026-02-24T14:14:11+00:00","dateModified":"2026-02-24T14:14:12+00:00","breadcrumb":{"@id":"https:\/\/aem.hr\/mirjana-grahovac-zivot-s-umjetnom-puznicom\/#breadcrumb"},"inLanguage":"en-US","potentialAction":[{"@type":"ReadAction","target":["https:\/\/aem.hr\/mirjana-grahovac-zivot-s-umjetnom-puznicom\/"]}]},{"@type":"BreadcrumbList","@id":"https:\/\/aem.hr\/mirjana-grahovac-zivot-s-umjetnom-puznicom\/#breadcrumb","itemListElement":[{"@type":"ListItem","position":1,"name":"Po\u010detna stranica","item":"https:\/\/aem.hr\/"},{"@type":"ListItem","position":2,"name":"Mirjana Grahovac &#8211; \u017divot s umjetnom pu\u017enicom"}]},{"@type":"WebSite","@id":"https:\/\/aem.hr\/#website","url":"https:\/\/aem.hr\/","name":"Agencija za elektroni\u010dke medije","description":"","potentialAction":[{"@type":"SearchAction","target":{"@type":"EntryPoint","urlTemplate":"https:\/\/aem.hr\/?s={search_term_string}"},"query-input":{"@type":"PropertyValueSpecification","valueRequired":true,"valueName":"search_term_string"}}],"inLanguage":"en-US"}]}},"coauthors":[],"author_meta":{"author_link":"https:\/\/aem.hr\/en\/blog\/author\/mkirac\/","display_name":"Matko Kirac"},"relative_dates":{"created":"Posted 2 months ago","modified":"Updated 2 months ago"},"absolute_dates":{"created":"Posted on 24. February 2026.","modified":"Updated on 24. February 2026."},"absolute_dates_time":{"created":"Posted on 24. February 2026. 15:14","modified":"Updated on 24. February 2026. 15:14"},"featured_img_caption":"","featured_img":false,"series_order":"","_links":{"self":[{"href":"https:\/\/aem.hr\/en\/wp-json\/wp\/v2\/pages\/24723","targetHints":{"allow":["GET"]}}],"collection":[{"href":"https:\/\/aem.hr\/en\/wp-json\/wp\/v2\/pages"}],"about":[{"href":"https:\/\/aem.hr\/en\/wp-json\/wp\/v2\/types\/page"}],"author":[{"embeddable":true,"href":"https:\/\/aem.hr\/en\/wp-json\/wp\/v2\/users\/18"}],"replies":[{"embeddable":true,"href":"https:\/\/aem.hr\/en\/wp-json\/wp\/v2\/comments?post=24723"}],"version-history":[{"count":1,"href":"https:\/\/aem.hr\/en\/wp-json\/wp\/v2\/pages\/24723\/revisions"}],"predecessor-version":[{"id":24738,"href":"https:\/\/aem.hr\/en\/wp-json\/wp\/v2\/pages\/24723\/revisions\/24738"}],"wp:attachment":[{"href":"https:\/\/aem.hr\/en\/wp-json\/wp\/v2\/media?parent=24723"}],"curies":[{"name":"wp","href":"https:\/\/api.w.org\/{rel}","templated":true}]}}