{"id":24758,"date":"2026-02-25T12:14:37","date_gmt":"2026-02-25T11:14:37","guid":{"rendered":"https:\/\/aem.hr\/?page_id=24758"},"modified":"2026-02-25T12:14:39","modified_gmt":"2026-02-25T11:14:39","slug":"boris-postnikov-hrvatske-spisateljice-i-pisci-na-drustvenim-mrezama","status":"publish","type":"page","link":"https:\/\/aem.hr\/en\/boris-postnikov-hrvatske-spisateljice-i-pisci-na-drustvenim-mrezama\/","title":{"rendered":"Boris Postnikov &#8211; Hrvatske spisateljice i pisci na dru\u0161tvenim mre\u017eama"},"content":{"rendered":"\n<div class=\"wp-block-file\"><a id=\"wp-block-file--media-285775b9-1f27-4b62-9ce8-c4941d7bf5cc\" href=\"https:\/\/aem.hr\/wp-content\/uploads\/2026\/02\/1.-Drustvene-mreze_-osveta-Autora.pdf\">1. Dru\u0161tvene mre\u017ee_ osveta Autora<\/a><a href=\"https:\/\/aem.hr\/wp-content\/uploads\/2026\/02\/1.-Drustvene-mreze_-osveta-Autora.pdf\" class=\"wp-block-file__button wp-element-button\" download aria-describedby=\"wp-block-file--media-285775b9-1f27-4b62-9ce8-c4941d7bf5cc\">Preuzimanje<\/a><\/div>\n\n\n\n<div class=\"wp-block-file\"><a id=\"wp-block-file--media-b3f2647e-e794-40e8-b3db-eae061740628\" href=\"https:\/\/aem.hr\/wp-content\/uploads\/2026\/02\/2.-Knjizevna-Groupie_-od-skandala-do-Nacionala.pdf\">2. Knji\u017eevna Groupie_ od skandala do Nacionala<\/a><a href=\"https:\/\/aem.hr\/wp-content\/uploads\/2026\/02\/2.-Knjizevna-Groupie_-od-skandala-do-Nacionala.pdf\" class=\"wp-block-file__button wp-element-button\" download aria-describedby=\"wp-block-file--media-b3f2647e-e794-40e8-b3db-eae061740628\">Preuzimanje<\/a><\/div>\n\n\n\n<div class=\"wp-block-file\"><a id=\"wp-block-file--media-b7efbd8b-ee3f-4a09-a904-5aa1d6c451f4\" href=\"https:\/\/aem.hr\/wp-content\/uploads\/2026\/02\/3.-Deset-godina-Odvaljivanja.pdf\">3. Deset godina Odvaljivanja<\/a><a href=\"https:\/\/aem.hr\/wp-content\/uploads\/2026\/02\/3.-Deset-godina-Odvaljivanja.pdf\" class=\"wp-block-file__button wp-element-button\" download aria-describedby=\"wp-block-file--media-b7efbd8b-ee3f-4a09-a904-5aa1d6c451f4\">Preuzimanje<\/a><\/div>\n\n\n\n<div class=\"wp-block-file\"><a id=\"wp-block-file--media-dee188f4-3ec6-4f18-9d95-7b010391c8c7\" href=\"https:\/\/aem.hr\/wp-content\/uploads\/2026\/02\/4.-Knjizevnost-na-drustvenim-mrezama.pdf\">4. Knji\u017eevnost na dru\u0161tvenim mre\u017eama<\/a><a href=\"https:\/\/aem.hr\/wp-content\/uploads\/2026\/02\/4.-Knjizevnost-na-drustvenim-mrezama.pdf\" class=\"wp-block-file__button wp-element-button\" download aria-describedby=\"wp-block-file--media-dee188f4-3ec6-4f18-9d95-7b010391c8c7\">Preuzimanje<\/a><\/div>\n\n\n\n<div class=\"wp-block-file\"><a id=\"wp-block-file--media-ff09e9d7-8415-47cb-914a-7bbdfa9ba12d\" href=\"https:\/\/aem.hr\/wp-content\/uploads\/2026\/02\/5.-Seksisti-na-friend-listi.pdf\">5. Seksisti na friend listi<\/a><a href=\"https:\/\/aem.hr\/wp-content\/uploads\/2026\/02\/5.-Seksisti-na-friend-listi.pdf\" class=\"wp-block-file__button wp-element-button\" download aria-describedby=\"wp-block-file--media-ff09e9d7-8415-47cb-914a-7bbdfa9ba12d\">Preuzimanje<\/a><\/div>\n\n\n\n<div class=\"wp-block-file\"><a id=\"wp-block-file--media-9d25e5b6-b812-40b8-962c-94a8d6dbf6e1\" href=\"https:\/\/aem.hr\/wp-content\/uploads\/2026\/02\/6.-Knjizevna-kritika-protiv-algoritama.pdf\">6. Knji\u017eevna kritika protiv algoritama<\/a><a href=\"https:\/\/aem.hr\/wp-content\/uploads\/2026\/02\/6.-Knjizevna-kritika-protiv-algoritama.pdf\" class=\"wp-block-file__button wp-element-button\" download aria-describedby=\"wp-block-file--media-9d25e5b6-b812-40b8-962c-94a8d6dbf6e1\">Preuzimanje<\/a><\/div>\n","protected":false},"excerpt":{"rendered":"","protected":false},"author":18,"featured_media":0,"parent":0,"menu_order":0,"comment_status":"closed","ping_status":"closed","template":"","meta":{"_acf_changed":false,"inline_featured_image":false,"advgb_blocks_editor_width":"","advgb_blocks_columns_visual_guide":"","_links_to":"","_links_to_type":0,"footnotes":""},"class_list":["post-24758","page","type-page","status-publish","hentry"],"acf":[],"yoast_head":"<!-- This site is optimized with the Yoast SEO plugin v25.7 - https:\/\/yoast.com\/wordpress\/plugins\/seo\/ -->\n<title>Boris Postnikov - Hrvatske spisateljice i pisci na dru\u0161tvenim mre\u017eama - Agencija za elektroni\u010dke medije<\/title>\n<meta name=\"robots\" content=\"index, follow, max-snippet:-1, max-image-preview:large, max-video-preview:-1\" \/>\n<link rel=\"canonical\" href=\"https:\/\/aem.hr\/boris-postnikov-hrvatske-spisateljice-i-pisci-na-drustvenim-mrezama\/\" \/>\n<meta property=\"og:locale\" content=\"en_US\" \/>\n<meta property=\"og:type\" content=\"article\" \/>\n<meta property=\"og:title\" content=\"Boris Postnikov - Hrvatske spisateljice i pisci na dru\u0161tvenim mre\u017eama - Agencija za elektroni\u010dke medije\" \/>\n<meta property=\"og:url\" content=\"https:\/\/aem.hr\/boris-postnikov-hrvatske-spisateljice-i-pisci-na-drustvenim-mrezama\/\" \/>\n<meta property=\"og:site_name\" content=\"Agencija za elektroni\u010dke medije\" \/>\n<meta property=\"article:modified_time\" content=\"2026-02-25T11:14:39+00:00\" \/>\n<meta name=\"twitter:card\" content=\"summary_large_image\" \/>\n<meta name=\"twitter:label1\" content=\"Est. reading time\" \/>\n\t<meta name=\"twitter:data1\" content=\"1 minute\" \/>\n<script type=\"application\/ld+json\" class=\"yoast-schema-graph\">{\"@context\":\"https:\/\/schema.org\",\"@graph\":[{\"@type\":\"WebPage\",\"@id\":\"https:\/\/aem.hr\/boris-postnikov-hrvatske-spisateljice-i-pisci-na-drustvenim-mrezama\/\",\"url\":\"https:\/\/aem.hr\/boris-postnikov-hrvatske-spisateljice-i-pisci-na-drustvenim-mrezama\/\",\"name\":\"Boris Postnikov - Hrvatske spisateljice i pisci na dru\u0161tvenim mre\u017eama - Agencija za elektroni\u010dke medije\",\"isPartOf\":{\"@id\":\"https:\/\/aem.hr\/#website\"},\"datePublished\":\"2026-02-25T11:14:37+00:00\",\"dateModified\":\"2026-02-25T11:14:39+00:00\",\"breadcrumb\":{\"@id\":\"https:\/\/aem.hr\/boris-postnikov-hrvatske-spisateljice-i-pisci-na-drustvenim-mrezama\/#breadcrumb\"},\"inLanguage\":\"en-US\",\"potentialAction\":[{\"@type\":\"ReadAction\",\"target\":[\"https:\/\/aem.hr\/boris-postnikov-hrvatske-spisateljice-i-pisci-na-drustvenim-mrezama\/\"]}]},{\"@type\":\"BreadcrumbList\",\"@id\":\"https:\/\/aem.hr\/boris-postnikov-hrvatske-spisateljice-i-pisci-na-drustvenim-mrezama\/#breadcrumb\",\"itemListElement\":[{\"@type\":\"ListItem\",\"position\":1,\"name\":\"Po\u010detna stranica\",\"item\":\"https:\/\/aem.hr\/\"},{\"@type\":\"ListItem\",\"position\":2,\"name\":\"Boris Postnikov &#8211; Hrvatske spisateljice i pisci na dru\u0161tvenim mre\u017eama\"}]},{\"@type\":\"WebSite\",\"@id\":\"https:\/\/aem.hr\/#website\",\"url\":\"https:\/\/aem.hr\/\",\"name\":\"Agencija za elektroni\u010dke medije\",\"description\":\"\",\"potentialAction\":[{\"@type\":\"SearchAction\",\"target\":{\"@type\":\"EntryPoint\",\"urlTemplate\":\"https:\/\/aem.hr\/?s={search_term_string}\"},\"query-input\":{\"@type\":\"PropertyValueSpecification\",\"valueRequired\":true,\"valueName\":\"search_term_string\"}}],\"inLanguage\":\"en-US\"}]}<\/script>\n<!-- \/ Yoast SEO plugin. -->","yoast_head_json":{"title":"Boris Postnikov - Hrvatske spisateljice i pisci na dru\u0161tvenim mre\u017eama - Agencija za elektroni\u010dke medije","robots":{"index":"index","follow":"follow","max-snippet":"max-snippet:-1","max-image-preview":"max-image-preview:large","max-video-preview":"max-video-preview:-1"},"canonical":"https:\/\/aem.hr\/boris-postnikov-hrvatske-spisateljice-i-pisci-na-drustvenim-mrezama\/","og_locale":"en_US","og_type":"article","og_title":"Boris Postnikov - Hrvatske spisateljice i pisci na dru\u0161tvenim mre\u017eama - Agencija za elektroni\u010dke medije","og_url":"https:\/\/aem.hr\/boris-postnikov-hrvatske-spisateljice-i-pisci-na-drustvenim-mrezama\/","og_site_name":"Agencija za elektroni\u010dke medije","article_modified_time":"2026-02-25T11:14:39+00:00","twitter_card":"summary_large_image","twitter_misc":{"Est. reading time":"1 minute"},"schema":{"@context":"https:\/\/schema.org","@graph":[{"@type":"WebPage","@id":"https:\/\/aem.hr\/boris-postnikov-hrvatske-spisateljice-i-pisci-na-drustvenim-mrezama\/","url":"https:\/\/aem.hr\/boris-postnikov-hrvatske-spisateljice-i-pisci-na-drustvenim-mrezama\/","name":"Boris Postnikov - Hrvatske spisateljice i pisci na dru\u0161tvenim mre\u017eama - Agencija za elektroni\u010dke medije","isPartOf":{"@id":"https:\/\/aem.hr\/#website"},"datePublished":"2026-02-25T11:14:37+00:00","dateModified":"2026-02-25T11:14:39+00:00","breadcrumb":{"@id":"https:\/\/aem.hr\/boris-postnikov-hrvatske-spisateljice-i-pisci-na-drustvenim-mrezama\/#breadcrumb"},"inLanguage":"en-US","potentialAction":[{"@type":"ReadAction","target":["https:\/\/aem.hr\/boris-postnikov-hrvatske-spisateljice-i-pisci-na-drustvenim-mrezama\/"]}]},{"@type":"BreadcrumbList","@id":"https:\/\/aem.hr\/boris-postnikov-hrvatske-spisateljice-i-pisci-na-drustvenim-mrezama\/#breadcrumb","itemListElement":[{"@type":"ListItem","position":1,"name":"Po\u010detna stranica","item":"https:\/\/aem.hr\/"},{"@type":"ListItem","position":2,"name":"Boris Postnikov &#8211; Hrvatske spisateljice i pisci na dru\u0161tvenim mre\u017eama"}]},{"@type":"WebSite","@id":"https:\/\/aem.hr\/#website","url":"https:\/\/aem.hr\/","name":"Agencija za elektroni\u010dke medije","description":"","potentialAction":[{"@type":"SearchAction","target":{"@type":"EntryPoint","urlTemplate":"https:\/\/aem.hr\/?s={search_term_string}"},"query-input":{"@type":"PropertyValueSpecification","valueRequired":true,"valueName":"search_term_string"}}],"inLanguage":"en-US"}]}},"coauthors":[],"author_meta":{"author_link":"https:\/\/aem.hr\/en\/blog\/author\/mkirac\/","display_name":"Matko Kirac"},"relative_dates":{"created":"Posted 2 months ago","modified":"Updated 2 months ago"},"absolute_dates":{"created":"Posted on 25. February 2026.","modified":"Updated on 25. February 2026."},"absolute_dates_time":{"created":"Posted on 25. February 2026. 12:14","modified":"Updated on 25. February 2026. 12:14"},"featured_img_caption":"","featured_img":false,"series_order":"","_links":{"self":[{"href":"https:\/\/aem.hr\/en\/wp-json\/wp\/v2\/pages\/24758","targetHints":{"allow":["GET"]}}],"collection":[{"href":"https:\/\/aem.hr\/en\/wp-json\/wp\/v2\/pages"}],"about":[{"href":"https:\/\/aem.hr\/en\/wp-json\/wp\/v2\/types\/page"}],"author":[{"embeddable":true,"href":"https:\/\/aem.hr\/en\/wp-json\/wp\/v2\/users\/18"}],"replies":[{"embeddable":true,"href":"https:\/\/aem.hr\/en\/wp-json\/wp\/v2\/comments?post=24758"}],"version-history":[{"count":1,"href":"https:\/\/aem.hr\/en\/wp-json\/wp\/v2\/pages\/24758\/revisions"}],"predecessor-version":[{"id":24773,"href":"https:\/\/aem.hr\/en\/wp-json\/wp\/v2\/pages\/24758\/revisions\/24773"}],"wp:attachment":[{"href":"https:\/\/aem.hr\/en\/wp-json\/wp\/v2\/media?parent=24758"}],"curies":[{"name":"wp","href":"https:\/\/api.w.org\/{rel}","templated":true}]}}