{"id":24775,"date":"2026-02-25T12:16:06","date_gmt":"2026-02-25T11:16:06","guid":{"rendered":"https:\/\/aem.hr\/?page_id=24775"},"modified":"2026-02-25T12:16:07","modified_gmt":"2026-02-25T11:16:07","slug":"maja-milanovic-ocuvanje-identiteta-srpske-nacionalne-manjine-kroz-promicanje-kulture-na-istoku-rh","status":"publish","type":"page","link":"https:\/\/aem.hr\/en\/maja-milanovic-ocuvanje-identiteta-srpske-nacionalne-manjine-kroz-promicanje-kulture-na-istoku-rh\/","title":{"rendered":"Maja Milanovi\u0107 &#8211; O\u010duvanje identiteta srpske nacionalne manjine kroz promicanje kulture na istoku RH"},"content":{"rendered":"\n<div class=\"wp-block-file\"><a id=\"wp-block-file--media-a48bb7d5-5a84-4250-b234-5c63f9922e4f\" href=\"https:\/\/aem.hr\/wp-content\/uploads\/2026\/02\/1.-Srpski-dom-u-Vukovaru-\u2013-most-kulture.pdf\">1. Srpski dom u Vukovaru \u2013 most kulture<\/a><a href=\"https:\/\/aem.hr\/wp-content\/uploads\/2026\/02\/1.-Srpski-dom-u-Vukovaru-\u2013-most-kulture.pdf\" class=\"wp-block-file__button wp-element-button\" download aria-describedby=\"wp-block-file--media-a48bb7d5-5a84-4250-b234-5c63f9922e4f\">Preuzimanje<\/a><\/div>\n\n\n\n<div class=\"wp-block-file\"><a id=\"wp-block-file--media-53d6d449-869c-49fe-b2c6-d609dea1c54f\" href=\"https:\/\/aem.hr\/wp-content\/uploads\/2026\/02\/2.-SKC-u-Vukovaru-cuva-identitet-srpske-zajednice.pdf\">2. SKC u Vukovaru \u010duva identitet srpske zajednice<\/a><a href=\"https:\/\/aem.hr\/wp-content\/uploads\/2026\/02\/2.-SKC-u-Vukovaru-cuva-identitet-srpske-zajednice.pdf\" class=\"wp-block-file__button wp-element-button\" download aria-describedby=\"wp-block-file--media-53d6d449-869c-49fe-b2c6-d609dea1c54f\">Preuzimanje<\/a><\/div>\n\n\n\n<div class=\"wp-block-file\"><a id=\"wp-block-file--media-d5d07458-baab-4bdb-bcfb-6aca72b73b3f\" href=\"https:\/\/aem.hr\/wp-content\/uploads\/2026\/02\/3.-Srpski-kulturni-centri-\u2013-negovanje-proslost.pdf\">3. Srpski kulturni centri \u2013 negovanje pro\u0161lost<\/a><a href=\"https:\/\/aem.hr\/wp-content\/uploads\/2026\/02\/3.-Srpski-kulturni-centri-\u2013-negovanje-proslost.pdf\" class=\"wp-block-file__button wp-element-button\" download aria-describedby=\"wp-block-file--media-d5d07458-baab-4bdb-bcfb-6aca72b73b3f\">Preuzimanje<\/a><\/div>\n\n\n\n<div class=\"wp-block-file\"><a id=\"wp-block-file--media-897aa504-2605-4f81-b085-51189419df1b\" href=\"https:\/\/aem.hr\/wp-content\/uploads\/2026\/02\/4.-SKD-Prosvjeta-\u2013-cuvar-tradicije-i-identiteta.pdf\">4. SKD Prosvjeta \u2013 \u010duvar tradicije i identiteta<\/a><a href=\"https:\/\/aem.hr\/wp-content\/uploads\/2026\/02\/4.-SKD-Prosvjeta-\u2013-cuvar-tradicije-i-identiteta.pdf\" class=\"wp-block-file__button wp-element-button\" download aria-describedby=\"wp-block-file--media-897aa504-2605-4f81-b085-51189419df1b\">Preuzimanje<\/a><\/div>\n\n\n\n<div class=\"wp-block-file\"><a id=\"wp-block-file--media-68adadc9-6d17-4a43-8a34-92200777af2b\" href=\"https:\/\/aem.hr\/wp-content\/uploads\/2026\/02\/5.-Kultura-i-zajednistvo-baranjskih-Srba.pdf\">5. Kultura i zajedni\u0161tvo baranjskih Srba<\/a><a href=\"https:\/\/aem.hr\/wp-content\/uploads\/2026\/02\/5.-Kultura-i-zajednistvo-baranjskih-Srba.pdf\" class=\"wp-block-file__button wp-element-button\" download aria-describedby=\"wp-block-file--media-68adadc9-6d17-4a43-8a34-92200777af2b\">Preuzimanje<\/a><\/div>\n\n\n\n<div class=\"wp-block-file\"><a id=\"wp-block-file--media-176dd643-784b-4b6c-ad44-1b6d1046b317\" href=\"https:\/\/aem.hr\/wp-content\/uploads\/2026\/02\/6.-Nastavlja-se-rad-na-jacanju-kulturnog.pdf\">6. Nastavlja se rad na ja\u010danju kulturnog<\/a><a href=\"https:\/\/aem.hr\/wp-content\/uploads\/2026\/02\/6.-Nastavlja-se-rad-na-jacanju-kulturnog.pdf\" class=\"wp-block-file__button wp-element-button\" download aria-describedby=\"wp-block-file--media-176dd643-784b-4b6c-ad44-1b6d1046b317\">Preuzimanje<\/a><\/div>\n","protected":false},"excerpt":{"rendered":"","protected":false},"author":18,"featured_media":0,"parent":0,"menu_order":0,"comment_status":"closed","ping_status":"closed","template":"","meta":{"_acf_changed":false,"inline_featured_image":false,"advgb_blocks_editor_width":"","advgb_blocks_columns_visual_guide":"","_links_to":"","_links_to_type":0,"footnotes":""},"class_list":["post-24775","page","type-page","status-publish","hentry"],"acf":[],"yoast_head":"<!-- This site is optimized with the Yoast SEO plugin v25.7 - https:\/\/yoast.com\/wordpress\/plugins\/seo\/ -->\n<title>Maja Milanovi\u0107 - O\u010duvanje identiteta srpske nacionalne manjine kroz promicanje kulture na istoku RH - Agencija za elektroni\u010dke medije<\/title>\n<meta name=\"robots\" content=\"index, follow, max-snippet:-1, max-image-preview:large, max-video-preview:-1\" \/>\n<link rel=\"canonical\" href=\"https:\/\/aem.hr\/maja-milanovic-ocuvanje-identiteta-srpske-nacionalne-manjine-kroz-promicanje-kulture-na-istoku-rh\/\" \/>\n<meta property=\"og:locale\" content=\"en_US\" \/>\n<meta property=\"og:type\" content=\"article\" \/>\n<meta property=\"og:title\" content=\"Maja Milanovi\u0107 - O\u010duvanje identiteta srpske nacionalne manjine kroz promicanje kulture na istoku RH - Agencija za elektroni\u010dke medije\" \/>\n<meta property=\"og:url\" content=\"https:\/\/aem.hr\/maja-milanovic-ocuvanje-identiteta-srpske-nacionalne-manjine-kroz-promicanje-kulture-na-istoku-rh\/\" \/>\n<meta property=\"og:site_name\" content=\"Agencija za elektroni\u010dke medije\" \/>\n<meta property=\"article:modified_time\" content=\"2026-02-25T11:16:07+00:00\" \/>\n<meta name=\"twitter:card\" content=\"summary_large_image\" \/>\n<meta name=\"twitter:label1\" content=\"Est. reading time\" \/>\n\t<meta name=\"twitter:data1\" content=\"1 minute\" \/>\n<script type=\"application\/ld+json\" class=\"yoast-schema-graph\">{\"@context\":\"https:\/\/schema.org\",\"@graph\":[{\"@type\":\"WebPage\",\"@id\":\"https:\/\/aem.hr\/maja-milanovic-ocuvanje-identiteta-srpske-nacionalne-manjine-kroz-promicanje-kulture-na-istoku-rh\/\",\"url\":\"https:\/\/aem.hr\/maja-milanovic-ocuvanje-identiteta-srpske-nacionalne-manjine-kroz-promicanje-kulture-na-istoku-rh\/\",\"name\":\"Maja Milanovi\u0107 - O\u010duvanje identiteta srpske nacionalne manjine kroz promicanje kulture na istoku RH - Agencija za elektroni\u010dke medije\",\"isPartOf\":{\"@id\":\"https:\/\/aem.hr\/#website\"},\"datePublished\":\"2026-02-25T11:16:06+00:00\",\"dateModified\":\"2026-02-25T11:16:07+00:00\",\"breadcrumb\":{\"@id\":\"https:\/\/aem.hr\/maja-milanovic-ocuvanje-identiteta-srpske-nacionalne-manjine-kroz-promicanje-kulture-na-istoku-rh\/#breadcrumb\"},\"inLanguage\":\"en-US\",\"potentialAction\":[{\"@type\":\"ReadAction\",\"target\":[\"https:\/\/aem.hr\/maja-milanovic-ocuvanje-identiteta-srpske-nacionalne-manjine-kroz-promicanje-kulture-na-istoku-rh\/\"]}]},{\"@type\":\"BreadcrumbList\",\"@id\":\"https:\/\/aem.hr\/maja-milanovic-ocuvanje-identiteta-srpske-nacionalne-manjine-kroz-promicanje-kulture-na-istoku-rh\/#breadcrumb\",\"itemListElement\":[{\"@type\":\"ListItem\",\"position\":1,\"name\":\"Po\u010detna stranica\",\"item\":\"https:\/\/aem.hr\/\"},{\"@type\":\"ListItem\",\"position\":2,\"name\":\"Maja Milanovi\u0107 &#8211; O\u010duvanje identiteta srpske nacionalne manjine kroz promicanje kulture na istoku RH\"}]},{\"@type\":\"WebSite\",\"@id\":\"https:\/\/aem.hr\/#website\",\"url\":\"https:\/\/aem.hr\/\",\"name\":\"Agencija za elektroni\u010dke medije\",\"description\":\"\",\"potentialAction\":[{\"@type\":\"SearchAction\",\"target\":{\"@type\":\"EntryPoint\",\"urlTemplate\":\"https:\/\/aem.hr\/?s={search_term_string}\"},\"query-input\":{\"@type\":\"PropertyValueSpecification\",\"valueRequired\":true,\"valueName\":\"search_term_string\"}}],\"inLanguage\":\"en-US\"}]}<\/script>\n<!-- \/ Yoast SEO plugin. -->","yoast_head_json":{"title":"Maja Milanovi\u0107 - O\u010duvanje identiteta srpske nacionalne manjine kroz promicanje kulture na istoku RH - Agencija za elektroni\u010dke medije","robots":{"index":"index","follow":"follow","max-snippet":"max-snippet:-1","max-image-preview":"max-image-preview:large","max-video-preview":"max-video-preview:-1"},"canonical":"https:\/\/aem.hr\/maja-milanovic-ocuvanje-identiteta-srpske-nacionalne-manjine-kroz-promicanje-kulture-na-istoku-rh\/","og_locale":"en_US","og_type":"article","og_title":"Maja Milanovi\u0107 - O\u010duvanje identiteta srpske nacionalne manjine kroz promicanje kulture na istoku RH - Agencija za elektroni\u010dke medije","og_url":"https:\/\/aem.hr\/maja-milanovic-ocuvanje-identiteta-srpske-nacionalne-manjine-kroz-promicanje-kulture-na-istoku-rh\/","og_site_name":"Agencija za elektroni\u010dke medije","article_modified_time":"2026-02-25T11:16:07+00:00","twitter_card":"summary_large_image","twitter_misc":{"Est. reading time":"1 minute"},"schema":{"@context":"https:\/\/schema.org","@graph":[{"@type":"WebPage","@id":"https:\/\/aem.hr\/maja-milanovic-ocuvanje-identiteta-srpske-nacionalne-manjine-kroz-promicanje-kulture-na-istoku-rh\/","url":"https:\/\/aem.hr\/maja-milanovic-ocuvanje-identiteta-srpske-nacionalne-manjine-kroz-promicanje-kulture-na-istoku-rh\/","name":"Maja Milanovi\u0107 - O\u010duvanje identiteta srpske nacionalne manjine kroz promicanje kulture na istoku RH - Agencija za elektroni\u010dke medije","isPartOf":{"@id":"https:\/\/aem.hr\/#website"},"datePublished":"2026-02-25T11:16:06+00:00","dateModified":"2026-02-25T11:16:07+00:00","breadcrumb":{"@id":"https:\/\/aem.hr\/maja-milanovic-ocuvanje-identiteta-srpske-nacionalne-manjine-kroz-promicanje-kulture-na-istoku-rh\/#breadcrumb"},"inLanguage":"en-US","potentialAction":[{"@type":"ReadAction","target":["https:\/\/aem.hr\/maja-milanovic-ocuvanje-identiteta-srpske-nacionalne-manjine-kroz-promicanje-kulture-na-istoku-rh\/"]}]},{"@type":"BreadcrumbList","@id":"https:\/\/aem.hr\/maja-milanovic-ocuvanje-identiteta-srpske-nacionalne-manjine-kroz-promicanje-kulture-na-istoku-rh\/#breadcrumb","itemListElement":[{"@type":"ListItem","position":1,"name":"Po\u010detna stranica","item":"https:\/\/aem.hr\/"},{"@type":"ListItem","position":2,"name":"Maja Milanovi\u0107 &#8211; O\u010duvanje identiteta srpske nacionalne manjine kroz promicanje kulture na istoku RH"}]},{"@type":"WebSite","@id":"https:\/\/aem.hr\/#website","url":"https:\/\/aem.hr\/","name":"Agencija za elektroni\u010dke medije","description":"","potentialAction":[{"@type":"SearchAction","target":{"@type":"EntryPoint","urlTemplate":"https:\/\/aem.hr\/?s={search_term_string}"},"query-input":{"@type":"PropertyValueSpecification","valueRequired":true,"valueName":"search_term_string"}}],"inLanguage":"en-US"}]}},"coauthors":[],"author_meta":{"author_link":"https:\/\/aem.hr\/en\/blog\/author\/mkirac\/","display_name":"Matko Kirac"},"relative_dates":{"created":"Posted 2 months ago","modified":"Updated 2 months ago"},"absolute_dates":{"created":"Posted on 25. February 2026.","modified":"Updated on 25. February 2026."},"absolute_dates_time":{"created":"Posted on 25. February 2026. 12:16","modified":"Updated on 25. February 2026. 12:16"},"featured_img_caption":"","featured_img":false,"series_order":"","_links":{"self":[{"href":"https:\/\/aem.hr\/en\/wp-json\/wp\/v2\/pages\/24775","targetHints":{"allow":["GET"]}}],"collection":[{"href":"https:\/\/aem.hr\/en\/wp-json\/wp\/v2\/pages"}],"about":[{"href":"https:\/\/aem.hr\/en\/wp-json\/wp\/v2\/types\/page"}],"author":[{"embeddable":true,"href":"https:\/\/aem.hr\/en\/wp-json\/wp\/v2\/users\/18"}],"replies":[{"embeddable":true,"href":"https:\/\/aem.hr\/en\/wp-json\/wp\/v2\/comments?post=24775"}],"version-history":[{"count":1,"href":"https:\/\/aem.hr\/en\/wp-json\/wp\/v2\/pages\/24775\/revisions"}],"predecessor-version":[{"id":24788,"href":"https:\/\/aem.hr\/en\/wp-json\/wp\/v2\/pages\/24775\/revisions\/24788"}],"wp:attachment":[{"href":"https:\/\/aem.hr\/en\/wp-json\/wp\/v2\/media?parent=24775"}],"curies":[{"name":"wp","href":"https:\/\/api.w.org\/{rel}","templated":true}]}}