{"id":24791,"date":"2026-02-25T12:17:38","date_gmt":"2026-02-25T11:17:38","guid":{"rendered":"https:\/\/aem.hr\/?page_id=24791"},"modified":"2026-02-25T12:17:39","modified_gmt":"2026-02-25T11:17:39","slug":"tomislav-dasovic-neostavljajte-srce-na-terenu-bolesti-srca-vrhunskih-sportasa","status":"publish","type":"page","link":"https:\/\/aem.hr\/en\/tomislav-dasovic-neostavljajte-srce-na-terenu-bolesti-srca-vrhunskih-sportasa\/","title":{"rendered":"Tomislav Dasovi\u0107 &#8211; (Ne)ostavljajte srce na terenu! Bolesti srca vrhunskih sporta\u0161a"},"content":{"rendered":"\n<div class=\"wp-block-file\"><a id=\"wp-block-file--media-91354720-190e-4406-ab8a-d587355072fb\" href=\"https:\/\/aem.hr\/wp-content\/uploads\/2026\/02\/1.-Alarm-u-hrvatskom-nogometu.pdf\">1. Alarm u hrvatskom nogometu<\/a><a href=\"https:\/\/aem.hr\/wp-content\/uploads\/2026\/02\/1.-Alarm-u-hrvatskom-nogometu.pdf\" class=\"wp-block-file__button wp-element-button\" download aria-describedby=\"wp-block-file--media-91354720-190e-4406-ab8a-d587355072fb\">Preuzimanje<\/a><\/div>\n\n\n\n<div class=\"wp-block-file\"><a id=\"wp-block-file--media-cc462e01-5d3e-4499-acb1-71730568175a\" href=\"https:\/\/aem.hr\/wp-content\/uploads\/2026\/02\/2.-Ovo-sto-radi-FIFA.pdf\">2. Ovo \u0161to radi FIFA<\/a><a href=\"https:\/\/aem.hr\/wp-content\/uploads\/2026\/02\/2.-Ovo-sto-radi-FIFA.pdf\" class=\"wp-block-file__button wp-element-button\" download aria-describedby=\"wp-block-file--media-cc462e01-5d3e-4499-acb1-71730568175a\">Preuzimanje<\/a><\/div>\n\n\n\n<div class=\"wp-block-file\"><a id=\"wp-block-file--media-a99eaa16-665f-4d9c-9972-135caf8054de\" href=\"https:\/\/aem.hr\/wp-content\/uploads\/2026\/02\/3.-Bivsa-zvijezda-HNL-a.pdf\">3. Biv\u0161a zvijezda HNL-a<\/a><a href=\"https:\/\/aem.hr\/wp-content\/uploads\/2026\/02\/3.-Bivsa-zvijezda-HNL-a.pdf\" class=\"wp-block-file__button wp-element-button\" download aria-describedby=\"wp-block-file--media-a99eaa16-665f-4d9c-9972-135caf8054de\">Preuzimanje<\/a><\/div>\n\n\n\n<div class=\"wp-block-file\"><a id=\"wp-block-file--media-e3300cea-011a-4a61-b491-616261e22ee5\" href=\"https:\/\/aem.hr\/wp-content\/uploads\/2026\/02\/4.-Ispovijest-poznatog-HRvata.pdf\">4. Ispovijest poznatog HRvata<\/a><a href=\"https:\/\/aem.hr\/wp-content\/uploads\/2026\/02\/4.-Ispovijest-poznatog-HRvata.pdf\" class=\"wp-block-file__button wp-element-button\" download aria-describedby=\"wp-block-file--media-e3300cea-011a-4a61-b491-616261e22ee5\">Preuzimanje<\/a><\/div>\n\n\n\n<div class=\"wp-block-file\"><a id=\"wp-block-file--media-c6dfdc32-7862-42f9-b315-93b828cde325\" href=\"https:\/\/aem.hr\/wp-content\/uploads\/2026\/02\/5.-Drama-legende-bijelih.pdf\">5. Drama legende bijelih<\/a><a href=\"https:\/\/aem.hr\/wp-content\/uploads\/2026\/02\/5.-Drama-legende-bijelih.pdf\" class=\"wp-block-file__button wp-element-button\" download aria-describedby=\"wp-block-file--media-c6dfdc32-7862-42f9-b315-93b828cde325\">Preuzimanje<\/a><\/div>\n\n\n\n<div class=\"wp-block-file\"><a id=\"wp-block-file--media-38e0fcc2-9ecd-48ac-908c-5a41500936e9\" href=\"https:\/\/aem.hr\/wp-content\/uploads\/2026\/02\/6.-HNS-odusevio-lijepom-gestom.pdf\">6. HNS odu\u0161evio lijepom gestom<\/a><a href=\"https:\/\/aem.hr\/wp-content\/uploads\/2026\/02\/6.-HNS-odusevio-lijepom-gestom.pdf\" class=\"wp-block-file__button wp-element-button\" download aria-describedby=\"wp-block-file--media-38e0fcc2-9ecd-48ac-908c-5a41500936e9\">Preuzimanje<\/a><\/div>\n","protected":false},"excerpt":{"rendered":"","protected":false},"author":18,"featured_media":0,"parent":0,"menu_order":0,"comment_status":"closed","ping_status":"closed","template":"","meta":{"_acf_changed":false,"inline_featured_image":false,"advgb_blocks_editor_width":"","advgb_blocks_columns_visual_guide":"","_links_to":"","_links_to_type":0,"footnotes":""},"class_list":["post-24791","page","type-page","status-publish","hentry"],"acf":[],"yoast_head":"<!-- This site is optimized with the Yoast SEO plugin v25.7 - https:\/\/yoast.com\/wordpress\/plugins\/seo\/ -->\n<title>Tomislav Dasovi\u0107 - (Ne)ostavljajte srce na terenu! Bolesti srca vrhunskih sporta\u0161a - Agencija za elektroni\u010dke medije<\/title>\n<meta name=\"robots\" content=\"index, follow, max-snippet:-1, max-image-preview:large, max-video-preview:-1\" \/>\n<link rel=\"canonical\" href=\"https:\/\/aem.hr\/tomislav-dasovic-neostavljajte-srce-na-terenu-bolesti-srca-vrhunskih-sportasa\/\" \/>\n<meta property=\"og:locale\" content=\"en_US\" \/>\n<meta property=\"og:type\" content=\"article\" \/>\n<meta property=\"og:title\" content=\"Tomislav Dasovi\u0107 - (Ne)ostavljajte srce na terenu! Bolesti srca vrhunskih sporta\u0161a - Agencija za elektroni\u010dke medije\" \/>\n<meta property=\"og:url\" content=\"https:\/\/aem.hr\/tomislav-dasovic-neostavljajte-srce-na-terenu-bolesti-srca-vrhunskih-sportasa\/\" \/>\n<meta property=\"og:site_name\" content=\"Agencija za elektroni\u010dke medije\" \/>\n<meta property=\"article:modified_time\" content=\"2026-02-25T11:17:39+00:00\" \/>\n<meta name=\"twitter:card\" content=\"summary_large_image\" \/>\n<meta name=\"twitter:label1\" content=\"Est. reading time\" \/>\n\t<meta name=\"twitter:data1\" content=\"1 minute\" \/>\n<script type=\"application\/ld+json\" class=\"yoast-schema-graph\">{\"@context\":\"https:\/\/schema.org\",\"@graph\":[{\"@type\":\"WebPage\",\"@id\":\"https:\/\/aem.hr\/tomislav-dasovic-neostavljajte-srce-na-terenu-bolesti-srca-vrhunskih-sportasa\/\",\"url\":\"https:\/\/aem.hr\/tomislav-dasovic-neostavljajte-srce-na-terenu-bolesti-srca-vrhunskih-sportasa\/\",\"name\":\"Tomislav Dasovi\u0107 - (Ne)ostavljajte srce na terenu! Bolesti srca vrhunskih sporta\u0161a - Agencija za elektroni\u010dke medije\",\"isPartOf\":{\"@id\":\"https:\/\/aem.hr\/#website\"},\"datePublished\":\"2026-02-25T11:17:38+00:00\",\"dateModified\":\"2026-02-25T11:17:39+00:00\",\"breadcrumb\":{\"@id\":\"https:\/\/aem.hr\/tomislav-dasovic-neostavljajte-srce-na-terenu-bolesti-srca-vrhunskih-sportasa\/#breadcrumb\"},\"inLanguage\":\"en-US\",\"potentialAction\":[{\"@type\":\"ReadAction\",\"target\":[\"https:\/\/aem.hr\/tomislav-dasovic-neostavljajte-srce-na-terenu-bolesti-srca-vrhunskih-sportasa\/\"]}]},{\"@type\":\"BreadcrumbList\",\"@id\":\"https:\/\/aem.hr\/tomislav-dasovic-neostavljajte-srce-na-terenu-bolesti-srca-vrhunskih-sportasa\/#breadcrumb\",\"itemListElement\":[{\"@type\":\"ListItem\",\"position\":1,\"name\":\"Po\u010detna stranica\",\"item\":\"https:\/\/aem.hr\/\"},{\"@type\":\"ListItem\",\"position\":2,\"name\":\"Tomislav Dasovi\u0107 &#8211; (Ne)ostavljajte srce na terenu! Bolesti srca vrhunskih sporta\u0161a\"}]},{\"@type\":\"WebSite\",\"@id\":\"https:\/\/aem.hr\/#website\",\"url\":\"https:\/\/aem.hr\/\",\"name\":\"Agencija za elektroni\u010dke medije\",\"description\":\"\",\"potentialAction\":[{\"@type\":\"SearchAction\",\"target\":{\"@type\":\"EntryPoint\",\"urlTemplate\":\"https:\/\/aem.hr\/?s={search_term_string}\"},\"query-input\":{\"@type\":\"PropertyValueSpecification\",\"valueRequired\":true,\"valueName\":\"search_term_string\"}}],\"inLanguage\":\"en-US\"}]}<\/script>\n<!-- \/ Yoast SEO plugin. -->","yoast_head_json":{"title":"Tomislav Dasovi\u0107 - (Ne)ostavljajte srce na terenu! Bolesti srca vrhunskih sporta\u0161a - Agencija za elektroni\u010dke medije","robots":{"index":"index","follow":"follow","max-snippet":"max-snippet:-1","max-image-preview":"max-image-preview:large","max-video-preview":"max-video-preview:-1"},"canonical":"https:\/\/aem.hr\/tomislav-dasovic-neostavljajte-srce-na-terenu-bolesti-srca-vrhunskih-sportasa\/","og_locale":"en_US","og_type":"article","og_title":"Tomislav Dasovi\u0107 - (Ne)ostavljajte srce na terenu! Bolesti srca vrhunskih sporta\u0161a - Agencija za elektroni\u010dke medije","og_url":"https:\/\/aem.hr\/tomislav-dasovic-neostavljajte-srce-na-terenu-bolesti-srca-vrhunskih-sportasa\/","og_site_name":"Agencija za elektroni\u010dke medije","article_modified_time":"2026-02-25T11:17:39+00:00","twitter_card":"summary_large_image","twitter_misc":{"Est. reading time":"1 minute"},"schema":{"@context":"https:\/\/schema.org","@graph":[{"@type":"WebPage","@id":"https:\/\/aem.hr\/tomislav-dasovic-neostavljajte-srce-na-terenu-bolesti-srca-vrhunskih-sportasa\/","url":"https:\/\/aem.hr\/tomislav-dasovic-neostavljajte-srce-na-terenu-bolesti-srca-vrhunskih-sportasa\/","name":"Tomislav Dasovi\u0107 - (Ne)ostavljajte srce na terenu! Bolesti srca vrhunskih sporta\u0161a - Agencija za elektroni\u010dke medije","isPartOf":{"@id":"https:\/\/aem.hr\/#website"},"datePublished":"2026-02-25T11:17:38+00:00","dateModified":"2026-02-25T11:17:39+00:00","breadcrumb":{"@id":"https:\/\/aem.hr\/tomislav-dasovic-neostavljajte-srce-na-terenu-bolesti-srca-vrhunskih-sportasa\/#breadcrumb"},"inLanguage":"en-US","potentialAction":[{"@type":"ReadAction","target":["https:\/\/aem.hr\/tomislav-dasovic-neostavljajte-srce-na-terenu-bolesti-srca-vrhunskih-sportasa\/"]}]},{"@type":"BreadcrumbList","@id":"https:\/\/aem.hr\/tomislav-dasovic-neostavljajte-srce-na-terenu-bolesti-srca-vrhunskih-sportasa\/#breadcrumb","itemListElement":[{"@type":"ListItem","position":1,"name":"Po\u010detna stranica","item":"https:\/\/aem.hr\/"},{"@type":"ListItem","position":2,"name":"Tomislav Dasovi\u0107 &#8211; (Ne)ostavljajte srce na terenu! Bolesti srca vrhunskih sporta\u0161a"}]},{"@type":"WebSite","@id":"https:\/\/aem.hr\/#website","url":"https:\/\/aem.hr\/","name":"Agencija za elektroni\u010dke medije","description":"","potentialAction":[{"@type":"SearchAction","target":{"@type":"EntryPoint","urlTemplate":"https:\/\/aem.hr\/?s={search_term_string}"},"query-input":{"@type":"PropertyValueSpecification","valueRequired":true,"valueName":"search_term_string"}}],"inLanguage":"en-US"}]}},"coauthors":[],"author_meta":{"author_link":"https:\/\/aem.hr\/en\/blog\/author\/mkirac\/","display_name":"Matko Kirac"},"relative_dates":{"created":"Posted 2 months ago","modified":"Updated 2 months ago"},"absolute_dates":{"created":"Posted on 25. February 2026.","modified":"Updated on 25. February 2026."},"absolute_dates_time":{"created":"Posted on 25. February 2026. 12:17","modified":"Updated on 25. February 2026. 12:17"},"featured_img_caption":"","featured_img":false,"series_order":"","_links":{"self":[{"href":"https:\/\/aem.hr\/en\/wp-json\/wp\/v2\/pages\/24791","targetHints":{"allow":["GET"]}}],"collection":[{"href":"https:\/\/aem.hr\/en\/wp-json\/wp\/v2\/pages"}],"about":[{"href":"https:\/\/aem.hr\/en\/wp-json\/wp\/v2\/types\/page"}],"author":[{"embeddable":true,"href":"https:\/\/aem.hr\/en\/wp-json\/wp\/v2\/users\/18"}],"replies":[{"embeddable":true,"href":"https:\/\/aem.hr\/en\/wp-json\/wp\/v2\/comments?post=24791"}],"version-history":[{"count":1,"href":"https:\/\/aem.hr\/en\/wp-json\/wp\/v2\/pages\/24791\/revisions"}],"predecessor-version":[{"id":24805,"href":"https:\/\/aem.hr\/en\/wp-json\/wp\/v2\/pages\/24791\/revisions\/24805"}],"wp:attachment":[{"href":"https:\/\/aem.hr\/en\/wp-json\/wp\/v2\/media?parent=24791"}],"curies":[{"name":"wp","href":"https:\/\/api.w.org\/{rel}","templated":true}]}}