{"id":24807,"date":"2026-02-25T12:20:18","date_gmt":"2026-02-25T11:20:18","guid":{"rendered":"https:\/\/aem.hr\/?page_id=24807"},"modified":"2026-02-25T12:20:19","modified_gmt":"2026-02-25T11:20:19","slug":"andrea-falkoni-racic-nevidljive","status":"publish","type":"page","link":"https:\/\/aem.hr\/en\/andrea-falkoni-racic-nevidljive\/","title":{"rendered":"Andrea Falkoni Ra\u010di\u0107 &#8211; (Ne)vidljive"},"content":{"rendered":"\n<div class=\"wp-block-file\"><a id=\"wp-block-file--media-8ae154ea-358c-4221-ba30-377876e368c6\" href=\"https:\/\/aem.hr\/wp-content\/uploads\/2026\/02\/1.-Kvote-na-papiru-muskarci-na-vlasti.pdf\">1. Kvote na papiru, mu\u0161karci na vlasti<\/a><a href=\"https:\/\/aem.hr\/wp-content\/uploads\/2026\/02\/1.-Kvote-na-papiru-muskarci-na-vlasti.pdf\" class=\"wp-block-file__button wp-element-button\" download aria-describedby=\"wp-block-file--media-8ae154ea-358c-4221-ba30-377876e368c6\">Preuzimanje<\/a><\/div>\n\n\n\n<div class=\"wp-block-file\"><a id=\"wp-block-file--media-4dddb548-ebf9-4e94-8b45-dc07d580f9f1\" href=\"https:\/\/aem.hr\/wp-content\/uploads\/2026\/02\/2.-Sanja-Putica_-Svijet-politike-jos-je-muski.pdf\">2. Sanja Putica_ Svijet politike jo\u0161 je mu\u0161ki<\/a><a href=\"https:\/\/aem.hr\/wp-content\/uploads\/2026\/02\/2.-Sanja-Putica_-Svijet-politike-jos-je-muski.pdf\" class=\"wp-block-file__button wp-element-button\" download aria-describedby=\"wp-block-file--media-4dddb548-ebf9-4e94-8b45-dc07d580f9f1\">Preuzimanje<\/a><\/div>\n\n\n\n<div class=\"wp-block-file\"><a id=\"wp-block-file--media-52227a21-8038-4387-a9ad-b219cd27f9cd\" href=\"https:\/\/aem.hr\/wp-content\/uploads\/2026\/02\/3.-Anita-Bonacic-Obradovic.pdf\">3. Anita Bona\u010di\u0107 Obradovi\u0107<\/a><a href=\"https:\/\/aem.hr\/wp-content\/uploads\/2026\/02\/3.-Anita-Bonacic-Obradovic.pdf\" class=\"wp-block-file__button wp-element-button\" download aria-describedby=\"wp-block-file--media-52227a21-8038-4387-a9ad-b219cd27f9cd\">Preuzimanje<\/a><\/div>\n\n\n\n<div class=\"wp-block-file\"><a id=\"wp-block-file--media-9d584cbd-f69b-443b-bb3e-c03c8bf5f619\" href=\"https:\/\/aem.hr\/wp-content\/uploads\/2026\/02\/4.-Kad-se-o-zenama-u-politici-govori.pdf\">4. Kad se o \u017eenama u politici govori<\/a><a href=\"https:\/\/aem.hr\/wp-content\/uploads\/2026\/02\/4.-Kad-se-o-zenama-u-politici-govori.pdf\" class=\"wp-block-file__button wp-element-button\" download aria-describedby=\"wp-block-file--media-9d584cbd-f69b-443b-bb3e-c03c8bf5f619\">Preuzimanje<\/a><\/div>\n\n\n\n<div class=\"wp-block-file\"><a id=\"wp-block-file--media-75668a4a-0715-4a15-b2b6-939fd9211cd2\" href=\"https:\/\/aem.hr\/wp-content\/uploads\/2026\/02\/5.-Olga-Muratti_-Zena-u-politici-nije-prijetnja.pdf\">5. Olga Muratti_ \u017dena u politici nije prijetnja<\/a><a href=\"https:\/\/aem.hr\/wp-content\/uploads\/2026\/02\/5.-Olga-Muratti_-Zena-u-politici-nije-prijetnja.pdf\" class=\"wp-block-file__button wp-element-button\" download aria-describedby=\"wp-block-file--media-75668a4a-0715-4a15-b2b6-939fd9211cd2\">Preuzimanje<\/a><\/div>\n\n\n\n<div class=\"wp-block-file\"><a id=\"wp-block-file--media-5eb1c9b0-9714-424d-8f5b-9521f6da811c\" href=\"https:\/\/aem.hr\/wp-content\/uploads\/2026\/02\/6.-Nikolina-Duper-o-zenama.pdf\">6. Nikolina Duper o \u017eenama<\/a><a href=\"https:\/\/aem.hr\/wp-content\/uploads\/2026\/02\/6.-Nikolina-Duper-o-zenama.pdf\" class=\"wp-block-file__button wp-element-button\" download aria-describedby=\"wp-block-file--media-5eb1c9b0-9714-424d-8f5b-9521f6da811c\">Preuzimanje<\/a><\/div>\n\n\n\n<div class=\"wp-block-file\"><a id=\"wp-block-file--media-a5cb8a03-b392-43a0-a103-b316b79312c2\" href=\"https:\/\/aem.hr\/wp-content\/uploads\/2026\/02\/7.-Prepreke-empatija-i-glasovi.pdf\">7. Prepreke, empatija i glasovi<\/a><a href=\"https:\/\/aem.hr\/wp-content\/uploads\/2026\/02\/7.-Prepreke-empatija-i-glasovi.pdf\" class=\"wp-block-file__button wp-element-button\" download aria-describedby=\"wp-block-file--media-a5cb8a03-b392-43a0-a103-b316b79312c2\">Preuzimanje<\/a><\/div>\n","protected":false},"excerpt":{"rendered":"","protected":false},"author":18,"featured_media":0,"parent":0,"menu_order":0,"comment_status":"closed","ping_status":"closed","template":"","meta":{"_acf_changed":false,"inline_featured_image":false,"advgb_blocks_editor_width":"","advgb_blocks_columns_visual_guide":"","_links_to":"","_links_to_type":0,"footnotes":""},"class_list":["post-24807","page","type-page","status-publish","hentry"],"acf":[],"yoast_head":"<!-- This site is optimized with the Yoast SEO plugin v25.7 - https:\/\/yoast.com\/wordpress\/plugins\/seo\/ -->\n<title>Andrea Falkoni Ra\u010di\u0107 - (Ne)vidljive - Agencija za elektroni\u010dke medije<\/title>\n<meta name=\"robots\" content=\"index, follow, max-snippet:-1, max-image-preview:large, max-video-preview:-1\" \/>\n<link rel=\"canonical\" href=\"https:\/\/aem.hr\/andrea-falkoni-racic-nevidljive\/\" \/>\n<meta property=\"og:locale\" content=\"en_US\" \/>\n<meta property=\"og:type\" content=\"article\" \/>\n<meta property=\"og:title\" content=\"Andrea Falkoni Ra\u010di\u0107 - (Ne)vidljive - Agencija za elektroni\u010dke medije\" \/>\n<meta property=\"og:url\" content=\"https:\/\/aem.hr\/andrea-falkoni-racic-nevidljive\/\" \/>\n<meta property=\"og:site_name\" content=\"Agencija za elektroni\u010dke medije\" \/>\n<meta property=\"article:modified_time\" content=\"2026-02-25T11:20:19+00:00\" \/>\n<meta name=\"twitter:card\" content=\"summary_large_image\" \/>\n<meta name=\"twitter:label1\" content=\"Est. reading time\" \/>\n\t<meta name=\"twitter:data1\" content=\"1 minute\" \/>\n<script type=\"application\/ld+json\" class=\"yoast-schema-graph\">{\"@context\":\"https:\/\/schema.org\",\"@graph\":[{\"@type\":\"WebPage\",\"@id\":\"https:\/\/aem.hr\/andrea-falkoni-racic-nevidljive\/\",\"url\":\"https:\/\/aem.hr\/andrea-falkoni-racic-nevidljive\/\",\"name\":\"Andrea Falkoni Ra\u010di\u0107 - (Ne)vidljive - Agencija za elektroni\u010dke medije\",\"isPartOf\":{\"@id\":\"https:\/\/aem.hr\/#website\"},\"datePublished\":\"2026-02-25T11:20:18+00:00\",\"dateModified\":\"2026-02-25T11:20:19+00:00\",\"breadcrumb\":{\"@id\":\"https:\/\/aem.hr\/andrea-falkoni-racic-nevidljive\/#breadcrumb\"},\"inLanguage\":\"en-US\",\"potentialAction\":[{\"@type\":\"ReadAction\",\"target\":[\"https:\/\/aem.hr\/andrea-falkoni-racic-nevidljive\/\"]}]},{\"@type\":\"BreadcrumbList\",\"@id\":\"https:\/\/aem.hr\/andrea-falkoni-racic-nevidljive\/#breadcrumb\",\"itemListElement\":[{\"@type\":\"ListItem\",\"position\":1,\"name\":\"Po\u010detna stranica\",\"item\":\"https:\/\/aem.hr\/\"},{\"@type\":\"ListItem\",\"position\":2,\"name\":\"Andrea Falkoni Ra\u010di\u0107 &#8211; (Ne)vidljive\"}]},{\"@type\":\"WebSite\",\"@id\":\"https:\/\/aem.hr\/#website\",\"url\":\"https:\/\/aem.hr\/\",\"name\":\"Agencija za elektroni\u010dke medije\",\"description\":\"\",\"potentialAction\":[{\"@type\":\"SearchAction\",\"target\":{\"@type\":\"EntryPoint\",\"urlTemplate\":\"https:\/\/aem.hr\/?s={search_term_string}\"},\"query-input\":{\"@type\":\"PropertyValueSpecification\",\"valueRequired\":true,\"valueName\":\"search_term_string\"}}],\"inLanguage\":\"en-US\"}]}<\/script>\n<!-- \/ Yoast SEO plugin. -->","yoast_head_json":{"title":"Andrea Falkoni Ra\u010di\u0107 - (Ne)vidljive - Agencija za elektroni\u010dke medije","robots":{"index":"index","follow":"follow","max-snippet":"max-snippet:-1","max-image-preview":"max-image-preview:large","max-video-preview":"max-video-preview:-1"},"canonical":"https:\/\/aem.hr\/andrea-falkoni-racic-nevidljive\/","og_locale":"en_US","og_type":"article","og_title":"Andrea Falkoni Ra\u010di\u0107 - (Ne)vidljive - Agencija za elektroni\u010dke medije","og_url":"https:\/\/aem.hr\/andrea-falkoni-racic-nevidljive\/","og_site_name":"Agencija za elektroni\u010dke medije","article_modified_time":"2026-02-25T11:20:19+00:00","twitter_card":"summary_large_image","twitter_misc":{"Est. reading time":"1 minute"},"schema":{"@context":"https:\/\/schema.org","@graph":[{"@type":"WebPage","@id":"https:\/\/aem.hr\/andrea-falkoni-racic-nevidljive\/","url":"https:\/\/aem.hr\/andrea-falkoni-racic-nevidljive\/","name":"Andrea Falkoni Ra\u010di\u0107 - (Ne)vidljive - Agencija za elektroni\u010dke medije","isPartOf":{"@id":"https:\/\/aem.hr\/#website"},"datePublished":"2026-02-25T11:20:18+00:00","dateModified":"2026-02-25T11:20:19+00:00","breadcrumb":{"@id":"https:\/\/aem.hr\/andrea-falkoni-racic-nevidljive\/#breadcrumb"},"inLanguage":"en-US","potentialAction":[{"@type":"ReadAction","target":["https:\/\/aem.hr\/andrea-falkoni-racic-nevidljive\/"]}]},{"@type":"BreadcrumbList","@id":"https:\/\/aem.hr\/andrea-falkoni-racic-nevidljive\/#breadcrumb","itemListElement":[{"@type":"ListItem","position":1,"name":"Po\u010detna stranica","item":"https:\/\/aem.hr\/"},{"@type":"ListItem","position":2,"name":"Andrea Falkoni Ra\u010di\u0107 &#8211; (Ne)vidljive"}]},{"@type":"WebSite","@id":"https:\/\/aem.hr\/#website","url":"https:\/\/aem.hr\/","name":"Agencija za elektroni\u010dke medije","description":"","potentialAction":[{"@type":"SearchAction","target":{"@type":"EntryPoint","urlTemplate":"https:\/\/aem.hr\/?s={search_term_string}"},"query-input":{"@type":"PropertyValueSpecification","valueRequired":true,"valueName":"search_term_string"}}],"inLanguage":"en-US"}]}},"coauthors":[],"author_meta":{"author_link":"https:\/\/aem.hr\/en\/blog\/author\/mkirac\/","display_name":"Matko Kirac"},"relative_dates":{"created":"Posted 2 months ago","modified":"Updated 2 months ago"},"absolute_dates":{"created":"Posted on 25. February 2026.","modified":"Updated on 25. February 2026."},"absolute_dates_time":{"created":"Posted on 25. February 2026. 12:20","modified":"Updated on 25. February 2026. 12:20"},"featured_img_caption":"","featured_img":false,"series_order":"","_links":{"self":[{"href":"https:\/\/aem.hr\/en\/wp-json\/wp\/v2\/pages\/24807","targetHints":{"allow":["GET"]}}],"collection":[{"href":"https:\/\/aem.hr\/en\/wp-json\/wp\/v2\/pages"}],"about":[{"href":"https:\/\/aem.hr\/en\/wp-json\/wp\/v2\/types\/page"}],"author":[{"embeddable":true,"href":"https:\/\/aem.hr\/en\/wp-json\/wp\/v2\/users\/18"}],"replies":[{"embeddable":true,"href":"https:\/\/aem.hr\/en\/wp-json\/wp\/v2\/comments?post=24807"}],"version-history":[{"count":1,"href":"https:\/\/aem.hr\/en\/wp-json\/wp\/v2\/pages\/24807\/revisions"}],"predecessor-version":[{"id":24823,"href":"https:\/\/aem.hr\/en\/wp-json\/wp\/v2\/pages\/24807\/revisions\/24823"}],"wp:attachment":[{"href":"https:\/\/aem.hr\/en\/wp-json\/wp\/v2\/media?parent=24807"}],"curies":[{"name":"wp","href":"https:\/\/api.w.org\/{rel}","templated":true}]}}