{"id":24824,"date":"2026-02-25T13:52:26","date_gmt":"2026-02-25T12:52:26","guid":{"rendered":"https:\/\/aem.hr\/?page_id=24824"},"modified":"2026-02-25T13:52:27","modified_gmt":"2026-02-25T12:52:27","slug":"zdenko-duka-provjerom-cinjenica-protiv-lazi","status":"publish","type":"page","link":"https:\/\/aem.hr\/en\/zdenko-duka-provjerom-cinjenica-protiv-lazi\/","title":{"rendered":"Zdenko Duka &#8211; Provjerom \u010dinjenica protiv la\u017ei"},"content":{"rendered":"\n<div class=\"wp-block-file\"><a id=\"wp-block-file--media-5f52097d-f117-43b8-8a45-1997c6113629\" href=\"https:\/\/aem.hr\/wp-content\/uploads\/2026\/02\/1.Novinarstvo-u-sjeni-senzacionalizma.pdf\">1.Novinarstvo u sjeni senzacionalizma<\/a><a href=\"https:\/\/aem.hr\/wp-content\/uploads\/2026\/02\/1.Novinarstvo-u-sjeni-senzacionalizma.pdf\" class=\"wp-block-file__button wp-element-button\" download aria-describedby=\"wp-block-file--media-5f52097d-f117-43b8-8a45-1997c6113629\">Preuzimanje<\/a><\/div>\n\n\n\n<div class=\"wp-block-file\"><a id=\"wp-block-file--media-8fe29243-303a-4c6f-a088-774128f51d5f\" href=\"https:\/\/aem.hr\/wp-content\/uploads\/2026\/02\/2.-Provjerili-smo-tocnost-podataka-koje-HDZ.pdf\">2. Provjerili smo to\u010dnost podataka koje HDZ<\/a><a href=\"https:\/\/aem.hr\/wp-content\/uploads\/2026\/02\/2.-Provjerili-smo-tocnost-podataka-koje-HDZ.pdf\" class=\"wp-block-file__button wp-element-button\" download aria-describedby=\"wp-block-file--media-8fe29243-303a-4c6f-a088-774128f51d5f\">Preuzimanje<\/a><\/div>\n\n\n\n<div class=\"wp-block-file\"><a id=\"wp-block-file--media-c851163e-62ba-4002-8288-b8c39845f0ee\" href=\"https:\/\/aem.hr\/wp-content\/uploads\/2026\/02\/3.-Intervju-Tvrtko-Jakovina.pdf\">3. Intervju Tvrtko Jakovina<\/a><a href=\"https:\/\/aem.hr\/wp-content\/uploads\/2026\/02\/3.-Intervju-Tvrtko-Jakovina.pdf\" class=\"wp-block-file__button wp-element-button\" download aria-describedby=\"wp-block-file--media-c851163e-62ba-4002-8288-b8c39845f0ee\">Preuzimanje<\/a><\/div>\n\n\n\n<div class=\"wp-block-file\"><a id=\"wp-block-file--media-152210ad-c2da-41e7-84cb-e3559feb4c04\" href=\"https:\/\/aem.hr\/wp-content\/uploads\/2026\/02\/4.-Unatoc-tvrdnjama-Nikole-Grmoje.pdf\">4. Unato\u010d tvrdnjama Nikole Grmoje<\/a><a href=\"https:\/\/aem.hr\/wp-content\/uploads\/2026\/02\/4.-Unatoc-tvrdnjama-Nikole-Grmoje.pdf\" class=\"wp-block-file__button wp-element-button\" download aria-describedby=\"wp-block-file--media-152210ad-c2da-41e7-84cb-e3559feb4c04\">Preuzimanje<\/a><\/div>\n\n\n\n<div class=\"wp-block-file\"><a id=\"wp-block-file--media-00a86693-691b-40d6-a432-3eb02a2b86e0\" href=\"https:\/\/aem.hr\/wp-content\/uploads\/2026\/02\/5.-Ljudi-se-masovno-dive-viralnom-videu.pdf\">5. Ljudi se masovno dive viralnom videu<\/a><a href=\"https:\/\/aem.hr\/wp-content\/uploads\/2026\/02\/5.-Ljudi-se-masovno-dive-viralnom-videu.pdf\" class=\"wp-block-file__button wp-element-button\" download aria-describedby=\"wp-block-file--media-00a86693-691b-40d6-a432-3eb02a2b86e0\">Preuzimanje<\/a><\/div>\n\n\n\n<div class=\"wp-block-file\"><a id=\"wp-block-file--media-fcdba7c8-1b3e-4cc4-b820-f361f0117f4e\" href=\"https:\/\/aem.hr\/wp-content\/uploads\/2026\/02\/6.-Torcida-u-svom-pozivu-na.pdf\">6. Torcida u svom pozivu na<\/a><a href=\"https:\/\/aem.hr\/wp-content\/uploads\/2026\/02\/6.-Torcida-u-svom-pozivu-na.pdf\" class=\"wp-block-file__button wp-element-button\" download aria-describedby=\"wp-block-file--media-fcdba7c8-1b3e-4cc4-b820-f361f0117f4e\">Preuzimanje<\/a><\/div>\n","protected":false},"excerpt":{"rendered":"","protected":false},"author":18,"featured_media":0,"parent":0,"menu_order":0,"comment_status":"closed","ping_status":"closed","template":"","meta":{"_acf_changed":false,"inline_featured_image":false,"advgb_blocks_editor_width":"","advgb_blocks_columns_visual_guide":"","_links_to":"","_links_to_type":0,"footnotes":""},"class_list":["post-24824","page","type-page","status-publish","hentry"],"acf":[],"yoast_head":"<!-- This site is optimized with the Yoast SEO plugin v25.7 - https:\/\/yoast.com\/wordpress\/plugins\/seo\/ -->\n<title>Zdenko Duka - Provjerom \u010dinjenica protiv la\u017ei - Agencija za elektroni\u010dke medije<\/title>\n<meta name=\"robots\" content=\"index, follow, max-snippet:-1, max-image-preview:large, max-video-preview:-1\" \/>\n<link rel=\"canonical\" href=\"https:\/\/aem.hr\/zdenko-duka-provjerom-cinjenica-protiv-lazi\/\" \/>\n<meta property=\"og:locale\" content=\"en_US\" \/>\n<meta property=\"og:type\" content=\"article\" \/>\n<meta property=\"og:title\" content=\"Zdenko Duka - Provjerom \u010dinjenica protiv la\u017ei - Agencija za elektroni\u010dke medije\" \/>\n<meta property=\"og:url\" content=\"https:\/\/aem.hr\/zdenko-duka-provjerom-cinjenica-protiv-lazi\/\" \/>\n<meta property=\"og:site_name\" content=\"Agencija za elektroni\u010dke medije\" \/>\n<meta property=\"article:modified_time\" content=\"2026-02-25T12:52:27+00:00\" \/>\n<meta name=\"twitter:card\" content=\"summary_large_image\" \/>\n<meta name=\"twitter:label1\" content=\"Est. reading time\" \/>\n\t<meta name=\"twitter:data1\" content=\"1 minute\" \/>\n<script type=\"application\/ld+json\" class=\"yoast-schema-graph\">{\"@context\":\"https:\/\/schema.org\",\"@graph\":[{\"@type\":\"WebPage\",\"@id\":\"https:\/\/aem.hr\/zdenko-duka-provjerom-cinjenica-protiv-lazi\/\",\"url\":\"https:\/\/aem.hr\/zdenko-duka-provjerom-cinjenica-protiv-lazi\/\",\"name\":\"Zdenko Duka - Provjerom \u010dinjenica protiv la\u017ei - Agencija za elektroni\u010dke medije\",\"isPartOf\":{\"@id\":\"https:\/\/aem.hr\/#website\"},\"datePublished\":\"2026-02-25T12:52:26+00:00\",\"dateModified\":\"2026-02-25T12:52:27+00:00\",\"breadcrumb\":{\"@id\":\"https:\/\/aem.hr\/zdenko-duka-provjerom-cinjenica-protiv-lazi\/#breadcrumb\"},\"inLanguage\":\"en-US\",\"potentialAction\":[{\"@type\":\"ReadAction\",\"target\":[\"https:\/\/aem.hr\/zdenko-duka-provjerom-cinjenica-protiv-lazi\/\"]}]},{\"@type\":\"BreadcrumbList\",\"@id\":\"https:\/\/aem.hr\/zdenko-duka-provjerom-cinjenica-protiv-lazi\/#breadcrumb\",\"itemListElement\":[{\"@type\":\"ListItem\",\"position\":1,\"name\":\"Po\u010detna stranica\",\"item\":\"https:\/\/aem.hr\/\"},{\"@type\":\"ListItem\",\"position\":2,\"name\":\"Zdenko Duka &#8211; Provjerom \u010dinjenica protiv la\u017ei\"}]},{\"@type\":\"WebSite\",\"@id\":\"https:\/\/aem.hr\/#website\",\"url\":\"https:\/\/aem.hr\/\",\"name\":\"Agencija za elektroni\u010dke medije\",\"description\":\"\",\"potentialAction\":[{\"@type\":\"SearchAction\",\"target\":{\"@type\":\"EntryPoint\",\"urlTemplate\":\"https:\/\/aem.hr\/?s={search_term_string}\"},\"query-input\":{\"@type\":\"PropertyValueSpecification\",\"valueRequired\":true,\"valueName\":\"search_term_string\"}}],\"inLanguage\":\"en-US\"}]}<\/script>\n<!-- \/ Yoast SEO plugin. -->","yoast_head_json":{"title":"Zdenko Duka - Provjerom \u010dinjenica protiv la\u017ei - Agencija za elektroni\u010dke medije","robots":{"index":"index","follow":"follow","max-snippet":"max-snippet:-1","max-image-preview":"max-image-preview:large","max-video-preview":"max-video-preview:-1"},"canonical":"https:\/\/aem.hr\/zdenko-duka-provjerom-cinjenica-protiv-lazi\/","og_locale":"en_US","og_type":"article","og_title":"Zdenko Duka - Provjerom \u010dinjenica protiv la\u017ei - Agencija za elektroni\u010dke medije","og_url":"https:\/\/aem.hr\/zdenko-duka-provjerom-cinjenica-protiv-lazi\/","og_site_name":"Agencija za elektroni\u010dke medije","article_modified_time":"2026-02-25T12:52:27+00:00","twitter_card":"summary_large_image","twitter_misc":{"Est. reading time":"1 minute"},"schema":{"@context":"https:\/\/schema.org","@graph":[{"@type":"WebPage","@id":"https:\/\/aem.hr\/zdenko-duka-provjerom-cinjenica-protiv-lazi\/","url":"https:\/\/aem.hr\/zdenko-duka-provjerom-cinjenica-protiv-lazi\/","name":"Zdenko Duka - Provjerom \u010dinjenica protiv la\u017ei - Agencija za elektroni\u010dke medije","isPartOf":{"@id":"https:\/\/aem.hr\/#website"},"datePublished":"2026-02-25T12:52:26+00:00","dateModified":"2026-02-25T12:52:27+00:00","breadcrumb":{"@id":"https:\/\/aem.hr\/zdenko-duka-provjerom-cinjenica-protiv-lazi\/#breadcrumb"},"inLanguage":"en-US","potentialAction":[{"@type":"ReadAction","target":["https:\/\/aem.hr\/zdenko-duka-provjerom-cinjenica-protiv-lazi\/"]}]},{"@type":"BreadcrumbList","@id":"https:\/\/aem.hr\/zdenko-duka-provjerom-cinjenica-protiv-lazi\/#breadcrumb","itemListElement":[{"@type":"ListItem","position":1,"name":"Po\u010detna stranica","item":"https:\/\/aem.hr\/"},{"@type":"ListItem","position":2,"name":"Zdenko Duka &#8211; Provjerom \u010dinjenica protiv la\u017ei"}]},{"@type":"WebSite","@id":"https:\/\/aem.hr\/#website","url":"https:\/\/aem.hr\/","name":"Agencija za elektroni\u010dke medije","description":"","potentialAction":[{"@type":"SearchAction","target":{"@type":"EntryPoint","urlTemplate":"https:\/\/aem.hr\/?s={search_term_string}"},"query-input":{"@type":"PropertyValueSpecification","valueRequired":true,"valueName":"search_term_string"}}],"inLanguage":"en-US"}]}},"coauthors":[],"author_meta":{"author_link":"https:\/\/aem.hr\/en\/blog\/author\/mkirac\/","display_name":"Matko Kirac"},"relative_dates":{"created":"Posted 2 months ago","modified":"Updated 2 months ago"},"absolute_dates":{"created":"Posted on 25. February 2026.","modified":"Updated on 25. February 2026."},"absolute_dates_time":{"created":"Posted on 25. February 2026. 13:52","modified":"Updated on 25. February 2026. 13:52"},"featured_img_caption":"","featured_img":false,"series_order":"","_links":{"self":[{"href":"https:\/\/aem.hr\/en\/wp-json\/wp\/v2\/pages\/24824","targetHints":{"allow":["GET"]}}],"collection":[{"href":"https:\/\/aem.hr\/en\/wp-json\/wp\/v2\/pages"}],"about":[{"href":"https:\/\/aem.hr\/en\/wp-json\/wp\/v2\/types\/page"}],"author":[{"embeddable":true,"href":"https:\/\/aem.hr\/en\/wp-json\/wp\/v2\/users\/18"}],"replies":[{"embeddable":true,"href":"https:\/\/aem.hr\/en\/wp-json\/wp\/v2\/comments?post=24824"}],"version-history":[{"count":1,"href":"https:\/\/aem.hr\/en\/wp-json\/wp\/v2\/pages\/24824\/revisions"}],"predecessor-version":[{"id":24837,"href":"https:\/\/aem.hr\/en\/wp-json\/wp\/v2\/pages\/24824\/revisions\/24837"}],"wp:attachment":[{"href":"https:\/\/aem.hr\/en\/wp-json\/wp\/v2\/media?parent=24824"}],"curies":[{"name":"wp","href":"https:\/\/api.w.org\/{rel}","templated":true}]}}