{"id":24838,"date":"2026-02-25T13:53:44","date_gmt":"2026-02-25T12:53:44","guid":{"rendered":"https:\/\/aem.hr\/?page_id=24838"},"modified":"2026-02-25T13:53:45","modified_gmt":"2026-02-25T12:53:45","slug":"ljubica-juric-nevidljive-ruke-sustava-zene-koje-drze-drustvo-ali-ne-i-moc","status":"publish","type":"page","link":"https:\/\/aem.hr\/en\/ljubica-juric-nevidljive-ruke-sustava-zene-koje-drze-drustvo-ali-ne-i-moc\/","title":{"rendered":"Ljubica Juri\u010d &#8211; Nevidljive ruke sustava &#8211; \u017eene koje dr\u017ee dru\u0161tvo, ali ne i mo\u0107"},"content":{"rendered":"\n<div class=\"wp-block-file\"><a id=\"wp-block-file--media-f7100e82-1efe-4110-9029-b5f76b9611a9\" href=\"https:\/\/aem.hr\/wp-content\/uploads\/2026\/02\/1.-Izmedu-krede-i-ekrana_-Djelatnice-u-obrazovanju.pdf\">1. Izme\u0111u krede i ekrana_ Djelatnice u obrazovanju<\/a><a href=\"https:\/\/aem.hr\/wp-content\/uploads\/2026\/02\/1.-Izmedu-krede-i-ekrana_-Djelatnice-u-obrazovanju.pdf\" class=\"wp-block-file__button wp-element-button\" download aria-describedby=\"wp-block-file--media-f7100e82-1efe-4110-9029-b5f76b9611a9\">Preuzimanje<\/a><\/div>\n\n\n\n<div class=\"wp-block-file\"><a id=\"wp-block-file--media-b029ea10-12c4-4fad-8b81-89f79d0286c6\" href=\"https:\/\/aem.hr\/wp-content\/uploads\/2026\/02\/2.-Tu-sam-ali-me-ne-vidis_-kako-izgleda-rad-zene.pdf\">2. Tu sam, ali me ne vidi\u0161_ kako izgleda rad \u017eene<\/a><a href=\"https:\/\/aem.hr\/wp-content\/uploads\/2026\/02\/2.-Tu-sam-ali-me-ne-vidis_-kako-izgleda-rad-zene.pdf\" class=\"wp-block-file__button wp-element-button\" download aria-describedby=\"wp-block-file--media-b029ea10-12c4-4fad-8b81-89f79d0286c6\">Preuzimanje<\/a><\/div>\n\n\n\n<div class=\"wp-block-file\"><a id=\"wp-block-file--media-9fb93ed7-1b12-4735-868b-f4943b1b0170\" href=\"https:\/\/aem.hr\/wp-content\/uploads\/2026\/02\/3.-Nevidljiva-zastitnica_-Kako-izgleda-borba.pdf\">3. Nevidljiva za\u0161titnica_ Kako izgleda borba<\/a><a href=\"https:\/\/aem.hr\/wp-content\/uploads\/2026\/02\/3.-Nevidljiva-zastitnica_-Kako-izgleda-borba.pdf\" class=\"wp-block-file__button wp-element-button\" download aria-describedby=\"wp-block-file--media-9fb93ed7-1b12-4735-868b-f4943b1b0170\">Preuzimanje<\/a><\/div>\n\n\n\n<div class=\"wp-block-file\"><a id=\"wp-block-file--media-dad5d1e6-cff2-4f55-822c-5f979c4af22b\" href=\"https:\/\/aem.hr\/wp-content\/uploads\/2026\/02\/4.-Izmedu-entuzijazma-i-iscrpljenosti.pdf\">4. Izme\u0111u entuzijazma i iscrpljenosti<\/a><a href=\"https:\/\/aem.hr\/wp-content\/uploads\/2026\/02\/4.-Izmedu-entuzijazma-i-iscrpljenosti.pdf\" class=\"wp-block-file__button wp-element-button\" download aria-describedby=\"wp-block-file--media-dad5d1e6-cff2-4f55-822c-5f979c4af22b\">Preuzimanje<\/a><\/div>\n\n\n\n<div class=\"wp-block-file\"><a id=\"wp-block-file--media-1cabc229-89d2-449d-a3ed-0c4f5e496563\" href=\"https:\/\/aem.hr\/wp-content\/uploads\/2026\/02\/5.-Skrb-s-granicama_-kada-briga-o-drugima-postane.pdf\">5. Skrb s granicama_ kada briga o drugima postane<\/a><a href=\"https:\/\/aem.hr\/wp-content\/uploads\/2026\/02\/5.-Skrb-s-granicama_-kada-briga-o-drugima-postane.pdf\" class=\"wp-block-file__button wp-element-button\" download aria-describedby=\"wp-block-file--media-1cabc229-89d2-449d-a3ed-0c4f5e496563\">Preuzimanje<\/a><\/div>\n\n\n\n<div class=\"wp-block-file\"><a id=\"wp-block-file--media-0c7ef9d9-e7c5-4489-af00-24de8d006ecc\" href=\"https:\/\/aem.hr\/wp-content\/uploads\/2026\/02\/6.-Prva-a-posljednja_-medicinska-sestra-kao-oslonac.pdf\">6. Prva, a posljednja_ medicinska sestra kao oslonac<\/a><a href=\"https:\/\/aem.hr\/wp-content\/uploads\/2026\/02\/6.-Prva-a-posljednja_-medicinska-sestra-kao-oslonac.pdf\" class=\"wp-block-file__button wp-element-button\" download aria-describedby=\"wp-block-file--media-0c7ef9d9-e7c5-4489-af00-24de8d006ecc\">Preuzimanje<\/a><\/div>\n","protected":false},"excerpt":{"rendered":"","protected":false},"author":18,"featured_media":0,"parent":0,"menu_order":0,"comment_status":"closed","ping_status":"closed","template":"","meta":{"_acf_changed":false,"inline_featured_image":false,"advgb_blocks_editor_width":"","advgb_blocks_columns_visual_guide":"","_links_to":"","_links_to_type":0,"footnotes":""},"class_list":["post-24838","page","type-page","status-publish","hentry"],"acf":[],"yoast_head":"<!-- This site is optimized with the Yoast SEO plugin v25.7 - https:\/\/yoast.com\/wordpress\/plugins\/seo\/ -->\n<title>Ljubica Juri\u010d - Nevidljive ruke sustava - \u017eene koje dr\u017ee dru\u0161tvo, ali ne i mo\u0107 - Agencija za elektroni\u010dke medije<\/title>\n<meta name=\"robots\" content=\"index, follow, max-snippet:-1, max-image-preview:large, max-video-preview:-1\" \/>\n<link rel=\"canonical\" href=\"https:\/\/aem.hr\/ljubica-juric-nevidljive-ruke-sustava-zene-koje-drze-drustvo-ali-ne-i-moc\/\" \/>\n<meta property=\"og:locale\" content=\"en_US\" \/>\n<meta property=\"og:type\" content=\"article\" \/>\n<meta property=\"og:title\" content=\"Ljubica Juri\u010d - Nevidljive ruke sustava - \u017eene koje dr\u017ee dru\u0161tvo, ali ne i mo\u0107 - Agencija za elektroni\u010dke medije\" \/>\n<meta property=\"og:url\" content=\"https:\/\/aem.hr\/ljubica-juric-nevidljive-ruke-sustava-zene-koje-drze-drustvo-ali-ne-i-moc\/\" \/>\n<meta property=\"og:site_name\" content=\"Agencija za elektroni\u010dke medije\" \/>\n<meta property=\"article:modified_time\" content=\"2026-02-25T12:53:45+00:00\" \/>\n<meta name=\"twitter:card\" content=\"summary_large_image\" \/>\n<meta name=\"twitter:label1\" content=\"Est. reading time\" \/>\n\t<meta name=\"twitter:data1\" content=\"1 minute\" \/>\n<script type=\"application\/ld+json\" class=\"yoast-schema-graph\">{\"@context\":\"https:\/\/schema.org\",\"@graph\":[{\"@type\":\"WebPage\",\"@id\":\"https:\/\/aem.hr\/ljubica-juric-nevidljive-ruke-sustava-zene-koje-drze-drustvo-ali-ne-i-moc\/\",\"url\":\"https:\/\/aem.hr\/ljubica-juric-nevidljive-ruke-sustava-zene-koje-drze-drustvo-ali-ne-i-moc\/\",\"name\":\"Ljubica Juri\u010d - Nevidljive ruke sustava - \u017eene koje dr\u017ee dru\u0161tvo, ali ne i mo\u0107 - Agencija za elektroni\u010dke medije\",\"isPartOf\":{\"@id\":\"https:\/\/aem.hr\/#website\"},\"datePublished\":\"2026-02-25T12:53:44+00:00\",\"dateModified\":\"2026-02-25T12:53:45+00:00\",\"breadcrumb\":{\"@id\":\"https:\/\/aem.hr\/ljubica-juric-nevidljive-ruke-sustava-zene-koje-drze-drustvo-ali-ne-i-moc\/#breadcrumb\"},\"inLanguage\":\"en-US\",\"potentialAction\":[{\"@type\":\"ReadAction\",\"target\":[\"https:\/\/aem.hr\/ljubica-juric-nevidljive-ruke-sustava-zene-koje-drze-drustvo-ali-ne-i-moc\/\"]}]},{\"@type\":\"BreadcrumbList\",\"@id\":\"https:\/\/aem.hr\/ljubica-juric-nevidljive-ruke-sustava-zene-koje-drze-drustvo-ali-ne-i-moc\/#breadcrumb\",\"itemListElement\":[{\"@type\":\"ListItem\",\"position\":1,\"name\":\"Po\u010detna stranica\",\"item\":\"https:\/\/aem.hr\/\"},{\"@type\":\"ListItem\",\"position\":2,\"name\":\"Ljubica Juri\u010d &#8211; Nevidljive ruke sustava &#8211; \u017eene koje dr\u017ee dru\u0161tvo, ali ne i mo\u0107\"}]},{\"@type\":\"WebSite\",\"@id\":\"https:\/\/aem.hr\/#website\",\"url\":\"https:\/\/aem.hr\/\",\"name\":\"Agencija za elektroni\u010dke medije\",\"description\":\"\",\"potentialAction\":[{\"@type\":\"SearchAction\",\"target\":{\"@type\":\"EntryPoint\",\"urlTemplate\":\"https:\/\/aem.hr\/?s={search_term_string}\"},\"query-input\":{\"@type\":\"PropertyValueSpecification\",\"valueRequired\":true,\"valueName\":\"search_term_string\"}}],\"inLanguage\":\"en-US\"}]}<\/script>\n<!-- \/ Yoast SEO plugin. -->","yoast_head_json":{"title":"Ljubica Juri\u010d - Nevidljive ruke sustava - \u017eene koje dr\u017ee dru\u0161tvo, ali ne i mo\u0107 - Agencija za elektroni\u010dke medije","robots":{"index":"index","follow":"follow","max-snippet":"max-snippet:-1","max-image-preview":"max-image-preview:large","max-video-preview":"max-video-preview:-1"},"canonical":"https:\/\/aem.hr\/ljubica-juric-nevidljive-ruke-sustava-zene-koje-drze-drustvo-ali-ne-i-moc\/","og_locale":"en_US","og_type":"article","og_title":"Ljubica Juri\u010d - Nevidljive ruke sustava - \u017eene koje dr\u017ee dru\u0161tvo, ali ne i mo\u0107 - Agencija za elektroni\u010dke medije","og_url":"https:\/\/aem.hr\/ljubica-juric-nevidljive-ruke-sustava-zene-koje-drze-drustvo-ali-ne-i-moc\/","og_site_name":"Agencija za elektroni\u010dke medije","article_modified_time":"2026-02-25T12:53:45+00:00","twitter_card":"summary_large_image","twitter_misc":{"Est. reading time":"1 minute"},"schema":{"@context":"https:\/\/schema.org","@graph":[{"@type":"WebPage","@id":"https:\/\/aem.hr\/ljubica-juric-nevidljive-ruke-sustava-zene-koje-drze-drustvo-ali-ne-i-moc\/","url":"https:\/\/aem.hr\/ljubica-juric-nevidljive-ruke-sustava-zene-koje-drze-drustvo-ali-ne-i-moc\/","name":"Ljubica Juri\u010d - Nevidljive ruke sustava - \u017eene koje dr\u017ee dru\u0161tvo, ali ne i mo\u0107 - Agencija za elektroni\u010dke medije","isPartOf":{"@id":"https:\/\/aem.hr\/#website"},"datePublished":"2026-02-25T12:53:44+00:00","dateModified":"2026-02-25T12:53:45+00:00","breadcrumb":{"@id":"https:\/\/aem.hr\/ljubica-juric-nevidljive-ruke-sustava-zene-koje-drze-drustvo-ali-ne-i-moc\/#breadcrumb"},"inLanguage":"en-US","potentialAction":[{"@type":"ReadAction","target":["https:\/\/aem.hr\/ljubica-juric-nevidljive-ruke-sustava-zene-koje-drze-drustvo-ali-ne-i-moc\/"]}]},{"@type":"BreadcrumbList","@id":"https:\/\/aem.hr\/ljubica-juric-nevidljive-ruke-sustava-zene-koje-drze-drustvo-ali-ne-i-moc\/#breadcrumb","itemListElement":[{"@type":"ListItem","position":1,"name":"Po\u010detna stranica","item":"https:\/\/aem.hr\/"},{"@type":"ListItem","position":2,"name":"Ljubica Juri\u010d &#8211; Nevidljive ruke sustava &#8211; \u017eene koje dr\u017ee dru\u0161tvo, ali ne i mo\u0107"}]},{"@type":"WebSite","@id":"https:\/\/aem.hr\/#website","url":"https:\/\/aem.hr\/","name":"Agencija za elektroni\u010dke medije","description":"","potentialAction":[{"@type":"SearchAction","target":{"@type":"EntryPoint","urlTemplate":"https:\/\/aem.hr\/?s={search_term_string}"},"query-input":{"@type":"PropertyValueSpecification","valueRequired":true,"valueName":"search_term_string"}}],"inLanguage":"en-US"}]}},"coauthors":[],"author_meta":{"author_link":"https:\/\/aem.hr\/en\/blog\/author\/mkirac\/","display_name":"Matko Kirac"},"relative_dates":{"created":"Posted 2 months ago","modified":"Updated 2 months ago"},"absolute_dates":{"created":"Posted on 25. February 2026.","modified":"Updated on 25. February 2026."},"absolute_dates_time":{"created":"Posted on 25. February 2026. 13:53","modified":"Updated on 25. February 2026. 13:53"},"featured_img_caption":"","featured_img":false,"series_order":"","_links":{"self":[{"href":"https:\/\/aem.hr\/en\/wp-json\/wp\/v2\/pages\/24838","targetHints":{"allow":["GET"]}}],"collection":[{"href":"https:\/\/aem.hr\/en\/wp-json\/wp\/v2\/pages"}],"about":[{"href":"https:\/\/aem.hr\/en\/wp-json\/wp\/v2\/types\/page"}],"author":[{"embeddable":true,"href":"https:\/\/aem.hr\/en\/wp-json\/wp\/v2\/users\/18"}],"replies":[{"embeddable":true,"href":"https:\/\/aem.hr\/en\/wp-json\/wp\/v2\/comments?post=24838"}],"version-history":[{"count":1,"href":"https:\/\/aem.hr\/en\/wp-json\/wp\/v2\/pages\/24838\/revisions"}],"predecessor-version":[{"id":24851,"href":"https:\/\/aem.hr\/en\/wp-json\/wp\/v2\/pages\/24838\/revisions\/24851"}],"wp:attachment":[{"href":"https:\/\/aem.hr\/en\/wp-json\/wp\/v2\/media?parent=24838"}],"curies":[{"name":"wp","href":"https:\/\/api.w.org\/{rel}","templated":true}]}}