{"id":24852,"date":"2026-02-25T13:58:44","date_gmt":"2026-02-25T12:58:44","guid":{"rendered":"https:\/\/aem.hr\/?page_id=24852"},"modified":"2026-02-25T13:58:45","modified_gmt":"2026-02-25T12:58:45","slug":"goranka-jelincic-autizam-epidemija-suvremenog-doba","status":"publish","type":"page","link":"https:\/\/aem.hr\/en\/goranka-jelincic-autizam-epidemija-suvremenog-doba\/","title":{"rendered":"Goranka Jelin\u010di\u0107 &#8211; Autizam: &#8216;epidemija&#8217; suvremenog doba?"},"content":{"rendered":"\n<div class=\"wp-block-file\"><a id=\"wp-block-file--media-1e1e1e83-dde6-4f2d-b9ba-b16695053ca8\" href=\"https:\/\/aem.hr\/wp-content\/uploads\/2026\/02\/1.-Putovanje-kroz-jedinstveni-identitet.pdf\">1. Putovanje kroz jedinstveni identitet<\/a><a href=\"https:\/\/aem.hr\/wp-content\/uploads\/2026\/02\/1.-Putovanje-kroz-jedinstveni-identitet.pdf\" class=\"wp-block-file__button wp-element-button\" download aria-describedby=\"wp-block-file--media-1e1e1e83-dde6-4f2d-b9ba-b16695053ca8\">Preuzimanje<\/a><\/div>\n\n\n\n<div class=\"wp-block-file\"><a id=\"wp-block-file--media-d5be6e0a-5ba1-4b30-be92-b7142e811741\" href=\"https:\/\/aem.hr\/wp-content\/uploads\/2026\/02\/2.-Tajna-sarene-ucionice.pdf\">2. Tajna \u0161arene u\u010dionice<\/a><a href=\"https:\/\/aem.hr\/wp-content\/uploads\/2026\/02\/2.-Tajna-sarene-ucionice.pdf\" class=\"wp-block-file__button wp-element-button\" download aria-describedby=\"wp-block-file--media-d5be6e0a-5ba1-4b30-be92-b7142e811741\">Preuzimanje<\/a><\/div>\n\n\n\n<div class=\"wp-block-file\"><a id=\"wp-block-file--media-18f0bfc7-4da9-4c61-b27c-e3e9f741d774\" href=\"https:\/\/aem.hr\/wp-content\/uploads\/2026\/02\/3.-Autizam-ipak-nije-epidemja.pdf\">3. Autizam ipak nije epidemja<\/a><a href=\"https:\/\/aem.hr\/wp-content\/uploads\/2026\/02\/3.-Autizam-ipak-nije-epidemja.pdf\" class=\"wp-block-file__button wp-element-button\" download aria-describedby=\"wp-block-file--media-18f0bfc7-4da9-4c61-b27c-e3e9f741d774\">Preuzimanje<\/a><\/div>\n\n\n\n<div class=\"wp-block-file\"><a id=\"wp-block-file--media-e61806ae-5ca5-4fc6-89ab-cfdfab9aefa5\" href=\"https:\/\/aem.hr\/wp-content\/uploads\/2026\/02\/4.-Igor-je-postao-moj-ucitelj.pdf\">4. Igor je postao moj u\u010ditelj<\/a><a href=\"https:\/\/aem.hr\/wp-content\/uploads\/2026\/02\/4.-Igor-je-postao-moj-ucitelj.pdf\" class=\"wp-block-file__button wp-element-button\" download aria-describedby=\"wp-block-file--media-e61806ae-5ca5-4fc6-89ab-cfdfab9aefa5\">Preuzimanje<\/a><\/div>\n\n\n\n<div class=\"wp-block-file\"><a id=\"wp-block-file--media-3e79ebf4-bf18-45de-ac7d-5b58a29848b0\" href=\"https:\/\/aem.hr\/wp-content\/uploads\/2026\/02\/5.-Proboji-u-lijecenju-autizma.pdf\">5. Proboji u lije\u010denju autizma<\/a><a href=\"https:\/\/aem.hr\/wp-content\/uploads\/2026\/02\/5.-Proboji-u-lijecenju-autizma.pdf\" class=\"wp-block-file__button wp-element-button\" download aria-describedby=\"wp-block-file--media-3e79ebf4-bf18-45de-ac7d-5b58a29848b0\">Preuzimanje<\/a><\/div>\n\n\n\n<p><\/p>\n","protected":false},"excerpt":{"rendered":"","protected":false},"author":18,"featured_media":0,"parent":0,"menu_order":0,"comment_status":"closed","ping_status":"closed","template":"","meta":{"_acf_changed":false,"inline_featured_image":false,"advgb_blocks_editor_width":"","advgb_blocks_columns_visual_guide":"","_links_to":"","_links_to_type":0,"footnotes":""},"class_list":["post-24852","page","type-page","status-publish","hentry"],"acf":[],"yoast_head":"<!-- This site is optimized with the Yoast SEO plugin v25.7 - https:\/\/yoast.com\/wordpress\/plugins\/seo\/ -->\n<title>Goranka Jelin\u010di\u0107 - Autizam: &#039;epidemija&#039; suvremenog doba? - Agencija za elektroni\u010dke medije<\/title>\n<meta name=\"robots\" content=\"index, follow, max-snippet:-1, max-image-preview:large, max-video-preview:-1\" \/>\n<link rel=\"canonical\" href=\"https:\/\/aem.hr\/goranka-jelincic-autizam-epidemija-suvremenog-doba\/\" \/>\n<meta property=\"og:locale\" content=\"en_US\" \/>\n<meta property=\"og:type\" content=\"article\" \/>\n<meta property=\"og:title\" content=\"Goranka Jelin\u010di\u0107 - Autizam: &#039;epidemija&#039; suvremenog doba? - Agencija za elektroni\u010dke medije\" \/>\n<meta property=\"og:url\" content=\"https:\/\/aem.hr\/goranka-jelincic-autizam-epidemija-suvremenog-doba\/\" \/>\n<meta property=\"og:site_name\" content=\"Agencija za elektroni\u010dke medije\" \/>\n<meta property=\"article:modified_time\" content=\"2026-02-25T12:58:45+00:00\" \/>\n<meta name=\"twitter:card\" content=\"summary_large_image\" \/>\n<meta name=\"twitter:label1\" content=\"Est. reading time\" \/>\n\t<meta name=\"twitter:data1\" content=\"1 minute\" \/>\n<script type=\"application\/ld+json\" class=\"yoast-schema-graph\">{\"@context\":\"https:\/\/schema.org\",\"@graph\":[{\"@type\":\"WebPage\",\"@id\":\"https:\/\/aem.hr\/goranka-jelincic-autizam-epidemija-suvremenog-doba\/\",\"url\":\"https:\/\/aem.hr\/goranka-jelincic-autizam-epidemija-suvremenog-doba\/\",\"name\":\"Goranka Jelin\u010di\u0107 - Autizam: 'epidemija' suvremenog doba? - Agencija za elektroni\u010dke medije\",\"isPartOf\":{\"@id\":\"https:\/\/aem.hr\/#website\"},\"datePublished\":\"2026-02-25T12:58:44+00:00\",\"dateModified\":\"2026-02-25T12:58:45+00:00\",\"breadcrumb\":{\"@id\":\"https:\/\/aem.hr\/goranka-jelincic-autizam-epidemija-suvremenog-doba\/#breadcrumb\"},\"inLanguage\":\"en-US\",\"potentialAction\":[{\"@type\":\"ReadAction\",\"target\":[\"https:\/\/aem.hr\/goranka-jelincic-autizam-epidemija-suvremenog-doba\/\"]}]},{\"@type\":\"BreadcrumbList\",\"@id\":\"https:\/\/aem.hr\/goranka-jelincic-autizam-epidemija-suvremenog-doba\/#breadcrumb\",\"itemListElement\":[{\"@type\":\"ListItem\",\"position\":1,\"name\":\"Po\u010detna stranica\",\"item\":\"https:\/\/aem.hr\/\"},{\"@type\":\"ListItem\",\"position\":2,\"name\":\"Goranka Jelin\u010di\u0107 &#8211; Autizam: &#8216;epidemija&#8217; suvremenog doba?\"}]},{\"@type\":\"WebSite\",\"@id\":\"https:\/\/aem.hr\/#website\",\"url\":\"https:\/\/aem.hr\/\",\"name\":\"Agencija za elektroni\u010dke medije\",\"description\":\"\",\"potentialAction\":[{\"@type\":\"SearchAction\",\"target\":{\"@type\":\"EntryPoint\",\"urlTemplate\":\"https:\/\/aem.hr\/?s={search_term_string}\"},\"query-input\":{\"@type\":\"PropertyValueSpecification\",\"valueRequired\":true,\"valueName\":\"search_term_string\"}}],\"inLanguage\":\"en-US\"}]}<\/script>\n<!-- \/ Yoast SEO plugin. -->","yoast_head_json":{"title":"Goranka Jelin\u010di\u0107 - Autizam: 'epidemija' suvremenog doba? - Agencija za elektroni\u010dke medije","robots":{"index":"index","follow":"follow","max-snippet":"max-snippet:-1","max-image-preview":"max-image-preview:large","max-video-preview":"max-video-preview:-1"},"canonical":"https:\/\/aem.hr\/goranka-jelincic-autizam-epidemija-suvremenog-doba\/","og_locale":"en_US","og_type":"article","og_title":"Goranka Jelin\u010di\u0107 - Autizam: 'epidemija' suvremenog doba? - Agencija za elektroni\u010dke medije","og_url":"https:\/\/aem.hr\/goranka-jelincic-autizam-epidemija-suvremenog-doba\/","og_site_name":"Agencija za elektroni\u010dke medije","article_modified_time":"2026-02-25T12:58:45+00:00","twitter_card":"summary_large_image","twitter_misc":{"Est. reading time":"1 minute"},"schema":{"@context":"https:\/\/schema.org","@graph":[{"@type":"WebPage","@id":"https:\/\/aem.hr\/goranka-jelincic-autizam-epidemija-suvremenog-doba\/","url":"https:\/\/aem.hr\/goranka-jelincic-autizam-epidemija-suvremenog-doba\/","name":"Goranka Jelin\u010di\u0107 - Autizam: 'epidemija' suvremenog doba? - Agencija za elektroni\u010dke medije","isPartOf":{"@id":"https:\/\/aem.hr\/#website"},"datePublished":"2026-02-25T12:58:44+00:00","dateModified":"2026-02-25T12:58:45+00:00","breadcrumb":{"@id":"https:\/\/aem.hr\/goranka-jelincic-autizam-epidemija-suvremenog-doba\/#breadcrumb"},"inLanguage":"en-US","potentialAction":[{"@type":"ReadAction","target":["https:\/\/aem.hr\/goranka-jelincic-autizam-epidemija-suvremenog-doba\/"]}]},{"@type":"BreadcrumbList","@id":"https:\/\/aem.hr\/goranka-jelincic-autizam-epidemija-suvremenog-doba\/#breadcrumb","itemListElement":[{"@type":"ListItem","position":1,"name":"Po\u010detna stranica","item":"https:\/\/aem.hr\/"},{"@type":"ListItem","position":2,"name":"Goranka Jelin\u010di\u0107 &#8211; Autizam: &#8216;epidemija&#8217; suvremenog doba?"}]},{"@type":"WebSite","@id":"https:\/\/aem.hr\/#website","url":"https:\/\/aem.hr\/","name":"Agencija za elektroni\u010dke medije","description":"","potentialAction":[{"@type":"SearchAction","target":{"@type":"EntryPoint","urlTemplate":"https:\/\/aem.hr\/?s={search_term_string}"},"query-input":{"@type":"PropertyValueSpecification","valueRequired":true,"valueName":"search_term_string"}}],"inLanguage":"en-US"}]}},"coauthors":[],"author_meta":{"author_link":"https:\/\/aem.hr\/en\/blog\/author\/mkirac\/","display_name":"Matko Kirac"},"relative_dates":{"created":"Posted 2 months ago","modified":"Updated 2 months ago"},"absolute_dates":{"created":"Posted on 25. February 2026.","modified":"Updated on 25. February 2026."},"absolute_dates_time":{"created":"Posted on 25. February 2026. 13:58","modified":"Updated on 25. February 2026. 13:58"},"featured_img_caption":"","featured_img":false,"series_order":"","_links":{"self":[{"href":"https:\/\/aem.hr\/en\/wp-json\/wp\/v2\/pages\/24852","targetHints":{"allow":["GET"]}}],"collection":[{"href":"https:\/\/aem.hr\/en\/wp-json\/wp\/v2\/pages"}],"about":[{"href":"https:\/\/aem.hr\/en\/wp-json\/wp\/v2\/types\/page"}],"author":[{"embeddable":true,"href":"https:\/\/aem.hr\/en\/wp-json\/wp\/v2\/users\/18"}],"replies":[{"embeddable":true,"href":"https:\/\/aem.hr\/en\/wp-json\/wp\/v2\/comments?post=24852"}],"version-history":[{"count":1,"href":"https:\/\/aem.hr\/en\/wp-json\/wp\/v2\/pages\/24852\/revisions"}],"predecessor-version":[{"id":24866,"href":"https:\/\/aem.hr\/en\/wp-json\/wp\/v2\/pages\/24852\/revisions\/24866"}],"wp:attachment":[{"href":"https:\/\/aem.hr\/en\/wp-json\/wp\/v2\/media?parent=24852"}],"curies":[{"name":"wp","href":"https:\/\/api.w.org\/{rel}","templated":true}]}}